{"id":33505,"date":"2022-04-13T14:09:17","date_gmt":"2022-04-13T12:09:17","guid":{"rendered":"https:\/\/www.unidroit.org\/?page_id=33505"},"modified":"2026-04-20T13:29:39","modified_gmt":"2026-04-20T11:29:39","slug":"centenaire","status":"publish","type":"page","link":"https:\/\/www.unidroit.org\/fr\/centenaire\/","title":{"rendered":"Centenaire"},"content":{"rendered":"<div class=\"wpb-content-wrapper\"><p>[vc_row css=&#8221;.vc_custom_1773407914298{margin-bottom: 20px !important;}&#8221;][vc_column css=&#8221;.vc_custom_1773406860295{margin-top: 0px !important;margin-bottom: 0px !important;}&#8221;][vc_btn title=&#8221;ESPA\u00d1OL&#8221; style=&#8221;custom&#8221; custom_background=&#8221;#004054&#8243; custom_text=&#8221;#ffffff&#8221; shape=&#8221;square&#8221; align=&#8221;right&#8221; css=&#8221;.vc_custom_1773737646869{margin-top: 0px !important;margin-bottom: 0px !important;border-top-width: 0px !important;border-bottom-width: 0px !important;padding-top: 0px !important;padding-bottom: 0px !important;background-color: #FFFFFF !important;}&#8221; link=&#8221;url:https%3A%2F%2Fwww.unidroit.org%2Fcentenario-sp%2F&#8221;][\/vc_column][\/vc_row][vc_row][vc_column][vc_single_image image=&#8221;33357&#8243; img_size=&#8221;full&#8221; alignment=&#8221;center&#8221; css_animation=&#8221;fadeIn&#8221; css=&#8221;&#8221;][vc_raw_html css=&#8221;&#8221;]JTNDZGl2JTIwc3R5bGUlM0QlMjJ0ZXh0LWFsaWduJTNBJTIwY2VudGVyJTNCJTIwZm9udC1mYW1pbHklM0ElMjBzYW5zLXNlcmlmJTNCJTIwbWFyZ2luJTNBJTIwMjBweCUyMDAlM0IlMjIlM0UlMEElMjAlMjAlM0NoMyUyMHN0eWxlJTNEJTIyZm9udC1zaXplJTNBJTIwMjRweCUzQiUyMG1hcmdpbi1ib3R0b20lM0ElMjAxMHB4JTNCJTIyJTNFJTBBJTIwJTIwJTIwJTIwJTIwVGVtcHMlMjByZXN0YW50JTIwYXZhbnQlMjBsYSUyMEMlQzMlQTlyJUMzJUE5bW9uaWUlMjBkZSUyMGNsJUMzJUI0dHVyZSUyMGR1JTIwQ2VudGVuYWlyZSUyMGQlMjdVTklEUk9JVCUwQSUyMCUyMCUzQyUyRmgzJTNFJTBBJTIwJTIwJTNDZGl2JTIwaWQlM0QlMjJjb3VudGRvd24lMjIlMjBzdHlsZSUzRCUyMmZvbnQtc2l6ZSUzQSUyMDI4cHglM0IlMjBmb250LXdlaWdodCUzQSUyMGJvbGQlM0IlMjBjb2xvciUzQSUyMCUyMzAwNDE1MyUzQiUyMiUzRSUzQyUyRmRpdiUzRSUwQSUzQyUyRmRpdiUzRSUwQSUwQSUzQ3NjcmlwdCUzRSUwQSUyMCUyMGNvbnN0JTIwdGFyZ2V0RGF0ZSUyMCUzRCUyMG5ldyUyMERhdGUlMjglMjIyMDI2LTEyLTEwVDIzJTNBNTklM0E1OSUyMiUyOS5nZXRUaW1lJTI4JTI5JTNCJTIwJTBBJTIwJTIwY29uc3QlMjBjb3VudGRvd24lMjAlM0QlMjBkb2N1bWVudC5nZXRFbGVtZW50QnlJZCUyOCUyMmNvdW50ZG93biUyMiUyOSUzQiUwQSUwQSUyMCUyMGNvbnN0JTIwdGltZXIlMjAlM0QlMjBzZXRJbnRlcnZhbCUyOGZ1bmN0aW9uJTIwJTI4JTI5JTIwJTdCJTBBJTIwJTIwJTIwJTIwY29uc3QlMjBub3clMjAlM0QlMjBuZXclMjBEYXRlJTI4JTI5LmdldFRpbWUlMjglMjklM0IlMEElMjAlMjAlMjAlMjBjb25zdCUyMGRpc3RhbmNlJTIwJTNEJTIwdGFyZ2V0RGF0ZSUyMC0lMjBub3clM0IlMEElMEElMjAlMjAlMjAlMjBpZiUyMCUyOGRpc3RhbmNlJTIwJTNDJTIwMCUyOSUyMCU3QiUwQSUyMCUyMCUyMCUyMCUyMCUyMGNsZWFySW50ZXJ2YWwlMjh0aW1lciUyOSUzQiUwQSUyMCUyMCUyMCUyMCUyMCUyMGNvdW50ZG93bi5pbm5lckhUTUwlMjAlM0QlMjAlMjIlRjAlOUYlOEUlODklMjIlM0IlMEElMjAlMjAlMjAlMjAlMjAlMjByZXR1cm4lM0IlMEElMjAlMjAlMjAlMjAlN0QlMEElMEElMjAlMjAlMjAlMjBjb25zdCUyMGRheXMlMjAlM0QlMjBNYXRoLmZsb29yJTI4ZGlzdGFuY2UlMjAlMkYlMjAlMjgxMDAwJTIwJTJBJTIwNjAlMjAlMkElMjA2MCUyMCUyQSUyMDI0JTI5JTI5JTNCJTBBJTIwJTIwJTIwJTIwY29uc3QlMjBob3VycyUyMCUzRCUyME1hdGguZmxvb3IlMjglMjhkaXN0YW5jZSUyMCUyNSUyMCUyODEwMDAlMjAlMkElMjA2MCUyMCUyQSUyMDYwJTIwJTJBJTIwMjQlMjklMjklMjAlMkYlMjAlMjgxMDAwJTIwJTJBJTIwNjAlMjAlMkElMjA2MCUyOSUyOSUzQiUwQSUyMCUyMCUyMCUyMGNvbnN0JTIwbWludXRlcyUyMCUzRCUyME1hdGguZmxvb3IlMjglMjhkaXN0YW5jZSUyMCUyNSUyMCUyODEwMDAlMjAlMkElMjA2MCUyMCUyQSUyMDYwJTI5JTI5JTIwJTJGJTIwJTI4MTAwMCUyMCUyQSUyMDYwJTI5JTI5JTNCJTBBJTIwJTIwJTIwJTIwY29uc3QlMjBzZWNvbmRzJTIwJTNEJTIwTWF0aC5mbG9vciUyOCUyOGRpc3RhbmNlJTIwJTI1JTIwJTI4MTAwMCUyMCUyQSUyMDYwJTI5JTI5JTIwJTJGJTIwMTAwMCUyOSUzQiUwQSUwQSUyMCUyMCUyMCUyMGNvdW50ZG93bi5pbm5lckhUTUwlMjAlM0QlMjAlNjAlMjQlN0JkYXlzJTdEJTIwam91cnMlMjAlMjQlN0Job3VycyU3RCUyMGhldXJlcyUyMCUyNCU3Qm1pbnV0ZXMlN0QlMjBtaW51dGVzJTIwJTI0JTdCc2Vjb25kcyU3RCUyMHNlY29uZGVzJTYwJTNCJTBBJTIwJTIwJTdEJTJDJTIwMTAwMCUyOSUzQiUwQSUzQyUyRnNjcmlwdCUzRQ==[\/vc_raw_html][\/vc_column][vc_column][vc_single_image image=&#8221;33357&#8243; img_size=&#8221;full&#8221; alignment=&#8221;center&#8221; css_animation=&#8221;fadeIn&#8221; css=&#8221;&#8221;][\/vc_column][\/vc_row][vc_row css=&#8221;.vc_custom_1622455036974{background-color: #f2f2f2 !important;}&#8221;][vc_column css=&#8221;.vc_custom_1490017614850{margin-bottom: 30px !important;}&#8221;][vc_column_text css=&#8221;.vc_custom_1769500826327{padding-right: 35px !important;padding-left: 35px !important;background-color: #f2f2f2 !important;}&#8221;]<\/p>\n<p style=\"text-align: justify;\">Le 20 avril 2026 marquera le Centenaire de la fondation d\u2019UNIDROIT, l\u2019une des plus anciennes organisations internationales au monde, d\u00e9di\u00e9e au renforcement de l\u2019\u00e9tat de droit dans le domaine du droit international priv\u00e9 et commercial.<\/p>\n<p style=\"text-align: justify;\">Le Centenaire est men\u00e9 sous la direction du Pr\u00e9sident et du Secr\u00e9tariat, avec le soutien du Conseil de Direction et de l\u2019Assembl\u00e9e G\u00e9n\u00e9rale des \u00c9tats Membres. Il servira de plateforme pour moderniser l\u2019organisation, en veillant \u00e0 ce qu\u2019UNIDROIT continue d\u2019exercer un r\u00f4le central dans les efforts internationaux d\u2019harmonisation juridique tout en pr\u00e9servant ses atouts uniques. Il mettra en avant la m\u00e9thodologie et les instruments juridiques distinctifs de l\u2019Institut, et soulignera leur contribution durable \u00e0 la coop\u00e9ration juridique internationale.<\/p>\n<p style=\"text-align: justify;\">Sur cette page, les visiteurs sont invit\u00e9s \u00e0 d\u00e9couvrir la gouvernance du Centenaire ainsi que les sept axes de travail qui en structurent l\u2019orientation th\u00e9matique, de m\u00eame qu\u2019un calendrier des \u00e9v\u00e9nements, initiatives et \u00e9volutions institutionnelles qui jalonneront cette ann\u00e9e historique.<\/p>\n<p style=\"text-align: justify;\">Participez \u00e0 la c\u00e9l\u00e9bration d\u2019un si\u00e8cle de contribution, harmoniser le droit et fa\u00e7onner l\u2019avenir avec UNIDROIT.<\/p>\n<p>[\/vc_column_text][\/vc_column][\/vc_row][vc_row][vc_column width=&#8221;1\/2&#8243;][vc_single_image image=&#8221;32987&#8243; img_size=&#8221;full&#8221; alignment=&#8221;center&#8221; css_animation=&#8221;fadeIn&#8221; css=&#8221;&#8221;][\/vc_column][vc_column width=&#8221;1\/2&#8243;][vc_single_image image=&#8221;33727&#8243; img_size=&#8221;560&#215;375&#8243; alignment=&#8221;center&#8221; css_animation=&#8221;fadeIn&#8221; css=&#8221;&#8221;][\/vc_column][\/vc_row][vc_row][vc_column][vc_empty_space height=&#8221;10px&#8221;][\/vc_column][\/vc_row][vc_row][vc_column][vc_empty_space height=&#8221;10px&#8221;][\/vc_column][\/vc_row][vc_row gap=&#8221;5&#8243;][vc_column][vc_single_image image=&#8221;37337&#8243; img_size=&#8221;full&#8221; alignment=&#8221;center&#8221; onclick=&#8221;custom_link&#8221; css_animation=&#8221;fadeIn&#8221; css=&#8221;&#8221;][vc_row_inner][vc_column_inner width=&#8221;1\/2&#8243;][vc_single_image image=&#8221;37319&#8243; img_size=&#8221;full&#8221; alignment=&#8221;center&#8221; onclick=&#8221;custom_link&#8221; css_animation=&#8221;fadeIn&#8221; css=&#8221;&#8221; link=&#8221;https:\/\/www.unidroit.org\/fr\/centenaire\/comite-pilote-international\/&#8221;][\/vc_column_inner][vc_column_inner width=&#8221;1\/2&#8243;][vc_single_image image=&#8221;37321&#8243; img_size=&#8221;full&#8221; alignment=&#8221;center&#8221; onclick=&#8221;custom_link&#8221; css_animation=&#8221;fadeIn&#8221; css=&#8221;&#8221; link=&#8221;https:\/\/www.unidroit.org\/fr\/centenaire\/comite-international-partenaires\/&#8221;][\/vc_column_inner][\/vc_row_inner][\/vc_column][\/vc_row][vc_row][vc_column width=&#8221;1\/4&#8243;][vc_single_image image=&#8221;37329&#8243; img_size=&#8221;full&#8221; alignment=&#8221;center&#8221; onclick=&#8221;custom_link&#8221; css_animation=&#8221;fadeIn&#8221; css=&#8221;&#8221; link=&#8221;https:\/\/www.unidroit.org\/fr\/centenaire\/axe-de-travail-droits-des-contrats\/&#8221;][\/vc_column][vc_column width=&#8221;1\/4&#8243;][vc_single_image image=&#8221;37331&#8243; img_size=&#8221;full&#8221; alignment=&#8221;center&#8221; onclick=&#8221;custom_link&#8221; css_animation=&#8221;fadeIn&#8221; css=&#8221;&#8221; link=&#8221;https:\/\/www.unidroit.org\/fr\/centenaire\/axe-de-travail-droit-prive-agriculture\/&#8221;][\/vc_column][vc_column width=&#8221;1\/4&#8243;][vc_single_image image=&#8221;37335&#8243; img_size=&#8221;full&#8221; alignment=&#8221;center&#8221; onclick=&#8221;custom_link&#8221; css_animation=&#8221;fadeIn&#8221; css=&#8221;&#8221; link=&#8221;https:\/\/www.unidroit.org\/fr\/centenaire\/axe-travail-marches-financiers-technologies\/&#8221;][\/vc_column][vc_column width=&#8221;1\/4&#8243;][vc_single_image image=&#8221;37323&#8243; img_size=&#8221;full&#8221; alignment=&#8221;center&#8221; onclick=&#8221;custom_link&#8221; css_animation=&#8221;fadeIn&#8221; css=&#8221;&#8221; link=&#8221;https:\/\/www.unidroit.org\/fr\/centenaire\/access-to-credit-workstream-fr\/&#8221;][\/vc_column][\/vc_row][vc_row gap=&#8221;5&#8243;][vc_column width=&#8221;1\/3&#8243;][vc_single_image image=&#8221;37333&#8243; img_size=&#8221;260&#215;130&#8243; alignment=&#8221;center&#8221; onclick=&#8221;custom_link&#8221; css_animation=&#8221;fadeIn&#8221; css=&#8221;&#8221; link=&#8221;https:\/\/www.unidroit.org\/fr\/centenaire\/droit-procedural-reglement-differends\/&#8221;][\/vc_column][vc_column width=&#8221;1\/3&#8243;][vc_single_image image=&#8221;37325&#8243; img_size=&#8221;260&#215;130&#8243; alignment=&#8221;center&#8221; onclick=&#8221;custom_link&#8221; css_animation=&#8221;fadeIn&#8221; css=&#8221;&#8221; link=&#8221;https:\/\/www.unidroit.org\/fr\/centenaire\/axe-de-travail-sur-les-biens-culturels\/&#8221;][\/vc_column][vc_column width=&#8221;1\/3&#8243;][vc_single_image image=&#8221;37327&#8243; img_size=&#8221;260&#215;130&#8243; alignment=&#8221;center&#8221; onclick=&#8221;custom_link&#8221; css_animation=&#8221;fadeIn&#8221; css=&#8221;&#8221; link=&#8221;https:\/\/www.unidroit.org\/fr\/centenaire\/axe-travail-developpement-durable\/&#8221;][\/vc_column][\/vc_row][vc_row][vc_column][vc_column_text]<\/p>\n<p>[\/vc_column_text][\/vc_column][\/vc_row][vc_row][vc_column width=&#8221;1\/2&#8243;][vc_single_image image=&#8221;38040&#8243; img_size=&#8221;large&#8221; alignment=&#8221;center&#8221; onclick=&#8221;custom_link&#8221; css=&#8221;&#8221; link=&#8221;https:\/\/www.unidroit.org\/fr\/centenaire\/archives-historique\/&#8221;][vc_single_image image=&#8221;38042&#8243; img_size=&#8221;large&#8221; onclick=&#8221;custom_link&#8221; css=&#8221;&#8221;][\/vc_column][vc_column width=&#8221;1\/2&#8243;][vc_single_image image=&#8221;38044&#8243; img_size=&#8221;large&#8221; alignment=&#8221;center&#8221; onclick=&#8221;custom_link&#8221; css=&#8221;&#8221; link=&#8221;https:\/\/www.unidroit.org\/fr\/centenaire\/evenements-a-venir-pour-le-centenaire-dunidroitenaire-dunidroit\/&#8221;][vc_single_image image=&#8221;37829&#8243; img_size=&#8221;large&#8221; css=&#8221;&#8221;][\/vc_column][\/vc_row]<\/p>\n<\/div>","protected":false},"excerpt":{"rendered":"<p>[vc_row css=&#8221;.vc_custom_1773407914298{margin-bottom: 20px !important;}&#8221;][vc_column css=&#8221;.vc_custom_1773406860295{margin-top: 0px !important;margin-bottom: 0px !important;}&#8221;][vc_btn title=&#8221;ESPA\u00d1OL&#8221; style=&#8221;custom&#8221; custom_background=&#8221;#004054&#8243; custom_text=&#8221;#ffffff&#8221; shape=&#8221;square&#8221; align=&#8221;right&#8221; css=&#8221;.vc_custom_1773737646869{margin-top: 0px !important;margin-bottom: 0px !important;border-top-width: 0px !important;border-bottom-width: 0px !important;padding-top: 0px !important;padding-bottom: 0px !important;background-color: #FFFFFF !important;}&#8221; link=&#8221;url:https%3A%2F%2Fwww.unidroit.org%2Fcentenario-sp%2F&#8221;][\/vc_column][\/vc_row][vc_row][vc_column][vc_single_image image=&#8221;33357&#8243; img_size=&#8221;full&#8221; alignment=&#8221;center&#8221; css_animation=&#8221;fadeIn&#8221; css=&#8221;&#8221;][vc_raw_html css=&#8221;&#8221;]JTNDZGl2JTIwc3R5bGUlM0QlMjJ0ZXh0LWFsaWduJTNBJTIwY2VudGVyJTNCJTIwZm9udC1mYW1pbHklM0ElMjBzYW5zLXNlcmlmJTNCJTIwbWFyZ2luJTNBJTIwMjBweCUyMDAlM0IlMjIlM0UlMEElMjAlMjAlM0NoMyUyMHN0eWxlJTNEJTIyZm9udC1zaXplJTNBJTIwMjRweCUzQiUyMG1hcmdpbi1ib3R0b20lM0ElMjAxMHB4JTNCJTIyJTNFJTBBJTIwJTIwJTIwJTIwJTIwVGVtcHMlMjByZXN0YW50JTIwYXZhbnQlMjBsYSUyMEMlQzMlQTlyJUMzJUE5bW9uaWUlMjBkZSUyMGNsJUMzJUI0dHVyZSUyMGR1JTIwQ2VudGVuYWlyZSUyMGQlMjdVTklEUk9JVCUwQSUyMCUyMCUzQyUyRmgzJTNFJTBBJTIwJTIwJTNDZGl2JTIwaWQlM0QlMjJjb3VudGRvd24lMjIlMjBzdHlsZSUzRCUyMmZvbnQtc2l6ZSUzQSUyMDI4cHglM0IlMjBmb250LXdlaWdodCUzQSUyMGJvbGQlM0IlMjBjb2xvciUzQSUyMCUyMzAwNDE1MyUzQiUyMiUzRSUzQyUyRmRpdiUzRSUwQSUzQyUyRmRpdiUzRSUwQSUwQSUzQ3NjcmlwdCUzRSUwQSUyMCUyMGNvbnN0JTIwdGFyZ2V0RGF0ZSUyMCUzRCUyMG5ldyUyMERhdGUlMjglMjIyMDI2LTEyLTEwVDIzJTNBNTklM0E1OSUyMiUyOS5nZXRUaW1lJTI4JTI5JTNCJTIwJTBBJTIwJTIwY29uc3QlMjBjb3VudGRvd24lMjAlM0QlMjBkb2N1bWVudC5nZXRFbGVtZW50QnlJZCUyOCUyMmNvdW50ZG93biUyMiUyOSUzQiUwQSUwQSUyMCUyMGNvbnN0JTIwdGltZXIlMjAlM0QlMjBzZXRJbnRlcnZhbCUyOGZ1bmN0aW9uJTIwJTI4JTI5JTIwJTdCJTBBJTIwJTIwJTIwJTIwY29uc3QlMjBub3clMjAlM0QlMjBuZXclMjBEYXRlJTI4JTI5LmdldFRpbWUlMjglMjklM0IlMEElMjAlMjAlMjAlMjBjb25zdCUyMGRpc3RhbmNlJTIwJTNEJTIwdGFyZ2V0RGF0ZSUyMC0lMjBub3clM0IlMEElMEElMjAlMjAlMjAlMjBpZiUyMCUyOGRpc3RhbmNlJTIwJTNDJTIwMCUyOSUyMCU3QiUwQSUyMCUyMCUyMCUyMCUyMCUyMGNsZWFySW50ZXJ2YWwlMjh0aW1lciUyOSUzQiUwQSUyMCUyMCUyMCUyMCUyMCUyMGNvdW50ZG93bi5pbm5lckhUTUwlMjAlM0QlMjAlMjIlRjAlOUYlOEUlODklMjIlM0IlMEElMjAlMjAlMjAlMjAlMjAlMjByZXR1cm4lM0IlMEElMjAlMjAlMjAlMjAlN0QlMEElMEElMjAlMjAlMjAlMjBjb25zdCUyMGRheXMlMjAlM0QlMjBNYXRoLmZsb29yJTI4ZGlzdGFuY2UlMjAlMkYlMjAlMjgxMDAwJTIwJTJBJTIwNjAlMjAlMkElMjA2MCUyMCUyQSUyMDI0JTI5JTI5JTNCJTBBJTIwJTIwJTIwJTIwY29uc3QlMjBob3VycyUyMCUzRCUyME1hdGguZmxvb3IlMjglMjhkaXN0YW5jZSUyMCUyNSUyMCUyODEwMDAlMjAlMkElMjA2MCUyMCUyQSUyMDYwJTIwJTJBJTIwMjQlMjklMjklMjAlMkYlMjAlMjgxMDAwJTIwJTJBJTIwNjAlMjAlMkElMjA2MCUyOSUyOSUzQiUwQSUyMCUyMCUyMCUyMGNvbnN0JTIwbWludXRlcyUyMCUzRCUyME1hdGguZmxvb3IlMjglMjhkaXN0YW5jZSUyMCUyNSUyMCUyODEwMDAlMjAlMkElMjA2MCUyMCUyQSUyMDYwJTI5JTI5JTIwJTJGJTIwJTI4MTAwMCUyMCUyQSUyMDYwJTI5JTI5JTNCJTBBJTIwJTIwJTIwJTIwY29uc3QlMjBzZWNvbmRzJTIwJTNEJTIwTWF0aC5mbG9vciUyOCUyOGRpc3RhbmNlJTIwJTI1JTIwJTI4MTAwMCUyMCUyQSUyMDYwJTI5JTI5JTIwJTJGJTIwMTAwMCUyOSUzQiUwQSUwQSUyMCUyMCUyMCUyMGNvdW50ZG93bi5pbm5lckhUTUwlMjAlM0QlMjAlNjAlMjQlN0JkYXlzJTdEJTIwam91cnMlMjAlMjQlN0Job3VycyU3RCUyMGhldXJlcyUyMCUyNCU3Qm1pbnV0ZXMlN0QlMjBtaW51dGVzJTIwJTI0JTdCc2Vjb25kcyU3RCUyMHNlY29uZGVzJTYwJTNCJTBBJTIwJTIwJTdEJTJDJTIwMTAwMCUyOSUzQiUwQSUzQyUyRnNjcmlwdCUzRQ==[\/vc_raw_html][\/vc_column][vc_column][vc_single_image image=&#8221;33357&#8243; img_size=&#8221;full&#8221; alignment=&#8221;center&#8221; css_animation=&#8221;fadeIn&#8221; css=&#8221;&#8221;][\/vc_column][\/vc_row][vc_row css=&#8221;.vc_custom_1622455036974{background-color: #f2f2f2 !important;}&#8221;][vc_column&nbsp;<a href=\"https:\/\/www.unidroit.org\/fr\/centenaire\/\">&hellip;<\/a><\/p>\n","protected":false},"author":35,"featured_media":0,"parent":0,"menu_order":0,"comment_status":"closed","ping_status":"closed","template":"template-fullwidth.php","meta":{"ep_exclude_from_search":false,"footnotes":""},"class_list":["post-33505","page","type-page","status-publish","format-standard","hentry","odd"],"_links":{"self":[{"href":"https:\/\/www.unidroit.org\/fr\/wp-json\/wp\/v2\/pages\/33505","targetHints":{"allow":["GET"]}}],"collection":[{"href":"https:\/\/www.unidroit.org\/fr\/wp-json\/wp\/v2\/pages"}],"about":[{"href":"https:\/\/www.unidroit.org\/fr\/wp-json\/wp\/v2\/types\/page"}],"author":[{"embeddable":true,"href":"https:\/\/www.unidroit.org\/fr\/wp-json\/wp\/v2\/users\/35"}],"replies":[{"embeddable":true,"href":"https:\/\/www.unidroit.org\/fr\/wp-json\/wp\/v2\/comments?post=33505"}],"version-history":[{"count":36,"href":"https:\/\/www.unidroit.org\/fr\/wp-json\/wp\/v2\/pages\/33505\/revisions"}],"predecessor-version":[{"id":40394,"href":"https:\/\/www.unidroit.org\/fr\/wp-json\/wp\/v2\/pages\/33505\/revisions\/40394"}],"wp:attachment":[{"href":"https:\/\/www.unidroit.org\/fr\/wp-json\/wp\/v2\/media?parent=33505"}],"curies":[{"name":"wp","href":"https:\/\/api.w.org\/{rel}","templated":true}]}}