{"id":34615,"date":"2025-07-11T12:45:33","date_gmt":"2025-07-11T10:45:33","guid":{"rendered":"https:\/\/www.unidroit.org\/?page_id=34615"},"modified":"2025-07-11T12:48:45","modified_gmt":"2025-07-11T10:48:45","slug":"projet-de-meilleures-pratiques-pour-des-procedures-dexecution-efficaces-consultation-publique","status":"publish","type":"page","link":"https:\/\/www.unidroit.org\/fr\/travaux-en-cours\/projet-de-meilleures-pratiques-pour-des-procedures-dexecution-efficaces-consultation-publique\/","title":{"rendered":"Projet de Meilleures pratiques pour des proc\u00e9dures d\u2019ex\u00e9cution efficaces \u2013 Consultation publique"},"content":{"rendered":"<p style=\"text-align: justify;\">[vc_custom_heading text=&#8221;Projet de Meilleures pratiques pour des proc\u00e9dures d\u2019ex\u00e9cution efficaces \u2013 Consultation publique&#8221; font_container=&#8221;tag:h1|text_align:left&#8221; use_theme_fonts=&#8221;yes&#8221; css=&#8221;&#8221;]<\/p>\n<hr \/>\n<p>&nbsp;<\/p>\n<p style=\"text-align: justify;\">L\u2019Institut international pour l\u2019unification du droit priv\u00e9 (UNIDROIT) m\u00e8ne actuellement une consultation publique concernant son projet de Meilleures pratiques pour des proc\u00e9dures d\u2019ex\u00e9cution efficaces (MPEE).<\/p>\n<p>&nbsp;<\/p>\n<p style=\"text-align: justify;\"><strong>P\u00e9riode de consultation<\/strong><\/p>\n<p style=\"text-align: justify;\">La consultation durera onze semaines, du <strong>1<sup>er<\/sup> juillet au 15 septembre 2025 <\/strong>(minuit, CEST).<\/p>\n<p style=\"text-align: justify;\"><strong><br \/>\nObjectif de la consultation<\/strong><\/p>\n<p style=\"text-align: justify;\">L\u2019objectif de la consultation est de:<\/p>\n<ul style=\"text-align: justify;\">\n<li>Faire conna\u00eetre l\u2019instrument;<\/li>\n<li>S\u2019assurer que l\u2019instrument est bien adapt\u00e9 \u00e0 une application dans diff\u00e9rents contextes, y compris diff\u00e9rentes traditions juridiques et diff\u00e9rents types de syst\u00e8mes d\u2019ex\u00e9cution;<\/li>\n<li>Solliciter des commentaires sur la question de savoir si l\u2019instrument traite suffisamment les questions essentielles qui se posent dans le cadre de l\u2019ex\u00e9cution civile des droits des cr\u00e9anciers.<\/li>\n<\/ul>\n<p style=\"text-align: justify;\"><strong>\u00a0<\/strong><\/p>\n<p style=\"text-align: justify;\"><strong>Destinataires<\/strong><\/p>\n<p style=\"text-align: justify;\">Toutes les parties int\u00e9ress\u00e9es sont invit\u00e9es \u00e0 faire conna\u00eetre leurs points de vue. Pour les aspects plus techniques, sont invit\u00e9es \u00e0 faire part de leurs commentaires les personnes et entit\u00e9s repr\u00e9sentant:<\/p>\n<ul style=\"text-align: justify;\">\n<li>les juges, magistrats et autres autorit\u00e9s d\u2019ex\u00e9cution;<\/li>\n<li>les experts en droit proc\u00e9dural;<\/li>\n<li>les banques de d\u00e9veloppement;<\/li>\n<li>les organisations internationales;<\/li>\n<li>les universitaires et groupes de r\u00e9flexion.<\/li>\n<\/ul>\n<p style=\"text-align: justify;\"><strong><br \/>\n\u00c0 propos du projet de Meilleures pratiques<\/strong><\/p>\n<p style=\"text-align: justify;\">Le projet de Meilleures pratiques pour des proc\u00e9dures d\u2019ex\u00e9cution efficaces a \u00e9t\u00e9 pr\u00e9par\u00e9 par le Groupe de travail sur les MPEE au cours de dix sessions entre d\u00e9cembre 2020 et mars 2025. Toutes les informations suppl\u00e9mentaires concernant le Groupe de travail et ses r\u00e9unions sont disponibles ici: <a href=\"https:\/\/www.unidroit.org\/fr\/travaux-en-cours\/execution-meilleures-pratiques\/\">https:\/\/www.unidroit.org\/fr\/travaux-en-cours\/execution-meilleures-pratiques\/<\/a>.<\/p>\n<p style=\"text-align: justify;\">L\u2019objectif du projet de MPEE est de recommander des proc\u00e9dures et des m\u00e9canismes pour l\u2019ex\u00e9cution efficace des cr\u00e9ances tout en garantissant une protection juridique suffisante pour les d\u00e9biteurs et les tiers. Le projet de MPEE est principalement destin\u00e9 \u00e0 \u00e9clairer les choix des l\u00e9gislateurs nationaux, mais elles fournissent \u00e9galement des conseils aux agents d\u2019ex\u00e9cution et aux praticiens.<\/p>\n<p style=\"text-align: justify;\">Les Meilleures pratiques sont divis\u00e9s en trois parties:<\/p>\n<ul style=\"text-align: justify;\">\n<li>Partie I. Ex\u00e9cution par l\u2019autorit\u00e9 publique<\/li>\n<li>Partie II. Ex\u00e9cution des s\u00fbret\u00e9s r\u00e9elles<\/li>\n<li>Partie III. Ex\u00e9cution relative aux actifs num\u00e9riques<\/li>\n<\/ul>\n<p style=\"text-align: justify;\">Chaque partie est divis\u00e9e en chapitres (et parfois en sections et sous-sections) qui contiennent des recommandations et des commentaires. Dans certains cas, les recommandations constituent des dispositions qui pourraient \u00eatre directement promulgu\u00e9es en droit national. Dans d\u2019autres cas, les recommandations (ainsi que les commentaires) donnent des indications sur des questions importantes que les l\u00e9gislateurs devraient prendre en consid\u00e9ration lorsqu\u2019ils \u00e9laborent ou modifient des dispositions relatives \u00e0 l\u2019ex\u00e9cution civile.<\/p>\n<p style=\"text-align: justify;\"><strong><br \/>\nDocuments de consultation<\/strong><\/p>\n<p style=\"text-align: justify;\">Un document de pr\u00e9sentation fournissant davantage d\u2019informations sur le contexte du projet et une vue d\u2019ensemble plus d\u00e9taill\u00e9e de l\u2019instrument est disponible <a href=\"https:\/\/www.unidroit.org\/wp-content\/uploads\/2025\/07\/Unidroit-2025-Study-LXXVIB-Cons-Doc.-1-Introduction-for-Public-Consultation.pdf\">ici<\/a> (en anglais uniquement, la version fran\u00e7aise est en cours de pr\u00e9paration).<\/p>\n<p style=\"text-align: justify;\"><strong>Le projet de Meilleures pratiques pour des proc\u00e9dures d\u2019ex\u00e9cution\u00a0efficaces est disponible <\/strong><a href=\"https:\/\/www.unidroit.org\/wp-content\/uploads\/2025\/07\/Consultation-Draft-BPEE.pdf\"><strong>ici<\/strong><\/a><strong> (en anglais uniquement, la version fran\u00e7aise est en cours de pr\u00e9paration).<\/strong><\/p>\n<p style=\"text-align: justify;\"><strong><br \/>\nComment soumettre votre r\u00e9ponse<\/strong><\/p>\n<p style=\"text-align: justify;\">Les r\u00e9pondants peuvent faire part de leurs commentaires concernant n\u2019importe quelle partie du projet de Meilleures pratiques pour des proc\u00e9dures d\u2019ex\u00e9cution efficaces. Les commentaires doivent \u00eatre soumis au Secr\u00e9tariat d\u2019UNIDROIT \u00e0 l\u2019adresse suivante: <a href=\"mailto:bpee@unidroit.org\">bpee@unidroit.org<\/a>.<\/p>\n<p style=\"text-align: justify;\">Tous les commentaires doivent \u00eatre inclus dans un document <strong>Word<\/strong> et doivent \u00eatre fournis en <strong>anglais<\/strong> ou en <strong>fran\u00e7ais<\/strong>. Pour chaque commentaire, veuillez pr\u00e9ciser \u00e0 <strong>quelle Recommandation<\/strong> il se r\u00e9f\u00e8re.<\/p>\n<p style=\"text-align: justify;\"><strong><br \/>\nProchaines \u00e9tapes<\/strong><\/p>\n<p style=\"text-align: justify;\">Le Groupe de travail sur les meilleures pratiques pour des proc\u00e9dures d\u2019ex\u00e9cution efficaces examinera les commentaires re\u00e7us lors des sessions virtuelles du Comit\u00e9 de r\u00e9daction et conclura \u00e0 sa onzi\u00e8me session, du 13 au 15 octobre 2025. Il est envisag\u00e9 que le projet de Meilleures pratiques pour des proc\u00e9dures d\u2019ex\u00e9cution efficaces soit soumis \u00e0 l\u2019approbation du Conseil de direction d\u2019ici la fin de l\u2019ann\u00e9e 2025 et qu\u2019il soit finalement publi\u00e9 au d\u00e9but de l\u2019ann\u00e9e 2026.<\/p>\n","protected":false},"excerpt":{"rendered":"<p>[vc_custom_heading text=&#8221;Projet de Meilleures pratiques pour des proc\u00e9dures d\u2019ex\u00e9cution efficaces \u2013 Consultation publique&#8221; font_container=&#8221;tag:h1|text_align:left&#8221; use_theme_fonts=&#8221;yes&#8221; css=&#8221;&#8221;] &nbsp; L\u2019Institut international pour l\u2019unification du droit priv\u00e9 (UNIDROIT) m\u00e8ne actuellement une consultation publique concernant son projet de Meilleures pratiques pour des proc\u00e9dures d\u2019ex\u00e9cution efficaces (MPEE). &nbsp; P\u00e9riode de&nbsp;<a href=\"https:\/\/www.unidroit.org\/fr\/travaux-en-cours\/projet-de-meilleures-pratiques-pour-des-procedures-dexecution-efficaces-consultation-publique\/\">&hellip;<\/a><\/p>\n","protected":false},"author":25,"featured_media":0,"parent":5132,"menu_order":0,"comment_status":"closed","ping_status":"closed","template":"","meta":{"ep_exclude_from_search":false,"footnotes":""},"class_list":["post-34615","page","type-page","status-publish","format-standard","hentry","odd"],"_links":{"self":[{"href":"https:\/\/www.unidroit.org\/fr\/wp-json\/wp\/v2\/pages\/34615","targetHints":{"allow":["GET"]}}],"collection":[{"href":"https:\/\/www.unidroit.org\/fr\/wp-json\/wp\/v2\/pages"}],"about":[{"href":"https:\/\/www.unidroit.org\/fr\/wp-json\/wp\/v2\/types\/page"}],"author":[{"embeddable":true,"href":"https:\/\/www.unidroit.org\/fr\/wp-json\/wp\/v2\/users\/25"}],"replies":[{"embeddable":true,"href":"https:\/\/www.unidroit.org\/fr\/wp-json\/wp\/v2\/comments?post=34615"}],"version-history":[{"count":4,"href":"https:\/\/www.unidroit.org\/fr\/wp-json\/wp\/v2\/pages\/34615\/revisions"}],"predecessor-version":[{"id":34619,"href":"https:\/\/www.unidroit.org\/fr\/wp-json\/wp\/v2\/pages\/34615\/revisions\/34619"}],"up":[{"embeddable":true,"href":"https:\/\/www.unidroit.org\/fr\/wp-json\/wp\/v2\/pages\/5132"}],"wp:attachment":[{"href":"https:\/\/www.unidroit.org\/fr\/wp-json\/wp\/v2\/media?parent=34615"}],"curies":[{"name":"wp","href":"https:\/\/api.w.org\/{rel}","templated":true}]}}