{"id":35287,"date":"2025-09-05T10:15:28","date_gmt":"2025-09-05T08:15:28","guid":{"rendered":"https:\/\/www.unidroit.org\/etudes\/insolvency\/"},"modified":"2025-09-05T11:05:00","modified_gmt":"2025-09-05T09:05:00","slug":"insolvabilite","status":"publish","type":"page","link":"https:\/\/www.unidroit.org\/fr\/etudes\/insolvabilite\/","title":{"rendered":"Insolvabilit\u00e9"},"content":{"rendered":"<div class=\"wpb-content-wrapper\"><p>[vc_row][vc_column css=&#8221;.vc_custom_1490017614850{margin-bottom: 30px !important;}&#8221;][vc_custom_heading text=&#8221;INSOLVABILIT\u00c9&#8221; font_container=&#8221;tag:h1|text_align:left&#8221; use_theme_fonts=&#8221;yes&#8221; css=&#8221;.vc_custom_1757060800832{margin-top: 0px !important;margin-bottom: 20px !important;}&#8221;][vc_custom_heading text=&#8221;&#8221; font_container=&#8221;tag:h4|text_align:left&#8221; use_theme_fonts=&#8221;yes&#8221;][\/vc_column][\/vc_row][vc_row css=&#8221;.vc_custom_1622455036974{background-color: #f2f2f2 !important;}&#8221;][vc_column css=&#8221;.vc_custom_1490017614850{margin-bottom: 30px !important;}&#8221;][vc_column_text css=&#8221;&#8221;]\u00c9tude LXXXIV \u2013 Insolvabilit\u00e9 bancaire (2021 \u2013 2025)[\/vc_column_text][\/vc_column][\/vc_row][vc_row][vc_column][vc_empty_space height=&#8221;10px&#8221;][\/vc_column][\/vc_row][vc_row css=&#8221;.vc_custom_1456742899760{margin-bottom: 50px !important;}&#8221;][vc_column css=&#8221;.vc_custom_1491470213593{margin-bottom: 0px !important;}&#8221;][vc_tta_accordion shape=&#8221;square&#8221; color=&#8221;white&#8221; active_section=&#8221;&#8221; collapsible_all=&#8221;true&#8221; el_class=&#8221;wh-accordion&#8221; css=&#8221;.vc_custom_1620737860528{margin-bottom: 0px !important;}&#8221;][vc_tta_section title=&#8221;\u00c9TUDE LXXXIV \u2013 INSOLVABILIT\u00c9 BANCAIRE (2021 \u2013 2025)&#8221; tab_id=&#8221;1749127378373-bb32b216-8ac4&#8243;][vc_column_text css=&#8221;&#8221;]<strong>\u00a0<\/strong><\/p>\n<p><strong>1<sup>\u00e8re<\/sup>\u00a0r\u00e9union du Groupe de travail<\/strong><\/p>\n<p>La premi\u00e8re session du Groupe de travail hybride a eu lieu les 13 et 14 d\u00e9cembre 2021. Les documents de la premi\u00e8re session sont disponibles ci-dessous\u00a0(en anglais):<\/p>\n<ul>\n<li><a href=\"https:\/\/www.unidroit.org\/wp-content\/uploads\/2022\/02\/FOR-WEBSITE-S84-WG1-Doc.1-Agenda.pdf\">Study LXXXIV \u2013 W.G.1 \u2013 Doc. 1<\/a>: Annotated agenda<\/li>\n<li><a href=\"https:\/\/www.unidroit.org\/wp-content\/uploads\/2022\/02\/S84-WG1-Doc-2-Issues-Paper.pdf\">Study LXXXIV \u2013 W.G.1 \u2013 Doc. 2<\/a>: Issues Paper<\/li>\n<li><a href=\"https:\/\/www.unidroit.org\/wp-content\/uploads\/2022\/02\/S84-WG1-Doc-3.SummaryReportWeb-1.pdf\">Study LXXXIV \u2013 W.G.1 \u2013 Doc. 3<\/a>: Summary Report of the session<\/li>\n<\/ul>\n<p>&nbsp;<\/p>\n<p><strong>2<sup>\u00e8me<\/sup>\u00a0r\u00e9union du Groupe de travail<\/strong><\/p>\n<p>La deuxi\u00e8me session du Groupe de travail hybride a eu lieu du 11 au 13 avril 2022. Les documents de la session sont disponibles ci-dessous (en anglais):<\/p>\n<ul>\n<li><a href=\"https:\/\/www.unidroit.org\/wp-content\/uploads\/2022\/07\/Study-84-W.G.-2-Doc.-1-Annotated-Draft-Agenda-Website.pdf\">Study LXXXIV \u2013 W.G.2 \u2013 Doc. 1:<\/a>\u00a0Annotated agenda<\/li>\n<li><a href=\"https:\/\/www.unidroit.org\/wp-content\/uploads\/2022\/07\/Study-84-W.G.-2-Doc.-2-Revised-Issues-Paper.pdf\">Study LXXXIV \u2013 W.G.2 \u2013 Doc. 2<\/a>: Revised Issues Paper<\/li>\n<li><a href=\"https:\/\/www.unidroit.org\/wp-content\/uploads\/2022\/07\/Website-version_Study-84-W.G.-2-Doc.-3-Summary-Report.pdf\">Study LXXXIV \u2013 W.G.2 \u2013 Doc. 3<\/a>: Summary Report of the session<\/li>\n<\/ul>\n<p>&nbsp;<\/p>\n<p><strong><sup>3\u00e8me<\/sup><\/strong><strong>\u00a0r\u00e9union du Groupe de travail<\/strong><\/p>\n<p>La troisi\u00e8me session du Groupe de travail s\u2019est tenue \u00e0 Bruxelles du 17 au 19 octobre 2022. Les documents de la session sont disponibles ci-dessous (en anglais):<\/p>\n<ul>\n<li><a href=\"https:\/\/www.unidroit.org\/wp-content\/uploads\/2022\/09\/Study-84-W.G.-3-Doc.-1-Annotated-Draft-Agenda.pdf\">Study LXXXIV \u2013 W.G.3 \u2013 Doc. 1<\/a>: Annotated agenda<\/li>\n<li><a href=\"https:\/\/www.unidroit.org\/wp-content\/uploads\/2023\/01\/Study-LXXXIV-W.G.-3-Doc.-2-Secretariats-Report.pdf\">Study LXXXIV \u2013 W.G.3 \u2013 Doc. 2<\/a>: Secretariat\u2019s Report<\/li>\n<li><a href=\"https:\/\/www.unidroit.org\/wp-content\/uploads\/2023\/01\/Website-version_Study-84-W.G.-3-Doc.-6-Draft-Summary-Report.pdf\">Study LXXXIV \u2013 W.G.3 \u2013 Doc. 6<\/a>: Summary Report of the session<\/li>\n<\/ul>\n<p>&nbsp;<\/p>\n<p><strong>4<sup>\u00e8me<\/sup>\u00a0r\u00e9union du Groupe de travail<\/strong><\/p>\n<p>La quatri\u00e8me session du Groupe de travail s\u2019est tenu dans les locaux de l\u2019Institut de stabilit\u00e9 financi\u00e8re de la BRI \u00e0 B\u00e2le (Suisse) du 29 au 31 mars 2023. Les documents de la session sont disponibles ci-dessous (en anglais):<\/p>\n<ul>\n<li><a href=\"https:\/\/www.unidroit.org\/wp-content\/uploads\/2023\/03\/W.G.-4-Doc.-1-Annotated-Draft-Agenda.pdf\">Study LXXXIV \u2013 W.G.4 \u2013 Doc. 1<\/a>: Annotated agenda<\/li>\n<li><a href=\"https:\/\/www.unidroit.org\/wp-content\/uploads\/2023\/06\/Study-84-W.G.-4-Doc.-2-Secretariats-Report_rev.pdf\">Study LXXXIV \u2013 W.G.4 \u2013 Doc. 2<\/a>: Secretariat\u2019s Report<\/li>\n<li><a href=\"https:\/\/www.unidroit.org\/wp-content\/uploads\/2023\/06\/Non-confidential-Study-84-W.G.-4-Doc.-5-Draft-Summary-Report_Final.pdf\">Study LXXXIV \u2013 W.G.4 \u2013 Doc. 5<\/a>: Summary Report of the session<\/li>\n<\/ul>\n<p>&nbsp;<\/p>\n<p><strong><sup>5\u00e8me<\/sup><\/strong><strong>\u00a0r\u00e9union du Groupe de travail<\/strong><\/p>\n<p>La cinqui\u00e8me session du Groupe de travail s\u2019est tenue \u00e0 Rome du 17 au 19 octobre 2023. Les documents de la session sont disponibles ci-dessous (en anglais):<\/p>\n<ul>\n<li><a href=\"https:\/\/www.unidroit.org\/wp-content\/uploads\/2023\/10\/Study-84-W.G.-5-Doc.-1-Annotated-Draft-Agenda_rev.pdf\">Study LXXXIV \u2013 W.G.5 \u2013 Doc. 1 rev.<\/a>: Annotated agenda<\/li>\n<li><a href=\"https:\/\/www.unidroit.org\/wp-content\/uploads\/2023\/12\/Study-84-W.G.-5-Doc.-2-Secretariats-Report.pdf\">Study LXXXIV \u2013 W.G.5 \u2013 Doc. 2<\/a>: Secretariat\u2019s Report<\/li>\n<li><a href=\"https:\/\/www.unidroit.org\/wp-content\/uploads\/2023\/12\/Study-84-W.G.-5-Doc.-4-Summary-Report-Website.pdf\">Study LXXXIV \u2013 W.G.5 \u2013 Doc. 4<\/a>: Summary Report of the session<\/li>\n<\/ul>\n<p>&nbsp;<\/p>\n<p><strong>6<sup>\u00e8me<\/sup>\u00a0r\u00e9union du Groupe de travail<\/strong><\/p>\n<p>La sixi\u00e8me session du Groupe de travail s\u2019est tenue \u00e0 Rome du 4 au 6 mars 2024. Les documents de la session sont disponibles ci-dessous (en anglais):<\/p>\n<ul>\n<li><a href=\"https:\/\/www.unidroit.org\/wp-content\/uploads\/2024\/01\/Study-84-W.G.-6-Doc.-1-Annotated-Draft-Agenda.pdf\">Study LXXXIV \u2013 W.G.6 \u2013 Doc. 1<\/a>: Annotated agenda<\/li>\n<li><a href=\"https:\/\/www.unidroit.org\/wp-content\/uploads\/2024\/05\/Non-Confidential-Study-84-W.G.-6-Doc.-4-Draft-Summary-Report_final.pdf\">Study LXXXIV \u2013 W.G.6 \u2013 Doc. 4<\/a>: Summary Report of the session<\/li>\n<\/ul>\n<p><strong>CONSULTATION<\/strong><br \/>\nDu 5 juin au 11 octobre 2024, UNIDROIT a lanc\u00e9 une consultation publique sur le projet de Guide l\u00e9gislatif sur la liquidation bancaire. Pour plus d\u2019informations, veuillez cliquer\u00a0<a href=\"https:\/\/www.unidroit.org\/fr\/travaux-en-cours\/insolvabilite-bancaire\/projet-de-guide-juridique-sur-la-liquidation-bancaire-consultation\/\"><strong>ici<\/strong><\/a>. Les r\u00e9sultats de cette consultation ont \u00e9t\u00e9 examin\u00e9s lors de la 7\u00e8me session du Groupe de travail, pr\u00e9vue en novembre 2024.<\/p>\n<p><strong>7<sup>\u00e8me<\/sup>\u00a0r\u00e9union du Groupe de travail<\/strong><\/p>\n<p>La septi\u00e8me session du Groupe de travail s\u2019est tenue \u00e0 Rome du 18 au 20 novembre 2024. Les documents de la session sont disponibles ci-dessous (en anglais):<\/p>\n<ul>\n<li><a href=\"https:\/\/www.unidroit.org\/wp-content\/uploads\/2024\/08\/Study-84-W.G.-7-Doc.-1-Annotated-Draft-Agenda.pdf\">Study LXXXIV \u2013 W.G.7 \u2013 Doc. 1<\/a>: Annotated agenda<\/li>\n<li><a href=\"https:\/\/www.unidroit.org\/wp-content\/uploads\/2024\/11\/Study-84-W.G.-7-Doc.-2_rev-Secretariats-Report.pdf\">Study LXXXIV \u2013 W.G. 7 \u2013 Doc. 2_rev<\/a>:\u00a0Secretariat\u2019s Report<\/li>\n<li><a href=\"https:\/\/www.unidroit.org\/wp-content\/uploads\/2024\/11\/Study-84-W.G.-7-Doc.-3_rev-Consultation-Feedback.pdf\">Study LXXXIV \u2013 Doc. 3_rev<\/a>: Consultation Feedback<\/li>\n<li><a href=\"https:\/\/www.unidroit.org\/wp-content\/uploads\/2025\/01\/Study-84-W.G.-7-Doc.-6-Summary-Report_final.pdf\">Study LXXXIV \u2013 W.G. 7 \u2013 Doc. 6<\/a>: Summary Report<\/li>\n<\/ul>\n<p>[\/vc_column_text][\/vc_tta_section][\/vc_tta_accordion][\/vc_column][\/vc_row]<\/p>\n<\/div>","protected":false},"excerpt":{"rendered":"<p>[vc_row][vc_column css=&#8221;.vc_custom_1490017614850{margin-bottom: 30px !important;}&#8221;][vc_custom_heading text=&#8221;INSOLVABILIT\u00c9&#8221; font_container=&#8221;tag:h1|text_align:left&#8221; use_theme_fonts=&#8221;yes&#8221; css=&#8221;.vc_custom_1757060800832{margin-top: 0px !important;margin-bottom: 20px !important;}&#8221;][vc_custom_heading text=&#8221;&#8221; font_container=&#8221;tag:h4|text_align:left&#8221; use_theme_fonts=&#8221;yes&#8221;][\/vc_column][\/vc_row][vc_row css=&#8221;.vc_custom_1622455036974{background-color: #f2f2f2 !important;}&#8221;][vc_column css=&#8221;.vc_custom_1490017614850{margin-bottom: 30px !important;}&#8221;][vc_column_text css=&#8221;&#8221;]\u00c9tude LXXXIV \u2013 Insolvabilit\u00e9 bancaire (2021 \u2013 2025)[\/vc_column_text][\/vc_column][\/vc_row][vc_row][vc_column][vc_empty_space height=&#8221;10px&#8221;][\/vc_column][\/vc_row][vc_row css=&#8221;.vc_custom_1456742899760{margin-bottom: 50px !important;}&#8221;][vc_column css=&#8221;.vc_custom_1491470213593{margin-bottom: 0px !important;}&#8221;][vc_tta_accordion shape=&#8221;square&#8221; color=&#8221;white&#8221; active_section=&#8221;&#8221; collapsible_all=&#8221;true&#8221; el_class=&#8221;wh-accordion&#8221; css=&#8221;.vc_custom_1620737860528{margin-bottom: 0px !important;}&#8221;][vc_tta_section title=&#8221;\u00c9TUDE&nbsp;<a href=\"https:\/\/www.unidroit.org\/fr\/etudes\/insolvabilite\/\">&hellip;<\/a><\/p>\n","protected":false},"author":19,"featured_media":0,"parent":5175,"menu_order":0,"comment_status":"closed","ping_status":"closed","template":"","meta":{"ep_exclude_from_search":false,"footnotes":""},"class_list":["post-35287","page","type-page","status-publish","format-standard","hentry","odd"],"_links":{"self":[{"href":"https:\/\/www.unidroit.org\/fr\/wp-json\/wp\/v2\/pages\/35287","targetHints":{"allow":["GET"]}}],"collection":[{"href":"https:\/\/www.unidroit.org\/fr\/wp-json\/wp\/v2\/pages"}],"about":[{"href":"https:\/\/www.unidroit.org\/fr\/wp-json\/wp\/v2\/types\/page"}],"author":[{"embeddable":true,"href":"https:\/\/www.unidroit.org\/fr\/wp-json\/wp\/v2\/users\/19"}],"replies":[{"embeddable":true,"href":"https:\/\/www.unidroit.org\/fr\/wp-json\/wp\/v2\/comments?post=35287"}],"version-history":[{"count":4,"href":"https:\/\/www.unidroit.org\/fr\/wp-json\/wp\/v2\/pages\/35287\/revisions"}],"predecessor-version":[{"id":35291,"href":"https:\/\/www.unidroit.org\/fr\/wp-json\/wp\/v2\/pages\/35287\/revisions\/35291"}],"up":[{"embeddable":true,"href":"https:\/\/www.unidroit.org\/fr\/wp-json\/wp\/v2\/pages\/5175"}],"wp:attachment":[{"href":"https:\/\/www.unidroit.org\/fr\/wp-json\/wp\/v2\/media?parent=35287"}],"curies":[{"name":"wp","href":"https:\/\/api.w.org\/{rel}","templated":true}]}}