{"id":36103,"date":"2024-10-16T11:22:46","date_gmt":"2024-10-16T09:22:46","guid":{"rendered":"https:\/\/www.unidroit.org\/?page_id=36103"},"modified":"2026-03-09T15:47:40","modified_gmt":"2026-03-09T14:47:40","slug":"100eme-session-rome-30-octobre-2025","status":"publish","type":"page","link":"https:\/\/www.unidroit.org\/fr\/reunions\/commission-des-finances\/100eme-session-rome-30-octobre-2025\/","title":{"rendered":"100\u00e8me Session (Rome, 30 octobre 2025)"},"content":{"rendered":"<div class=\"wpb-content-wrapper\"><p>[vc_row][vc_column css=&#8221;.vc_custom_1490017614850{margin-bottom: 30px !important;}&#8221;][vc_custom_heading text=&#8221;100\u00e8me Session<br \/>\n(Rome, 30 octobre 2025)&#8221; font_container=&#8221;tag:h1|text_align:left&#8221; use_theme_fonts=&#8221;yes&#8221; css=&#8221;.vc_custom_1761136663995{margin-top: 0px !important;margin-bottom: 20px !important;}&#8221;][vc_column_text css=&#8221;.vc_custom_1764858569218{padding-top: 35px !important;padding-right: 35px !important;padding-bottom: 35px !important;padding-left: 35px !important;background-color: #f2f2f2 !important;}&#8221;]<\/p>\n<p style=\"text-align: center;\"><strong>Documents<\/strong><\/p>\n<p>&nbsp;<\/p>\n<ul>\n<li>Rapport (<a href=\"https:\/\/www.unidroit.org\/wp-content\/uploads\/2025\/12\/C.F.1009-Rapport-site-Internet.pdf\" target=\"_blank\" rel=\"noopener\">C.F. (100) 9<\/a>)<\/li>\n<\/ul>\n<ol>\n<li>Ouverture de la session<\/li>\n<li>Nomination du Pr\u00e9sident de la Commission des Finances <a href=\"https:\/\/www.unidroit.org\/wp-content\/uploads\/2025\/10\/FC1001-Projet-dordre-du-jour-annote.pdf\" target=\"_blank\" rel=\"noopener\">(C.F. (100) 1)<\/a><\/li>\n<li>Adoption de l\u2019ordre du jour <a href=\"https:\/\/www.unidroit.org\/wp-content\/uploads\/2025\/10\/FC1001-Projet-dordre-du-jour-annote.pdf\" target=\"_blank\" rel=\"noopener\">(C.F. (100) 1)<\/a><\/li>\n<li>Modifications d\u00e9finitives du Budget et des Comptes pour l\u2019exercice financier 2024 <a href=\"https:\/\/www.unidroit.org\/wp-content\/uploads\/2025\/10\/C.F.1002-Modifications-definitives-du-Budget-Comptes-2024.pdf\" target=\"_blank\" rel=\"noopener\">(C.F.\u00a0(100)\u00a02)<\/a><\/li>\n<li>Ajustements au Budget de l\u2019exercice financier 2025 <a href=\"https:\/\/www.unidroit.org\/wp-content\/uploads\/2025\/10\/C.F.1003-Ajustements-au-Budget-de-lexercice-financier-2025.pdf\" target=\"_blank\" rel=\"noopener\">(C.F. (100) 3)<\/a><\/li>\n<li>Informations sur les contributions extra-budg\u00e9taires re\u00e7ues en 2025 et sur leur utilisation pour les activit\u00e9s et projets de l\u2019Institut <a href=\"https:\/\/www.unidroit.org\/wp-content\/uploads\/2025\/10\/C.F.1004-Information-sur-les-contributions-extrabudgetaires.pdf\" target=\"_blank\" rel=\"noopener\">(C.F. (100) 4)<\/a><\/li>\n<li>Arri\u00e9r\u00e9s de contributions des \u00c9tats Membres <a href=\"https:\/\/www.unidroit.org\/wp-content\/uploads\/2025\/10\/C.F.1005-Arrieres-contributions.pdf\" target=\"_blank\" rel=\"noopener\">(C.F. (100) 5)<\/a><\/li>\n<li>Projet de Budget 2026 et observations soumises par les \u00c9tats membres <a href=\"https:\/\/www.unidroit.org\/wp-content\/uploads\/2025\/10\/CF1006-Projet-de-Budget-2026-et-observations.pdf\" target=\"_blank\" rel=\"noopener\">(C.F. (100) 6)<\/a><\/li>\n<li>Mise \u00e0 jour sur le syst\u00e8me de s\u00e9curit\u00e9 sociale appliqu\u00e9 au personnel d\u2019Unidroit <a href=\"https:\/\/www.unidroit.org\/wp-content\/uploads\/2025\/10\/C.F.1007-Mise-a-jour-sur-systeme-de-securite-sociale-site-Internet.pdf\" target=\"_blank\" rel=\"noopener\">(C.F. (100)\u00a07)<\/a><\/li>\n<li>Contributions pour le Centenaire d\u2019Unidroit (C.F. (100) 8)<\/li>\n<li>Divers<\/li>\n<\/ol>\n<p>[\/vc_column_text][\/vc_column][\/vc_row][vc_row][vc_column][vc_column_text]<\/p>\n<p>[\/vc_column_text][\/vc_column][\/vc_row]<\/p>\n<\/div>","protected":false},"excerpt":{"rendered":"<p>[vc_row][vc_column css=&#8221;.vc_custom_1490017614850{margin-bottom: 30px !important;}&#8221;][vc_custom_heading text=&#8221;100\u00e8me Session (Rome, 30 octobre 2025)&#8221; font_container=&#8221;tag:h1|text_align:left&#8221; use_theme_fonts=&#8221;yes&#8221; css=&#8221;.vc_custom_1761136663995{margin-top: 0px !important;margin-bottom: 20px !important;}&#8221;][vc_column_text css=&#8221;.vc_custom_1764858569218{padding-top: 35px !important;padding-right: 35px !important;padding-bottom: 35px !important;padding-left: 35px !important;background-color: #f2f2f2 !important;}&#8221;] Documents &nbsp; Rapport (C.F. (100) 9) Ouverture de la session Nomination du Pr\u00e9sident de la Commission des&nbsp;<a href=\"https:\/\/www.unidroit.org\/fr\/reunions\/commission-des-finances\/100eme-session-rome-30-octobre-2025\/\">&hellip;<\/a><\/p>\n","protected":false},"author":30,"featured_media":0,"parent":5015,"menu_order":0,"comment_status":"closed","ping_status":"closed","template":"","meta":{"ep_exclude_from_search":false,"footnotes":""},"class_list":["post-36103","page","type-page","status-publish","format-standard","hentry","odd"],"_links":{"self":[{"href":"https:\/\/www.unidroit.org\/fr\/wp-json\/wp\/v2\/pages\/36103","targetHints":{"allow":["GET"]}}],"collection":[{"href":"https:\/\/www.unidroit.org\/fr\/wp-json\/wp\/v2\/pages"}],"about":[{"href":"https:\/\/www.unidroit.org\/fr\/wp-json\/wp\/v2\/types\/page"}],"author":[{"embeddable":true,"href":"https:\/\/www.unidroit.org\/fr\/wp-json\/wp\/v2\/users\/30"}],"replies":[{"embeddable":true,"href":"https:\/\/www.unidroit.org\/fr\/wp-json\/wp\/v2\/comments?post=36103"}],"version-history":[{"count":9,"href":"https:\/\/www.unidroit.org\/fr\/wp-json\/wp\/v2\/pages\/36103\/revisions"}],"predecessor-version":[{"id":36254,"href":"https:\/\/www.unidroit.org\/fr\/wp-json\/wp\/v2\/pages\/36103\/revisions\/36254"}],"up":[{"embeddable":true,"href":"https:\/\/www.unidroit.org\/fr\/wp-json\/wp\/v2\/pages\/5015"}],"wp:attachment":[{"href":"https:\/\/www.unidroit.org\/fr\/wp-json\/wp\/v2\/media?parent=36103"}],"curies":[{"name":"wp","href":"https:\/\/api.w.org\/{rel}","templated":true}]}}