{"id":36533,"date":"2024-11-19T11:38:53","date_gmt":"2024-11-19T10:38:53","guid":{"rendered":"https:\/\/www.unidroit.org\/?page_id=36533"},"modified":"2026-03-20T11:34:06","modified_gmt":"2026-03-20T10:34:06","slug":"85eme-session-rome-11-decembre-2025","status":"publish","type":"page","link":"https:\/\/www.unidroit.org\/fr\/reunions\/assemblee-generale\/85eme-session-rome-11-decembre-2025\/","title":{"rendered":"85\u00e8me SESSION (ROME, 11 D\u00c9CEMBRE 2025)"},"content":{"rendered":"<div class=\"wpb-content-wrapper\"><p>[vc_row][vc_column css=&#8221;.vc_custom_1490017614850{margin-bottom: 30px !important;}&#8221;][vc_custom_heading text=&#8221;85\u00e8me SESSION (ROME, 11 D\u00c9CEMBRE 2025)&#8221; font_container=&#8221;tag:h1|text_align:left&#8221; use_theme_fonts=&#8221;yes&#8221; css=&#8221;.vc_custom_1763047133594{margin-top: 0px !important;margin-bottom: 20px !important;}&#8221;][vc_column_text css=&#8221;.vc_custom_1774002954413{padding-top: 35px !important;padding-right: 35px !important;padding-bottom: 35px !important;padding-left: 35px !important;background-color: #f2f2f2 !important;}&#8221;]<\/p>\n<p style=\"text-align: center;\"><span style=\"font-size: 14pt;\"><strong>Documents<\/strong><\/span><\/p>\n<p style=\"text-align: center;\">*\u00a0 \u00a0 \u00a0*\u00a0 \u00a0 \u00a0*<\/p>\n<ul>\n<li>Rapport <a href=\"https:\/\/www.unidroit.org\/wp-content\/uploads\/2026\/03\/A.G.-85-14-Rapport-Final-site-internet-1.pdf\" target=\"_blank\" rel=\"noopener\">(A.G. (85) 14 )<\/a><\/li>\n<\/ul>\n<table style=\"border-collapse: collapse; width: 100%; height: 359px;\">\n<tbody>\n<tr style=\"height: 24px;\">\n<td style=\"width: 3.42577%; height: 24px;\">1.<\/td>\n<td style=\"width: 96.5743%; height: 24px;\">Ouverture de la session par le Secr\u00e9taire G\u00e9n\u00e9ral d\u2019Unidroit et par le Pr\u00e9sident de l\u2019Assembl\u00e9e G\u00e9n\u00e9rale pour l\u2019ann\u00e9e 2024-2025<\/td>\n<\/tr>\n<tr style=\"height: 24px;\">\n<td style=\"width: 3.42577%; height: 24px;\">2.<\/td>\n<td style=\"width: 96.5743%; height: 24px;\">Allocution d\u2019ouverture du Pr\u00e9sident d\u2019UNIDROIT<\/td>\n<\/tr>\n<tr style=\"height: 24px;\">\n<td style=\"width: 3.42577%; height: 24px;\">3.<\/td>\n<td style=\"width: 96.5743%; height: 24px;\">Nomination du Pr\u00e9sident de l\u2019Assembl\u00e9e G\u00e9n\u00e9rale pour l\u2019ann\u00e9e 2025-2026<\/td>\n<\/tr>\n<tr style=\"height: 24px;\">\n<td style=\"width: 3.42577%; height: 24px;\">4.<\/td>\n<td style=\"width: 96.5743%; height: 24px;\">Adoption de l\u2019ordre du jour <a href=\"https:\/\/www.unidroit.org\/wp-content\/uploads\/2025\/11\/A.G.-85-1-rev.-projet-dordre-du-jour-annote.pdf\" target=\"_blank\" rel=\"noopener\">(A.G. (85) 1 r\u00e9v.)<\/a><\/td>\n<\/tr>\n<tr style=\"height: 24px;\">\n<td style=\"width: 3.42577%; height: 24px;\">5.<\/td>\n<td style=\"width: 96.5743%; height: 24px;\">Expos\u00e9 sur l\u2019activit\u00e9 de l\u2019Organisation en 2025 (<a href=\"https:\/\/www.unidroit.org\/wp-content\/uploads\/2025\/12\/A.G.-85-2-Expose-sur-lactivite-de-lOrganisation-en-2025.pdf\" target=\"_blank\" rel=\"noopener\">A.G. (85) 2<\/a>)<\/td>\n<\/tr>\n<tr style=\"height: 24px;\">\n<td style=\"width: 3.42577%; height: 24px;\">6.<\/td>\n<td style=\"width: 96.5743%; height: 24px;\">Adoption du Programme de travail de l\u2019Organisation pour la p\u00e9riode triennale 2026-2028 <a href=\"https:\/\/www.unidroit.org\/wp-content\/uploads\/2025\/12\/A.G.-85-3-Adoption-du-Programme-de-travail-2026-2028.pdf\" target=\"_blank\" rel=\"noopener\">(A.G. (85) 3)<\/a><\/td>\n<\/tr>\n<tr style=\"height: 24px;\">\n<td style=\"width: 3.42577%; height: 24px;\">7.<\/td>\n<td style=\"width: 96.5743%; height: 24px;\">R\u00e9partition des fonctions de l\u2019Autorit\u00e9 de surveillance du futur Registre international \u00e0 \u00e9tablir en vertu du Protocole MAC <a href=\"https:\/\/www.unidroit.org\/wp-content\/uploads\/2025\/11\/A.G.-85-4-Repartition-des-fonctions-de-lAutorite-de-surveillance-du-Protocole-MAC.pdf\" target=\"_blank\" rel=\"noopener\">(A.G. (85) 4)<\/a><\/td>\n<\/tr>\n<tr style=\"height: 24px;\">\n<td style=\"width: 3.42577%; height: 24px;\">8.<\/td>\n<td style=\"width: 96.5743%; height: 24px;\">Examen de la proposition de cr\u00e9ation d\u2019un Bureau de liaison \u00e0 Hong Kong SAR (Chine)<br \/>\n(A.G. (85) 5)<\/td>\n<\/tr>\n<tr style=\"height: 24px;\">\n<td style=\"width: 3.42577%; height: 24px;\">9.<\/td>\n<td style=\"width: 96.5743%; height: 24px;\">Rapport de la Pr\u00e9sidence de la Commission des Finances sur sa 100<sup>\u00e8me<\/sup> session<\/td>\n<\/tr>\n<tr style=\"height: 24px;\">\n<td style=\"width: 3.42577%; height: 24px;\">10.<\/td>\n<td style=\"width: 96.5743%; height: 24px;\">Modifications d\u00e9finitives du Budget et approbation des Comptes pour l\u2019exercice financier 2024 <a href=\"https:\/\/www.unidroit.org\/wp-content\/uploads\/2025\/11\/A.G.-85-6-Modifications-definitives-du-Budget-Comptes-2024.pdf\" target=\"_blank\" rel=\"noopener\">(A.G. (85) 6<\/a>)<\/td>\n<\/tr>\n<tr style=\"height: 24px;\">\n<td style=\"width: 3.42577%; height: 24px;\">11.<\/td>\n<td style=\"width: 96.5743%; height: 24px;\">Ajustements du Budget pour l\u2019exercice financier 2025 <a href=\"https:\/\/www.unidroit.org\/wp-content\/uploads\/2025\/11\/A.G.-85-7-Ajustements-du-Budget-pour-lexercice-financier-2025.pdf\" target=\"_blank\" rel=\"noopener\">(A.G. (85) 7)<\/a><\/td>\n<\/tr>\n<tr style=\"height: 24px;\">\n<td style=\"width: 3.42577%; height: 24px;\">12.<\/td>\n<td style=\"width: 96.5743%; height: 24px;\">Arri\u00e9r\u00e9s de contributions des \u00c9tats membres <a href=\"https:\/\/www.unidroit.org\/wp-content\/uploads\/2025\/11\/A.G.-85-8-Arrieres-contributions.pdf\" target=\"_blank\" rel=\"noopener\">(A.G. (85) 8)<\/a><\/td>\n<\/tr>\n<tr>\n<td style=\"width: 3.42577%;\">13.<\/td>\n<td style=\"width: 96.5743%;\">Approbation du projet de Budget pour 2026 et observations soumises par les \u00c9tats membres <a href=\"https:\/\/www.unidroit.org\/wp-content\/uploads\/2025\/11\/A.G.-85-9-Approbation-du-Projet-de-Budget-2026-Annexes.pdf\" target=\"_blank\" rel=\"noopener\">(A.G. (85) 9)<\/a><\/td>\n<\/tr>\n<tr>\n<td style=\"width: 3.42577%;\">14.<\/td>\n<td style=\"width: 96.5743%;\">Mise \u00e0 jour sur le syst\u00e8me de s\u00e9curit\u00e9 sociale appliqu\u00e9 au personnel d\u2019UNIDROIT <a href=\"https:\/\/www.unidroit.org\/wp-content\/uploads\/2025\/11\/A.G.-85-10-Mise-a-jour-sur-systeme-de-securite-sociale-Internet.pdf\" target=\"_blank\" rel=\"noopener\">(A.G.\u00a0(85)\u00a010)<\/a><\/td>\n<\/tr>\n<tr style=\"height: 24px;\">\n<td style=\"width: 3.42577%; height: 24px;\">15.<\/td>\n<td style=\"width: 96.5743%; height: 24px;\">Examen des travaux du Comit\u00e9 sp\u00e9cial charg\u00e9 de la mise \u00e0 jour du R\u00e8glement d\u2019UNIDROIT <a href=\"https:\/\/www.unidroit.org\/wp-content\/uploads\/2025\/11\/A.G.-85-11-Examen-des-travaux-du-CS-Reglement-dUNIDROIT-protected.pdf\" target=\"_blank\" rel=\"noopener\">(A.G. (85) 11)<\/a><\/td>\n<\/tr>\n<tr style=\"height: 24px;\">\n<td style=\"width: 3.42577%; height: 24px;\">16.<\/td>\n<td style=\"width: 96.5743%; height: 24px;\">Mise \u00e0 jour sur les activit\u00e9s de l\u2019Acad\u00e9mie d\u2019UNIDROIT (<a href=\"https:\/\/www.unidroit.org\/wp-content\/uploads\/2025\/11\/A.G.-86-12-Maj-activites-Academie-dUNIDROIT.pdf\">A.G. (85) 12<\/a>)<\/td>\n<\/tr>\n<tr style=\"height: 23px;\">\n<td style=\"width: 3.42577%; height: 23px;\">17.<\/td>\n<td style=\"width: 96.5743%; height: 23px;\">Mise \u00e0 jour sur les pr\u00e9paratifs et les \u00e9v\u00e9nements du Centenaire d\u2019UNIDROIT <a href=\"https:\/\/www.unidroit.org\/wp-content\/uploads\/2025\/11\/A.G.-8513-Maj-preparatifs-et-evenements-Centenaire-dUNIDROIT-Protege.pdf\" target=\"_blank\" rel=\"noopener\">(A.G. (85) 13)<\/a><\/td>\n<\/tr>\n<tr>\n<td style=\"width: 3.42577%;\">18.<\/td>\n<td style=\"width: 96.5743%;\">Divers.<\/td>\n<\/tr>\n<\/tbody>\n<\/table>\n<p>[\/vc_column_text][\/vc_column][\/vc_row]<\/p>\n<\/div>","protected":false},"excerpt":{"rendered":"<p>[vc_row][vc_column css=&#8221;.vc_custom_1490017614850{margin-bottom: 30px !important;}&#8221;][vc_custom_heading text=&#8221;85\u00e8me SESSION (ROME, 11 D\u00c9CEMBRE 2025)&#8221; font_container=&#8221;tag:h1|text_align:left&#8221; use_theme_fonts=&#8221;yes&#8221; css=&#8221;.vc_custom_1763047133594{margin-top: 0px !important;margin-bottom: 20px !important;}&#8221;][vc_column_text css=&#8221;.vc_custom_1774002954413{padding-top: 35px !important;padding-right: 35px !important;padding-bottom: 35px !important;padding-left: 35px !important;background-color: #f2f2f2 !important;}&#8221;] Documents *\u00a0 \u00a0 \u00a0*\u00a0 \u00a0 \u00a0* Rapport (A.G. (85) 14 ) 1. Ouverture de la session par&nbsp;<a href=\"https:\/\/www.unidroit.org\/fr\/reunions\/assemblee-generale\/85eme-session-rome-11-decembre-2025\/\">&hellip;<\/a><\/p>\n","protected":false},"author":30,"featured_media":0,"parent":4888,"menu_order":0,"comment_status":"closed","ping_status":"closed","template":"","meta":{"ep_exclude_from_search":false,"footnotes":""},"class_list":["post-36533","page","type-page","status-publish","format-standard","hentry","odd"],"_links":{"self":[{"href":"https:\/\/www.unidroit.org\/fr\/wp-json\/wp\/v2\/pages\/36533","targetHints":{"allow":["GET"]}}],"collection":[{"href":"https:\/\/www.unidroit.org\/fr\/wp-json\/wp\/v2\/pages"}],"about":[{"href":"https:\/\/www.unidroit.org\/fr\/wp-json\/wp\/v2\/types\/page"}],"author":[{"embeddable":true,"href":"https:\/\/www.unidroit.org\/fr\/wp-json\/wp\/v2\/users\/30"}],"replies":[{"embeddable":true,"href":"https:\/\/www.unidroit.org\/fr\/wp-json\/wp\/v2\/comments?post=36533"}],"version-history":[{"count":14,"href":"https:\/\/www.unidroit.org\/fr\/wp-json\/wp\/v2\/pages\/36533\/revisions"}],"predecessor-version":[{"id":39397,"href":"https:\/\/www.unidroit.org\/fr\/wp-json\/wp\/v2\/pages\/36533\/revisions\/39397"}],"up":[{"embeddable":true,"href":"https:\/\/www.unidroit.org\/fr\/wp-json\/wp\/v2\/pages\/4888"}],"wp:attachment":[{"href":"https:\/\/www.unidroit.org\/fr\/wp-json\/wp\/v2\/media?parent=36533"}],"curies":[{"name":"wp","href":"https:\/\/api.w.org\/{rel}","templated":true}]}}