{"id":37897,"date":"2026-01-23T13:18:09","date_gmt":"2026-01-23T12:18:09","guid":{"rendered":"https:\/\/www.unidroit.org\/?page_id=37897"},"modified":"2026-01-23T13:23:21","modified_gmt":"2026-01-23T12:23:21","slug":"d-afrique-du-sud","status":"publish","type":"page","link":"https:\/\/www.unidroit.org\/fr\/instruments\/garanties-internationales\/protocole-ferroviaire\/etat\/d-afrique-du-sud\/","title":{"rendered":"D-Afrique du Sud"},"content":{"rendered":"<div class=\"wpb-content-wrapper\"><p>[vc_row][vc_column css=&#8221;.vc_custom_1490017614850{margin-bottom: 30px !important;}&#8221;][vc_custom_heading text=&#8221;D&#8221; font_container=&#8221;tag:h1|text_align:left&#8221; use_theme_fonts=&#8221;yes&#8221; css=&#8221;.vc_custom_1625938548065{margin-top: 0px !important;margin-bottom: 20px !important;}&#8221;][vc_custom_heading text=&#8221;<strong>D\u00c9CLARATIONS D\u00c9POS\u00c9ES PAR LA R\u00c9PUBLIQUE D&#8217;AFRIQUE DU SUD EN VERTU DU PROTOCOLE FERROVIAIRE AU MOMENT DU D\u00c9P\u00d4T DE SON INSTRUMENT DE RATIFICATION<\/strong>&#8221; font_container=&#8221;tag:h4|text_align:left&#8221; use_theme_fonts=&#8221;yes&#8221;][\/vc_column][\/vc_row][vc_row css=&#8221;.vc_custom_1622455036974{background-color: #f2f2f2 !important;}&#8221;][vc_column css=&#8221;.vc_custom_1490017614850{margin-bottom: 30px !important;}&#8221;][vc_column_text]<\/p>\n<p style=\"text-align: center;\"><strong>D\u00c9CLARATIONS D\u00c9POS\u00c9ES PAR LA R\u00c9PUBLIQUE D&#8217;AFRIQUE DU SUD EN VERTU<br \/>\nDU PROTOCOLE FERROVIAIRE AU MOMENT DU D\u00c9P\u00d4T DE SON INSTRUMENT DE RATIFICATION<\/strong><\/p>\n<p>&nbsp;<\/p>\n<p style=\"text-align: justify;\"><strong>D\u00e9claration en vertu de l\u2019article XXVII(1) se rapportant \u00e0 l\u2019article VI<\/strong><\/p>\n<p style=\"text-align: justify;\">La R\u00e9publique d\u2019Afrique du Sud d\u00e9clare qu\u2019elle appliquera l\u2019article VI.<\/p>\n<p>&nbsp;<\/p>\n<p style=\"text-align: justify;\"><strong>D\u00e9claration en vertu de l\u2019article XXVII(1) se rapportant \u00e0 l\u2019article X<\/strong><\/p>\n<p style=\"text-align: justify;\">La R\u00e9publique d\u2019Afrique du Sud d\u00e9clare qu\u2019elle appliquera l\u2019article X.<\/p>\n<p>&nbsp;<\/p>\n<p style=\"text-align: justify;\"><strong>D\u00e9claration en vertu de l\u2019article XXVII(2) se rapportant \u00e0 l\u2019article VIII<\/strong><\/p>\n<p style=\"text-align: justify;\">La R\u00e9publique d\u2019Afrique du Sud d\u00e9clare qu\u2019elle appliquera l\u2019article VIII dans son int\u00e9gralit\u00e9 et que le nombre de jours aux fins du d\u00e9lai est<\/p>\n<p style=\"text-align: justify; padding-left: 40px;\">(a) en ce qui concerne les mesures pr\u00e9vues \u00e0 l\u2019article 13(1) a) &#8211; c), de la Convention, de dix (10) jours au maximum;<\/p>\n<p style=\"text-align: justify; padding-left: 40px;\">(b) en ce qui concerne les mesures pr\u00e9vues \u00e0 l\u2019article 13(1)d) et e) de la Convention, de trente (30) jours au maximum.<\/p>\n<p>&nbsp;<\/p>\n<p><strong>D\u00e9claration en vertu de l\u2019article XXVII(3) se rapportant \u00e0 l\u2019article IX et pr\u00e9voyant l\u2019application de la Variante A \u00e0 tous les types de proc\u00e9dures d\u2019insolvabilit\u00e9<\/strong><\/p>\n<p>La R\u00e9publique d\u2019Afrique du Sud d\u00e9clare qu\u2019elle appliquera l\u2019article IX, Variante C \u00e0 tous les types de proc\u00e9dures d\u2019insolvabilit\u00e9, que le d\u00e9lai aux fins de l\u2019article IX(5) est de trente (30) jours, et que la \u201cp\u00e9riode de rem\u00e8de\u201d pr\u00e9cis\u00e9e \u00e0 l\u2019article IX(15) est de trente (30) jours.<\/p>\n<p>&nbsp;<\/p>\n<p>&nbsp;<\/p>\n<p>&nbsp;<\/p>\n<p>[\/vc_column_text][\/vc_column][\/vc_row][vc_row][vc_column][vc_empty_space height=&#8221;10px&#8221;][\/vc_column][\/vc_row]<\/p>\n<\/div>","protected":false},"excerpt":{"rendered":"<p>[vc_row][vc_column css=&#8221;.vc_custom_1490017614850{margin-bottom: 30px !important;}&#8221;][vc_custom_heading text=&#8221;D&#8221; font_container=&#8221;tag:h1|text_align:left&#8221; use_theme_fonts=&#8221;yes&#8221; css=&#8221;.vc_custom_1625938548065{margin-top: 0px !important;margin-bottom: 20px !important;}&#8221;][vc_custom_heading text=&#8221;D\u00c9CLARATIONS D\u00c9POS\u00c9ES PAR LA R\u00c9PUBLIQUE D&#8217;AFRIQUE DU SUD EN VERTU DU PROTOCOLE FERROVIAIRE AU MOMENT DU D\u00c9P\u00d4T DE SON INSTRUMENT DE RATIFICATION&#8221; font_container=&#8221;tag:h4|text_align:left&#8221; use_theme_fonts=&#8221;yes&#8221;][\/vc_column][\/vc_row][vc_row css=&#8221;.vc_custom_1622455036974{background-color: #f2f2f2 !important;}&#8221;][vc_column css=&#8221;.vc_custom_1490017614850{margin-bottom: 30px !important;}&#8221;][vc_column_text] D\u00c9CLARATIONS D\u00c9POS\u00c9ES PAR&nbsp;<a href=\"https:\/\/www.unidroit.org\/fr\/instruments\/garanties-internationales\/protocole-ferroviaire\/etat\/d-afrique-du-sud\/\">&hellip;<\/a><\/p>\n","protected":false},"author":19,"featured_media":0,"parent":7633,"menu_order":0,"comment_status":"closed","ping_status":"closed","template":"","meta":{"ep_exclude_from_search":false,"footnotes":""},"class_list":["post-37897","page","type-page","status-publish","format-standard","hentry","odd"],"_links":{"self":[{"href":"https:\/\/www.unidroit.org\/fr\/wp-json\/wp\/v2\/pages\/37897","targetHints":{"allow":["GET"]}}],"collection":[{"href":"https:\/\/www.unidroit.org\/fr\/wp-json\/wp\/v2\/pages"}],"about":[{"href":"https:\/\/www.unidroit.org\/fr\/wp-json\/wp\/v2\/types\/page"}],"author":[{"embeddable":true,"href":"https:\/\/www.unidroit.org\/fr\/wp-json\/wp\/v2\/users\/19"}],"replies":[{"embeddable":true,"href":"https:\/\/www.unidroit.org\/fr\/wp-json\/wp\/v2\/comments?post=37897"}],"version-history":[{"count":6,"href":"https:\/\/www.unidroit.org\/fr\/wp-json\/wp\/v2\/pages\/37897\/revisions"}],"predecessor-version":[{"id":37903,"href":"https:\/\/www.unidroit.org\/fr\/wp-json\/wp\/v2\/pages\/37897\/revisions\/37903"}],"up":[{"embeddable":true,"href":"https:\/\/www.unidroit.org\/fr\/wp-json\/wp\/v2\/pages\/7633"}],"wp:attachment":[{"href":"https:\/\/www.unidroit.org\/fr\/wp-json\/wp\/v2\/media?parent=37897"}],"curies":[{"name":"wp","href":"https:\/\/api.w.org\/{rel}","templated":true}]}}