{"id":38247,"date":"2021-08-30T13:50:23","date_gmt":"2021-08-30T11:50:23","guid":{"rendered":"https:\/\/www.unidroit.org\/?page_id=38247"},"modified":"2026-03-03T11:07:41","modified_gmt":"2026-03-03T10:07:41","slug":"106eme-session-remote-novembre-decembre-2025","status":"publish","type":"page","link":"https:\/\/www.unidroit.org\/fr\/reunions\/conseil-de-direction-3\/106eme-session-remote-novembre-decembre-2025\/","title":{"rendered":"106\u00e8me session (Remote, novembre-d\u00e9cembre 2025)"},"content":{"rendered":"<div class=\"wpb-content-wrapper\"><p>[vc_row][vc_column css=&#8221;.vc_custom_1490017614850{margin-bottom: 30px !important;}&#8221;][vc_custom_heading text=&#8221;106\u00e8me session<br \/>\n(\u00e0 distance, novembre-d\u00e9cembre 2025)&#8221; font_container=&#8221;tag:h1|text_align:left&#8221; use_theme_fonts=&#8221;yes&#8221; css=&#8221;.vc_custom_1770806883680{margin-top: 0px !important;margin-bottom: 20px !important;}&#8221;][vc_column_text css=&#8221;.vc_custom_1770809366779{padding-top: 35px !important;padding-right: 35px !important;padding-bottom: 35px !important;padding-left: 35px !important;background-color: #f2f2f2 !important;}&#8221;]<\/p>\n<p style=\"text-align: center;\"><strong>Documents<\/strong><\/p>\n<p style=\"padding-left: 40px;\">Rapport (C.D. (106) 4)<\/p>\n<p style=\"text-align: center;\"><strong>*\u00a0 *\u00a0 *\u00a0<\/strong><\/p>\n<p>1. Adoption du projet d\u2019ordre du jour annot\u00e9 (<a href=\"https:\/\/www.unidroit.org\/wp-content\/uploads\/2026\/02\/C.D.-106-1-Projet-dordre-du-jour-annote.pdf\">C.D. (106) 1<\/a>)<\/p>\n<p>2. Rapport Comit\u00e9 sp\u00e9cial charg\u00e9 de la mise \u00e0 jour du R\u00e8glement d\u2019UNIDROIT <a href=\"https:\/\/www.unidroit.org\/wp-content\/uploads\/2025\/03\/C.D.1041-Projet-dordre-du-jour-annote.pdf\" target=\"_blank\" rel=\"noopener\">(<\/a>C.D. (106) 2)<\/p>\n<p style=\"padding-left: 40px;\">a) Examen des projets de dispositions concernant l\u2019Assembl\u00e9e G\u00e9n\u00e9rale;<br \/>\nb) Examen des projets de dispositions concernant la Commission des Finances;<br \/>\nc) Examen des projets de dispositions concernant le Pr\u00e9sident;<br \/>\nd) Examen des projets de dispositions concernant le Conseil de Direction;<br \/>\ne) Examen des projets de dispositions g\u00e9n\u00e9rales.<\/p>\n<p>3. Divers[\/vc_column_text][\/vc_column][\/vc_row][vc_row][vc_column][vc_column_text]<\/p>\n<p>[\/vc_column_text][\/vc_column][\/vc_row]<\/p>\n<\/div>","protected":false},"excerpt":{"rendered":"<p>[vc_row][vc_column css=&#8221;.vc_custom_1490017614850{margin-bottom: 30px !important;}&#8221;][vc_custom_heading text=&#8221;106\u00e8me session (\u00e0 distance, novembre-d\u00e9cembre 2025)&#8221; font_container=&#8221;tag:h1|text_align:left&#8221; use_theme_fonts=&#8221;yes&#8221; css=&#8221;.vc_custom_1770806883680{margin-top: 0px !important;margin-bottom: 20px !important;}&#8221;][vc_column_text css=&#8221;.vc_custom_1770809366779{padding-top: 35px !important;padding-right: 35px !important;padding-bottom: 35px !important;padding-left: 35px !important;background-color: #f2f2f2 !important;}&#8221;] Documents Rapport (C.D. (106) 4) *\u00a0 *\u00a0 *\u00a0 1. Adoption du projet d\u2019ordre du jour annot\u00e9 (C.D.&nbsp;<a href=\"https:\/\/www.unidroit.org\/fr\/reunions\/conseil-de-direction-3\/106eme-session-remote-novembre-decembre-2025\/\">&hellip;<\/a><\/p>\n","protected":false},"author":8,"featured_media":0,"parent":4954,"menu_order":0,"comment_status":"closed","ping_status":"closed","template":"","meta":{"ep_exclude_from_search":false,"footnotes":""},"class_list":["post-38247","page","type-page","status-publish","format-standard","hentry","odd"],"_links":{"self":[{"href":"https:\/\/www.unidroit.org\/fr\/wp-json\/wp\/v2\/pages\/38247","targetHints":{"allow":["GET"]}}],"collection":[{"href":"https:\/\/www.unidroit.org\/fr\/wp-json\/wp\/v2\/pages"}],"about":[{"href":"https:\/\/www.unidroit.org\/fr\/wp-json\/wp\/v2\/types\/page"}],"author":[{"embeddable":true,"href":"https:\/\/www.unidroit.org\/fr\/wp-json\/wp\/v2\/users\/8"}],"replies":[{"embeddable":true,"href":"https:\/\/www.unidroit.org\/fr\/wp-json\/wp\/v2\/comments?post=38247"}],"version-history":[{"count":4,"href":"https:\/\/www.unidroit.org\/fr\/wp-json\/wp\/v2\/pages\/38247\/revisions"}],"predecessor-version":[{"id":38265,"href":"https:\/\/www.unidroit.org\/fr\/wp-json\/wp\/v2\/pages\/38247\/revisions\/38265"}],"up":[{"embeddable":true,"href":"https:\/\/www.unidroit.org\/fr\/wp-json\/wp\/v2\/pages\/4954"}],"wp:attachment":[{"href":"https:\/\/www.unidroit.org\/fr\/wp-json\/wp\/v2\/media?parent=38247"}],"curies":[{"name":"wp","href":"https:\/\/api.w.org\/{rel}","templated":true}]}}