{"id":38450,"date":"2026-02-13T14:16:39","date_gmt":"2026-02-13T13:16:39","guid":{"rendered":"https:\/\/www.unidroit.org\/centenaire\/a-walk-through-unidroits-history-the-historical-archives-project\/"},"modified":"2026-03-17T10:09:06","modified_gmt":"2026-03-17T09:09:06","slug":"archives-historiques-dunidroit-2","status":"publish","type":"page","link":"https:\/\/www.unidroit.org\/fr\/centenaire\/archives-historiques-dunidroit-2\/","title":{"rendered":"Archives historiques d&#8217;UNIDROIT"},"content":{"rendered":"<div class=\"wpb-content-wrapper\"><p>[vc_row css=&#8221;.vc_custom_1773407914298{margin-bottom: 20px !important;}&#8221;][vc_column css=&#8221;.vc_custom_1773406860295{margin-top: 0px !important;margin-bottom: 0px !important;}&#8221;][vc_btn title=&#8221;ESPA\u00d1OL&#8221; style=&#8221;custom&#8221; custom_background=&#8221;#004054&#8243; custom_text=&#8221;#ffffff&#8221; shape=&#8221;square&#8221; align=&#8221;right&#8221; css=&#8221;.vc_custom_1773738654020{margin-top: 0px !important;margin-bottom: 0px !important;border-top-width: 0px !important;border-bottom-width: 0px !important;padding-top: 0px !important;padding-bottom: 0px !important;background-color: #FFFFFF !important;}&#8221; link=&#8221;url:https%3A%2F%2Fwww.unidroit.org%2Fcentenary%2Fun-recorrido-por-la-historia-de-unidroit-el-proyecto-de-archivos-historicos-the-historical-archives-project-sp%2F&#8221;][\/vc_column][\/vc_row][vc_row][vc_column][vc_custom_heading text=&#8221;Une promenade \u00e0 travers l\u2019histoire d\u2019UNIDROIT: le projet des Archives historiques&#8221; font_container=&#8221;tag:h1|text_align:left|color:%2308566E&#8221; use_theme_fonts=&#8221;yes&#8221; css=&#8221;&#8221;][\/vc_column][\/vc_row][vc_row full_width=&#8221;stretch_row&#8221; gap=&#8221;1&#8243; full_height=&#8221;yes&#8221; min_height=&#8221;Grande&#8221;][vc_column][vc_single_image image=&#8221;37804&#8243; img_size=&#8221;full&#8221; alignment=&#8221;center&#8221; css=&#8221;.vc_custom_1770989394203{margin-bottom: 0px !important;}&#8221;][\/vc_column][\/vc_row][vc_row][vc_column][vc_column_text css=&#8221;&#8221;]<\/p>\n<p style=\"text-align: justify;\">Les archives de l\u2019Institut international pour l\u2019unification du droit priv\u00e9 (UNIDROIT) conservent les documents produits dans le cadre des activit\u00e9s de l\u2019Institut depuis sa fondation en 1926 jusqu\u2019\u00e0 nos jours. Elles constituent un outil pr\u00e9cieux pour mieux comprendre l\u2019histoire de l\u2019Institut et les origines de cette organisation internationale, cr\u00e9\u00e9e avec pour mission de rapprocher les cultures juridiques, de faciliter les \u00e9changes entre les \u00c9tats et, par l\u00e0 m\u00eame, de favoriser le d\u00e9veloppement \u00e9conomique mondial et les relations pacifiques.<\/p>\n<p style=\"text-align: justify;\">Les archives permettent \u00e9galement de mieux comprendre les relations internationales et diplomatiques de l\u2019Italie au fil des d\u00e9cennies, en tant qu\u2019\u00c9tat h\u00f4te d\u2019UNIDROIT.<\/p>\n<p style=\"text-align: justify;\">La documentation, qui comprend un patrimoine tr\u00e8s sp\u00e9cialis\u00e9 en mati\u00e8re de droit priv\u00e9 international, est conserv\u00e9e dans une annexe d\u00e9di\u00e9e de la Biblioth\u00e8que d\u2019UNIDROIT et occupe pr\u00e8s de 300 m\u00e8tres lin\u00e9aires, soit environ 2\u00a0700 dossiers.<\/p>\n<p style=\"text-align: justify;\">Les archives contiennent une correspondance abondante portant sur les \u00e9tudes men\u00e9es pour l\u2019\u00e9laboration des instruments ainsi que les conf\u00e9rences et s\u00e9minaires connexes; les relations avec les \u00c9tats membres et les rapports correspondants; les proc\u00e8s-verbaux et documents de l\u2019Assembl\u00e9e G\u00e9n\u00e9rale; les proc\u00e8s-verbaux et documents du Conseil de Direction; la documentation comptable de la Commission des Finances; la documentation relative aux modifications du Statut organique; les documents pr\u00e9paratoires et les \u00e9tudes relatives aux comit\u00e9s d\u2019experts et aux Conf\u00e9rences diplomatiques pour l\u2019\u00e9laboration d\u2019instruments internationaux; les collections l\u00e9gislatives; les ordres du jour des r\u00e9unions; les ordres de paiement, etc.<\/p>\n<p style=\"text-align: justify;\">Pr\u00e8s de 131 m\u00e8tres lin\u00e9aires sont consacr\u00e9s \u00e0 la partie la plus significative des archives sur le plan historique, dans la mesure o\u00f9 ils constituent le noyau documentaire original et le plus ancien de l\u2019ensemble des archives d\u2019UNIDROIT.<\/p>\n<p style=\"text-align: justify;\">Ces documents contiennent les premiers statuts organiques, conventions et correspondances internationales qui attestent de la cr\u00e9ation d\u2019UNIDROIT et de son organisation interne initiale.<\/p>\n<p>[\/vc_column_text][\/vc_column][\/vc_row][vc_row][vc_column][vc_single_image image=&#8221;37760&#8243; img_size=&#8221;full&#8221; css=&#8221;&#8221;][\/vc_column][\/vc_row][vc_row][vc_column][vc_column_text css=&#8221;&#8221;]<strong>Projet de restauration et de valorisation<\/strong><\/p>\n<p>________________________________________<\/p>\n<p style=\"text-align: justify;\">\u00c0 l\u2019occasion du Centenaire d\u2019UNIDROIT, l\u2019ensemble des documents contenus dans les archives historiques de l\u2019Institut a fait l\u2019objet d\u2019une r\u00e9organisation compl\u00e8te. Le projet a \u00e9t\u00e9 lanc\u00e9 en octobre 2023, sous la supervision et en collaboration avec la Surintendance des archives et de la bibliographie du Latium (SAB Lazio), et avec le soutien du Minist\u00e8re italien de la Culture \u2013 Direction g\u00e9n\u00e9rale Archives, Service II (Patrimoine archivistique), qui a estim\u00e9 que les fonds d\u2019archives de l\u2019Institut m\u00e9ritaient de faire l\u2019objet d\u2019une \u00e9tude approfondie, de travaux de restauration et d\u2019une exploration scientifique. Un important programme de formation a \u00e9t\u00e9 mis en place parall\u00e8lement au projet et, gr\u00e2ce au soutien de la Fondazione del Monte di Bologna e Ravenna, UNIDROIT a pu accueillir deux stagiaires, r\u00e9cemment dipl\u00f4m\u00e9es de l\u2019\u00c9cole des archives, de la pal\u00e9ographie et de la diplomatique des Archives d\u2019\u00c9tat de Bologne. Les stagiaires ont pu mettre en pratique leurs comp\u00e9tences et acqu\u00e9rir une exp\u00e9rience pr\u00e9cieuse en participant \u00e0 un projet de formation avanc\u00e9e, reconnu au niveau international.<\/p>\n<p style=\"text-align: justify;\">Les documents les plus anciens conserv\u00e9s dans les archives font \u00e9galement l\u2019objet d\u2019importants travaux de restauration.<\/p>\n<p style=\"text-align: justify;\">Le projet pr\u00e9vu \u00e0 ce jour vise \u00e0 valoriser les fonds d\u2019archives d\u2019UNIDROIT, afin de les rendre accessibles non seulement en vue des c\u00e9l\u00e9brations du Centenaire, mais aussi \u00e0 des fins de consultation et d\u2019\u00e9tude, ainsi que pour les besoins internes de l\u2019Institut. Gr\u00e2ce \u00e0 une r\u00e9organisation, un inventaire et des catalogues informatis\u00e9s, auxquels s\u2019ajoute un syst\u00e8me de num\u00e9rotation progressive unique, les documents d\u2019archives ont \u00e9t\u00e9 align\u00e9s sur les lignes directrices et les crit\u00e8res de description archivistique, ainsi que sur les normes nationales et internationales en vigueur.<\/p>\n<p style=\"text-align: justify;\">Les archives d\u2019UNIDROIT viennent d\u2019\u00eatre d\u00e9clar\u00e9es comme rev\u00eatant un int\u00e9r\u00eat historique et national majeur par le SAB Lazio, et les documents jug\u00e9s les plus pertinents sur le plan historique seront num\u00e9ris\u00e9s et rendus accessibles \u00e0 la consultation en ligne.<\/p>\n<p>[\/vc_column_text][\/vc_column][\/vc_row]<\/p>\n<\/div>","protected":false},"excerpt":{"rendered":"<p>[vc_row css=&#8221;.vc_custom_1773407914298{margin-bottom: 20px !important;}&#8221;][vc_column css=&#8221;.vc_custom_1773406860295{margin-top: 0px !important;margin-bottom: 0px !important;}&#8221;][vc_btn title=&#8221;ESPA\u00d1OL&#8221; style=&#8221;custom&#8221; custom_background=&#8221;#004054&#8243; custom_text=&#8221;#ffffff&#8221; shape=&#8221;square&#8221; align=&#8221;right&#8221; css=&#8221;.vc_custom_1773738654020{margin-top: 0px !important;margin-bottom: 0px !important;border-top-width: 0px !important;border-bottom-width: 0px !important;padding-top: 0px !important;padding-bottom: 0px !important;background-color: #FFFFFF !important;}&#8221; link=&#8221;url:https%3A%2F%2Fwww.unidroit.org%2Fcentenary%2Fun-recorrido-por-la-historia-de-unidroit-el-proyecto-de-archivos-historicos-the-historical-archives-project-sp%2F&#8221;][\/vc_column][\/vc_row][vc_row][vc_column][vc_custom_heading text=&#8221;Une promenade \u00e0 travers l\u2019histoire d\u2019UNIDROIT: le projet des Archives historiques&#8221; font_container=&#8221;tag:h1|text_align:left|color:%2308566E&#8221; use_theme_fonts=&#8221;yes&#8221; css=&#8221;&#8221;][\/vc_column][\/vc_row][vc_row&nbsp;<a href=\"https:\/\/www.unidroit.org\/fr\/centenaire\/archives-historiques-dunidroit-2\/\">&hellip;<\/a><\/p>\n","protected":false},"author":36,"featured_media":0,"parent":33505,"menu_order":0,"comment_status":"closed","ping_status":"closed","template":"","meta":{"ep_exclude_from_search":false,"footnotes":""},"class_list":["post-38450","page","type-page","status-publish","format-standard","hentry","odd"],"_links":{"self":[{"href":"https:\/\/www.unidroit.org\/fr\/wp-json\/wp\/v2\/pages\/38450","targetHints":{"allow":["GET"]}}],"collection":[{"href":"https:\/\/www.unidroit.org\/fr\/wp-json\/wp\/v2\/pages"}],"about":[{"href":"https:\/\/www.unidroit.org\/fr\/wp-json\/wp\/v2\/types\/page"}],"author":[{"embeddable":true,"href":"https:\/\/www.unidroit.org\/fr\/wp-json\/wp\/v2\/users\/36"}],"replies":[{"embeddable":true,"href":"https:\/\/www.unidroit.org\/fr\/wp-json\/wp\/v2\/comments?post=38450"}],"version-history":[{"count":11,"href":"https:\/\/www.unidroit.org\/fr\/wp-json\/wp\/v2\/pages\/38450\/revisions"}],"predecessor-version":[{"id":39284,"href":"https:\/\/www.unidroit.org\/fr\/wp-json\/wp\/v2\/pages\/38450\/revisions\/39284"}],"up":[{"embeddable":true,"href":"https:\/\/www.unidroit.org\/fr\/wp-json\/wp\/v2\/pages\/33505"}],"wp:attachment":[{"href":"https:\/\/www.unidroit.org\/fr\/wp-json\/wp\/v2\/media?parent=38450"}],"curies":[{"name":"wp","href":"https:\/\/api.w.org\/{rel}","templated":true}]}}