{"id":38527,"date":"2026-02-15T21:40:27","date_gmt":"2026-02-15T20:40:27","guid":{"rendered":"https:\/\/www.unidroit.org\/centenaire\/international-partnerships-committee-fr\/"},"modified":"2026-03-17T13:35:03","modified_gmt":"2026-03-17T12:35:03","slug":"comite-international-des-partenaires-2","status":"publish","type":"page","link":"https:\/\/www.unidroit.org\/fr\/centenaire\/comite-international-des-partenaires-2\/","title":{"rendered":"Comit\u00e9 international des partenaires"},"content":{"rendered":"<div class=\"wpb-content-wrapper\"><p>[vc_row css=&#8221;.vc_custom_1773407914298{margin-bottom: 20px !important;}&#8221;][vc_column css=&#8221;.vc_custom_1773406860295{margin-top: 0px !important;margin-bottom: 0px !important;}&#8221;][vc_btn title=&#8221;ESPA\u00d1OL&#8221; style=&#8221;custom&#8221; custom_background=&#8221;#004054&#8243; custom_text=&#8221;#ffffff&#8221; shape=&#8221;square&#8221; align=&#8221;right&#8221; css=&#8221;.vc_custom_1773751011014{margin-top: 0px !important;margin-bottom: 0px !important;border-top-width: 0px !important;border-bottom-width: 0px !important;padding-top: 0px !important;padding-bottom: 0px !important;background-color: #FFFFFF !important;}&#8221; link=&#8221;url:https%3A%2F%2Fwww.unidroit.org%2Fcentenary%2Fcomite-internacional-de-alianzasl-sp-2%2F&#8221;][\/vc_column][\/vc_row][vc_row][vc_column][vc_column_text]<\/p>\n<p>&nbsp;<\/p>\n<p>[vc_row][vc_column][vc_custom_heading text=&#8221;COMIT\u00c9 INTERNATIONAL DES PARTENAIRES&#8221; font_container=&#8221;tag:h1|text_align:left|color:%2308566E&#8221; use_theme_fonts=&#8221;yes&#8221; css=&#8221;&#8221;][\/vc_column_text][\/vc_column][\/vc_row][vc_row][vc_column][vc_column_text css=&#8221;&#8221;]<\/p>\n<h3><strong>Le Comit\u00e9 est co-pr\u00e9sid\u00e9 par:<\/strong><\/h3>\n<p>[\/vc_column_text][vc_row_inner][vc_column_inner width=&#8221;1\/2&#8243;][vc_single_image image=&#8221;38458&#8243; img_size=&#8221;1024&#215;1024&#8243; alignment=&#8221;center&#8221; css=&#8221;&#8221; el_class=&#8221;popmake-37601&#8243;][\/vc_column_inner][vc_column_inner width=&#8221;1\/2&#8243;][vc_single_image image=&#8221;38462&#8243; img_size=&#8221;1024&#215;1024&#8243; alignment=&#8221;center&#8221; css=&#8221;&#8221; el_class=&#8221;popmake-37597&#8243;][\/vc_column_inner][\/vc_row_inner][\/vc_column][\/vc_row][vc_row css=&#8221;.vc_custom_1622455036974{background-color: #f2f2f2 !important;}&#8221;][vc_column css=&#8221;.vc_custom_1490017614850{margin-bottom: 30px !important;}&#8221;][vc_column_text css=&#8221;.vc_custom_1771846900784{padding-right: 35px !important;padding-left: 35px !important;background-color: #f2f2f2 !important;}&#8221;]<\/p>\n<p style=\"text-align: justify;\">Le Comit\u00e9 international des partenaires constitue, aux c\u00f4t\u00e9s du Comit\u00e9 pilote international, l\u2019un des deux comit\u00e9s formant la structure de gouvernance du Centenaire.<\/p>\n<p style=\"text-align: justify;\">Compos\u00e9 de repr\u00e9sentants d\u2019organisations internationales de premier plan, il contribue activement \u00e0 la promotion des \u00e9v\u00e9nements du Centenaire et au renforcement de la coop\u00e9ration au sein de la communaut\u00e9 juridique et politique internationale au sens large.<\/p>\n<p style=\"text-align: justify;\">Par l\u2019interm\u00e9diaire de ce Comit\u00e9, le Secr\u00e9tariat a souhait\u00e9 r\u00e9unir les partenaires de longue date tant pour participer au Centenaire que pour promouvoir les \u00e9v\u00e9nements organis\u00e9s dans ce cadre. Les membres du Comit\u00e9 seront tenus inform\u00e9s des initiatives li\u00e9es au Centenaire et invit\u00e9s \u00e0 y prendre part. Ils participeront \u00e9galement directement \u00e0 l\u2019organisation d\u2019une conf\u00e9rence sur la coop\u00e9ration et la collaboration entre les organisations internationales, ainsi que sur le pass\u00e9, le pr\u00e9sent et l\u2019avenir du multilat\u00e9ralisme et de l\u2019\u00c9tat de droit.<\/p>\n<p>Le Comit\u00e9 sera enfin charg\u00e9 de contribuer \u00e0 la promotion des \u00e9v\u00e9nements du Centenaire.[\/vc_column_text][\/vc_column][\/vc_row][vc_row][vc_column][vc_tta_accordion active_section=&#8221;1&#8243; collapsible_all=&#8221;true&#8221;][vc_tta_section title=&#8221;COMPOSITION&#8221; tab_id=&#8221;1746545363452-33f0197b-2b2f&#8221;][vc_column_text css=&#8221;&#8221;]Le Comit\u00e9 comprend des repr\u00e9sentants d\u2019organisations s\u0153urs d\u2019UNIDROIT, d\u2019institutions ayant leur si\u00e8ge \u00e0 Rome, ainsi que d\u2019autres organisations internationales \u00e9troitement affili\u00e9es. Parmi ses membres confirm\u00e9s figurent:<\/p>\n<ul>\n<li>Conf\u00e9rence de La Haye de droit international priv\u00e9 (HCCH) &#8211; M. Christophe Bernasconi (Secr\u00e9taire G\u00e9n\u00e9ral)<\/li>\n<li>Commission des Nations Unies pour le droit commercial international (CNUDCI) &#8211; Mme Anna Joubin Bret (Secr\u00e9taire)<\/li>\n<li>Fonds international de d\u00e9veloppement agricole (FIDA) &#8211; Mme Katherine Meighan (Conseill\u00e8re juridique) Organisation des Nations Unies pour l\u2019alimentation et l\u2019agriculture (FAO) &#8211; Mme Donata Rugarabamu (Conseill\u00e8re juridique)<\/li>\n<li>Groupe de la Banque mondiale (GBM) &#8211; M. David Satola (<em>Chief Counsel<\/em>) et M. Christopher Stephens (<em>General Counsel<\/em>)<\/li>\n<li>Centre international d\u2019\u00e9tudes pour la conservation et la restauration des biens culturels (ICCROM) &#8211; Mme Aruna Francesca Maria Gujral (Directrice g\u00e9n\u00e9rale)<\/li>\n<li>Organisation internationale de droit du d\u00e9veloppement (IDLO) &#8211; Mme Jan Beagle (Directrice g\u00e9n\u00e9rale)<\/li>\n<li>Organisation intergouvernementale pour les transports internationaux ferroviaires (OTIF) &#8211; M. Aleksandr Kuzmenko (Secr\u00e9taire G\u00e9n\u00e9ral)<\/li>\n<li>Organisation des \u00c9tats am\u00e9ricains (OEA) &#8211; M. Jean Michel Arrighi (Secr\u00e9taire aux Affaires Juridiques du Secr\u00e9tariat g\u00e9n\u00e9ral,)<\/li>\n<li>Coop\u00e9ration \u00e9conomique pour l\u2019Asie-Pacifique (APEC) &#8211; M. Eduardo Pedrosa (Directeur ex\u00e9cutif)<\/li>\n<li>Union africaine (UA) &#8211; Mme Hajer Gueldich (Conseill\u00e8re juridique,)<\/li>\n<li>Banque europ\u00e9enne pour la reconstruction et le d\u00e9veloppement (BERD) &#8211; M. Nussbaumer, Michel (Directeur, Programme de transition juridique)<\/li>\n<li>Banque asiatique de d\u00e9veloppement (BAD) &#8211; M. Thomas Clark (Conseiller juridique)<\/li>\n<li>Fonds mon\u00e9taire international (FMI) &#8211; M. Yan Liu (Directrice, D\u00e9partement juridique)<\/li>\n<li>Organisation consultative juridique afro-asiatique (AALCO) &#8211; M. Kamalinne Pinitpuvadol (Secr\u00e9taire G\u00e9n\u00e9ral)<\/li>\n<li>Conseil international des mus\u00e9es (ICOM) \u2013 Mme Medea S. Ekner (Directrice g\u00e9n\u00e9rale)<\/li>\n<li>Organisation des Nations unies pour l&#8217;\u00e9ducation, la science et la culture (UNESCO)<\/li>\n<\/ul>\n<p>[\/vc_column_text][\/vc_tta_section][\/vc_tta_accordion][\/vc_column][\/vc_row][vc_section][\/vc_section][vc_row][vc_column][\/vc_column][\/vc_row][vc_column][\/vc_column]<\/p>\n<\/div>","protected":false},"excerpt":{"rendered":"<p>[vc_row css=&#8221;.vc_custom_1773407914298{margin-bottom: 20px !important;}&#8221;][vc_column css=&#8221;.vc_custom_1773406860295{margin-top: 0px !important;margin-bottom: 0px !important;}&#8221;][vc_btn title=&#8221;ESPA\u00d1OL&#8221; style=&#8221;custom&#8221; custom_background=&#8221;#004054&#8243; custom_text=&#8221;#ffffff&#8221; shape=&#8221;square&#8221; align=&#8221;right&#8221; css=&#8221;.vc_custom_1773751011014{margin-top: 0px !important;margin-bottom: 0px !important;border-top-width: 0px !important;border-bottom-width: 0px !important;padding-top: 0px !important;padding-bottom: 0px !important;background-color: #FFFFFF !important;}&#8221; link=&#8221;url:https%3A%2F%2Fwww.unidroit.org%2Fcentenary%2Fcomite-internacional-de-alianzasl-sp-2%2F&#8221;][\/vc_column][\/vc_row][vc_row][vc_column][vc_column_text] &nbsp; [vc_row][vc_column][vc_custom_heading text=&#8221;COMIT\u00c9 INTERNATIONAL DES PARTENAIRES&#8221; font_container=&#8221;tag:h1|text_align:left|color:%2308566E&#8221; use_theme_fonts=&#8221;yes&#8221; css=&#8221;&#8221;][\/vc_column_text][\/vc_column][\/vc_row][vc_row][vc_column][vc_column_text css=&#8221;&#8221;] Le Comit\u00e9 est co-pr\u00e9sid\u00e9&nbsp;<a href=\"https:\/\/www.unidroit.org\/fr\/centenaire\/comite-international-des-partenaires-2\/\">&hellip;<\/a><\/p>\n","protected":false},"author":35,"featured_media":0,"parent":33505,"menu_order":0,"comment_status":"closed","ping_status":"closed","template":"","meta":{"ep_exclude_from_search":false,"footnotes":""},"class_list":["post-38527","page","type-page","status-publish","format-standard","hentry","odd"],"_links":{"self":[{"href":"https:\/\/www.unidroit.org\/fr\/wp-json\/wp\/v2\/pages\/38527","targetHints":{"allow":["GET"]}}],"collection":[{"href":"https:\/\/www.unidroit.org\/fr\/wp-json\/wp\/v2\/pages"}],"about":[{"href":"https:\/\/www.unidroit.org\/fr\/wp-json\/wp\/v2\/types\/page"}],"author":[{"embeddable":true,"href":"https:\/\/www.unidroit.org\/fr\/wp-json\/wp\/v2\/users\/35"}],"replies":[{"embeddable":true,"href":"https:\/\/www.unidroit.org\/fr\/wp-json\/wp\/v2\/comments?post=38527"}],"version-history":[{"count":12,"href":"https:\/\/www.unidroit.org\/fr\/wp-json\/wp\/v2\/pages\/38527\/revisions"}],"predecessor-version":[{"id":39303,"href":"https:\/\/www.unidroit.org\/fr\/wp-json\/wp\/v2\/pages\/38527\/revisions\/39303"}],"up":[{"embeddable":true,"href":"https:\/\/www.unidroit.org\/fr\/wp-json\/wp\/v2\/pages\/33505"}],"wp:attachment":[{"href":"https:\/\/www.unidroit.org\/fr\/wp-json\/wp\/v2\/media?parent=38527"}],"curies":[{"name":"wp","href":"https:\/\/api.w.org\/{rel}","templated":true}]}}