{"id":38552,"date":"2026-02-16T11:09:03","date_gmt":"2026-02-16T10:09:03","guid":{"rendered":"https:\/\/www.unidroit.org\/centenaire\/international-steering-committee-fr\/"},"modified":"2026-03-17T13:32:45","modified_gmt":"2026-03-17T12:32:45","slug":"comite-pilote-international-2","status":"publish","type":"page","link":"https:\/\/www.unidroit.org\/fr\/centenaire\/comite-pilote-international-2\/","title":{"rendered":"Comit\u00e9 pilote international"},"content":{"rendered":"<div class=\"wpb-content-wrapper\"><p>[vc_row css=&#8221;.vc_custom_1773407914298{margin-bottom: 20px !important;}&#8221;][vc_column css=&#8221;.vc_custom_1773406860295{margin-top: 0px !important;margin-bottom: 0px !important;}&#8221;][vc_btn title=&#8221;ESPA\u00d1OL&#8221; style=&#8221;custom&#8221; custom_background=&#8221;#004054&#8243; custom_text=&#8221;#ffffff&#8221; shape=&#8221;square&#8221; align=&#8221;right&#8221; css=&#8221;.vc_custom_1773750874016{margin-top: 0px !important;margin-bottom: 0px !important;border-top-width: 0px !important;border-bottom-width: 0px !important;padding-top: 0px !important;padding-bottom: 0px !important;background-color: #FFFFFF !important;}&#8221; link=&#8221;url:https%3A%2F%2Fwww.unidroit.org%2Fcentenary%2Fcomite-directivo-internacional-sp%2F&#8221;][\/vc_column][\/vc_row][vc_row][vc_column css=&#8221;.vc_custom_1490017614850{margin-bottom: 30px !important;}&#8221;][vc_column_text css=&#8221;.vc_custom_1747904564630{padding-top: 35px !important;padding-right: 35px !important;padding-bottom: 35px !important;padding-left: 35px !important;background-color: #f2f2f2 !important;}&#8221;]<\/p>\n<p>[vc_row][vc_column css=&#8221;.vc_custom_1490017614850{margin-bottom: 30px !important;}&#8221;][vc_custom_heading text=&#8221;COMIT\u00c9 PILOTE INTERNATIONAL&#8221; font_container=&#8221;tag:h1|text_align:left|color:%2308566E&#8221; use_theme_fonts=&#8221;yes&#8221; css=&#8221;.vc_custom_1771612560368{margin-top: 0px !important;margin-bottom: 20px !important;}&#8221;][vc_column_text css=&#8221;&#8221;][\/vc_column_text][vc_column_text css=&#8221;&#8221;]<\/p>\n<h2><span style=\"color: #08566e; font-size: 21px;\">Le Comit\u00e9 est pr\u00e9sid\u00e9 par<\/span><\/h2>\n<p>[\/vc_column_text][vc_single_image image=&#8221;38460&#8243; img_size=&#8221;large&#8221; alignment=&#8221;right&#8221; css=&#8221;&#8221; el_class=&#8221;popmake-37126&#8243;][\/vc_column][\/vc_row][vc_row css=&#8221;.vc_custom_1622455036974{background-color: #f2f2f2 !important;}&#8221;][vc_column css=&#8221;.vc_custom_1490017614850{margin-bottom: 30px !important;}&#8221;][vc_column_text css=&#8221;.vc_custom_1771846687635{padding-right: 35px !important;padding-left: 35px !important;background-color: #f2f2f2 !important;}&#8221;]<\/p>\n<p style=\"text-align: justify;\"><strong>Le Comit\u00e9 pilote international<\/strong> est charg\u00e9 de superviser la planification et la mise en \u0153uvre des c\u00e9l\u00e9brations du Centenaire, en veillant au respect de la mission, des valeurs et des objectifs strat\u00e9giques de l\u2019Organisation.<\/p>\n<p style=\"text-align: justify;\">Compos\u00e9 de membres repr\u00e9sentant diff\u00e9rents syst\u00e8mes juridiques et r\u00e9gions g\u00e9ographiques, le Comit\u00e9 contribue de mani\u00e8re essentielle \u00e0 la promotion des \u00e9v\u00e9nements et des axes de travail du Centenaire au sein de leurs r\u00e9seaux professionnels respectifs.<\/p>\n<p>[\/vc_column_text][\/vc_column][\/vc_row][vc_row][vc_column][vc_tta_accordion active_section=&#8221;1&#8243; collapsible_all=&#8221;true&#8221;][vc_tta_section title=&#8221;COMPOSITION&#8221; tab_id=&#8221;1746545363501-4dd95cf6-2663&#8243;][vc_column_text css=&#8221;&#8221;]<\/p>\n<p style=\"text-align: justify;\">Le Comit\u00e9 pilote international est compos\u00e9 de personnalit\u00e9s \u00e9minentes issues de la communaut\u00e9 juridique et institutionnelle internationale, notamment de doyens, anciens et actuel, d\u2019UNIDROIT, de repr\u00e9sentants de son Conseil de Direction, ainsi que de responsables d\u2019institutions et d\u2019associations juridiques internationales de premier plan. Parmi ses membres confirm\u00e9s figurent:<\/p>\n<ul>\n<li>le Professeur Arthur Hartkamp, ancien Doyen d\u2019UNIDROIT<\/li>\n<li>le Professeur Jorge S\u00e1nchez Cordero, Doyen actuel d\u2019UNIDROIT<\/li>\n<li>Leonardo Nemer Caldeira Brant, juge \u00e0 la Cour internationale de justice, membre du Conseil de Direction d\u2019UNIDROIT<\/li>\n<li>le Professeur Michael Joachim Bonell, Doyen expert des instruments d\u2019UNIDROIT en droit des contrats, consultant d\u2019UNIDROIT, coordinateur d\u2019UNILEX<\/li>\n<li>le Professeur Jeffrey Wool, Pr\u00e9sident de la Fondation d\u2019UNIDROIT<\/li>\n<li>Stanimir Alexandrov, Pr\u00e9sident du Conseil international pour l\u2019arbitrage commercial<\/li>\n<li>le Professeur Mohamed S. Abdel Wahab, Pr\u00e9sident du <em>Chartered Institute of Arbitrators<\/em><\/li>\n<li>Claudio Visco, Pr\u00e9sident \u00e9lu de l\u2019Association internationale du barreau<\/li>\n<li>David F. Levi, Pr\u00e9sident de l\u2019<em>American Law Institute<\/em><\/li>\n<li>la Professeure Teresa Rodr\u00edguez de las Heras Ballell, Pr\u00e9sidente de l\u2019Institut europ\u00e9en du droit<\/li>\n<li>le Professeur Pascal Pichonnaz, ancien Pr\u00e9sident de l\u2019Institut europ\u00e9en du droit (\u00e0 titre personnel)<\/li>\n<li>Philippe Varin, Pr\u00e9sident de la Chambre de commerce internationale<\/li>\n<li>Karel Osiris Coffi Dogue, Directeur g\u00e9n\u00e9ral de l\u2019\u00c9cole r\u00e9gionale sup\u00e9rieure de la magistrature (OHADA)<\/li>\n<li>le Professeur Carlo Mastellone, Pr\u00e9sident de l\u2019Association internationale des juristes<\/li>\n<li>la Professeure Christine Chinkin, Pr\u00e9sidente du Comit\u00e9 ex\u00e9cutif de l\u2019Association de droit international<\/li>\n<li>M. Anthony Neoh SC JP, Pr\u00e9sident de l\u2019Acad\u00e9mie asiatique de droit international<\/li>\n<\/ul>\n<p>[\/vc_column_text][\/vc_tta_section][\/vc_tta_accordion][\/vc_column][\/vc_row][vc_column][\/vc_column]<\/p>\n<\/div>","protected":false},"excerpt":{"rendered":"<p>[vc_row css=&#8221;.vc_custom_1773407914298{margin-bottom: 20px !important;}&#8221;][vc_column css=&#8221;.vc_custom_1773406860295{margin-top: 0px !important;margin-bottom: 0px !important;}&#8221;][vc_btn title=&#8221;ESPA\u00d1OL&#8221; style=&#8221;custom&#8221; custom_background=&#8221;#004054&#8243; custom_text=&#8221;#ffffff&#8221; shape=&#8221;square&#8221; align=&#8221;right&#8221; css=&#8221;.vc_custom_1773750874016{margin-top: 0px !important;margin-bottom: 0px !important;border-top-width: 0px !important;border-bottom-width: 0px !important;padding-top: 0px !important;padding-bottom: 0px !important;background-color: #FFFFFF !important;}&#8221; link=&#8221;url:https%3A%2F%2Fwww.unidroit.org%2Fcentenary%2Fcomite-directivo-internacional-sp%2F&#8221;][\/vc_column][\/vc_row][vc_row][vc_column css=&#8221;.vc_custom_1490017614850{margin-bottom: 30px !important;}&#8221;][vc_column_text css=&#8221;.vc_custom_1747904564630{padding-top: 35px !important;padding-right: 35px !important;padding-bottom: 35px !important;padding-left: 35px !important;background-color: #f2f2f2 !important;}&#8221;]&nbsp;<a href=\"https:\/\/www.unidroit.org\/fr\/centenaire\/comite-pilote-international-2\/\">&hellip;<\/a><\/p>\n","protected":false},"author":35,"featured_media":0,"parent":33505,"menu_order":0,"comment_status":"closed","ping_status":"closed","template":"","meta":{"ep_exclude_from_search":false,"footnotes":""},"class_list":["post-38552","page","type-page","status-publish","format-standard","hentry","odd"],"_links":{"self":[{"href":"https:\/\/www.unidroit.org\/fr\/wp-json\/wp\/v2\/pages\/38552","targetHints":{"allow":["GET"]}}],"collection":[{"href":"https:\/\/www.unidroit.org\/fr\/wp-json\/wp\/v2\/pages"}],"about":[{"href":"https:\/\/www.unidroit.org\/fr\/wp-json\/wp\/v2\/types\/page"}],"author":[{"embeddable":true,"href":"https:\/\/www.unidroit.org\/fr\/wp-json\/wp\/v2\/users\/35"}],"replies":[{"embeddable":true,"href":"https:\/\/www.unidroit.org\/fr\/wp-json\/wp\/v2\/comments?post=38552"}],"version-history":[{"count":17,"href":"https:\/\/www.unidroit.org\/fr\/wp-json\/wp\/v2\/pages\/38552\/revisions"}],"predecessor-version":[{"id":39302,"href":"https:\/\/www.unidroit.org\/fr\/wp-json\/wp\/v2\/pages\/38552\/revisions\/39302"}],"up":[{"embeddable":true,"href":"https:\/\/www.unidroit.org\/fr\/wp-json\/wp\/v2\/pages\/33505"}],"wp:attachment":[{"href":"https:\/\/www.unidroit.org\/fr\/wp-json\/wp\/v2\/media?parent=38552"}],"curies":[{"name":"wp","href":"https:\/\/api.w.org\/{rel}","templated":true}]}}