{"id":38669,"date":"2026-02-20T12:02:29","date_gmt":"2026-02-20T11:02:29","guid":{"rendered":"https:\/\/www.unidroit.org\/?page_id=38669"},"modified":"2026-03-17T09:51:27","modified_gmt":"2026-03-17T08:51:27","slug":"axe-travail-marches-financiers-technologies-2","status":"publish","type":"page","link":"https:\/\/www.unidroit.org\/fr\/centenaire\/axe-travail-marches-financiers-technologies-2\/","title":{"rendered":"Axe de travail \u201cMarch\u00e9s financiers et technologies\u201d"},"content":{"rendered":"<div class=\"wpb-content-wrapper\"><p>[vc_row css=&#8221;.vc_custom_1773407914298{margin-bottom: 20px !important;}&#8221;][vc_column css=&#8221;.vc_custom_1773406860295{margin-top: 0px !important;margin-bottom: 0px !important;}&#8221;][vc_btn title=&#8221;ESPA\u00d1OL&#8221; style=&#8221;custom&#8221; custom_background=&#8221;#004054&#8243; custom_text=&#8221;#ffffff&#8221; shape=&#8221;square&#8221; align=&#8221;right&#8221; css=&#8221;.vc_custom_1773737579766{margin-top: 0px !important;margin-bottom: 0px !important;border-top-width: 0px !important;border-bottom-width: 0px !important;padding-top: 0px !important;padding-bottom: 0px !important;background-color: #FFFFFF !important;}&#8221; link=&#8221;url:https%3A%2F%2Fwww.unidroit.org%2Fcentenary%2Flinea-de-trabajo-sobre-mercados-financieros-y-tecnologia-sp%2F&#8221;][\/vc_column][\/vc_row][vc_row][vc_column][vc_column_text]<\/p>\n<p>&nbsp;<\/p>\n<p>&nbsp;<\/p>\n<p>[vc_row][vc_column][vc_custom_heading text=&#8221;AXE DE TRAVAIL \u201cMARCH\u00c9S FINANCIERS ET TECHNOLOGIES\u201d&#8221; font_container=&#8221;tag:h1|text_align:left&#8221; use_theme_fonts=&#8221;yes&#8221; css=&#8221;.vc_custom_1771585024555{margin-top: 0px !important;margin-bottom: 20px !important;}&#8221;][vc_single_image image=&#8221;31297&#8243; img_size=&#8221;full&#8221; alignment=&#8221;center&#8221; css=&#8221;&#8221;][\/vc_column_text][\/vc_column][\/vc_row][vc_row][vc_column css=&#8221;.vc_custom_1490017614850{margin-bottom: 30px !important;}&#8221;][vc_column_text css=&#8221;.vc_custom_1771849326769{padding-top: 35px !important;padding-right: 35px !important;padding-bottom: 35px !important;padding-left: 35px !important;background-color: #f2f2f2 !important;}&#8221;]<\/p>\n<p style=\"text-align: justify;\">Les travaux d\u2019UNIDROIT relatifs aux march\u00e9s de capitaux ont \u00e9t\u00e9 inclus dans le Programme de travail de l\u2019Institut en 2001. Les instruments adopt\u00e9s dans ce cadre comprennent notamment:<\/p>\n<ul>\n<li>la <a href=\"https:\/\/www.unidroit.org\/fr\/instruments\/marches-financiers\/convention-de-geneve\/\">Convention de Gen\u00e8ve sur les r\u00e8gles mat\u00e9rielles relatives aux titres interm\u00e9di\u00e9s<\/a><\/li>\n<li>les <a href=\"https:\/\/www.unidroit.org\/fr\/instruments\/marches-financiers\/resiliation-compensation\/\">Principes concernant l\u2019applicabilit\u00e9 des clauses de r\u00e9siliation-compensation<\/a><\/li>\n<li>le <a href=\"https:\/\/www.unidroit.org\/wp-content\/uploads\/2021\/06\/LEGISLATIVE-GUIDE-French.pdf\">Guide l\u00e9gislatif sur les titres interm\u00e9di\u00e9s<\/a><\/li>\n<li>les <a href=\"https:\/\/www.unidroit.org\/instruments\/digital-assets-and-private-law\/\">Principes sur les actifs num\u00e9riques et le droit priv\u00e9<\/a> (Principes ANDP) (version fran\u00e7aise en cours)<\/li>\n<li>Le <a href=\"https:\/\/www.unidroit.org\/instruments\/legislative-guide-on-bank-liquidation\/\">Guide l\u00e9gislatif sur la liquidation bancaire<\/a> (version fran\u00e7aise en cours)<\/li>\n<\/ul>\n<p style=\"text-align: justify;\">Les travaux en cours relatifs aux <a href=\"https:\/\/www.unidroit.org\/fr\/travaux-en-cours\/nature-juridique-des-credits-carbone-verifies\/\">Principes sur la nature juridique des cr\u00e9dits carbone v\u00e9rifi\u00e9s<\/a> illustrent une articulation particuli\u00e8rement novatrice entre les march\u00e9s financiers et les enjeux de durabilit\u00e9.<\/p>\n<p>[\/vc_column_text][\/vc_column][\/vc_row][vc_row][vc_column][vc_tta_accordion active_section=&#8221;1&#8243; collapsible_all=&#8221;true&#8221;][vc_tta_section title=&#8221;Membres du comit\u00e9&#8221; tab_id=&#8221;1747234140813-df87a73f-e033&#8243;][vc_column_text css=&#8221;&#8221;]L\u2019axe de travail \u201cMarch\u00e9s financiers et technologies\u201d (en anglais: <em>FMT Workstream<\/em>) est pr\u00e9sid\u00e9 par Mme Janis Sarra (Professeure \u00e9m\u00e9rite \u00e0 l\u2019Universit\u00e9 de la Colombie-Britannique (Canada)<\/p>\n<p>Les membres du Comit\u00e9 sont:<\/p>\n<ul>\n<li><a class='pum-trigger  popmake-9823  ' data-do-default=''>Mme Elsie Addo Awadzi (ancienne Deuxi\u00e8me Vice-gouverneure, Banque du Ghana)<\/a><\/li>\n<li><a class='pum-trigger  popmake-9823  ' data-do-default=''>Risham Garg (Professeur \u00e0 la National Law University, Inde)<\/a><\/li>\n<li><a class='pum-trigger  popmake-9823  ' data-do-default=''>Francisco Garcimart\u00edn (Professeur \u00e0 l\u2019Universidad Aut\u00f3noma de Madrid)<\/a><\/li>\n<li><a class='pum-trigger  popmake-9823  ' data-do-default=''>Mme Louise Gullifer (Rouse Ball Professor of English Law et Pr\u00e9sidente de la Facult\u00e9 de droit de l\u2019University of Cambridge, et Fellow du Gonville and Caius College)<\/a><\/li>\n<li><a class='pum-trigger  popmake-9823  ' data-do-default=''>Matthias Haentjens (Professeur \u00e0 l\u2019Universit\u00e9 de Leyde)<\/a><\/li>\n<li><a class='pum-trigger  popmake-9823  ' data-do-default=''>Matthias Lehmann (Professeur \u00e0 l\u2019Universit\u00e9 de Vienne)<\/a><\/li>\n<li><a class='pum-trigger  popmake-9823  ' data-do-default=''>Charles W. Mooney Jr (Professeur \u00e9m\u00e9rite \u00e0 l\u2019Universit\u00e9 de Pennsylvanie)<\/a><\/li>\n<li>Andrea Tosato (Professeur \u00e0 la <em>Dedman School of Law<\/em> de la <em>Southern Methodist University<\/em>)<\/li>\n<\/ul>\n<p>[\/vc_column_text][vc_column_text css=&#8221;&#8221;][\/vc_column_text][\/vc_tta_section][vc_tta_section title=&#8221;R\u00c9UNIONS&#8221; tab_id=&#8221;1747234140819-5398d87f-7c07&#8243;][vc_column_text css=&#8221;&#8221;]<\/p>\n<p style=\"text-align: justify;\">La premi\u00e8re r\u00e9union en ligne de l\u2019axe de travail \u201cMarch\u00e9s financiers et technologies\u201d s\u2019est tenue le 22 juillet 2025. En amont de cette r\u00e9union, le Secr\u00e9tariat a diffus\u00e9 un projet de Rapport initial pr\u00e9sentant une vue d\u2019ensemble des instruments d\u2019UNIDROIT dans le domaine des march\u00e9s financiers et des technologies, en exposant leur \u00e9laboration et leur adoption, leurs objectifs, leur contenu essentiel et leur impact, ainsi qu\u2019une premi\u00e8re analyse de leurs forces et de leurs faiblesses, soumise \u00e0 l\u2019examen du Comit\u00e9. Cet axe de travail a examin\u00e9 la port\u00e9e du futur Livre blanc, et les membres ont manifest\u00e9 un int\u00e9r\u00eat pour des th\u00e8mes sp\u00e9cifiques. Il a \u00e9t\u00e9 convenu que, durant la p\u00e9riode intersessions, les membres coop\u00e9reraient au sein de groupes restreints afin d\u2019entamer la r\u00e9daction de leurs contributions respectives et de les transmettre au Secr\u00e9tariat avant la deuxi\u00e8me r\u00e9union.<\/p>\n<p style=\"text-align: justify;\">La deuxi\u00e8me r\u00e9union en ligne, tenue le 13 octobre 2025, a \u00e9t\u00e9 consacr\u00e9e \u00e0 l\u2019examen des projets de propositions soumis par les membres. \u00c0 cette occasion, l\u2019axe de travail a adopt\u00e9 le plan de travail pour la p\u00e9riode 2025\u20132026 et a invit\u00e9 le Secr\u00e9tariat \u00e0 \u00e9laborer un projet de structure du futur Livre blanc, sur la base duquel les membres mettraient \u00e0 jour leurs textes.<\/p>\n<p style=\"text-align: justify;\">La troisi\u00e8me r\u00e9union en ligne s\u2019est tenue le 7 novembre 2025 afin d\u2019examiner les projets de propositions actualis\u00e9s. Les membres ont formul\u00e9 des observations compl\u00e9mentaires et sont convenus que, sur la base des \u00e9changes intervenus, ils finaliseraient leurs r\u00e9visions au d\u00e9but du mois de d\u00e9cembre 2025. Le Secr\u00e9tariat proc\u00e9derait ensuite \u00e0 la consolidation des projets r\u00e9vis\u00e9s et pr\u00e9parerait un avant-projet de Livre blanc d\u2019ici la fin de l\u2019ann\u00e9e.<\/p>\n<p style=\"text-align: justify;\">La quatri\u00e8me r\u00e9union est pr\u00e9vue en f\u00e9vrier 2026.<\/p>\n<p>[\/vc_column_text][\/vc_tta_section][vc_tta_section title=&#8221;ATELIER&#8221; tab_id=&#8221;1770625714972-a72e0742-4f7a&#8221;][vc_column_text css=&#8221;&#8221;]<\/p>\n<p style=\"text-align: justify;\"><strong>L\u2019Atelier de l\u2019axe de travail <\/strong>\u201c<strong>March\u00e9s financiers et technologies<\/strong>\u201d<strong> se tiendra \u00e0 UNIDROIT le 11 septembre 2026<\/strong><\/p>\n<p style=\"text-align: justify;\">Charg\u00e9 de l\u2019\u00e9laboration d\u2019un Livre blanc sur la strat\u00e9gie future d\u2019UNIDROIT dans ce domaine, le Comit\u00e9 de cet axe de travail se r\u00e9unira \u00e0 Rome pour sa derni\u00e8re r\u00e9union, en amont de la discussion finale pr\u00e9vue lors de la session conjointe du Conseil de Direction et de l\u2019Assembl\u00e9e G\u00e9n\u00e9rale en d\u00e9cembre.<\/p>\n<p style=\"text-align: justify;\">La participation \u00e0 l\u2019atelier de l\u2019axe de travail \u201cMarch\u00e9s financiers et technologies\u201d est r\u00e9serv\u00e9e aux participants invit\u00e9s. De plus amples informations seront communiqu\u00e9es en temps utile.<\/p>\n<p>[\/vc_column_text][\/vc_tta_section][\/vc_tta_accordion][\/vc_column][\/vc_row]<\/p>\n<\/div>","protected":false},"excerpt":{"rendered":"<p>[vc_row css=&#8221;.vc_custom_1773407914298{margin-bottom: 20px !important;}&#8221;][vc_column css=&#8221;.vc_custom_1773406860295{margin-top: 0px !important;margin-bottom: 0px !important;}&#8221;][vc_btn title=&#8221;ESPA\u00d1OL&#8221; style=&#8221;custom&#8221; custom_background=&#8221;#004054&#8243; custom_text=&#8221;#ffffff&#8221; shape=&#8221;square&#8221; align=&#8221;right&#8221; css=&#8221;.vc_custom_1773737579766{margin-top: 0px !important;margin-bottom: 0px !important;border-top-width: 0px !important;border-bottom-width: 0px !important;padding-top: 0px !important;padding-bottom: 0px !important;background-color: #FFFFFF !important;}&#8221; link=&#8221;url:https%3A%2F%2Fwww.unidroit.org%2Fcentenary%2Flinea-de-trabajo-sobre-mercados-financieros-y-tecnologia-sp%2F&#8221;][\/vc_column][\/vc_row][vc_row][vc_column][vc_column_text] &nbsp; &nbsp; [vc_row][vc_column][vc_custom_heading text=&#8221;AXE DE TRAVAIL \u201cMARCH\u00c9S FINANCIERS ET TECHNOLOGIES\u201d&#8221; font_container=&#8221;tag:h1|text_align:left&#8221; use_theme_fonts=&#8221;yes&#8221; css=&#8221;.vc_custom_1771585024555{margin-top: 0px&nbsp;<a href=\"https:\/\/www.unidroit.org\/fr\/centenaire\/axe-travail-marches-financiers-technologies-2\/\">&hellip;<\/a><\/p>\n","protected":false},"author":20,"featured_media":0,"parent":33505,"menu_order":0,"comment_status":"closed","ping_status":"closed","template":"","meta":{"ep_exclude_from_search":false,"footnotes":""},"class_list":["post-38669","page","type-page","status-publish","format-standard","hentry","odd"],"_links":{"self":[{"href":"https:\/\/www.unidroit.org\/fr\/wp-json\/wp\/v2\/pages\/38669","targetHints":{"allow":["GET"]}}],"collection":[{"href":"https:\/\/www.unidroit.org\/fr\/wp-json\/wp\/v2\/pages"}],"about":[{"href":"https:\/\/www.unidroit.org\/fr\/wp-json\/wp\/v2\/types\/page"}],"author":[{"embeddable":true,"href":"https:\/\/www.unidroit.org\/fr\/wp-json\/wp\/v2\/users\/20"}],"replies":[{"embeddable":true,"href":"https:\/\/www.unidroit.org\/fr\/wp-json\/wp\/v2\/comments?post=38669"}],"version-history":[{"count":12,"href":"https:\/\/www.unidroit.org\/fr\/wp-json\/wp\/v2\/pages\/38669\/revisions"}],"predecessor-version":[{"id":39277,"href":"https:\/\/www.unidroit.org\/fr\/wp-json\/wp\/v2\/pages\/38669\/revisions\/39277"}],"up":[{"embeddable":true,"href":"https:\/\/www.unidroit.org\/fr\/wp-json\/wp\/v2\/pages\/33505"}],"wp:attachment":[{"href":"https:\/\/www.unidroit.org\/fr\/wp-json\/wp\/v2\/media?parent=38669"}],"curies":[{"name":"wp","href":"https:\/\/api.w.org\/{rel}","templated":true}]}}