{"id":38691,"date":"2026-02-20T19:07:16","date_gmt":"2026-02-20T18:07:16","guid":{"rendered":"https:\/\/www.unidroit.org\/?page_id=38691"},"modified":"2026-03-17T10:04:47","modified_gmt":"2026-03-17T09:04:47","slug":"axe-travail-developpement-durable-2","status":"publish","type":"page","link":"https:\/\/www.unidroit.org\/fr\/centenaire\/axe-travail-developpement-durable-2\/","title":{"rendered":"Axe de travail \u201cD\u00e9veloppement durable\u201d"},"content":{"rendered":"<div class=\"wpb-content-wrapper\"><p>[vc_row css=&#8221;.vc_custom_1773407914298{margin-bottom: 20px !important;}&#8221;][vc_column css=&#8221;.vc_custom_1773406860295{margin-top: 0px !important;margin-bottom: 0px !important;}&#8221;][vc_btn title=&#8221;ESPA\u00d1OL&#8221; style=&#8221;custom&#8221; custom_background=&#8221;#004054&#8243; custom_text=&#8221;#ffffff&#8221; shape=&#8221;square&#8221; align=&#8221;right&#8221; css=&#8221;.vc_custom_1773738391605{margin-top: 0px !important;margin-bottom: 0px !important;border-top-width: 0px !important;border-bottom-width: 0px !important;padding-top: 0px !important;padding-bottom: 0px !important;background-color: #FFFFFF !important;}&#8221; link=&#8221;url:https%3A%2F%2Fwww.unidroit.org%2Fcentenary%2Flinea-de-trabajo-sobre-desarrollo-sostenible-sp%2F&#8221;][\/vc_column][\/vc_row][vc_row][vc_column][vc_custom_heading text=&#8221;AXE DE TRAVAIL \u201cD\u00c9VELOPPEMENT DURABLE\u201d&#8221; font_container=&#8221;tag:h1|text_align:left&#8221; use_theme_fonts=&#8221;yes&#8221; css=&#8221;.vc_custom_1771610302808{margin-top: 0px !important;margin-bottom: 20px !important;}&#8221;][vc_single_image image=&#8221;31410&#8243; img_size=&#8221;full&#8221; alignment=&#8221;center&#8221; css=&#8221;&#8221;][\/vc_column][\/vc_row][vc_row][vc_column css=&#8221;.vc_custom_1490017614850{margin-bottom: 30px !important;}&#8221;][vc_column_text css=&#8221;.vc_custom_1771849843093{padding-top: 35px !important;padding-right: 35px !important;padding-bottom: 35px !important;padding-left: 35px !important;background-color: #f2f2f2 !important;}&#8221;]<\/p>\n<p style=\"text-align: justify;\">Le d\u00e9veloppement durable constitue un domaine de travail transversal couvrant l\u2019ensemble des projets et instruments d\u2019UNIDROIT. Ce nouveau domaine d\u2019activit\u00e9 a \u00e9t\u00e9 \u00e9tabli dans le Programme de travail 2023-2025 et vise \u00e0 l\u2019\u00e9laboration d\u2019instruments de droit priv\u00e9 destin\u00e9s \u00e0 am\u00e9liorer les relations et les transactions commerciales, dans l\u2019objectif de promouvoir la durabilit\u00e9. Compte tenu de sa dimension intrins\u00e8quement intersectorielle, cet axe de travail est con\u00e7u pour assurer une coordination \u00e9troite avec les autres axes de travail, afin d\u2019examiner comment les objectifs de durabilit\u00e9 peuvent \u00eatre atteints de mani\u00e8re synergique. Il se concentre principalement sur les instruments et projets d\u2019UNIDROIT suivants: la <a href=\"https:\/\/www.unidroit.org\/fr\/travaux-en-cours\/nature-juridique-des-credits-carbone-verifies\/\">nature juridique des cr\u00e9dits carbone v\u00e9rifi\u00e9s<\/a> (en cours \u2013 figurant \u00e9galement dans l\u2019axe de travail sur les march\u00e9s financiers), les <a href=\"https:\/\/www.unidroit.org\/fr\/travaux-en-cours\/contrats-investissement-upicc\/\">contrats d\u2019investissement internationaux<\/a> (en cours \u2013 figurant \u00e9galement dans l\u2019axe de travail sur les contrats), le <a href=\"https:\/\/www.unidroit.org\/wp-content\/uploads\/2021\/08\/cf-guide-2015-f.pdf\">Guide juridique sur l\u2019agriculture contractuelle<\/a> (2015) et le <a href=\"https:\/\/www.unidroit.org\/wp-content\/uploads\/2025\/03\/Guide-CITA-2025-website.pdf\">Guide juridique sur les contrats d\u2019investissement dans les terres agricoles<\/a> (2021), le projet portant sur les <a href=\"https:\/\/www.unidroit.org\/fr\/travaux-en-cours\/structure-jurid-agro-entreprises\/\">structures juridiques collaboratives pour les entreprises agricoles<\/a> (en cours \u2013 figurant \u00e9galement dans l\u2019axe de travail sur l\u2019agriculture), ainsi que le projet \u00e0 venir sur le devoir de vigilance des entreprises en mati\u00e8re de durabilit\u00e9 dans les cha\u00eenes de valeur mondiales.<\/p>\n<p>[\/vc_column_text][\/vc_column][\/vc_row][vc_row][vc_column][vc_tta_accordion][vc_tta_section title=&#8221;MEMBRES DU COMIT\u00c9&#8221; tab_id=&#8221;1747232733827-1d105fad-be4e&#8221;][vc_column_text css=&#8221;&#8221;]Le Comit\u00e9 est pr\u00e9sid\u00e9 par Mme Jeannette Tramhel (Consultante juridique ind\u00e9pendante et ancienne Consultante juridique principale aupr\u00e8s d\u2019UNIDROIT).<\/p>\n<p>Les membres du Comit\u00e9 sont:<\/p>\n<p>Milot Ahma (Conseiller juridique principal \u00e0 la Banque europ\u00e9enne pour la reconstruction et le d\u00e9veloppement (BERD)<\/p>\n<p>Mme Catherine Bridge Zoller (Conseill\u00e8re juridique principale \u00e0 la Banque europ\u00e9enne pour la reconstruction et le d\u00e9veloppement (BERD))<\/p>\n<a class='pum-trigger  popmake-9823  ' data-do-default=''>Mme Lisa DeMarco (Associ\u00e9e principale et Directrice g\u00e9n\u00e9rale de Resilient LLP)<\/a>\n<a class='pum-trigger  popmake-9823  ' data-do-default=''>Mme Belinda Ellington (Conseill\u00e8re principale aupr\u00e8s de l\u2019International Emissions Trading Association et Consultante chez Ellington Resolution Ltd)<\/a>\n<p>Giuditta Giardini (Universit\u00e0 Cattolica del Sacro Cuore, Milan)<\/p>\n<a class='pum-trigger  popmake-9823  ' data-do-default=''>Mme Megumi Hara (Professeure \u00e0 l\u2019Universit\u00e9 Chuo (Tokyo)<\/a>\n<a class='pum-trigger  popmake-9823  ' data-do-default=''>Mme Vesselina Haralampieva (Responsable de la gouvernance et de la r\u00e9glementation de la finance durable, Conseill\u00e8re juridique principale \u00e0 la Banque europ\u00e9enne pour la reconstruction et le d\u00e9veloppement (BERD))<\/a>\n<a class='pum-trigger  popmake-9823  ' data-do-default=''>Mme Emilia Onyema (Professeure \u00e0 la SOAS University of London)<\/a>\n<a class='pum-trigger  popmake-9823  ' data-do-default=''>Ulrich G. Schroeter (Doyen de la recherche \u00e0 la Facult\u00e9 de droit de l\u2019Universit\u00e9 de B\u00e2le)<\/a>\n<a class='pum-trigger  popmake-9823  ' data-do-default=''>Mme Mar\u00eda Ignacia Vial Undurraga (Professeure \u00e0 l\u2019Universidad de los Andes (Chili))<\/a>\n<a class='pum-trigger  popmake-9823  ' data-do-default=''>Mme Camila Villard Duran (Professeure \u00e0 l\u2019ESSCA School of Management)<\/a>\n<a class='pum-trigger  popmake-9823  ' data-do-default=''>Mme Elif Dilek Yilmaz (Associ\u00e9e \u00e0 la Banque europ\u00e9enne pour la reconstruction et le d\u00e9veloppement (BERD))<\/a>\n<p>[\/vc_column_text][\/vc_tta_section][vc_tta_section title=&#8221;R\u00c9UNION&#8221; tab_id=&#8221;1747232733835-aecfb1cc-fbc3&#8243;][\/vc_tta_section][\/vc_tta_accordion][\/vc_column][\/vc_row]<\/p>\n<\/div>","protected":false},"excerpt":{"rendered":"<p>[vc_row css=&#8221;.vc_custom_1773407914298{margin-bottom: 20px !important;}&#8221;][vc_column css=&#8221;.vc_custom_1773406860295{margin-top: 0px !important;margin-bottom: 0px !important;}&#8221;][vc_btn title=&#8221;ESPA\u00d1OL&#8221; style=&#8221;custom&#8221; custom_background=&#8221;#004054&#8243; custom_text=&#8221;#ffffff&#8221; shape=&#8221;square&#8221; align=&#8221;right&#8221; css=&#8221;.vc_custom_1773738391605{margin-top: 0px !important;margin-bottom: 0px !important;border-top-width: 0px !important;border-bottom-width: 0px !important;padding-top: 0px !important;padding-bottom: 0px !important;background-color: #FFFFFF !important;}&#8221; link=&#8221;url:https%3A%2F%2Fwww.unidroit.org%2Fcentenary%2Flinea-de-trabajo-sobre-desarrollo-sostenible-sp%2F&#8221;][\/vc_column][\/vc_row][vc_row][vc_column][vc_custom_heading text=&#8221;AXE DE TRAVAIL \u201cD\u00c9VELOPPEMENT DURABLE\u201d&#8221; font_container=&#8221;tag:h1|text_align:left&#8221; use_theme_fonts=&#8221;yes&#8221; css=&#8221;.vc_custom_1771610302808{margin-top: 0px !important;margin-bottom: 20px !important;}&#8221;][vc_single_image image=&#8221;31410&#8243; img_size=&#8221;full&#8221;&nbsp;<a href=\"https:\/\/www.unidroit.org\/fr\/centenaire\/axe-travail-developpement-durable-2\/\">&hellip;<\/a><\/p>\n","protected":false},"author":20,"featured_media":0,"parent":33505,"menu_order":0,"comment_status":"closed","ping_status":"closed","template":"","meta":{"ep_exclude_from_search":false,"footnotes":""},"class_list":["post-38691","page","type-page","status-publish","format-standard","hentry","odd"],"_links":{"self":[{"href":"https:\/\/www.unidroit.org\/fr\/wp-json\/wp\/v2\/pages\/38691","targetHints":{"allow":["GET"]}}],"collection":[{"href":"https:\/\/www.unidroit.org\/fr\/wp-json\/wp\/v2\/pages"}],"about":[{"href":"https:\/\/www.unidroit.org\/fr\/wp-json\/wp\/v2\/types\/page"}],"author":[{"embeddable":true,"href":"https:\/\/www.unidroit.org\/fr\/wp-json\/wp\/v2\/users\/20"}],"replies":[{"embeddable":true,"href":"https:\/\/www.unidroit.org\/fr\/wp-json\/wp\/v2\/comments?post=38691"}],"version-history":[{"count":8,"href":"https:\/\/www.unidroit.org\/fr\/wp-json\/wp\/v2\/pages\/38691\/revisions"}],"predecessor-version":[{"id":39282,"href":"https:\/\/www.unidroit.org\/fr\/wp-json\/wp\/v2\/pages\/38691\/revisions\/39282"}],"up":[{"embeddable":true,"href":"https:\/\/www.unidroit.org\/fr\/wp-json\/wp\/v2\/pages\/33505"}],"wp:attachment":[{"href":"https:\/\/www.unidroit.org\/fr\/wp-json\/wp\/v2\/media?parent=38691"}],"curies":[{"name":"wp","href":"https:\/\/api.w.org\/{rel}","templated":true}]}}