{"id":40071,"date":"2021-07-06T17:24:54","date_gmt":"2021-07-06T15:24:54","guid":{"rendered":"https:\/\/www.unidroit.org\/?page_id=40071"},"modified":"2026-04-16T20:00:35","modified_gmt":"2026-04-16T18:00:35","slug":"107eme-session-rome-27-29-mai-2026","status":"publish","type":"page","link":"https:\/\/www.unidroit.org\/fr\/107eme-session-rome-27-29-mai-2026\/","title":{"rendered":"107\u00e8me Session (Rome 27-29 Mai 2026)"},"content":{"rendered":"<div class=\"wpb-content-wrapper\"><p>[vc_row css=&#8221;.vc_custom_1773407914298{margin-bottom: 20px !important;}&#8221;][vc_column css=&#8221;.vc_custom_1773406860295{margin-top: 0px !important;margin-bottom: 0px !important;}&#8221;][vc_btn title=&#8221;ESPA\u00d1OL&#8221; style=&#8221;custom&#8221; custom_background=&#8221;#004054&#8243; custom_text=&#8221;#ffffff&#8221; shape=&#8221;square&#8221; align=&#8221;right&#8221; css=&#8221;.vc_custom_1776349084072{margin-top: 0px !important;margin-bottom: 0px !important;border-top-width: 0px !important;border-bottom-width: 0px !important;padding-top: 0px !important;padding-bottom: 0px !important;background-color: #FFFFFF !important;}&#8221;][\/vc_column][\/vc_row][vc_row][vc_column css=&#8221;.vc_custom_1490017614850{margin-bottom: 30px !important;}&#8221;][vc_column_text css=&#8221;.vc_custom_1776362590184{padding-top: 35px !important;padding-right: 35px !important;padding-bottom: 35px !important;padding-left: 35px !important;background-color: #f2f2f2 !important;}&#8221;][vc_row][vc_column css=&#8221;.vc_custom_1490017614850{margin-bottom: 30px !important;}&#8221;][vc_custom_heading text=&#8221;107\u00e8me Session<br \/>\n(Rome 27 -29 Mai 2026)&#8221; font_container=&#8221;tag:h1|text_align:left&#8221; use_theme_fonts=&#8221;yes&#8221; css=&#8221;.vc_custom_1776339472221{margin-top: 0px !important;margin-bottom: 20px !important;}&#8221;][vc_column_text css=&#8221;.vc_custom_1776342195873{padding-top: 35px !important;padding-right: 35px !important;padding-bottom: 35px !important;padding-left: 35px !important;background-color: #f2f2f2 !important;}&#8221;]<\/p>\n<p style=\"text-align: center;\"><strong>Documents<\/strong><\/p>\n<p style=\"text-align: center;\">***<\/p>\n<p>1. Adoption du projet d\u2019ordre du jour annot\u00e9 (C.D. (107) 1)<\/p>\n<p>2. Nomination des premier et deuxi\u00e8me Vice-Pr\u00e9sidents du Conseil de Direction (C.D. (107) 1)<\/p>\n<p>3. Rapports<\/p>\n<p style=\"padding-left: 40px;\">a) Rapport annuel 2025 (C.D. (107) 2)<br \/>\nb) Rapport de la Fondation d\u2019UNIDROIT (C.D. (107) 3)<\/p>\n<p>4. Approbation du projet final d\u2019UNIDROIT sur les meilleures pratiques pour des proc\u00e9dures d\u2019ex\u00e9cution efficaces (C.D. (107) 4)<\/p>\n<p>5. Approbation pr\u00e9liminaire et autorisation de proc\u00e9der \u00e0 la consultation publique:<\/p>\n<p style=\"padding-left: 40px;\">a) Structures juridiques collaboratives pour les entreprises agricoles (C.D. (107) 5)<br \/>\nb) Principes d\u2019UNIDROIT relatifs aux contrats du commerce international et contrats d\u2019investissement (C.D. (107) 6)<br \/>\nc) Principes d\u2019UNIDROIT sur la nature juridique des cr\u00e9dits carbone v\u00e9rifi\u00e9s (C.D. (107) 7)<\/p>\n<p>6. Collections d\u2019art priv\u00e9es \u2013 Biens culturels orphelins (C.D. (107) 8)<\/p>\n<p>7. Nouveaux projets dans le cadre du Programme de travail 2026-2028 (C.D. (107) 9)<\/p>\n<p style=\"padding-left: 40px;\">a) Devoir de vigilance des entreprises en mati\u00e8re de durabilit\u00e9 dans les cha\u00eenes de valeur mondiales<br \/>\nb) Guide juridique sur le financement agricole<br \/>\nc) Guide juridique sur l\u2019insolvabilit\u00e9 des entreprises d\u2019assurance et l\u2019harmonisation des r\u00e9gimes nationaux<br \/>\nd) Guide juridique sur les aspects juridiques et r\u00e9glementaires du financement participatif (crowdfunding) fond\u00e9 sur l\u2019investissement (dette et fonds propres)<br \/>\ne) R\u00e9glementation des risques num\u00e9riques par le biais du droit de la responsabilit\u00e9 civile<br \/>\nf) Principes internationaux sur le droit des contrats de construction et d\u2019ing\u00e9nierie<br \/>\ng) Brevets essentiels \u00e0 une norme<\/p>\n<p>8. Garanties internationales portant sur des mat\u00e9riels d\u2019\u00e9quipement mobiles<\/p>\n<p style=\"padding-left: 40px; text-align: justify;\">a) \u00c9tat de mise en \u0153uvre de la Convention du Cap et du Protocole a\u00e9ronautique<br \/>\n(C.D. (107) 10)<br \/>\nb) \u00c9tat de mise en \u0153uvre du Protocole ferroviaire de Luxembourg (C.D. (107)11)<br \/>\nc) \u00c9tat de mise en \u0153uvre du Protocole spatial (C.D. (107) 12)<br \/>\nd) \u00c9tat de mise en \u0153uvre du Protocole portant sur les questions sp\u00e9cifiques aux mat\u00e9riels d\u2019\u00e9quipement miniers, agricoles et de construction (Protocole MAC); Mise \u00e0 jour sur la r\u00e9partition des fonctions de l\u2019Autorit\u00e9 de surveillance du Registre du Protocole MAC entre les organes directeurs d\u2019UNIDROIT\u00a0(C.D. (107) 13)<\/p>\n<p>9. Protection internationale des biens culturels: \u00e9tat de mise en \u0153uvre de la Convention d\u2019UNIDROIT de 1995 (C.D. (107) 14)<\/p>\n<p>10. \u00c9tat de mise en \u0153uvre et strat\u00e9gie de promotion des instruments d\u2019UNIDROIT<\/p>\n<p style=\"padding-left: 40px;\">a) Principes d\u2019UNIDROIT relatifs aux contrats du commerce international (C.D. (107) 15)<br \/>\nb) Loi type d\u2019UNIDROIT sur l\u2019affacturage et Guide pour l\u2019incorporation (C.D. (107) 16)<br \/>\nc) Principes d\u2019UNIDROIT relatifs aux actifs num\u00e9riques et droit priv\u00e9 (C.D. (107) 17)<br \/>\nd) Loi type CNUDCI-UNIDROIT sur les r\u00e9c\u00e9piss\u00e9s d\u2019entrep\u00f4t et Guide pour l\u2019incorporation (C.D. (107) 18)<br \/>\ne) Guide l\u00e9gislatif d\u2019UNIDROIT sur la liquidation bancaire (C.D. (107) 19)<br \/>\nf) Principes relatifs aux contrats de r\u00e9assurance (C.D. (107) 20)<\/p>\n<p>11. Acad\u00e9mie d\u2019UNIDROIT (C.D. (107) 21)<\/p>\n<p style=\"padding-left: 40px;\">a) Projets acad\u00e9miques d\u2019UNIDROIT<\/p>\n<p style=\"padding-left: 80px;\">i. Projet acad\u00e9mique relatif \u00e0 la Convention du Cap<br \/>\nii. Projet acad\u00e9mique de la Convention d\u2019Unidroit de 1995<br \/>\niii. Projet acad\u00e9mique sur le droit transnational au Moyen-Orient et en Afrique du Nord<\/p>\n<p style=\"padding-left: 40px;\">b) Instituts acad\u00e9miques et Centres de droit<\/p>\n<p style=\"padding-left: 80px;\">i. Institut QMUL \u2013 UNIDROIT pour le droit commercial transnational<br \/>\nii. Centre Roma Tre \u2013 UNIDROIT pour le droit commercial transnational et l\u2019arbitrage international<br \/>\niii. Centre d\u2019\u00e9tudes nordiques et de droit priv\u00e9 transnational d\u2019UNIDROIT<br \/>\niv. Centre de droit transnational asiatique d\u2019UNIDROIT<\/p>\n<p style=\"padding-left: 40px;\">c) Programme international d\u2019Unidroit pour le droit et le d\u00e9veloppement<br \/>\nd) Archives historiques, Biblioth\u00e8que et publications d\u2019UNIDROIT<br \/>\ne) Programme de bourses, de stages et de recherche d\u2019UNIDROIT<br \/>\nf) Coop\u00e9ration avec des partenaires acad\u00e9miques et institutionnels<\/p>\n<p>12. Coop\u00e9ration avec d\u2019autres organisations internationales (C.D. (107) 22)<\/p>\n<p>13. Questions institutionnelles et administratives<\/p>\n<p style=\"padding-left: 40px;\">a) Pr\u00e9paration du projet de Budget pour l\u2019exercice financier 2027 (C.D. (107) 23)<br \/>\nb) Rapport du Comit\u00e9 sp\u00e9cial charg\u00e9 de la mise \u00e0 jour du R\u00e8glement d\u2019UNIDROIT<br \/>\n(C.D. (107) 24)<br \/>\nc) Au-del\u00e0 du Centenaire: une discussion sur la strat\u00e9gie de l\u2019Organisation (C.D. (107) 25)<br \/>\nd) Mise \u00e0 jour concernant la cr\u00e9ation d\u2019un Bureau de liaison dans la RAS de Hong Kong (Chine) (C.D. (107) 26)<br \/>\ne) Initiatives li\u00e9es au Centenaire d\u2019UNIDROIT (C.D. (105) 27)<\/p>\n<p>14.Strat\u00e9gie de communication num\u00e9rique et diffusion sur les r\u00e9seaux sociaux (C.D. (107) 28)<\/p>\n<p>15. Dates et lieux des prochaines sessions du Conseil de Direction (C.D. (107) 1)<\/p>\n<p>16. Divers[\/vc_column_text][\/vc_column][\/vc_row]<\/p>\n<\/div>","protected":false},"excerpt":{"rendered":"<p>[vc_row css=&#8221;.vc_custom_1773407914298{margin-bottom: 20px !important;}&#8221;][vc_column css=&#8221;.vc_custom_1773406860295{margin-top: 0px !important;margin-bottom: 0px !important;}&#8221;][vc_btn title=&#8221;ESPA\u00d1OL&#8221; style=&#8221;custom&#8221; custom_background=&#8221;#004054&#8243; custom_text=&#8221;#ffffff&#8221; shape=&#8221;square&#8221; align=&#8221;right&#8221; css=&#8221;.vc_custom_1776349084072{margin-top: 0px !important;margin-bottom: 0px !important;border-top-width: 0px !important;border-bottom-width: 0px !important;padding-top: 0px !important;padding-bottom: 0px !important;background-color: #FFFFFF !important;}&#8221;][\/vc_column][\/vc_row][vc_row][vc_column css=&#8221;.vc_custom_1490017614850{margin-bottom: 30px !important;}&#8221;][vc_column_text css=&#8221;.vc_custom_1776362590184{padding-top: 35px !important;padding-right: 35px !important;padding-bottom: 35px !important;padding-left: 35px !important;background-color: #f2f2f2 !important;}&#8221;][vc_row][vc_column css=&#8221;.vc_custom_1490017614850{margin-bottom:&nbsp;<a href=\"https:\/\/www.unidroit.org\/fr\/107eme-session-rome-27-29-mai-2026\/\">&hellip;<\/a><\/p>\n","protected":false},"author":30,"featured_media":0,"parent":0,"menu_order":0,"comment_status":"closed","ping_status":"closed","template":"","meta":{"ep_exclude_from_search":false,"footnotes":""},"class_list":["post-40071","page","type-page","status-publish","format-standard","hentry","odd"],"_links":{"self":[{"href":"https:\/\/www.unidroit.org\/fr\/wp-json\/wp\/v2\/pages\/40071","targetHints":{"allow":["GET"]}}],"collection":[{"href":"https:\/\/www.unidroit.org\/fr\/wp-json\/wp\/v2\/pages"}],"about":[{"href":"https:\/\/www.unidroit.org\/fr\/wp-json\/wp\/v2\/types\/page"}],"author":[{"embeddable":true,"href":"https:\/\/www.unidroit.org\/fr\/wp-json\/wp\/v2\/users\/30"}],"replies":[{"embeddable":true,"href":"https:\/\/www.unidroit.org\/fr\/wp-json\/wp\/v2\/comments?post=40071"}],"version-history":[{"count":9,"href":"https:\/\/www.unidroit.org\/fr\/wp-json\/wp\/v2\/pages\/40071\/revisions"}],"predecessor-version":[{"id":40110,"href":"https:\/\/www.unidroit.org\/fr\/wp-json\/wp\/v2\/pages\/40071\/revisions\/40110"}],"wp:attachment":[{"href":"https:\/\/www.unidroit.org\/fr\/wp-json\/wp\/v2\/media?parent=40071"}],"curies":[{"name":"wp","href":"https:\/\/api.w.org\/{rel}","templated":true}]}}