{"id":4882,"date":"2021-07-26T10:49:09","date_gmt":"2021-07-26T10:49:09","guid":{"rendered":"https:\/\/www.unidroit.org\/?page_id=4882"},"modified":"2021-12-03T12:12:56","modified_gmt":"2021-12-03T11:12:56","slug":"79eme-session-rome-zoom-17-decembre-2020","status":"publish","type":"page","link":"https:\/\/www.unidroit.org\/fr\/reunions\/assemblee-generale\/79eme-session-rome-zoom-17-decembre-2020\/","title":{"rendered":"79\u00c8ME SESSION (ROME\/ZOOM, 17 D\u00c9CEMBRE 2020)"},"content":{"rendered":"<div class=\"wpb-content-wrapper\"><p>[vc_row][vc_column css=&#8221;.vc_custom_1490017614850{margin-bottom: 30px !important;}&#8221;][vc_custom_heading text=&#8221;79\u00e8me Session<br \/>\n(Rome\/Zoom, 17 d\u00e9cembre 2020)&#8221; font_container=&#8221;tag:h1|text_align:left&#8221; use_theme_fonts=&#8221;yes&#8221; css=&#8221;.vc_custom_1630667485141{margin-top: 0px !important;margin-bottom: 20px !important;}&#8221;][vc_column_text css=&#8221;.vc_custom_1638530020715{padding-top: 35px !important;padding-right: 35px !important;padding-bottom: 35px !important;padding-left: 35px !important;background-color: #f2f2f2 !important;}&#8221;]<\/p>\n<p style=\"text-align: center;\"><strong>Documents <\/strong><strong><br \/>\n<\/strong><\/p>\n<p>&nbsp;<\/p>\n<ul>\n<li>Rapport\u00a0<a href=\"https:\/\/www.unidroit.org\/french\/governments\/assemblydocuments\/2020-79session\/ag-79-10-f.pdf\">(A.G. (79) 10)<\/a><\/li>\n<\/ul>\n<p>&nbsp;<\/p>\n<p style=\"text-align: center;\">* \u00a0 \u00a0 \u00a0 \u00a0 \u00a0* \u00a0 \u00a0 \u00a0 \u00a0\u00a0 *<\/p>\n<p>&nbsp;<\/p>\n<p>1. Ouverture de la session par le Secr\u00e9taire G\u00e9n\u00e9ral d\u2019UNIDROIT et par le Pr\u00e9sident de l\u2019Assembl\u00e9e G\u00e9n\u00e9rale pour l\u2019ann\u00e9e 2019-2020<\/p>\n<p>&nbsp;<\/p>\n<p>2. Nomination du Pr\u00e9sident de l\u2019Assembl\u00e9e G\u00e9n\u00e9rale pour l\u2019ann\u00e9e 2020-2021<\/p>\n<p>&nbsp;<\/p>\n<p>3. Adoption de l\u2019ordre du jour\u00a0<a href=\"https:\/\/www.unidroit.org\/french\/governments\/assemblydocuments\/2020-79session\/ag-79-01rev-f.pdf\">(A.G. (79) 1 rev.)<\/a><\/p>\n<p>&nbsp;<\/p>\n<p>4. Expos\u00e9 sur l\u2019activit\u00e9 de l\u2019Organisation en 2020\u00a0<a href=\"https:\/\/www.unidroit.org\/french\/governments\/assemblydocuments\/2020-79session\/ag-79-02-f.pdf\">(A.G. (79) 2)<\/a><\/p>\n<p>[Documents connexes:<br \/>\n&#8211;\u00a0<a href=\"https:\/\/www.unidroit.org\/french\/governments\/financecommitteedocuments\/2020-90session\/fc-90-03-f.pdf\">UNIDROIT 2019 \u2013 F.C.(90) 3<\/a>;<br \/>\n&#8211;\u00a0<a href=\"https:\/\/www.unidroit.org\/french\/governments\/assemblydocuments\/2019-78session\/ag-78-03-f.pdf\">UNIDROIT 2016 \u2013 A.G.(78) 3<\/a>]<\/p>\n<p>&nbsp;<\/p>\n<p>5. Modifications au Programme de travail de l\u2019Organisation pour la p\u00e9riode triennale 2020 \u2013 2022<br \/>\n<a href=\"https:\/\/www.unidroit.org\/french\/governments\/assemblydocuments\/2020-79session\/ag-79-03-f.pdf\">(A.G. (79) 3)<\/a><\/p>\n<p>[Documents connexes:<br \/>\n&#8211;\u00a0<a href=\"https:\/\/www.unidroit.org\/french\/governments\/councildocuments\/2020session\/cd-99-b\/cd-99-b-misc02-f.pdf\">UNIDROIT 2020 \u2013 C.D. (99)B Misc. 2<\/a>;<br \/>\n&#8211;\u00a0<a href=\"https:\/\/www.unidroit.org\/french\/governments\/councildocuments\/2020session\/cd-99-a-08-f.pdf\">UNIDROIT 2020 \u2013 C.D.(99)A.8;<\/a><br \/>\n&#8211;\u00a0<a href=\"https:\/\/www.unidroit.org\/french\/governments\/councildocuments\/2020session\/cd-99-a-02-f.pdf\">UNIDROIT 2020 \u2013 C.D.(99)A.2;<\/a><br \/>\n&#8211;\u00a0<a href=\"https:\/\/www.unidroit.org\/french\/governments\/councildocuments\/2020session\/cd-99-b\/cd-99-b-07-f.pdf\">UNIDROIT 2020 \u2013 C.D.(99)B.7;<\/a><br \/>\n&#8211;\u00a0<a href=\"https:\/\/www.unidroit.org\/french\/governments\/councildocuments\/2020session\/cd-99-b\/cd-99-b-03-f.pdf\">UNIDROIT 2020 \u2013 C.D. (99) B.3;<\/a><br \/>\n&#8211;\u00a0<a href=\"https:\/\/www.unidroit.org\/french\/governments\/councildocuments\/2020session\/cd-99-b\/cd-99-b-04-rev-f.pdf\">UNIDROIT 2020 \u2013 C.D. (99) B.4 r\u00e9v.<\/a>]<\/p>\n<p>&nbsp;<\/p>\n<p>6. Rapport du Pr\u00e9sident de la Commission des Finances sur sa 90\u00e8me session\u00a0<a href=\"https:\/\/www.unidroit.org\/french\/governments\/financecommitteedocuments\/2020-90session\/fc-90-09-f.pdf\">(F.C. (90) 9)\u00a0<\/a>et<br \/>\nrenouvellement des membres de la Commission des Finances\u00a0<a href=\"https:\/\/www.unidroit.org\/french\/governments\/assemblydocuments\/2020-79session\/ag-79-01rev-f.pdf\">(A.G. (79) 1 rev.)<\/a><\/p>\n<p>&nbsp;<\/p>\n<p>7. Modifications d\u00e9finitives du Budget et approbation des Comptes pour l\u2019exercice financier 2019<br \/>\n<a href=\"https:\/\/www.unidroit.org\/french\/governments\/assemblydocuments\/2020-79session\/ag-79-04-f.pdf\">(A.G. (79) 4)<\/a><\/p>\n<p>[Document connexe:<br \/>\n&#8211;\u00a0<a href=\"https:\/\/www.unidroit.org\/french\/governments\/financecommitteedocuments\/2020-90session\/fc-90-02-f.pdf\">UNIDROIT 2020 \u2013 Comptes des recettes et des d\u00e9penses pour l\u2019exercice financier 2019<\/a>]<\/p>\n<p>&nbsp;<\/p>\n<p>8. Ajustements au Budget de l\u2019exercice financier 2020\u00a0<a href=\"https:\/\/www.unidroit.org\/french\/governments\/assemblydocuments\/2020-79session\/ag-79-05-f.pdf\">(A.G. (79) 5)<\/a><\/p>\n<p>[Documents connexes:<br \/>\n&#8211;\u00a0<a href=\"https:\/\/www.unidroit.org\/french\/governments\/financecommitteedocuments\/2019-86session\/fc-86-02-f.pdf\">UNIDROIT 2019 \u2013 C.F.(86)2;<\/a><br \/>\n&#8211;\u00a0<a href=\"https:\/\/www.unidroit.org\/french\/governments\/financecommitteedocuments\/2019-87session\/fc-87-06-f.pdf\">UNIDROIT 2019 C.F. (87) 6<\/a>;<br \/>\n&#8211;\u00a0<a href=\"https:\/\/www.unidroit.org\/french\/governments\/assemblydocuments\/2019-78session\/ag-78-07-f.pdf\">UNIDROIT 2019 A.G. (78) 7<\/a>;<br \/>\n&#8211;\u00a0<a href=\"https:\/\/www.unidroit.org\/french\/governments\/financecommitteedocuments\/2020-88session\/fc-88-04-f.pdf\">UNIDROIT 2020 C.F. (88) 4<\/a>;<br \/>\n&#8211;\u00a0<a href=\"https:\/\/www.unidroit.org\/french\/governments\/financecommitteedocuments\/2020-89session\/fc-89-02-f.pdf\">UNIDROIT 2020 C.F. (89) 2<\/a>]<\/p>\n<p>&nbsp;<\/p>\n<p>9. Arri\u00e9r\u00e9s de contributions des Etats membres (<a href=\"https:\/\/www.unidroit.org\/french\/governments\/assemblydocuments\/2020-79session\/ag-79-06-f.pdf\">A.G. (79) 6)<\/a><\/p>\n<p>&nbsp;<\/p>\n<p>10. Approbation du projet de Budget pour 2021 et fixation des contributions des Etats membres pour<br \/>\ncet exercice financier\u00a0<a href=\"https:\/\/www.unidroit.org\/french\/governments\/assemblydocuments\/2020-79session\/ag-79-07-f.pdf\">(A.G. (79) 7)<\/a><\/p>\n<p>[Documents connexes:<br \/>\n&#8211;\u00a0<a href=\"https:\/\/www.unidroit.org\/french\/governments\/assemblydocuments\/2019-78session\/ag-78-07-f.pdf\">UNIDROIT 2019 \u2013 A.G. (78) 7<\/a>;<br \/>\n&#8211;\u00a0<a href=\"https:\/\/www.unidroit.org\/french\/governments\/financecommitteedocuments\/2019-87session\/fc-87-07-f.pdf\">UNIDROIT 2019 \u2013 F.C. (87) 6<\/a>;<br \/>\n&#8211;\u00a0<a href=\"https:\/\/www.unidroit.org\/french\/governments\/financecommitteedocuments\/2020-88session\/fc-88-02-f.pdf\">UNIDROIT 2020 \u2013 F.C. (88) 2<\/a>;<br \/>\n&#8211;\u00a0<a href=\"https:\/\/www.unidroit.org\/french\/governments\/councildocuments\/2020session\/cd-99-a-06-f.pdf\">UNIDROIT C.D.(99) A.6<\/a>]<\/p>\n<p>&nbsp;<\/p>\n<p>11. Mise \u00e0 jour des nouveaux syst\u00e8mes de r\u00e9mun\u00e9ration et de s\u00e9curit\u00e9 sociale appliqu\u00e9s<br \/>\nau personnel d\u2019UNIDROIT\u00a0<a href=\"https:\/\/www.unidroit.org\/wp-content\/uploads\/2021\/12\/A.G.798-Rapport-du-Secretaire-General-sur-la-remuneration-et-la-securite-sociale-Site-Internet.pdf\">(A.G. (79) 8)<\/a><\/p>\n<p>[Documents connexes:<br \/>\n&#8211;\u00a0<a href=\"https:\/\/www.unidroit.org\/french\/governments\/financecommitteedocuments\/2019-87session\/fc-87-07-f.pdf\">UNIDROIT 2019 \u2013 F.C. (87) 7<\/a>;<br \/>\n&#8211;\u00a0<a href=\"https:\/\/www.unidroit.org\/french\/governments\/financecommitteedocuments\/2019-87session\/fc-87-09-f.pdf\">UNIDROIT 2019 \u2013 F.C. (87) 9<\/a>;<br \/>\n&#8211;\u00a0<a href=\"https:\/\/www.unidroit.org\/french\/governments\/councildocuments\/2019session\/cd-98-15b-f.pdf\">UNIDROIT 2019 \u2013 C.D. (98) 15(b))<\/a>;<br \/>\n&#8211;\u00a0<a href=\"https:\/\/www.unidroit.org\/french\/governments\/assemblydocuments\/2019-78session\/ag-78-10-f.pdf\">UNIDROIT 2019 \u2013 A.G. (78) 10<\/a>;<br \/>\n&#8211;\u00a0<a href=\"https:\/\/www.unidroit.org\/french\/governments\/assemblydocuments\/2019-78session\/ag-78-12-f.pdf\">UNIDROIT 2019 \u2013 A.G. (78) 12<\/a>]<\/p>\n<p>&nbsp;<\/p>\n<p>12. Mesures prises par le Secr\u00e9tariat d&#8217;UNIDROIT en relation avec la pand\u00e9mie COVID-19<br \/>\n<a href=\"https:\/\/www.unidroit.org\/french\/governments\/assemblydocuments\/2020-79session\/ag-79-09-f.pdf\">(A.G. (79) 9)<\/a><\/p>\n<p>[Document connexe:\u00a0<a href=\"https:\/\/www.unidroit.org\/french\/governments\/financecommitteedocuments\/2020-88session\/fc-88-05-f.pdf\">UNIDROIT F.C. (88) 5<\/a>]<\/p>\n<p>13. Divers.[\/vc_column_text][\/vc_column][\/vc_row]<\/p>\n<\/div>","protected":false},"excerpt":{"rendered":"<p>[vc_row][vc_column css=&#8221;.vc_custom_1490017614850{margin-bottom: 30px !important;}&#8221;][vc_custom_heading text=&#8221;79\u00e8me Session (Rome\/Zoom, 17 d\u00e9cembre 2020)&#8221; font_container=&#8221;tag:h1|text_align:left&#8221; use_theme_fonts=&#8221;yes&#8221; css=&#8221;.vc_custom_1630667485141{margin-top: 0px !important;margin-bottom: 20px !important;}&#8221;][vc_column_text css=&#8221;.vc_custom_1638530020715{padding-top: 35px !important;padding-right: 35px !important;padding-bottom: 35px !important;padding-left: 35px !important;background-color: #f2f2f2 !important;}&#8221;] Documents &nbsp; Rapport\u00a0(A.G. (79) 10) &nbsp; * \u00a0 \u00a0 \u00a0 \u00a0 \u00a0* \u00a0 \u00a0 \u00a0 \u00a0\u00a0 *&nbsp;<a href=\"https:\/\/www.unidroit.org\/fr\/reunions\/assemblee-generale\/79eme-session-rome-zoom-17-decembre-2020\/\">&hellip;<\/a><\/p>\n","protected":false},"author":20,"featured_media":0,"parent":4888,"menu_order":0,"comment_status":"closed","ping_status":"closed","template":"","meta":{"ep_exclude_from_search":false,"footnotes":""},"class_list":["post-4882","page","type-page","status-publish","format-standard","hentry","odd"],"_links":{"self":[{"href":"https:\/\/www.unidroit.org\/fr\/wp-json\/wp\/v2\/pages\/4882","targetHints":{"allow":["GET"]}}],"collection":[{"href":"https:\/\/www.unidroit.org\/fr\/wp-json\/wp\/v2\/pages"}],"about":[{"href":"https:\/\/www.unidroit.org\/fr\/wp-json\/wp\/v2\/types\/page"}],"author":[{"embeddable":true,"href":"https:\/\/www.unidroit.org\/fr\/wp-json\/wp\/v2\/users\/20"}],"replies":[{"embeddable":true,"href":"https:\/\/www.unidroit.org\/fr\/wp-json\/wp\/v2\/comments?post=4882"}],"version-history":[{"count":0,"href":"https:\/\/www.unidroit.org\/fr\/wp-json\/wp\/v2\/pages\/4882\/revisions"}],"up":[{"embeddable":true,"href":"https:\/\/www.unidroit.org\/fr\/wp-json\/wp\/v2\/pages\/4888"}],"wp:attachment":[{"href":"https:\/\/www.unidroit.org\/fr\/wp-json\/wp\/v2\/media?parent=4882"}],"curies":[{"name":"wp","href":"https:\/\/api.w.org\/{rel}","templated":true}]}}