{"id":4885,"date":"2021-07-26T10:52:22","date_gmt":"2021-07-26T10:52:22","guid":{"rendered":"https:\/\/www.unidroit.org\/?page_id=4885"},"modified":"2021-12-07T14:33:29","modified_gmt":"2021-12-07T13:33:29","slug":"reunions","status":"publish","type":"page","link":"https:\/\/www.unidroit.org\/fr\/reunions\/","title":{"rendered":"R\u00e9unions"},"content":{"rendered":"<div class=\"wpb-content-wrapper\"><p>[vc_row][vc_column css=&#8221;.vc_custom_1490017614850{margin-bottom: 30px !important;}&#8221;][vc_custom_heading text=&#8221;R\u00c9UNIONS&#8221; font_container=&#8221;tag:h1|text_align:left&#8221; use_theme_fonts=&#8221;yes&#8221; css=&#8221;.vc_custom_1631007995093{margin-top: 0px !important;margin-bottom: 20px !important;}&#8221;][\/vc_column][\/vc_row][vc_row css=&#8221;.vc_custom_1622455036974{background-color: #f2f2f2 !important;}&#8221;][vc_column css=&#8221;.vc_custom_1490017614850{margin-bottom: 30px !important;}&#8221;][vc_column_text css=&#8221;.vc_custom_1631007643382{padding-right: 35px !important;padding-left: 35px !important;background-color: #f2f2f2 !important;}&#8221;]<\/p>\n<p style=\"text-align: justify;\">Cette page contient des informations et des ressources sur les r\u00e9unions pass\u00e9es et \u00e0 venir des Organes directeurs d&#8217;UNIDROIT, \u00e0 savoir l\u2019<a href=\"https:\/\/www.unidroit.org\/fr\/reunions\/assemblee-generale\/\">Assembl\u00e9e G\u00e9n\u00e9rale<\/a>, le <a href=\"https:\/\/www.unidroit.org\/fr\/reunions\/conseil-de-direction-2-2\/\">Conseil de Direction<\/a> et la <a href=\"https:\/\/www.unidroit.org\/fr\/reunions\/commission-des-finances\/\">Commission des Finances<\/a>.<\/p>\n<p style=\"text-align: justify;\">Le <a href=\"https:\/\/www.unidroit.org\/fr\/reunions\/conseil-de-direction-2-2\/\">Conseil de Direction<\/a> est un organe compos\u00e9 de vingt-cinq experts \u00e9lus par les \u00c9tats membres. Il supervise tous les moyens requis pour atteindre les objectifs statutaires de l\u2019Institut, et en particulier la mise en \u0153uvre du Programme de travail par le Secr\u00e9tariat.<\/p>\n<p style=\"text-align: justify;\">L&#8217;<a href=\"https:\/\/www.unidroit.org\/fr\/reunions\/assemblee-generale\/\">Assembl\u00e9e G\u00e9n\u00e9rale<\/a> est compos\u00e9e de repr\u00e9sentants de tous les \u00c9tats membres d&#8217;UNIDROIT. Elle approuve chaque ann\u00e9e le budget de l&#8217;Institut ainsi que le Programme de travail triennal pr\u00e9par\u00e9 par le Conseil de Direction et nomme tous les cinq ans les membres du Conseil de Direction.<\/p>\n<p style=\"text-align: justify;\">La <a href=\"https:\/\/www.unidroit.org\/fr\/reunions\/commission-des-finances\/\">Commission des Finances<\/a> g\u00e8re les affaires financi\u00e8res de l&#8217;Institut, avec l&#8217;examen des Comptes de l&#8217;Institut, la pr\u00e9paration du Budget, ainsi que l&#8217;examen des questions relatives \u00e0 la s\u00e9curit\u00e9 sociale et aux assurances.<\/p>\n<p>[\/vc_column_text][\/vc_column][\/vc_row][vc_row][vc_column][vc_column_text][\/vc_column_text][\/vc_column][\/vc_row][vc_row equal_height=&#8221;yes&#8221;][vc_column width=&#8221;1\/3&#8243; css=&#8221;.vc_custom_1621244755570{padding-top: 30px !important;padding-right: 35px !important;padding-bottom: 35px !important;padding-left: 35px !important;background-color: #ffffff !important;}&#8221;]\t\t<div class=\"wh-content-box  scp_content_box-d41d8cd98f00b204e9800998ecf8427e\">\n\t\t\t\t\t\t\t\t\t\t\t\t[vc_column_text]<a href=\"https:\/\/www.unidroit.org\/fr\/reunions\/assemblee-generale\/\">Assembl\u00e9e G\u00e9n\u00e9rale<\/a>[\/vc_column_text]\t\t<\/div>\n\t\t[\/vc_column][vc_column width=&#8221;1\/3&#8243; css=&#8221;.vc_custom_1491554183958{padding-top: 30px !important;padding-right: 0px !important;padding-bottom: 30px !important;padding-left: 0px !important;background-color: #ffffff !important;}&#8221; el_class=&#8221;wh-z-index-10&#8243;]\t\t<div class=\"wh-content-box  scp_content_box-d41d8cd98f00b204e9800998ecf8427e\">\n\t\t\t\t\t\t\t\t\t\t\t\t[vc_column_text]<a href=\"https:\/\/www.unidroit.org\/fr\/reunions\/conseil-de-direction-2-2\/\">Conseil de Direction<\/a>[\/vc_column_text]\t\t<\/div>\n\t\t[\/vc_column][vc_column width=&#8221;1\/3&#8243; css=&#8221;.vc_custom_1621245145132{padding-top: 30px !important;padding-right: 35px !important;padding-bottom: 35px !important;padding-left: 20px !important;background-color: #ffffff !important;}&#8221;]\t\t<div class=\"wh-content-box  scp_content_box-d41d8cd98f00b204e9800998ecf8427e\">\n\t\t\t\t\t\t\t\t\t\t\t\t[vc_column_text]<a href=\"https:\/\/www.unidroit.org\/fr\/reunions\/commission-des-finances\/\">Commission des Finances<\/a>[\/vc_column_text]\t\t<\/div>\n\t\t[\/vc_column][\/vc_row][vc_row][vc_column][vc_column_text][\/vc_column_text][\/vc_column][\/vc_row]<\/p>\n<\/div>","protected":false},"excerpt":{"rendered":"<p>[vc_row][vc_column css=&#8221;.vc_custom_1490017614850{margin-bottom: 30px !important;}&#8221;][vc_custom_heading text=&#8221;R\u00c9UNIONS&#8221; font_container=&#8221;tag:h1|text_align:left&#8221; use_theme_fonts=&#8221;yes&#8221; css=&#8221;.vc_custom_1631007995093{margin-top: 0px !important;margin-bottom: 20px !important;}&#8221;][\/vc_column][\/vc_row][vc_row css=&#8221;.vc_custom_1622455036974{background-color: #f2f2f2 !important;}&#8221;][vc_column css=&#8221;.vc_custom_1490017614850{margin-bottom: 30px !important;}&#8221;][vc_column_text css=&#8221;.vc_custom_1631007643382{padding-right: 35px !important;padding-left: 35px !important;background-color: #f2f2f2 !important;}&#8221;] Cette page contient des informations et des ressources sur les r\u00e9unions pass\u00e9es et \u00e0 venir des Organes directeurs d&#8217;UNIDROIT, \u00e0&nbsp;<a href=\"https:\/\/www.unidroit.org\/fr\/reunions\/\">&hellip;<\/a><\/p>\n","protected":false},"author":20,"featured_media":0,"parent":0,"menu_order":0,"comment_status":"closed","ping_status":"closed","template":"","meta":{"ep_exclude_from_search":false,"footnotes":""},"class_list":["post-4885","page","type-page","status-publish","format-standard","hentry","odd"],"_links":{"self":[{"href":"https:\/\/www.unidroit.org\/fr\/wp-json\/wp\/v2\/pages\/4885","targetHints":{"allow":["GET"]}}],"collection":[{"href":"https:\/\/www.unidroit.org\/fr\/wp-json\/wp\/v2\/pages"}],"about":[{"href":"https:\/\/www.unidroit.org\/fr\/wp-json\/wp\/v2\/types\/page"}],"author":[{"embeddable":true,"href":"https:\/\/www.unidroit.org\/fr\/wp-json\/wp\/v2\/users\/20"}],"replies":[{"embeddable":true,"href":"https:\/\/www.unidroit.org\/fr\/wp-json\/wp\/v2\/comments?post=4885"}],"version-history":[{"count":0,"href":"https:\/\/www.unidroit.org\/fr\/wp-json\/wp\/v2\/pages\/4885\/revisions"}],"wp:attachment":[{"href":"https:\/\/www.unidroit.org\/fr\/wp-json\/wp\/v2\/media?parent=4885"}],"curies":[{"name":"wp","href":"https:\/\/api.w.org\/{rel}","templated":true}]}}