{"id":4888,"date":"2021-07-26T10:54:28","date_gmt":"2021-07-26T10:54:28","guid":{"rendered":"https:\/\/www.unidroit.org\/?page_id=4888"},"modified":"2025-11-13T16:34:30","modified_gmt":"2025-11-13T15:34:30","slug":"assemblee-generale","status":"publish","type":"page","link":"https:\/\/www.unidroit.org\/fr\/reunions\/assemblee-generale\/","title":{"rendered":"Assembl\u00e9e G\u00e9n\u00e9rale"},"content":{"rendered":"<div class=\"wpb-content-wrapper\"><p>[vc_row][vc_column css=&#8221;.vc_custom_1490017614850{margin-bottom: 30px !important;}&#8221;][vc_custom_heading text=&#8221;ASSEMBL\u00c9E G\u00c9N\u00c9RALE&#8221; font_container=&#8221;tag:h1|text_align:left&#8221; use_theme_fonts=&#8221;yes&#8221; css=&#8221;.vc_custom_1627296919448{margin-top: 0px !important;margin-bottom: 20px !important;}&#8221;][vc_column_text css=&#8221;.vc_custom_1763048058491{padding-top: 35px !important;padding-right: 35px !important;padding-bottom: 35px !important;padding-left: 35px !important;background-color: #f2f2f2 !important;}&#8221;]<\/p>\n<table class=\"category table table-striped table-bordered table-hover table-noheader\">\n<tbody>\n<tr>\n<td><a href=\"https:\/\/www.unidroit.org\/fr\/reunions\/assemblee-generale\/85eme-session-rome-11-decembre-2025\/\" target=\"_blank\" rel=\"noopener\">85\u00e8me session (Rome, 11 d\u00e9cembre 2025)<\/a><\/td>\n<\/tr>\n<tr>\n<td><a href=\"https:\/\/www.unidroit.org\/fr\/reunions\/assemblee-generale\/84eme-session-rome-12-decembre-2024\/\">84\u00e8me session (Rome, 12 d\u00e9cembre 2024)<\/a><\/td>\n<\/tr>\n<tr>\n<td><a href=\"https:\/\/www.unidroit.org\/fr\/reunions\/assemblee-generale\/83eme-session-rome-11-mars-2024\/\">83\u00e8me session (extraordinaire)\u00a0 (Rome, 11 mars 2024)<\/a><\/td>\n<\/tr>\n<tr>\n<td><a href=\"https:\/\/www.unidroit.org\/fr\/reunions\/assemblee-generale\/82eme-session-rome-14-decembre-2023\/\">82\u00e8me session (Rome, 14 d\u00e9cembre 2023)<\/a><\/td>\n<\/tr>\n<tr>\n<td><a href=\"https:\/\/www.unidroit.org\/fr\/reunions\/assemblee-generale\/81eme-session-rome-15-decembre-2022\/\">81\u00e8me session (Rome, 15 d\u00e9cembre 2022)<\/a><\/td>\n<\/tr>\n<tr>\n<td><a href=\"https:\/\/www.unidroit.org\/fr\/reunions\/assemblee-generale\/80eme-session-rome-9-decembre-2021\/\">80\u00e8me session (Rome, 9 d\u00e9cembre 2021)<\/a><\/td>\n<\/tr>\n<tr class=\"cat-list-row0\">\n<td class=\"list-title\" headers=\"categorylist_header_title\"><a href=\"https:\/\/www.unidroit.org\/fr\/reunions\/assemblee-generale\/79eme-session-rome-zoom-17-decembre-2020\/\">79\u00e8me session (Rome\/Zoom, 17 d\u00e9cembre 2020)<\/a><\/td>\n<\/tr>\n<tr class=\"cat-list-row1\">\n<td class=\"list-title\" headers=\"categorylist_header_title\"><a href=\"https:\/\/www.unidroit.org\/fr\/reunions\/assemblee-generale\/78eme-session-rome-12-decembre-2019\/\">78\u00e8me session (Rome, 12 d\u00e9cembre 2019)<\/a><\/td>\n<\/tr>\n<tr class=\"cat-list-row0\">\n<td class=\"list-title\" headers=\"categorylist_header_title\"><a href=\"https:\/\/www.unidroit.org\/fr\/reunions\/assemblee-generale\/77eme-session-rome-6-decembre-2018\/\">77\u00e8me session (Rome, 6 d\u00e9cembre 2018)<\/a><\/td>\n<\/tr>\n<tr class=\"cat-list-row1\">\n<td class=\"list-title\" headers=\"categorylist_header_title\"><a href=\"https:\/\/www.unidroit.org\/fr\/reunions\/assemblee-generale\/76eme-session-rome-7-decembre-2017\/\">76\u00e8me session (Rome, 7 d\u00e9cembre 2017)<\/a><\/td>\n<\/tr>\n<tr class=\"cat-list-row0\">\n<td class=\"list-title\" headers=\"categorylist_header_title\"><a href=\"https:\/\/www.unidroit.org\/fr\/reunions\/assemblee-generale\/75eme-session-rome-1er-decembre-2016\/\">75\u00e8me session (Rome, 1er d\u00e9cembre 2016)<\/a><\/td>\n<\/tr>\n<tr class=\"cat-list-row1\">\n<td class=\"list-title\" headers=\"categorylist_header_title\"><a href=\"https:\/\/www.unidroit.org\/fr\/reunions\/assemblee-generale\/74eme-session-rome-10-decembre-2015\/\">74\u00e8me session (Rome, 10 d\u00e9cembre 2015)<\/a><\/td>\n<\/tr>\n<tr class=\"cat-list-row0\">\n<td class=\"list-title\" headers=\"categorylist_header_title\"><a href=\"https:\/\/www.unidroit.org\/fr\/reunions\/assemblee-generale\/73eme-session-rome-11-decembre-2014\/\">73\u00e8me session (Rome, 11 d\u00e9cembre 2014)<\/a><\/td>\n<\/tr>\n<tr class=\"cat-list-row1\">\n<td class=\"list-title\" headers=\"categorylist_header_title\"><a href=\"https:\/\/www.unidroit.org\/fr\/reunions\/assemblee-generale\/72eme-session-rome-5-decembre-2013\/\">72\u00e8me session (Rome, 5 d\u00e9cembre 2013)<\/a><\/td>\n<\/tr>\n<tr class=\"cat-list-row0\">\n<td class=\"list-title\" headers=\"categorylist_header_title\"><a href=\"https:\/\/www.unidroit.org\/fr\/reunions\/assemblee-generale\/71eme-session-rome-29-novembre-2012\/\">71\u00e8me session (Rome, 29 novembre 2012)<\/a><\/td>\n<\/tr>\n<tr class=\"cat-list-row1\">\n<td class=\"list-title\" headers=\"categorylist_header_title\"><a href=\"https:\/\/www.unidroit.org\/fr\/reunions\/assemblee-generale\/70eme-session-rome-7-9-mai-2012-91eme-session-du-conseil-de-direction-reunion-conjointe\/\">70\u00e8me session (Rome, 7-9 mai 2012) &#8211; 91\u00e8me session du Conseil de Direction &#8211; R\u00e9union conjointe<\/a><\/td>\n<\/tr>\n<tr class=\"cat-list-row0\">\n<td class=\"list-title\" headers=\"categorylist_header_title\"><a href=\"https:\/\/www.unidroit.org\/fr\/reunions\/assemblee-generale\/69eme-session-rome-1er-decembre-2011\/\">69\u00e8me session (Rome, 1er d\u00e9cembre 2011)<\/a><\/td>\n<\/tr>\n<tr class=\"cat-list-row1\">\n<td class=\"list-title\" headers=\"categorylist_header_title\"><a href=\"https:\/\/www.unidroit.org\/fr\/reunions\/assemblee-generale\/68eme-session-rome-22-juin-2011\/\">68\u00e8me session (Rome, 22 juin 2011)<\/a><\/td>\n<\/tr>\n<tr class=\"cat-list-row0\">\n<td class=\"list-title\" headers=\"categorylist_header_title\"><a href=\"https:\/\/www.unidroit.org\/fr\/reunions\/assemblee-generale\/67eme-session-rome-1er-decembre-2010\/\">67\u00e8me session (Rome, 1er d\u00e9cembre 2010)<\/a><\/td>\n<\/tr>\n<tr class=\"cat-list-row1\">\n<td class=\"list-title\" headers=\"categorylist_header_title\"><a href=\"https:\/\/www.unidroit.org\/fr\/reunions\/assemblee-generale\/66eme-session-reunion-speciale-rome-23-juin-2010\/\">66\u00e8me session &#8211; R\u00e9union sp\u00e9ciale (Rome, 23 juin 2010)<\/a><\/td>\n<\/tr>\n<tr class=\"cat-list-row0\">\n<td class=\"list-title\" headers=\"categorylist_header_title\"><a href=\"https:\/\/www.unidroit.org\/fr\/reunions\/assemblee-generale\/65eme-session-rome-2-decembre-2009\/\">65\u00e8me session (Rome, 2 d\u00e9cembre 2009)<\/a><\/td>\n<\/tr>\n<tr class=\"cat-list-row1\">\n<td class=\"list-title\" headers=\"categorylist_header_title\"><a href=\"https:\/\/www.unidroit.org\/fr\/reunions\/assemblee-generale\/64eme-session-reunion-speciale-rome-18-juin-2009\/\">64\u00e8me session &#8211; R\u00e9union sp\u00e9ciale (Rome, 18 juin 2009)<\/a><\/td>\n<\/tr>\n<tr class=\"cat-list-row0\">\n<td class=\"list-title\" headers=\"categorylist_header_title\"><a href=\"https:\/\/www.unidroit.org\/fr\/reunions\/assemblee-generale\/63eme-session-rome-11-decembre-2008\/\">63\u00e8me session (Rome, 11 d\u00e9cembre 2008)<\/a><\/td>\n<\/tr>\n<tr class=\"cat-list-row1\">\n<td class=\"list-title\" headers=\"categorylist_header_title\"><a href=\"https:\/\/www.unidroit.org\/fr\/reunions\/assemblee-generale\/62eme-session-rome-10-13-novembre-2008-comite-dexperts-gouvernementaux-dunidroit-en-vue-de-la-finalisation-et-de-ladoption-dun-projet-de-loi-type-sur-la-location-leasing-session-extraordi\/\">62\u00e8me session (Rome, 10-13 novembre 2008) &#8211; Comit\u00e9 d&#8217;experts gouvernementaux d&#8217;UNIDROIT en vue de la finalisation et de l&#8217;adoption d&#8217;un projet de Loi type sur la location (Leasing) &#8211; Session extraordinaire<\/a><\/td>\n<\/tr>\n<tr class=\"cat-list-row0\">\n<td class=\"list-title\" headers=\"categorylist_header_title\"><a href=\"https:\/\/www.unidroit.org\/fr\/reunions\/assemblee-generale\/61eme-session-rome-29-novembre-2007\/\">61\u00e8me session (Rome, 29 novembre 2007)<\/a><\/td>\n<\/tr>\n<tr class=\"cat-list-row1\">\n<td class=\"list-title\" headers=\"categorylist_header_title\"><a href=\"https:\/\/www.unidroit.org\/fr\/reunions\/assemblee-generale\/60eme-session-rome-1er-decembre-2006\/\">60\u00e8me session (Rome, 1er d\u00e9cembre 2006)<\/a><\/td>\n<\/tr>\n<tr class=\"cat-list-row0\">\n<td class=\"list-title\" headers=\"categorylist_header_title\"><a href=\"https:\/\/www.unidroit.org\/fr\/reunions\/assemblee-generale\/59eme-session-rome-1er-decembre-2005\/\">59\u00e8me session (Rome, 1er d\u00e9cembre 2005)<\/a><\/td>\n<\/tr>\n<\/tbody>\n<\/table>\n<p>[\/vc_column_text][\/vc_column][\/vc_row]<\/p>\n<\/div>","protected":false},"excerpt":{"rendered":"<p>[vc_row][vc_column css=&#8221;.vc_custom_1490017614850{margin-bottom: 30px !important;}&#8221;][vc_custom_heading text=&#8221;ASSEMBL\u00c9E G\u00c9N\u00c9RALE&#8221; font_container=&#8221;tag:h1|text_align:left&#8221; use_theme_fonts=&#8221;yes&#8221; css=&#8221;.vc_custom_1627296919448{margin-top: 0px !important;margin-bottom: 20px !important;}&#8221;][vc_column_text css=&#8221;.vc_custom_1763048058491{padding-top: 35px !important;padding-right: 35px !important;padding-bottom: 35px !important;padding-left: 35px !important;background-color: #f2f2f2 !important;}&#8221;] 85\u00e8me session (Rome, 11 d\u00e9cembre 2025) 84\u00e8me session (Rome, 12 d\u00e9cembre 2024) 83\u00e8me session (extraordinaire)\u00a0 (Rome, 11 mars 2024) 82\u00e8me session&nbsp;<a href=\"https:\/\/www.unidroit.org\/fr\/reunions\/assemblee-generale\/\">&hellip;<\/a><\/p>\n","protected":false},"author":20,"featured_media":0,"parent":4885,"menu_order":0,"comment_status":"closed","ping_status":"closed","template":"","meta":{"ep_exclude_from_search":false,"footnotes":""},"class_list":["post-4888","page","type-page","status-publish","format-standard","hentry","odd"],"_links":{"self":[{"href":"https:\/\/www.unidroit.org\/fr\/wp-json\/wp\/v2\/pages\/4888","targetHints":{"allow":["GET"]}}],"collection":[{"href":"https:\/\/www.unidroit.org\/fr\/wp-json\/wp\/v2\/pages"}],"about":[{"href":"https:\/\/www.unidroit.org\/fr\/wp-json\/wp\/v2\/types\/page"}],"author":[{"embeddable":true,"href":"https:\/\/www.unidroit.org\/fr\/wp-json\/wp\/v2\/users\/20"}],"replies":[{"embeddable":true,"href":"https:\/\/www.unidroit.org\/fr\/wp-json\/wp\/v2\/comments?post=4888"}],"version-history":[{"count":3,"href":"https:\/\/www.unidroit.org\/fr\/wp-json\/wp\/v2\/pages\/4888\/revisions"}],"predecessor-version":[{"id":36546,"href":"https:\/\/www.unidroit.org\/fr\/wp-json\/wp\/v2\/pages\/4888\/revisions\/36546"}],"up":[{"embeddable":true,"href":"https:\/\/www.unidroit.org\/fr\/wp-json\/wp\/v2\/pages\/4885"}],"wp:attachment":[{"href":"https:\/\/www.unidroit.org\/fr\/wp-json\/wp\/v2\/media?parent=4888"}],"curies":[{"name":"wp","href":"https:\/\/api.w.org\/{rel}","templated":true}]}}