{"id":4901,"date":"2021-07-27T07:58:00","date_gmt":"2021-07-27T07:58:00","guid":{"rendered":"https:\/\/www.unidroit.org\/?page_id=4901"},"modified":"2021-07-27T07:58:02","modified_gmt":"2021-07-27T07:58:02","slug":"75eme-session-rome-1er-decembre-2016","status":"publish","type":"page","link":"https:\/\/www.unidroit.org\/fr\/reunions\/assemblee-generale\/75eme-session-rome-1er-decembre-2016\/","title":{"rendered":"75\u00c8ME SESSION (ROME, 1ER D\u00c9CEMBRE 2016)"},"content":{"rendered":"<div class=\"wpb-content-wrapper\"><p>[vc_row][vc_column css=&#8221;.vc_custom_1490017614850{margin-bottom: 30px !important;}&#8221;][vc_custom_heading text=&#8221;75\u00c8ME SESSION (ROME, 1ER D\u00c9CEMBRE 2016)<br \/>\n&#8221; font_container=&#8221;tag:h1|text_align:left&#8221; use_theme_fonts=&#8221;yes&#8221; css=&#8221;.vc_custom_1627372717717{margin-top: 0px !important;margin-bottom: 20px !important;}&#8221;][vc_column_text css=&#8221;.vc_custom_1627372738059{padding-top: 35px !important;padding-right: 35px !important;padding-bottom: 35px !important;padding-left: 35px !important;background-color: #f2f2f2 !important;}&#8221;]<strong>Documents de la 75<sup>\u00e8me<\/sup>\u00a0session de l&#8217;Assembl\u00e9e G\u00e9n\u00e9rale d&#8217;UNIDROIT<br \/>\n(Rome, 1 d\u00e9cembre 2016)<br \/>\n<\/strong><\/p>\n<p>&nbsp;<\/p>\n<p>&nbsp;<\/p>\n<p>&nbsp;<\/p>\n<p><a href=\"https:\/\/www.unidroit.org\/french\/governments\/assemblydocuments\/2016-75session\/ag75-08-f.pdf\">Rapport\u00a0(A.G. (75) 8)<\/a><\/p>\n<p>&nbsp;<\/p>\n<p>*<\/p>\n<p>* \u00a0 \u00a0 \u00a0 \u00a0 \u00a0*<\/p>\n<p>&nbsp;<\/p>\n<p>&nbsp;<\/p>\n<p>1. Adoption de l&#8217;ordre du jour\u00a0<a href=\"https:\/\/www.unidroit.org\/french\/governments\/assemblydocuments\/2016-75session\/ag75-01-f.pdf\">(A.G. (75) 1)<\/a><\/p>\n<p>&nbsp;<\/p>\n<p>2. Expos\u00e9 sur l\u2019activit\u00e9 de l\u2019Organisation en 2016\u00a0<a href=\"https:\/\/www.unidroit.org\/english\/governments\/assemblydocuments\/2016-75session\/ag75-02-e.pdf\">(A.G. (75) 2)<\/a><\/p>\n<p>&nbsp;<\/p>\n<p>3. Adoption du Programme de travail de l\u2019Organisation pour la p\u00e9riode triennale<br \/>\n2017\u20132019\u00a0<a href=\"https:\/\/www.unidroit.org\/french\/governments\/assemblydocuments\/2016-75session\/ag75-03-f.pdf\">(A.G. (75) 3)<\/a><\/p>\n<p>&nbsp;<\/p>\n<p>4. Modifications d\u00e9finitives du Budget et approbation des Comptes pour l\u2019exercice<br \/>\nfinancier 2015\u00a0<a href=\"https:\/\/www.unidroit.org\/french\/governments\/assemblydocuments\/2016-75session\/ag75-04-f.pdf\">(A.G. (75) 4)<\/a><\/p>\n<p>&nbsp;<\/p>\n<p>5. Ajustements au Budget de l\u2019exercice financier 2016\u00a0<a href=\"https:\/\/www.unidroit.org\/french\/governments\/assemblydocuments\/2016-75session\/ag75-05-f.pdf\">(A.G. (75) 5)<\/a><\/p>\n<p>&nbsp;<\/p>\n<p>6. Arri\u00e9r\u00e9s de contributions des Etats membres\u00a0<a href=\"https:\/\/www.unidroit.org\/french\/governments\/assemblydocuments\/2016-75session\/ag75-06-f.pdf\">(A.G. (75) 6)<\/a><\/p>\n<p>&nbsp;<\/p>\n<p>7. Approbation du projet de Budget pour 2017 et fixation des contributions des Etats<br \/>\nmembres pour cet exercice financier\u00a0<a href=\"https:\/\/www.unidroit.org\/french\/governments\/assemblydocuments\/2016-75session\/ag75-07-f.pdf\">(A.G. (75) 7)<\/a><\/p>\n<p>&nbsp;<\/p>\n<p>8. Divers.[\/vc_column_text][\/vc_column][\/vc_row]<\/p>\n<\/div>","protected":false},"excerpt":{"rendered":"<p>[vc_row][vc_column css=&#8221;.vc_custom_1490017614850{margin-bottom: 30px !important;}&#8221;][vc_custom_heading text=&#8221;75\u00c8ME SESSION (ROME, 1ER D\u00c9CEMBRE 2016) &#8221; font_container=&#8221;tag:h1|text_align:left&#8221; use_theme_fonts=&#8221;yes&#8221; css=&#8221;.vc_custom_1627372717717{margin-top: 0px !important;margin-bottom: 20px !important;}&#8221;][vc_column_text css=&#8221;.vc_custom_1627372738059{padding-top: 35px !important;padding-right: 35px !important;padding-bottom: 35px !important;padding-left: 35px !important;background-color: #f2f2f2 !important;}&#8221;]Documents de la 75\u00e8me\u00a0session de l&#8217;Assembl\u00e9e G\u00e9n\u00e9rale d&#8217;UNIDROIT (Rome, 1 d\u00e9cembre 2016) &nbsp; &nbsp; &nbsp; Rapport\u00a0(A.G. (75)&nbsp;<a href=\"https:\/\/www.unidroit.org\/fr\/reunions\/assemblee-generale\/75eme-session-rome-1er-decembre-2016\/\">&hellip;<\/a><\/p>\n","protected":false},"author":20,"featured_media":0,"parent":4888,"menu_order":0,"comment_status":"closed","ping_status":"closed","template":"","meta":{"ep_exclude_from_search":false,"footnotes":""},"class_list":["post-4901","page","type-page","status-publish","format-standard","hentry","odd"],"_links":{"self":[{"href":"https:\/\/www.unidroit.org\/fr\/wp-json\/wp\/v2\/pages\/4901","targetHints":{"allow":["GET"]}}],"collection":[{"href":"https:\/\/www.unidroit.org\/fr\/wp-json\/wp\/v2\/pages"}],"about":[{"href":"https:\/\/www.unidroit.org\/fr\/wp-json\/wp\/v2\/types\/page"}],"author":[{"embeddable":true,"href":"https:\/\/www.unidroit.org\/fr\/wp-json\/wp\/v2\/users\/20"}],"replies":[{"embeddable":true,"href":"https:\/\/www.unidroit.org\/fr\/wp-json\/wp\/v2\/comments?post=4901"}],"version-history":[{"count":0,"href":"https:\/\/www.unidroit.org\/fr\/wp-json\/wp\/v2\/pages\/4901\/revisions"}],"up":[{"embeddable":true,"href":"https:\/\/www.unidroit.org\/fr\/wp-json\/wp\/v2\/pages\/4888"}],"wp:attachment":[{"href":"https:\/\/www.unidroit.org\/fr\/wp-json\/wp\/v2\/media?parent=4901"}],"curies":[{"name":"wp","href":"https:\/\/api.w.org\/{rel}","templated":true}]}}