{"id":4904,"date":"2021-07-27T07:59:24","date_gmt":"2021-07-27T07:59:24","guid":{"rendered":"https:\/\/www.unidroit.org\/?page_id=4904"},"modified":"2021-07-27T07:59:26","modified_gmt":"2021-07-27T07:59:26","slug":"74eme-session-rome-10-decembre-2015","status":"publish","type":"page","link":"https:\/\/www.unidroit.org\/fr\/reunions\/assemblee-generale\/74eme-session-rome-10-decembre-2015\/","title":{"rendered":"74\u00c8ME SESSION (ROME, 10 D\u00c9CEMBRE 2015)"},"content":{"rendered":"<div class=\"wpb-content-wrapper\"><p>[vc_row][vc_column css=&#8221;.vc_custom_1490017614850{margin-bottom: 30px !important;}&#8221;][vc_custom_heading text=&#8221;74\u00c8ME SESSION (ROME, 10 D\u00c9CEMBRE 2015)<br \/>\n&#8221; font_container=&#8221;tag:h1|text_align:left&#8221; use_theme_fonts=&#8221;yes&#8221; css=&#8221;.vc_custom_1627372809061{margin-top: 0px !important;margin-bottom: 20px !important;}&#8221;][vc_column_text css=&#8221;.vc_custom_1627372823157{padding-top: 35px !important;padding-right: 35px !important;padding-bottom: 35px !important;padding-left: 35px !important;background-color: #f2f2f2 !important;}&#8221;]<strong>Documents de la 74<sup>\u00e8me<\/sup>\u00a0session de l&#8217;Assembl\u00e9e G\u00e9n\u00e9rale d&#8217;UNIDROIT<br \/>\n(Rome, 10 d\u00e9cembre 2015)<br \/>\n<\/strong><\/p>\n<p>&nbsp;<\/p>\n<p>&nbsp;<\/p>\n<p><a href=\"https:\/\/www.unidroit.org\/french\/governments\/assemblydocuments\/2015-74session\/ag74-07-f.pdf\">Rapport (A.G. (74) 7)<\/a><\/p>\n<p>&nbsp;<\/p>\n<p>*<\/p>\n<p>* \u00a0 \u00a0 \u00a0 \u00a0 \u00a0*<\/p>\n<p>&nbsp;<\/p>\n<p>&nbsp;<\/p>\n<p>1. Ouverture de la session par le Pr\u00e9sident d\u2019UNIDROIT et par le Pr\u00e9sident de l\u2019Assembl\u00e9e G\u00e9n\u00e9rale pour l\u2019ann\u00e9e 2014-2015<\/p>\n<p>&nbsp;<\/p>\n<p>2. Nomination du Pr\u00e9sident de l\u2019Assembl\u00e9e G\u00e9n\u00e9rale pour l\u2019ann\u00e9e 2015-2016<\/p>\n<p>&nbsp;<\/p>\n<p>3. Adoption de l&#8217;ordre du jour\u00a0<a href=\"https:\/\/www.unidroit.org\/french\/governments\/assemblydocuments\/2015-74session\/ag74-01rev-01-f.pdf\">(A.G. (74) 1 rev.1)<\/a><\/p>\n<p>&nbsp;<\/p>\n<p>4. Expos\u00e9 sur l\u2019activit\u00e9 de l\u2019Organisation en 2015\u00a0<a href=\"https:\/\/www.unidroit.org\/french\/governments\/assemblydocuments\/2015-74session\/ag74-02-f.pdf\">(A.G. (74) 2)<\/a><\/p>\n<p>&nbsp;<\/p>\n<p>5. Rapport de la Commission des finances \u2013 78\u00e8me session\u00a0<a href=\"https:\/\/www.unidroit.org\/french\/governments\/financecommitteedocuments\/2015-78session\/fc-78-08-f.pdf\">(F.C. (78) 8)<\/a><\/p>\n<p>&nbsp;<\/p>\n<p>6. Modifications d\u00e9finitives du Budget et approbation des Comptes pour l\u2019exercice financier 2015\u00a0<a href=\"https:\/\/www.unidroit.org\/french\/governments\/assemblydocuments\/2015-74session\/ag74-03-f.pdf\">(A.G. (74) 3)<\/a><\/p>\n<p>&nbsp;<\/p>\n<p>7. Ajustements au Budget de l\u2019exercice financier 2015\u00a0<a href=\"https:\/\/www.unidroit.org\/french\/governments\/assemblydocuments\/2015-74session\/ag74-04-f.pdf\">(A.G. (74) 4)<\/a><\/p>\n<p>&nbsp;<\/p>\n<p>8. Arri\u00e9r\u00e9s de contributions des Etats membres\u00a0<a href=\"https:\/\/www.unidroit.org\/french\/governments\/assemblydocuments\/2015-74session\/ag74-05-f.pdf\">(A.G. (74) 5)<\/a><\/p>\n<p>&nbsp;<\/p>\n<p>9. Approbation du projet de Budget pour 2016 et fixation des contributions des Etats membres pour cet exercice financier\u00a0<a href=\"https:\/\/www.unidroit.org\/french\/governments\/assemblydocuments\/2015-74session\/ag74-06-f.pdf\">(A.G. (74) 6)<\/a><\/p>\n<p>&nbsp;<\/p>\n<p>10. Divers[\/vc_column_text][\/vc_column][\/vc_row]<\/p>\n<\/div>","protected":false},"excerpt":{"rendered":"<p>[vc_row][vc_column css=&#8221;.vc_custom_1490017614850{margin-bottom: 30px !important;}&#8221;][vc_custom_heading text=&#8221;74\u00c8ME SESSION (ROME, 10 D\u00c9CEMBRE 2015) &#8221; font_container=&#8221;tag:h1|text_align:left&#8221; use_theme_fonts=&#8221;yes&#8221; css=&#8221;.vc_custom_1627372809061{margin-top: 0px !important;margin-bottom: 20px !important;}&#8221;][vc_column_text css=&#8221;.vc_custom_1627372823157{padding-top: 35px !important;padding-right: 35px !important;padding-bottom: 35px !important;padding-left: 35px !important;background-color: #f2f2f2 !important;}&#8221;]Documents de la 74\u00e8me\u00a0session de l&#8217;Assembl\u00e9e G\u00e9n\u00e9rale d&#8217;UNIDROIT (Rome, 10 d\u00e9cembre 2015) &nbsp; &nbsp; Rapport (A.G. (74)&nbsp;<a href=\"https:\/\/www.unidroit.org\/fr\/reunions\/assemblee-generale\/74eme-session-rome-10-decembre-2015\/\">&hellip;<\/a><\/p>\n","protected":false},"author":20,"featured_media":0,"parent":4888,"menu_order":0,"comment_status":"closed","ping_status":"closed","template":"","meta":{"ep_exclude_from_search":false,"footnotes":""},"class_list":["post-4904","page","type-page","status-publish","format-standard","hentry","odd"],"_links":{"self":[{"href":"https:\/\/www.unidroit.org\/fr\/wp-json\/wp\/v2\/pages\/4904","targetHints":{"allow":["GET"]}}],"collection":[{"href":"https:\/\/www.unidroit.org\/fr\/wp-json\/wp\/v2\/pages"}],"about":[{"href":"https:\/\/www.unidroit.org\/fr\/wp-json\/wp\/v2\/types\/page"}],"author":[{"embeddable":true,"href":"https:\/\/www.unidroit.org\/fr\/wp-json\/wp\/v2\/users\/20"}],"replies":[{"embeddable":true,"href":"https:\/\/www.unidroit.org\/fr\/wp-json\/wp\/v2\/comments?post=4904"}],"version-history":[{"count":0,"href":"https:\/\/www.unidroit.org\/fr\/wp-json\/wp\/v2\/pages\/4904\/revisions"}],"up":[{"embeddable":true,"href":"https:\/\/www.unidroit.org\/fr\/wp-json\/wp\/v2\/pages\/4888"}],"wp:attachment":[{"href":"https:\/\/www.unidroit.org\/fr\/wp-json\/wp\/v2\/media?parent=4904"}],"curies":[{"name":"wp","href":"https:\/\/api.w.org\/{rel}","templated":true}]}}