{"id":4910,"date":"2021-07-27T08:04:04","date_gmt":"2021-07-27T08:04:04","guid":{"rendered":"https:\/\/www.unidroit.org\/?page_id=4910"},"modified":"2021-07-27T08:04:18","modified_gmt":"2021-07-27T08:04:18","slug":"72eme-session-rome-5-decembre-2013","status":"publish","type":"page","link":"https:\/\/www.unidroit.org\/fr\/reunions\/assemblee-generale\/72eme-session-rome-5-decembre-2013\/","title":{"rendered":"72\u00c8ME SESSION (ROME, 5 D\u00c9CEMBRE 2013)"},"content":{"rendered":"<div class=\"wpb-content-wrapper\"><p>[vc_row][vc_column css=&#8221;.vc_custom_1490017614850{margin-bottom: 30px !important;}&#8221;][vc_custom_heading text=&#8221;72\u00c8ME SESSION (ROME, 5 D\u00c9CEMBRE 2013)<br \/>\n&#8221; font_container=&#8221;tag:h1|text_align:left&#8221; use_theme_fonts=&#8221;yes&#8221; css=&#8221;.vc_custom_1627373087188{margin-top: 0px !important;margin-bottom: 20px !important;}&#8221;][vc_column_text css=&#8221;.vc_custom_1627373102908{padding-top: 35px !important;padding-right: 35px !important;padding-bottom: 35px !important;padding-left: 35px !important;background-color: #f2f2f2 !important;}&#8221;]<strong>Documents de la 72<sup>\u00e8me<\/sup>\u00a0session de l&#8217;Assembl\u00e9e G\u00e9n\u00e9rale d&#8217;UNIDROIT<br \/>\n(Rome, 5 d\u00e9cembre 2013)<br \/>\n<\/strong><\/p>\n<p>&nbsp;<\/p>\n<p>&nbsp;<\/p>\n<p><a href=\"https:\/\/www.unidroit.org\/french\/governments\/assemblydocuments\/2013-72session\/ag72-09-f.pdf\">Rapport (A.G. (72) 9)<\/a><\/p>\n<p>&nbsp;<\/p>\n<p>*<\/p>\n<p>&nbsp;<\/p>\n<p>* \u00a0 \u00a0 \u00a0 \u00a0 \u00a0*<\/p>\n<p>&nbsp;<\/p>\n<p>1. Ouverture de la session par le Pr\u00e9sident d\u2019UNIDROIT et par le Pr\u00e9sident de l\u2019Assembl\u00e9e G\u00e9n\u00e9rale pour l\u2019ann\u00e9e 2012-2013<\/p>\n<p>&nbsp;<\/p>\n<p>&nbsp;<\/p>\n<p>2. Nomination du Pr\u00e9sident de l\u2019Assembl\u00e9e G\u00e9n\u00e9rale pour l\u2019ann\u00e9e 2013-2014<\/p>\n<p>&nbsp;<\/p>\n<p>&nbsp;<\/p>\n<p>3.\u00a0<a href=\"https:\/\/www.unidroit.org\/french\/governments\/assemblydocuments\/2013-72session\/ag72-01rev-f.pdf\">Ordre du jour annot\u00e9 r\u00e9vis\u00e9 (A.G. (72) 1 r\u00e9v.)<\/a><\/p>\n<p>&nbsp;<\/p>\n<p>&nbsp;<\/p>\n<p>4. Election des membres du Conseil de Direction pour la p\u00e9riode 2014 \/ 2018\u00a0(A.G. (72) 2)<\/p>\n<p>&nbsp;<\/p>\n<p>&nbsp;<\/p>\n<p>5.\u00a0<a href=\"https:\/\/www.unidroit.org\/french\/governments\/assemblydocuments\/2013-72session\/ag72-03-f.pdf\">Expos\u00e9 sur l\u2019activit\u00e9 de l\u2019Organisation en 2013 (A.G. (72) 3)<\/a><\/p>\n<p>&nbsp;<\/p>\n<p>[documents connexes:<\/p>\n<p>&#8211;\u00a0<a href=\"https:\/\/www.unidroit.org\/french\/governments\/assemblydocuments\/2012-71session\/ag71-10-f.pdf\">UNIDROIT 2012 &#8211; A.G. (71) 10<\/a><\/p>\n<p><a href=\"https:\/\/www.unidroit.org\/french\/governments\/assemblydocuments\/2013-72session\/ag72-06-f.pdf\">&#8211;\u00a0UNIDROIT 2013 &#8211; A.G. (72) 6<\/a><\/p>\n<p>&nbsp;<\/p>\n<p>&nbsp;<\/p>\n<p>6.\u00a0<a href=\"https:\/\/www.unidroit.org\/french\/governments\/assemblydocuments\/2013-72session\/ag72-04-f.pdf\">Adoption du Programme de travail de l\u2019Organisation pour la p\u00e9riode triennale 2014 \u2013\u00a02016 (A.G. (72) 4)<\/a><\/p>\n<p>&nbsp;<\/p>\n<p>[documents connexes:\u00a0<a href=\"https:\/\/www.unidroit.org\/french\/governments\/councildocuments\/2013session\/cd92-13-f.pdf\">UNIDROIT 2013 &#8211; C.D. (92) 13<\/a><\/p>\n<p>&#8211;\u00a0<a href=\"https:\/\/www.unidroit.org\/french\/governments\/councildocuments\/2013session\/cd92-13add-f.pdf\">UNIDROIT 2013 &#8211; C.D. (92) 3 Add.<\/a><\/p>\n<p>&#8211;\u00a0<a href=\"https:\/\/www.unidroit.org\/french\/governments\/councildocuments\/2013session\/cd92-13add-02-f.pdf\">UNIDROIT 2013 &#8211; C.D. (92) Add. 2<\/a><\/p>\n<p>&#8211;\u00a0<a href=\"https:\/\/www.unidroit.org\/french\/governments\/councildocuments\/2013session\/cd92-13add-03-f.pdf\">UNIDROIT 2013 &#8211; C.D. (92) Add. 3<\/a><\/p>\n<p>&#8211;\u00a0<a href=\"https:\/\/www.unidroit.org\/french\/governments\/assemblydocuments\/2013-72session\/ag72-03-f.pdf\">UNIDROIT 2013 &#8211; A.G. (72) 3<\/a><\/p>\n<p>&nbsp;<\/p>\n<p>&nbsp;<\/p>\n<p>7.\u00a0<a href=\"https:\/\/www.unidroit.org\/french\/governments\/assemblydocuments\/2013-72session\/ag72-05-f.pdf\">Modifications d\u00e9finitives du Budget et approbation des Comptes pour l\u2019exercice financier 2012\u00a0(A.G. (72) 5)<\/a><\/p>\n<p>&nbsp;<\/p>\n<p>[document connexe:\u00a0<a href=\"https:\/\/www.unidroit.org\/french\/governments\/assemblydocuments\/2013-72session\/comptes2012.pdf\">UNIDROIT 2013 &#8211; Comptes des recettes et des d\u00e9penses pour l\u2019exercice financier 2012<\/a><\/p>\n<p>&nbsp;<\/p>\n<p>&nbsp;<\/p>\n<p>8.\u00a0<a href=\"https:\/\/www.unidroit.org\/french\/governments\/assemblydocuments\/2013-72session\/ag72-06-f.pdf\">Ajustements au Budget de l\u2019exercice financier 2013 (A.G. (72) 6)<br \/>\n<\/a><\/p>\n<p>&nbsp;<\/p>\n<p>[documents connexes:\u00a0<a href=\"https:\/\/www.unidroit.org\/french\/governments\/assemblydocuments\/2013-72session\/budget2013-f.pdf\">UNIDROIT 2012 &#8211; Budget 2013<\/a><\/p>\n<p>&#8211;\u00a0<a href=\"https:\/\/www.unidroit.org\/french\/governments\/assemblydocuments\/2013-72session\/comptes2012.pdf\">UNIDROIT 2013 &#8211; Comptes des recettes et des d\u00e9penses pour l\u2019exercice financier 2012<\/a><\/p>\n<p>&#8211;\u00a0<a href=\"https:\/\/www.unidroit.org\/french\/governments\/financecommitteedocuments\/2013-74session\/fc-74-03-f.pdf\">UNIDROIT 2013 &#8211; F.C. (74) 3<\/a><\/p>\n<p>&nbsp;<\/p>\n<p>9.\u00a0<a href=\"https:\/\/www.unidroit.org\/french\/governments\/assemblydocuments\/2013-72session\/ag72-07rev-f.pdf\">Arri\u00e9r\u00e9s de contributions des Etats membres\u00a0(A.G. (72) 7 r\u00e9v.)<\/a><\/p>\n<p>&nbsp;<\/p>\n<p>&nbsp;<\/p>\n<p>10.\u00a0<a href=\"https:\/\/www.unidroit.org\/french\/governments\/assemblydocuments\/2013-72session\/ag72-08-f.pdf\">Approbation du projet de Budget pour 2014 et fixation des contributions des Etats membres pour cet exercice financier (A.G. (72) 8)<\/a><\/p>\n<p>&nbsp;<\/p>\n<p>&nbsp;<\/p>\n<p>11. Divers[\/vc_column_text][\/vc_column][\/vc_row]<\/p>\n<\/div>","protected":false},"excerpt":{"rendered":"<p>[vc_row][vc_column css=&#8221;.vc_custom_1490017614850{margin-bottom: 30px !important;}&#8221;][vc_custom_heading text=&#8221;72\u00c8ME SESSION (ROME, 5 D\u00c9CEMBRE 2013) &#8221; font_container=&#8221;tag:h1|text_align:left&#8221; use_theme_fonts=&#8221;yes&#8221; css=&#8221;.vc_custom_1627373087188{margin-top: 0px !important;margin-bottom: 20px !important;}&#8221;][vc_column_text css=&#8221;.vc_custom_1627373102908{padding-top: 35px !important;padding-right: 35px !important;padding-bottom: 35px !important;padding-left: 35px !important;background-color: #f2f2f2 !important;}&#8221;]Documents de la 72\u00e8me\u00a0session de l&#8217;Assembl\u00e9e G\u00e9n\u00e9rale d&#8217;UNIDROIT (Rome, 5 d\u00e9cembre 2013) &nbsp; &nbsp; Rapport (A.G. (72)&nbsp;<a href=\"https:\/\/www.unidroit.org\/fr\/reunions\/assemblee-generale\/72eme-session-rome-5-decembre-2013\/\">&hellip;<\/a><\/p>\n","protected":false},"author":20,"featured_media":0,"parent":4888,"menu_order":0,"comment_status":"closed","ping_status":"closed","template":"","meta":{"ep_exclude_from_search":false,"footnotes":""},"class_list":["post-4910","page","type-page","status-publish","format-standard","hentry","odd"],"_links":{"self":[{"href":"https:\/\/www.unidroit.org\/fr\/wp-json\/wp\/v2\/pages\/4910","targetHints":{"allow":["GET"]}}],"collection":[{"href":"https:\/\/www.unidroit.org\/fr\/wp-json\/wp\/v2\/pages"}],"about":[{"href":"https:\/\/www.unidroit.org\/fr\/wp-json\/wp\/v2\/types\/page"}],"author":[{"embeddable":true,"href":"https:\/\/www.unidroit.org\/fr\/wp-json\/wp\/v2\/users\/20"}],"replies":[{"embeddable":true,"href":"https:\/\/www.unidroit.org\/fr\/wp-json\/wp\/v2\/comments?post=4910"}],"version-history":[{"count":0,"href":"https:\/\/www.unidroit.org\/fr\/wp-json\/wp\/v2\/pages\/4910\/revisions"}],"up":[{"embeddable":true,"href":"https:\/\/www.unidroit.org\/fr\/wp-json\/wp\/v2\/pages\/4888"}],"wp:attachment":[{"href":"https:\/\/www.unidroit.org\/fr\/wp-json\/wp\/v2\/media?parent=4910"}],"curies":[{"name":"wp","href":"https:\/\/api.w.org\/{rel}","templated":true}]}}