{"id":4919,"date":"2021-07-27T08:08:57","date_gmt":"2021-07-27T08:08:57","guid":{"rendered":"https:\/\/www.unidroit.org\/?page_id=4919"},"modified":"2021-07-27T08:38:14","modified_gmt":"2021-07-27T08:38:14","slug":"69eme-session-rome-1er-decembre-2011","status":"publish","type":"page","link":"https:\/\/www.unidroit.org\/fr\/reunions\/assemblee-generale\/69eme-session-rome-1er-decembre-2011\/","title":{"rendered":"69\u00c8ME SESSION (ROME, 1ER D\u00c9CEMBRE 2011)"},"content":{"rendered":"<div class=\"wpb-content-wrapper\"><p>[vc_row][vc_column css=&#8221;.vc_custom_1490017614850{margin-bottom: 30px !important;}&#8221;][vc_custom_heading text=&#8221;69\u00c8ME SESSION (ROME, 1ER D\u00c9CEMBRE 2011)<br \/>\n&#8221; font_container=&#8221;tag:h1|text_align:left&#8221; use_theme_fonts=&#8221;yes&#8221; css=&#8221;.vc_custom_1627373380270{margin-top: 0px !important;margin-bottom: 20px !important;}&#8221;][vc_column_text css=&#8221;.vc_custom_1627373396218{padding-top: 35px !important;padding-right: 35px !important;padding-bottom: 35px !important;padding-left: 35px !important;background-color: #f2f2f2 !important;}&#8221;]<strong>Documents de la 69<sup>\u00e8me<\/sup>\u00a0session de l&#8217;Assembl\u00e9e G\u00e9n\u00e9rale d&#8217;UNIDROIT<\/strong><br \/>\n<strong>(Rome, 1<sup>er<\/sup>\u00a0d\u00e9cembre 2011)<\/strong><\/p>\n<p>&nbsp;<\/p>\n<p>&nbsp;<\/p>\n<p><a href=\"https:\/\/www.unidroit.org\/french\/documents\/2011\/ag69-conclusions-f.pdf\">Conclusions sommaires (A.G. (69) Misc. 1)<\/a>\u00a0 \u00a0 \u00a0 \u00a0 \u00a0\u00a0<a href=\"https:\/\/www.unidroit.org\/french\/documents\/2011\/ag69-11-f.pdf\">Rapport (A.G. (69) 11)<\/a><\/p>\n<p>&nbsp;<\/p>\n<p>*<\/p>\n<p>&nbsp;<\/p>\n<p>* \u00a0 \u00a0 \u00a0 \u00a0 \u00a0*<\/p>\n<p>&nbsp;<\/p>\n<p>1. Ouverture de la session par le Pr\u00e9sident d\u2019UNIDROIT et par le Pr\u00e9sident de l\u2019Assembl\u00e9e G\u00e9n\u00e9rale pour l\u2019ann\u00e9e 2010-2011<\/p>\n<p>&nbsp;<\/p>\n<p>&nbsp;<\/p>\n<p>2. Nomination du Pr\u00e9sident de l\u2019Assembl\u00e9e G\u00e9n\u00e9rale pour 2011-2012<\/p>\n<p>&nbsp;<\/p>\n<p>&nbsp;<\/p>\n<p>3.\u00a0<a href=\"https:\/\/www.unidroit.org\/french\/governments\/assemblydocuments\/2011-12session\/ag69-01rev-f.pdf\">Ordre du jour annot\u00e9 (A.G. (69) 1 r\u00e9v.)<\/a><\/p>\n<p>&nbsp;<\/p>\n<p>&nbsp;<\/p>\n<p>4.\u00a0<a href=\"https:\/\/www.unidroit.org\/french\/governments\/assemblydocuments\/2011-12session\/ag69-02rev-f.pdf\">Expos\u00e9 sur l\u2019activit\u00e9 de l\u2019Organisation en 2011\u00a0(A.G. (69) 2 r\u00e9v.)<\/a><\/p>\n<p>&nbsp;<\/p>\n<p>&nbsp;<\/p>\n<p>5.\u00a0<a href=\"https:\/\/www.unidroit.org\/french\/governments\/financecommitteedocuments\/2011-09session\/fc70-09-f.pdf\">Rapport de la Commission des Finances sur sa 70<sup>\u00e8me<\/sup>\u00a0session\u00a0(AG\/Comm. Finances (70) 9)<\/a><\/p>\n<p>&nbsp;<\/p>\n<p>&nbsp;<\/p>\n<p>6.\u00a0<a href=\"https:\/\/www.unidroit.org\/french\/governments\/assemblydocuments\/2011-12session\/ag69-03-f.pdf\">Modifications d\u00e9finitives du Budget et approbation des Comptes pour l\u2019exercice financier 2010\u00a0(A.G. (69) 3)<\/a><\/p>\n<p>&nbsp;<\/p>\n<p>&nbsp;<\/p>\n<p>7.\u00a0<a href=\"https:\/\/www.unidroit.org\/french\/governments\/assemblydocuments\/2011-12session\/ag69-04-f.pdf\">Ajustements au Budget de l\u2019exercice financier 2011\u00a0(A.G. (69) 4)<\/a><\/p>\n<p>&nbsp;<\/p>\n<p>&nbsp;<\/p>\n<p>8.\u00a0<a href=\"https:\/\/www.unidroit.org\/french\/governments\/assemblydocuments\/2011-12session\/ag69-05-f.pdf\">Arri\u00e9r\u00e9s de contributions des Etats membres\u00a0(A.G. (69) 5)<\/a><\/p>\n<p>&nbsp;<\/p>\n<p>&nbsp;<\/p>\n<p>9.\u00a0<a href=\"https:\/\/www.unidroit.org\/french\/governments\/assemblydocuments\/2011-12session\/ag69-06-f.pdf\">Situation financi\u00e8re des Etats membres inactifs\u00a0(A.G. (69) 6)<\/a><\/p>\n<p>&nbsp;<\/p>\n<p>&nbsp;<\/p>\n<p>10.\u00a0<a href=\"https:\/\/www.unidroit.org\/french\/governments\/assemblydocuments\/2011-12session\/ag69-07-f.pdf\">Classement des Etats membres dans le tableau des contributions d\u2019UNIDROIT\u00a0(A.G. (69) 7)<\/a><\/p>\n<p>&nbsp;<\/p>\n<p>&nbsp;<\/p>\n<p>11.\u00a0<a href=\"https:\/\/www.unidroit.org\/french\/governments\/assemblydocuments\/2011-12session\/ag69-08-f.pdf\">Approbation du projet de Budget pour 2012 et fixation des contributions des Etats membres pour cet exercice financier\u00a0(A.G. (69) 8)<\/a><\/p>\n<p>&nbsp;<\/p>\n<p>&nbsp;<\/p>\n<p>12.\u00a0<a href=\"https:\/\/www.unidroit.org\/french\/governments\/assemblydocuments\/2011-12session\/ag69-09-f.pdf\">Amendements au R\u00e8glement d\u2019UNIDROIT\u00a0(A.G. (69) 9)<\/a><\/p>\n<p>&nbsp;<\/p>\n<p>&nbsp;<\/p>\n<p>13.\u00a0<a href=\"https:\/\/www.unidroit.org\/french\/governments\/assemblydocuments\/2011-12session\/ag69-10-f.pdf\">Composition de la Commission des Finances pour la p\u00e9riode triennale 2012-2014\u00a0(A.G. (69) 10)<\/a><\/p>\n<p>&nbsp;<\/p>\n<p>&nbsp;<\/p>\n<p>14. Divers[\/vc_column_text][\/vc_column][\/vc_row]<\/p>\n<\/div>","protected":false},"excerpt":{"rendered":"<p>[vc_row][vc_column css=&#8221;.vc_custom_1490017614850{margin-bottom: 30px !important;}&#8221;][vc_custom_heading text=&#8221;69\u00c8ME SESSION (ROME, 1ER D\u00c9CEMBRE 2011) &#8221; font_container=&#8221;tag:h1|text_align:left&#8221; use_theme_fonts=&#8221;yes&#8221; css=&#8221;.vc_custom_1627373380270{margin-top: 0px !important;margin-bottom: 20px !important;}&#8221;][vc_column_text css=&#8221;.vc_custom_1627373396218{padding-top: 35px !important;padding-right: 35px !important;padding-bottom: 35px !important;padding-left: 35px !important;background-color: #f2f2f2 !important;}&#8221;]Documents de la 69\u00e8me\u00a0session de l&#8217;Assembl\u00e9e G\u00e9n\u00e9rale d&#8217;UNIDROIT (Rome, 1er\u00a0d\u00e9cembre 2011) &nbsp; &nbsp; Conclusions sommaires (A.G. (69)&nbsp;<a href=\"https:\/\/www.unidroit.org\/fr\/reunions\/assemblee-generale\/69eme-session-rome-1er-decembre-2011\/\">&hellip;<\/a><\/p>\n","protected":false},"author":20,"featured_media":0,"parent":4888,"menu_order":0,"comment_status":"closed","ping_status":"closed","template":"","meta":{"ep_exclude_from_search":false,"footnotes":""},"class_list":["post-4919","page","type-page","status-publish","format-standard","hentry","odd"],"_links":{"self":[{"href":"https:\/\/www.unidroit.org\/fr\/wp-json\/wp\/v2\/pages\/4919","targetHints":{"allow":["GET"]}}],"collection":[{"href":"https:\/\/www.unidroit.org\/fr\/wp-json\/wp\/v2\/pages"}],"about":[{"href":"https:\/\/www.unidroit.org\/fr\/wp-json\/wp\/v2\/types\/page"}],"author":[{"embeddable":true,"href":"https:\/\/www.unidroit.org\/fr\/wp-json\/wp\/v2\/users\/20"}],"replies":[{"embeddable":true,"href":"https:\/\/www.unidroit.org\/fr\/wp-json\/wp\/v2\/comments?post=4919"}],"version-history":[{"count":0,"href":"https:\/\/www.unidroit.org\/fr\/wp-json\/wp\/v2\/pages\/4919\/revisions"}],"up":[{"embeddable":true,"href":"https:\/\/www.unidroit.org\/fr\/wp-json\/wp\/v2\/pages\/4888"}],"wp:attachment":[{"href":"https:\/\/www.unidroit.org\/fr\/wp-json\/wp\/v2\/media?parent=4919"}],"curies":[{"name":"wp","href":"https:\/\/api.w.org\/{rel}","templated":true}]}}