{"id":4922,"date":"2021-07-27T08:39:30","date_gmt":"2021-07-27T08:39:30","guid":{"rendered":"https:\/\/www.unidroit.org\/?page_id=4922"},"modified":"2021-07-27T08:39:54","modified_gmt":"2021-07-27T08:39:54","slug":"68eme-session-rome-22-juin-2011","status":"publish","type":"page","link":"https:\/\/www.unidroit.org\/fr\/reunions\/assemblee-generale\/68eme-session-rome-22-juin-2011\/","title":{"rendered":"68\u00c8ME SESSION (ROME, 22 JUIN 2011)"},"content":{"rendered":"<div class=\"wpb-content-wrapper\"><p>[vc_row][vc_column css=&#8221;.vc_custom_1490017614850{margin-bottom: 30px !important;}&#8221;][vc_custom_heading text=&#8221;68\u00c8ME SESSION (ROME, 22 JUIN 2011)<br \/>\n&#8221; font_container=&#8221;tag:h1|text_align:left&#8221; use_theme_fonts=&#8221;yes&#8221; css=&#8221;.vc_custom_1627375216366{margin-top: 0px !important;margin-bottom: 20px !important;}&#8221;][vc_column_text css=&#8221;.vc_custom_1627375229135{padding-top: 35px !important;padding-right: 35px !important;padding-bottom: 35px !important;padding-left: 35px !important;background-color: #f2f2f2 !important;}&#8221;]<strong>Documents de la 68<sup>\u00e8me<\/sup>\u00a0session &#8211; R\u00e9union sp\u00e9ciale de l&#8217;Assembl\u00e9e G\u00e9n\u00e9rale d&#8217;UNIDROIT<\/strong><br \/>\n<strong>(Rome, 22 juin 2011)<\/strong><\/p>\n<p>&nbsp;<\/p>\n<p>&nbsp;<\/p>\n<p><a href=\"https:\/\/www.unidroit.org\/french\/documents\/2011\/ag68-02rev1-f.pdf\">Rapport de synth\u00e8se (A.G. (68) 2 r\u00e9v. 1)<\/a><\/p>\n<p>&nbsp;<\/p>\n<p>*<\/p>\n<p>&nbsp;<\/p>\n<p>* \u00a0 \u00a0 \u00a0 \u00a0 *<\/p>\n<p>&nbsp;<\/p>\n<p>1.\u00a0<a href=\"https:\/\/www.unidroit.org\/french\/governments\/assemblydocuments\/2011-06session\/ag68-01-f.pdf\">Ordre du jour annot\u00e9 (A.G. (68) 1)<\/a><\/p>\n<p>&nbsp;<\/p>\n<p>&nbsp;<\/p>\n<p>2. \u00a0<a href=\"http:\/\/www.unidroit.org\/french\/governments\/councildocuments\/2011session\/cd90-18-f.pdf\">Rapport de la 90<sup>\u00e8me<\/sup>\u00a0session du Conseil de Direction (Rome, 9-11 mai 2011) (C.D. (90) 18)<\/a>\u00a0et perspectives pour l&#8217;ann\u00e9e 2011<\/p>\n<p>&nbsp;<\/p>\n<p>&nbsp;<\/p>\n<p>3.\u00a0<a href=\"http:\/\/www.unidroit.org\/french\/documents\/2010\/ag67-09rev-f.pdf\">Progr\u00e8s dans la mise en \u0153uvre du Programme de travail de l\u2019Organisation pour la p\u00e9riode triennale 2011-2013, tel qu\u2019approuv\u00e9 par l\u2019Assembl\u00e9e G\u00e9n\u00e9rale (A.G. (67) 9 r\u00e9v.)<\/a><\/p>\n<p>&nbsp;<\/p>\n<p>&nbsp;<\/p>\n<p>4. Classement des Etats membres dans le tableau des contributions d\u2019UNIDROIT<\/p>\n<p>&nbsp;<\/p>\n<p>&nbsp;<\/p>\n<p>5. Date et lieu de la 69<sup>\u00e8me<\/sup>\u00a0session de l\u2019Assembl\u00e9e G\u00e9n\u00e9rale<\/p>\n<p>&nbsp;<\/p>\n<p>&nbsp;<\/p>\n<p>6. Divers[\/vc_column_text][\/vc_column][\/vc_row]<\/p>\n<\/div>","protected":false},"excerpt":{"rendered":"<p>[vc_row][vc_column css=&#8221;.vc_custom_1490017614850{margin-bottom: 30px !important;}&#8221;][vc_custom_heading text=&#8221;68\u00c8ME SESSION (ROME, 22 JUIN 2011) &#8221; font_container=&#8221;tag:h1|text_align:left&#8221; use_theme_fonts=&#8221;yes&#8221; css=&#8221;.vc_custom_1627375216366{margin-top: 0px !important;margin-bottom: 20px !important;}&#8221;][vc_column_text css=&#8221;.vc_custom_1627375229135{padding-top: 35px !important;padding-right: 35px !important;padding-bottom: 35px !important;padding-left: 35px !important;background-color: #f2f2f2 !important;}&#8221;]Documents de la 68\u00e8me\u00a0session &#8211; R\u00e9union sp\u00e9ciale de l&#8217;Assembl\u00e9e G\u00e9n\u00e9rale d&#8217;UNIDROIT (Rome, 22 juin 2011) &nbsp; &nbsp;&nbsp;<a href=\"https:\/\/www.unidroit.org\/fr\/reunions\/assemblee-generale\/68eme-session-rome-22-juin-2011\/\">&hellip;<\/a><\/p>\n","protected":false},"author":20,"featured_media":0,"parent":4888,"menu_order":0,"comment_status":"closed","ping_status":"closed","template":"","meta":{"ep_exclude_from_search":false,"footnotes":""},"class_list":["post-4922","page","type-page","status-publish","format-standard","hentry","odd"],"_links":{"self":[{"href":"https:\/\/www.unidroit.org\/fr\/wp-json\/wp\/v2\/pages\/4922","targetHints":{"allow":["GET"]}}],"collection":[{"href":"https:\/\/www.unidroit.org\/fr\/wp-json\/wp\/v2\/pages"}],"about":[{"href":"https:\/\/www.unidroit.org\/fr\/wp-json\/wp\/v2\/types\/page"}],"author":[{"embeddable":true,"href":"https:\/\/www.unidroit.org\/fr\/wp-json\/wp\/v2\/users\/20"}],"replies":[{"embeddable":true,"href":"https:\/\/www.unidroit.org\/fr\/wp-json\/wp\/v2\/comments?post=4922"}],"version-history":[{"count":0,"href":"https:\/\/www.unidroit.org\/fr\/wp-json\/wp\/v2\/pages\/4922\/revisions"}],"up":[{"embeddable":true,"href":"https:\/\/www.unidroit.org\/fr\/wp-json\/wp\/v2\/pages\/4888"}],"wp:attachment":[{"href":"https:\/\/www.unidroit.org\/fr\/wp-json\/wp\/v2\/media?parent=4922"}],"curies":[{"name":"wp","href":"https:\/\/api.w.org\/{rel}","templated":true}]}}