{"id":4928,"date":"2021-07-27T08:42:27","date_gmt":"2021-07-27T08:42:27","guid":{"rendered":"https:\/\/www.unidroit.org\/?page_id=4928"},"modified":"2021-07-27T08:42:29","modified_gmt":"2021-07-27T08:42:29","slug":"66eme-session-reunion-speciale-rome-23-juin-2010","status":"publish","type":"page","link":"https:\/\/www.unidroit.org\/fr\/reunions\/assemblee-generale\/66eme-session-reunion-speciale-rome-23-juin-2010\/","title":{"rendered":"66\u00c8ME SESSION &#8211; R\u00c9UNION SP\u00c9CIALE (ROME, 23 JUIN 2010)"},"content":{"rendered":"<div class=\"wpb-content-wrapper\"><p>[vc_row][vc_column css=&#8221;.vc_custom_1490017614850{margin-bottom: 30px !important;}&#8221;][vc_custom_heading text=&#8221;66\u00c8ME SESSION &#8211; R\u00c9UNION SP\u00c9CIALE (ROME, 23 JUIN 2010)<br \/>\n&#8221; font_container=&#8221;tag:h1|text_align:left&#8221; use_theme_fonts=&#8221;yes&#8221; css=&#8221;.vc_custom_1627375390985{margin-top: 0px !important;margin-bottom: 20px !important;}&#8221;][vc_column_text css=&#8221;.vc_custom_1627375406393{padding-top: 35px !important;padding-right: 35px !important;padding-bottom: 35px !important;padding-left: 35px !important;background-color: #f2f2f2 !important;}&#8221;]<strong>Documents de la 66<sup>\u00e8me<\/sup>\u00a0session de l&#8217;Assembl\u00e9e G\u00e9n\u00e9rale d&#8217;UNIDROIT<\/strong><br \/>\n<strong>(Rome, 23 juin 2010)<\/strong><\/p>\n<p>&nbsp;<\/p>\n<p>&nbsp;<\/p>\n<p>1.\u00a0<a href=\"https:\/\/www.unidroit.org\/french\/governments\/assemblydocuments\/2010-06session\/ag66-01-f.pdf\">Ordre du jour annot\u00e9 (A.G. (66) 1)<\/a><\/p>\n<p>&nbsp;<\/p>\n<p>&nbsp;<\/p>\n<p>2.\u00a0<a href=\"https:\/\/www.unidroit.org\/french\/governments\/councildocuments\/2010session\/cd89-17-f.pdf\">Rapport de la 89<sup>\u00e8me<\/sup>\u00a0session du Conseil de Direction (Rome, 10-12 mai 2010) (C.D. (89) 17)<\/a>\u00a0et perspectives pour l\u2019ann\u00e9e 2010<\/p>\n<p>&nbsp;<\/p>\n<p>&nbsp;<\/p>\n<p>3.\u00a0<a href=\"https:\/\/www.unidroit.org\/french\/documents\/2010\/cd89-conclusions-f.pdf\">Recommandations du Conseil de Direction sur le Programme de travail triennal de l\u2019Organisation (2011-2013)\u00a0(C.D. (89) Misc. 4)<\/a><\/p>\n<p>&nbsp;<\/p>\n<p>a)\u00a0<a href=\"https:\/\/www.unidroit.org\/french\/governments\/councildocuments\/2010session\/cd89-04c-f.pdf\">Pr\u00e9paration d\u2019autres Protocoles \u00e0 la Convention du Cap, en particulier portant\u00a0sur les questions sp\u00e9cifiques aux mat\u00e9riels d\u2019\u00e9quipement agricoles, miniers et de\u00a0construction\u00a0(C.D. (89) 4 c)<\/a><\/p>\n<p>&nbsp;<\/p>\n<p>b)\u00a0<a href=\"https:\/\/www.unidroit.org\/french\/governments\/councildocuments\/2010session\/cd89-07add1-f.pdf\">Travaux futurs \u00e9ventuels sur la responsabilit\u00e9 civile pour les services fournis par\u00a0le Syst\u00e8me Global de Navigation Satellitaire (GNSS) (C.D. (89) 7 Add. 1)<\/a><\/p>\n<p>&nbsp;<\/p>\n<p>c)\u00a0<a href=\"https:\/\/www.unidroit.org\/french\/governments\/councildocuments\/2010session\/cd89-07add2-f.pdf\">Proposition d\u2019\u00e9laboration d\u2019un instrument sur la compensation des instruments\u00a0financiers (C.D. (89) 7 Add. 2)<\/a><\/p>\n<p>&nbsp;<\/p>\n<p>d)\u00a0<a href=\"https:\/\/www.unidroit.org\/french\/governments\/councildocuments\/2010session\/cd89-07add3-f.pdf\">Proposition d\u2019une Loi mod\u00e8le sur la protection des biens culturels\u00a0(C.D. (89) 7 Add. 3)<\/a><\/p>\n<p>&nbsp;<\/p>\n<p>e) Travaux futurs \u00e9ventuels dans le domaine du droit priv\u00e9 et du d\u00e9veloppement<\/p>\n<p>&nbsp;<\/p>\n<p>(i)\u00a0<a href=\"https:\/\/www.unidroit.org\/french\/governments\/councildocuments\/2010session\/cd89-07add4-f.pdf\">Aspects de droit priv\u00e9 du financement agricole\u00a0(C.D. (89) 7 Add. 4)<\/a><\/p>\n<p>&nbsp;<\/p>\n<p>(ii)\u00a0<a href=\"https:\/\/www.unidroit.org\/french\/governments\/councildocuments\/2010session\/cd89-07add5-f.pdf\">Elaboration d\u2019une proposition internationale de cadre juridique pour\u00a0l\u2019entreprise sociale (ou pour un certain type d\u2019entreprise sociale) (C.D. (89) 7 Add. 5)<\/a><\/p>\n<p>&nbsp;<\/p>\n<p>&nbsp;<\/p>\n<p>4. Consultations sur le syst\u00e8me de rotation de la pr\u00e9sidence de l\u2019Assembl\u00e9e G\u00e9n\u00e9rale<\/p>\n<p>&nbsp;<\/p>\n<p>&nbsp;<\/p>\n<p>5. Date et lieu de la 67<sup>\u00e8me<\/sup>\u00a0session de l\u2019Assembl\u00e9e G\u00e9n\u00e9rale<\/p>\n<p>&nbsp;<\/p>\n<p>&nbsp;<\/p>\n<p>6. Divers[\/vc_column_text][\/vc_column][\/vc_row]<\/p>\n<\/div>","protected":false},"excerpt":{"rendered":"<p>[vc_row][vc_column css=&#8221;.vc_custom_1490017614850{margin-bottom: 30px !important;}&#8221;][vc_custom_heading text=&#8221;66\u00c8ME SESSION &#8211; R\u00c9UNION SP\u00c9CIALE (ROME, 23 JUIN 2010) &#8221; font_container=&#8221;tag:h1|text_align:left&#8221; use_theme_fonts=&#8221;yes&#8221; css=&#8221;.vc_custom_1627375390985{margin-top: 0px !important;margin-bottom: 20px !important;}&#8221;][vc_column_text css=&#8221;.vc_custom_1627375406393{padding-top: 35px !important;padding-right: 35px !important;padding-bottom: 35px !important;padding-left: 35px !important;background-color: #f2f2f2 !important;}&#8221;]Documents de la 66\u00e8me\u00a0session de l&#8217;Assembl\u00e9e G\u00e9n\u00e9rale d&#8217;UNIDROIT (Rome, 23 juin 2010) &nbsp; &nbsp;&nbsp;<a href=\"https:\/\/www.unidroit.org\/fr\/reunions\/assemblee-generale\/66eme-session-reunion-speciale-rome-23-juin-2010\/\">&hellip;<\/a><\/p>\n","protected":false},"author":20,"featured_media":0,"parent":4888,"menu_order":0,"comment_status":"closed","ping_status":"closed","template":"","meta":{"ep_exclude_from_search":false,"footnotes":""},"class_list":["post-4928","page","type-page","status-publish","format-standard","hentry","odd"],"_links":{"self":[{"href":"https:\/\/www.unidroit.org\/fr\/wp-json\/wp\/v2\/pages\/4928","targetHints":{"allow":["GET"]}}],"collection":[{"href":"https:\/\/www.unidroit.org\/fr\/wp-json\/wp\/v2\/pages"}],"about":[{"href":"https:\/\/www.unidroit.org\/fr\/wp-json\/wp\/v2\/types\/page"}],"author":[{"embeddable":true,"href":"https:\/\/www.unidroit.org\/fr\/wp-json\/wp\/v2\/users\/20"}],"replies":[{"embeddable":true,"href":"https:\/\/www.unidroit.org\/fr\/wp-json\/wp\/v2\/comments?post=4928"}],"version-history":[{"count":0,"href":"https:\/\/www.unidroit.org\/fr\/wp-json\/wp\/v2\/pages\/4928\/revisions"}],"up":[{"embeddable":true,"href":"https:\/\/www.unidroit.org\/fr\/wp-json\/wp\/v2\/pages\/4888"}],"wp:attachment":[{"href":"https:\/\/www.unidroit.org\/fr\/wp-json\/wp\/v2\/media?parent=4928"}],"curies":[{"name":"wp","href":"https:\/\/api.w.org\/{rel}","templated":true}]}}