{"id":4940,"date":"2021-07-27T08:47:30","date_gmt":"2021-07-27T08:47:30","guid":{"rendered":"https:\/\/www.unidroit.org\/?page_id=4940"},"modified":"2021-07-27T08:47:33","modified_gmt":"2021-07-27T08:47:33","slug":"62eme-session-rome-10-13-novembre-2008-comite-dexperts-gouvernementaux-dunidroit-en-vue-de-la-finalisation-et-de-ladoption-dun-projet-de-loi-type-sur-la-location-leasing-session-extraordi","status":"publish","type":"page","link":"https:\/\/www.unidroit.org\/fr\/reunions\/assemblee-generale\/62eme-session-rome-10-13-novembre-2008-comite-dexperts-gouvernementaux-dunidroit-en-vue-de-la-finalisation-et-de-ladoption-dun-projet-de-loi-type-sur-la-location-leasing-session-extraordi\/","title":{"rendered":"62\u00c8ME SESSION (ROME, 10-13 NOVEMBRE 2008) &#8211; COMIT\u00c9 D&#8217;EXPERTS GOUVERNEMENTAUX D&#8217;UNIDROIT EN VUE DE LA FINALISATION ET DE L&#8217;ADOPTION D&#8217;UN PROJET DE LOI TYPE SUR LA LOCATION (LEASING) &#8211; SESSION EXTRAORDINAIRE"},"content":{"rendered":"<div class=\"wpb-content-wrapper\"><p>[vc_row][vc_column css=&#8221;.vc_custom_1490017614850{margin-bottom: 30px !important;}&#8221;][vc_custom_heading text=&#8221;62\u00c8ME SESSION (ROME, 10-13 NOVEMBRE 2008) &#8211; COMIT\u00c9 D&#8217;EXPERTS GOUVERNEMENTAUX D&#8217;UNIDROIT EN VUE DE LA FINALISATION ET DE L&#8217;ADOPTION D&#8217;UN PROJET DE LOI TYPE SUR LA LOCATION (LEASING) &#8211; SESSION EXTRAORDINAIRE<br \/>\n&#8221; font_container=&#8221;tag:h1|text_align:left&#8221; use_theme_fonts=&#8221;yes&#8221; css=&#8221;.vc_custom_1627375694369{margin-top: 0px !important;margin-bottom: 20px !important;}&#8221;][vc_column_text css=&#8221;.vc_custom_1627375710035{padding-top: 35px !important;padding-right: 35px !important;padding-bottom: 35px !important;padding-left: 35px !important;background-color: #f2f2f2 !important;}&#8221;]<strong>Documents de la session conjointe de l&#8217;Assembl\u00e9e G\u00e9n\u00e9rale d&#8217;UNIDROIT\u00a0et du Comit\u00e9 d&#8217;experts gouvernementaux d&#8217;UNIDROIT \u00a0en vue de la finalisation et de l&#8217;adoption d&#8217;un projet de Loi type sur la location (Leasing)<br \/>\nSession extraordinaire<br \/>\n(Rome, 10-13 novembre 2008)<\/strong><\/p>\n<p><strong>\u00a0<\/strong><\/p>\n<p>&nbsp;<\/p>\n<p><a href=\"https:\/\/www.unidroit.org\/french\/modellaws\/2008leasing\/jointsessiondocuments\/2008js-wp1-f.pdf\">Projet d&#8217;ordre du jour\u00a0(S.C. Leasing\/W.P. 1)<br \/>\n<\/a><\/p>\n<p>&nbsp;<\/p>\n<p>&nbsp;<\/p>\n<p><a href=\"https:\/\/www.unidroit.org\/french\/modellaws\/2008leasing\/jointsessiondocuments\/2008js-wp2-f.pdf\">Note d\u2019explication au projet d\u2019ordre du jour\u00a0(S.C. Leasing\/W.P. 2)<br \/>\n<\/a><\/p>\n<p>&nbsp;<\/p>\n<p>&nbsp;<\/p>\n<p><a href=\"https:\/\/www.unidroit.org\/french\/modellaws\/2008leasing\/jointsessiondocuments\/2008js-wp3-f.pdf\">Projet de Loi type sur la location (Leasing)\u00a0(S.C. Leasing\/W.P. 3)<br \/>\n<\/a><\/p>\n<p>&nbsp;<\/p>\n<p>&nbsp;<\/p>\n<p><a href=\"https:\/\/www.unidroit.org\/french\/modellaws\/2008leasing\/jointsessiondocuments\/2008js-wp4-f.pdf\">Projet de Loi type sur la location (Leasing): Commentaire\u00a0(S.C. Leasing\/W.P. 4)<\/a><\/p>\n<p>&nbsp;<\/p>\n<p>&nbsp;<\/p>\n<p><a href=\"https:\/\/www.unidroit.org\/french\/modellaws\/2008leasing\/jointsessiondocuments\/2008js-wp5-f.pdf\">Projet de Loi type sur la location (Leasing): Commentaires soumis par des Gouvernements et des Organisations\u00a0(S.C. Leasing\/W.P. 5)<\/a><\/p>\n<p>&nbsp;<\/p>\n<p>&nbsp;<\/p>\n<p><a href=\"https:\/\/www.unidroit.org\/french\/modellaws\/2008leasing\/jointsessiondocuments\/2008js-wp5add1-f.pdf\">Projet de Loi type sur la location (Leasing): Commentaires soumis par des Gouvernements et des Organisations\u00a0(S.C. Leasing\/W.P. 5 Add. 1)<\/a><\/p>\n<p>&nbsp;<\/p>\n<p>&nbsp;<\/p>\n<p><a href=\"https:\/\/www.unidroit.org\/french\/modellaws\/2008leasing\/jointsessiondocuments\/2008js-wp5add2-f.pdf\">Projet de Loi type sur la location (Leasing): Commentaires soumis par des Gouvernements et des Organisations\u00a0(S.C. Leasing\/W.P. 5 Add. 2)<\/a><\/p>\n<p>&nbsp;<\/p>\n<p>&nbsp;<\/p>\n<p><a href=\"https:\/\/www.unidroit.org\/french\/modellaws\/2008leasing\/jointsessiondocuments\/2008js-wp6-f.pdf\">Proposition conjointe concernant l&#8217;application du projet de Loi type sur la location (leasing) aux transactions portant sur des a\u00e9ronefs\u00a0(soumise par le Secr\u00e9tariat d\u2019UNIDROIT et le Groupe de travail a\u00e9ronautique (G.T.A.)) \u00a0(S.C. Leasing\/W.P. 6)<\/a>[\/vc_column_text][\/vc_column][\/vc_row]<\/p>\n<\/div>","protected":false},"excerpt":{"rendered":"<p>[vc_row][vc_column css=&#8221;.vc_custom_1490017614850{margin-bottom: 30px !important;}&#8221;][vc_custom_heading text=&#8221;62\u00c8ME SESSION (ROME, 10-13 NOVEMBRE 2008) &#8211; COMIT\u00c9 D&#8217;EXPERTS GOUVERNEMENTAUX D&#8217;UNIDROIT EN VUE DE LA FINALISATION ET DE L&#8217;ADOPTION D&#8217;UN PROJET DE LOI TYPE SUR LA LOCATION (LEASING) &#8211; SESSION EXTRAORDINAIRE &#8221; font_container=&#8221;tag:h1|text_align:left&#8221; use_theme_fonts=&#8221;yes&#8221; css=&#8221;.vc_custom_1627375694369{margin-top: 0px !important;margin-bottom: 20px !important;}&#8221;][vc_column_text css=&#8221;.vc_custom_1627375710035{padding-top: 35px&nbsp;<a href=\"https:\/\/www.unidroit.org\/fr\/reunions\/assemblee-generale\/62eme-session-rome-10-13-novembre-2008-comite-dexperts-gouvernementaux-dunidroit-en-vue-de-la-finalisation-et-de-ladoption-dun-projet-de-loi-type-sur-la-location-leasing-session-extraordi\/\">&hellip;<\/a><\/p>\n","protected":false},"author":20,"featured_media":0,"parent":4888,"menu_order":0,"comment_status":"closed","ping_status":"closed","template":"","meta":{"ep_exclude_from_search":false,"footnotes":""},"class_list":["post-4940","page","type-page","status-publish","format-standard","hentry","odd"],"_links":{"self":[{"href":"https:\/\/www.unidroit.org\/fr\/wp-json\/wp\/v2\/pages\/4940","targetHints":{"allow":["GET"]}}],"collection":[{"href":"https:\/\/www.unidroit.org\/fr\/wp-json\/wp\/v2\/pages"}],"about":[{"href":"https:\/\/www.unidroit.org\/fr\/wp-json\/wp\/v2\/types\/page"}],"author":[{"embeddable":true,"href":"https:\/\/www.unidroit.org\/fr\/wp-json\/wp\/v2\/users\/20"}],"replies":[{"embeddable":true,"href":"https:\/\/www.unidroit.org\/fr\/wp-json\/wp\/v2\/comments?post=4940"}],"version-history":[{"count":0,"href":"https:\/\/www.unidroit.org\/fr\/wp-json\/wp\/v2\/pages\/4940\/revisions"}],"up":[{"embeddable":true,"href":"https:\/\/www.unidroit.org\/fr\/wp-json\/wp\/v2\/pages\/4888"}],"wp:attachment":[{"href":"https:\/\/www.unidroit.org\/fr\/wp-json\/wp\/v2\/media?parent=4940"}],"curies":[{"name":"wp","href":"https:\/\/api.w.org\/{rel}","templated":true}]}}