{"id":4943,"date":"2021-07-27T08:48:46","date_gmt":"2021-07-27T08:48:46","guid":{"rendered":"https:\/\/www.unidroit.org\/?page_id=4943"},"modified":"2021-07-27T08:48:49","modified_gmt":"2021-07-27T08:48:49","slug":"61eme-session-rome-29-novembre-2007","status":"publish","type":"page","link":"https:\/\/www.unidroit.org\/fr\/reunions\/assemblee-generale\/61eme-session-rome-29-novembre-2007\/","title":{"rendered":"61\u00c8ME SESSION (ROME, 29 NOVEMBRE 2007)"},"content":{"rendered":"<div class=\"wpb-content-wrapper\"><p>[vc_row][vc_column css=&#8221;.vc_custom_1490017614850{margin-bottom: 30px !important;}&#8221;][vc_custom_heading text=&#8221;61\u00c8ME SESSION (ROME, 29 NOVEMBRE 2007)<br \/>\n&#8221; font_container=&#8221;tag:h1|text_align:left&#8221; use_theme_fonts=&#8221;yes&#8221; css=&#8221;.vc_custom_1627375766372{margin-top: 0px !important;margin-bottom: 20px !important;}&#8221;][vc_column_text css=&#8221;.vc_custom_1627375786105{padding-top: 35px !important;padding-right: 35px !important;padding-bottom: 35px !important;padding-left: 35px !important;background-color: #f2f2f2 !important;}&#8221;]<strong>Documents de la 61<sup>\u00e8me<\/sup>\u00a0session de l&#8217;Assembl\u00e9e G\u00e9n\u00e9rale des Etats membres d&#8217;UNIDROIT<\/strong><br \/>\n<strong>(Rome, 29 novembre 2007)<\/strong><strong>\u00a0<\/strong><\/p>\n<p>&nbsp;<\/p>\n<p>&nbsp;<\/p>\n<p><a href=\"https:\/\/www.unidroit.org\/french\/documents\/2007\/ag61-08rev-f.pdf\">Rapport (A.G. (61) 8 r\u00e9v.)<\/a><\/p>\n<p>&nbsp;<\/p>\n<p>*<\/p>\n<p>&nbsp;<\/p>\n<p>* \u00a0 \u00a0 \u00a0 \u00a0 \u00a0*<\/p>\n<p>&nbsp;<\/p>\n<p>1. Bienvenue par le Pr\u00e9sident d\u2019UNIDROIT et par le Pr\u00e9sident de l\u2019Assembl\u00e9e G\u00e9n\u00e9rale pour l\u2019ann\u00e9e 2006-2007<\/p>\n<p>&nbsp;<\/p>\n<p>&nbsp;<\/p>\n<p>2. Election du Pr\u00e9sident de l\u2019Assembl\u00e9e G\u00e9n\u00e9rale pour 2007-2008<\/p>\n<p>&nbsp;<\/p>\n<p>&nbsp;<\/p>\n<p>3.\u00a0<a href=\"https:\/\/www.unidroit.org\/french\/governments\/assemblydocuments\/2007session\/ag61-01rev-f.pdf\">Ordre du jour (A.G. (61) 1 r\u00e9v.)<\/a><\/p>\n<p>&nbsp;<\/p>\n<p>&nbsp;<\/p>\n<p>4.\u00a0<a href=\"https:\/\/www.unidroit.org\/french\/governments\/assemblydocuments\/2007session\/ag61-02-f.pdf\">Expos\u00e9 sur l\u2019activit\u00e9 de l\u2019Institut en 2007 et mise en \u0153uvre du Plan strat\u00e9gique\u00a0(A.G. (61) 2)<\/a><\/p>\n<p>&nbsp;<\/p>\n<p>&nbsp;<\/p>\n<p>5. Pr\u00e9sentation d\u2019un des projets en cours<\/p>\n<p>&nbsp;<\/p>\n<p>&nbsp;<\/p>\n<p>6. R\u00e9vision du R\u00e8glement:<\/p>\n<p>&nbsp;<\/p>\n<p>(a) constitution d\u2019un Comit\u00e9 ad hoc<\/p>\n<p>&nbsp;<\/p>\n<p>(b)\u00a0<a href=\"https:\/\/www.unidroit.org\/french\/governments\/assemblydocuments\/2007session\/ag61-03-f.pdf\">proc\u00e9dure acc\u00e9l\u00e9r\u00e9e pour la r\u00e9vision de l\u2019Article 31\u00a0(A.G. (61) 3<\/a>\u00a0et\u00a0<a href=\"https:\/\/www.unidroit.org\/french\/governments\/assemblydocuments\/2007session\/ag61-03add-f.pdf\">A.G. (61) 3 Add.)<\/a><\/p>\n<p>&nbsp;<\/p>\n<p>&nbsp;<\/p>\n<p>7.\u00a0<a href=\"https:\/\/www.unidroit.org\/french\/governments\/assemblydocuments\/2007session\/ag61-04-f.pdf\">Modification d\u00e9finitive du budget et approbation des Comptes pour l\u2019exercice financier 2006 (A.G. (61) 4)<\/a><\/p>\n<p>&nbsp;<\/p>\n<p>&nbsp;<\/p>\n<p>8.\u00a0<a href=\"https:\/\/www.unidroit.org\/french\/governments\/assemblydocuments\/2007session\/ag61-05-f.pdf\">Ajustements au budget de l\u2019exercice financier 2007\u00a0(A.G. (61) 5)<\/a><\/p>\n<p>&nbsp;<\/p>\n<p>&nbsp;<\/p>\n<p>9.\u00a0<a href=\"https:\/\/www.unidroit.org\/french\/governments\/assemblydocuments\/2007session\/ag61-06-f.pdf\">Arri\u00e9r\u00e9s de contributions des Etats membres\u00a0(A.G. (61) 6)<\/a><\/p>\n<p>&nbsp;<\/p>\n<p>&nbsp;<\/p>\n<p>10.\u00a0<a href=\"https:\/\/www.unidroit.org\/french\/governments\/assemblydocuments\/2007session\/ag61-07-f.pdf\">Approbation du projet de budget pour 2008 et fixation des contributions des Etats membres pour cet exercice financier (A.G. (61) 7)<\/a><\/p>\n<p>&nbsp;<\/p>\n<p>&nbsp;<\/p>\n<p>11. Divers<\/p>\n<p>&nbsp;<\/p>\n<p><a href=\"https:\/\/www.unidroit.org\/french\/governments\/assemblydocuments\/2007session\/ag61-inf01-f.pdf\">Document d&#8217;information\u00a0sur les contributions extra-budg\u00e9taires re\u00e7ues au cours des ann\u00e9es 2006-2007 et sur leur utilisation pour les projets de l\u2019Institut (A.G. (61) INF. 1)<\/a><\/p>\n<p>&nbsp;<\/p>\n<p><a href=\"https:\/\/www.unidroit.org\/french\/governments\/assemblydocuments\/2007session\/ag61-inf02-f.pdf\">Document d\u2019information sur l\u2019allocation des d\u00e9penses aux projets et activit\u00e9s de\u00a0l\u2019Institut en 2006 et 2007 (A.G. (61) INF. 2)<\/a>[\/vc_column_text][\/vc_column][\/vc_row]<\/p>\n<\/div>","protected":false},"excerpt":{"rendered":"<p>[vc_row][vc_column css=&#8221;.vc_custom_1490017614850{margin-bottom: 30px !important;}&#8221;][vc_custom_heading text=&#8221;61\u00c8ME SESSION (ROME, 29 NOVEMBRE 2007) &#8221; font_container=&#8221;tag:h1|text_align:left&#8221; use_theme_fonts=&#8221;yes&#8221; css=&#8221;.vc_custom_1627375766372{margin-top: 0px !important;margin-bottom: 20px !important;}&#8221;][vc_column_text css=&#8221;.vc_custom_1627375786105{padding-top: 35px !important;padding-right: 35px !important;padding-bottom: 35px !important;padding-left: 35px !important;background-color: #f2f2f2 !important;}&#8221;]Documents de la 61\u00e8me\u00a0session de l&#8217;Assembl\u00e9e G\u00e9n\u00e9rale des Etats membres d&#8217;UNIDROIT (Rome, 29 novembre 2007)\u00a0 &nbsp; &nbsp;&nbsp;<a href=\"https:\/\/www.unidroit.org\/fr\/reunions\/assemblee-generale\/61eme-session-rome-29-novembre-2007\/\">&hellip;<\/a><\/p>\n","protected":false},"author":20,"featured_media":0,"parent":4888,"menu_order":0,"comment_status":"closed","ping_status":"closed","template":"","meta":{"ep_exclude_from_search":false,"footnotes":""},"class_list":["post-4943","page","type-page","status-publish","format-standard","hentry","odd"],"_links":{"self":[{"href":"https:\/\/www.unidroit.org\/fr\/wp-json\/wp\/v2\/pages\/4943","targetHints":{"allow":["GET"]}}],"collection":[{"href":"https:\/\/www.unidroit.org\/fr\/wp-json\/wp\/v2\/pages"}],"about":[{"href":"https:\/\/www.unidroit.org\/fr\/wp-json\/wp\/v2\/types\/page"}],"author":[{"embeddable":true,"href":"https:\/\/www.unidroit.org\/fr\/wp-json\/wp\/v2\/users\/20"}],"replies":[{"embeddable":true,"href":"https:\/\/www.unidroit.org\/fr\/wp-json\/wp\/v2\/comments?post=4943"}],"version-history":[{"count":0,"href":"https:\/\/www.unidroit.org\/fr\/wp-json\/wp\/v2\/pages\/4943\/revisions"}],"up":[{"embeddable":true,"href":"https:\/\/www.unidroit.org\/fr\/wp-json\/wp\/v2\/pages\/4888"}],"wp:attachment":[{"href":"https:\/\/www.unidroit.org\/fr\/wp-json\/wp\/v2\/media?parent=4943"}],"curies":[{"name":"wp","href":"https:\/\/api.w.org\/{rel}","templated":true}]}}