{"id":4949,"date":"2021-07-27T09:50:58","date_gmt":"2021-07-27T09:50:58","guid":{"rendered":"https:\/\/www.unidroit.org\/?page_id=4949"},"modified":"2021-07-27T09:51:00","modified_gmt":"2021-07-27T09:51:00","slug":"59eme-session-rome-1er-decembre-2005","status":"publish","type":"page","link":"https:\/\/www.unidroit.org\/fr\/reunions\/assemblee-generale\/59eme-session-rome-1er-decembre-2005\/","title":{"rendered":"59\u00c8ME SESSION (ROME, 1ER D\u00c9CEMBRE 2005)"},"content":{"rendered":"<div class=\"wpb-content-wrapper\"><p>[vc_row][vc_column css=&#8221;.vc_custom_1490017614850{margin-bottom: 30px !important;}&#8221;][vc_custom_heading text=&#8221;59\u00c8ME SESSION (ROME, 1ER D\u00c9CEMBRE 2005)<br \/>\n&#8221; font_container=&#8221;tag:h1|text_align:left&#8221; use_theme_fonts=&#8221;yes&#8221; css=&#8221;.vc_custom_1627379504716{margin-top: 0px !important;margin-bottom: 20px !important;}&#8221;][vc_column_text css=&#8221;.vc_custom_1627379517376{padding-top: 35px !important;padding-right: 35px !important;padding-bottom: 35px !important;padding-left: 35px !important;background-color: #f2f2f2 !important;}&#8221;]<\/p>\n<p align=\"center\"><strong>Documents de la 59<sup>\u00e8me<\/sup>session de l&#8217;Assembl\u00e9e G\u00e9n\u00e9rale des Etats membres d&#8217;UNIDROIT<\/strong><br \/>\n<strong>(Rome, 1<sup>er<\/sup>\u00a0d\u00e9cembre 2005)<\/strong><\/p>\n<p align=\"center\"><a href=\"https:\/\/www.unidroit.org\/french\/documents\/2005\/ag59-12-f.pdf\">Rapport (A.G. (59) 12)<\/a><\/p>\n<p align=\"center\">*<\/p>\n<p align=\"center\">* \u00a0 \u00a0 \u00a0 \u00a0 *<\/p>\n<p>1. Ouverture de la session par le Pr\u00e9sident de l\u2019Assembl\u00e9e G\u00e9n\u00e9rale pour 2004\/2005<\/p>\n<p>&nbsp;<\/p>\n<p>&nbsp;<\/p>\n<p>2. Election du Pr\u00e9sident de l\u2019Assembl\u00e9e G\u00e9n\u00e9rale pour 2005\/2006<\/p>\n<p>&nbsp;<\/p>\n<p>&nbsp;<\/p>\n<p>3.\u00a0<a href=\"https:\/\/www.unidroit.org\/french\/governments\/assemblydocuments\/2005session\/ag59-01rev2-f.pdf\">Ordre du jour ult\u00e9rieurement r\u00e9vis\u00e9 (A.G. (59) 1 r\u00e9v. 2)<\/a><\/p>\n<p>&nbsp;<\/p>\n<p>&nbsp;<\/p>\n<p>4. a) Expos\u00e9 sur l\u2019activit\u00e9 de l\u2019Institut en 2005<\/p>\n<p>&nbsp;<\/p>\n<p>b) Pr\u00e9sentation du projet de Protocole portant sur les questions sp\u00e9cifiques au mat\u00e9riel roulant ferroviaire \u00e0 la Convention relative aux garanties internationales portant sur des mat\u00e9riels d\u2019\u00e9quipement mobiles<\/p>\n<p>&nbsp;<\/p>\n<p>c)\u00a0<a href=\"https:\/\/www.unidroit.org\/french\/governments\/assemblydocuments\/2005session\/ag59-02-f.pdf\">Mise en \u0153uvre du Plan strat\u00e9gique\u00a0(A.G. (59) 2)<\/a><\/p>\n<p>&nbsp;<\/p>\n<p>&nbsp;<\/p>\n<p>5.\u00a0<a href=\"https:\/\/www.unidroit.org\/french\/governments\/assemblydocuments\/2005session\/ag59-03-f.pdf\">Composition de la Commission des Finances pour la p\u00e9riode triennale 2006\/2008 (A.G. (59) 3)<\/a><\/p>\n<p>&nbsp;<\/p>\n<p>&nbsp;<\/p>\n<p>6. \u00a0<a href=\"https:\/\/www.unidroit.org\/french\/governments\/assemblydocuments\/2005session\/ag59-04-f.pdf\">Approbation du Programme de travail pour la p\u00e9riode triennale 2006\/2008 (A.G. (59) 4)<\/a><\/p>\n<p>&nbsp;<\/p>\n<p>&nbsp;<\/p>\n<p>7.\u00a0<a href=\"https:\/\/www.unidroit.org\/french\/governments\/assemblydocuments\/2005session\/ag59-05-f.pdf\">Modification d\u00e9finitive du budget et approbation des Comptes pour l\u2019exercice financier 2004 (A.G. (59) 5)<\/a><\/p>\n<p>&nbsp;<\/p>\n<p>&nbsp;<\/p>\n<p>8.\u00a0<a href=\"https:\/\/www.unidroit.org\/french\/governments\/assemblydocuments\/2005session\/ag59-06-f.pdf\">Ajustements au budget de l\u2019exercice financier 2005\u00a0(A.G. (59) 6)<\/a><\/p>\n<p>&nbsp;<\/p>\n<p>&nbsp;<\/p>\n<p>9.\u00a0<a href=\"https:\/\/www.unidroit.org\/french\/governments\/assemblydocuments\/2005session\/ag59-07-f.pdf\">Arri\u00e9r\u00e9s de paiement des contributions des Etats membres\u00a0(A.G. (59) 7)<\/a><\/p>\n<p>&nbsp;<\/p>\n<p>&nbsp;<\/p>\n<p>10.\u00a0<a href=\"https:\/\/www.unidroit.org\/french\/governments\/assemblydocuments\/2005session\/ag59-08-f.pdf\">Approbation du projet de budget pour 2006 et fixation des contributions des Etats\u00a0membres pour cet exercice financier\u00a0(A.G. (59) 8)<\/a><\/p>\n<p>&nbsp;<\/p>\n<p>&nbsp;<\/p>\n<p>11.\u00a0<a href=\"https:\/\/www.unidroit.org\/french\/governments\/assemblydocuments\/2005session\/ag59-09-f.pdf\">Modification de l\u2019article 7 du R\u00e8glement de l\u2019Institut\u00a0(A.G. (59) 9)<\/a><\/p>\n<p>&nbsp;<\/p>\n<p>&nbsp;<\/p>\n<p>12.\u00a0<a href=\"https:\/\/www.unidroit.org\/french\/governments\/assemblydocuments\/2005session\/ag59-10-f.pdf\">Biblioth\u00e8ques d\u00e9positaires de la documentation d\u2019UNIDROIT (A.G. (59) 10)<\/a><\/p>\n<p>&nbsp;<\/p>\n<p>&nbsp;<\/p>\n<p>13.\u00a0<a href=\"https:\/\/www.unidroit.org\/french\/governments\/assemblydocuments\/2005session\/ag59-11-f.pdf\">Classement d\u2019un ou plusieurs nouveaux Etats membres dans le tableau des contributions de l\u2019Institut (A.G. (59) 11)<\/a><\/p>\n<p>&nbsp;<\/p>\n<p>&nbsp;<\/p>\n<p>14. Divers[\/vc_column_text][\/vc_column][\/vc_row]<\/p>\n<\/div>","protected":false},"excerpt":{"rendered":"<p>[vc_row][vc_column css=&#8221;.vc_custom_1490017614850{margin-bottom: 30px !important;}&#8221;][vc_custom_heading text=&#8221;59\u00c8ME SESSION (ROME, 1ER D\u00c9CEMBRE 2005) &#8221; font_container=&#8221;tag:h1|text_align:left&#8221; use_theme_fonts=&#8221;yes&#8221; css=&#8221;.vc_custom_1627379504716{margin-top: 0px !important;margin-bottom: 20px !important;}&#8221;][vc_column_text css=&#8221;.vc_custom_1627379517376{padding-top: 35px !important;padding-right: 35px !important;padding-bottom: 35px !important;padding-left: 35px !important;background-color: #f2f2f2 !important;}&#8221;] Documents de la 59\u00e8mesession de l&#8217;Assembl\u00e9e G\u00e9n\u00e9rale des Etats membres d&#8217;UNIDROIT (Rome, 1er\u00a0d\u00e9cembre 2005) Rapport (A.G.&nbsp;<a href=\"https:\/\/www.unidroit.org\/fr\/reunions\/assemblee-generale\/59eme-session-rome-1er-decembre-2005\/\">&hellip;<\/a><\/p>\n","protected":false},"author":20,"featured_media":0,"parent":4888,"menu_order":0,"comment_status":"closed","ping_status":"closed","template":"","meta":{"ep_exclude_from_search":false,"footnotes":""},"class_list":["post-4949","page","type-page","status-publish","format-standard","hentry","odd"],"_links":{"self":[{"href":"https:\/\/www.unidroit.org\/fr\/wp-json\/wp\/v2\/pages\/4949","targetHints":{"allow":["GET"]}}],"collection":[{"href":"https:\/\/www.unidroit.org\/fr\/wp-json\/wp\/v2\/pages"}],"about":[{"href":"https:\/\/www.unidroit.org\/fr\/wp-json\/wp\/v2\/types\/page"}],"author":[{"embeddable":true,"href":"https:\/\/www.unidroit.org\/fr\/wp-json\/wp\/v2\/users\/20"}],"replies":[{"embeddable":true,"href":"https:\/\/www.unidroit.org\/fr\/wp-json\/wp\/v2\/comments?post=4949"}],"version-history":[{"count":0,"href":"https:\/\/www.unidroit.org\/fr\/wp-json\/wp\/v2\/pages\/4949\/revisions"}],"up":[{"embeddable":true,"href":"https:\/\/www.unidroit.org\/fr\/wp-json\/wp\/v2\/pages\/4888"}],"wp:attachment":[{"href":"https:\/\/www.unidroit.org\/fr\/wp-json\/wp\/v2\/media?parent=4949"}],"curies":[{"name":"wp","href":"https:\/\/api.w.org\/{rel}","templated":true}]}}