{"id":4954,"date":"2021-07-27T10:56:44","date_gmt":"2021-07-27T10:56:44","guid":{"rendered":"https:\/\/www.unidroit.org\/?page_id=4954"},"modified":"2026-04-16T14:13:23","modified_gmt":"2026-04-16T12:13:23","slug":"conseil-de-direction-3","status":"publish","type":"page","link":"https:\/\/www.unidroit.org\/fr\/reunions\/conseil-de-direction-3\/","title":{"rendered":"Conseil de Direction"},"content":{"rendered":"<div class=\"wpb-content-wrapper\"><p>[vc_row][vc_column css=&#8221;.vc_custom_1490017614850{margin-bottom: 30px !important;}&#8221;][vc_custom_heading text=&#8221;CONSEIL DE DIRECTION&#8221; font_container=&#8221;tag:h1|text_align:left&#8221; use_theme_fonts=&#8221;yes&#8221; css=&#8221;.vc_custom_1627383451306{margin-top: 0px !important;margin-bottom: 20px !important;}&#8221;][vc_column_text css=&#8221;.vc_custom_1776341477598{padding-top: 35px !important;padding-right: 35px !important;padding-bottom: 35px !important;padding-left: 35px !important;background-color: #f2f2f2 !important;}&#8221;]<\/p>\n<table class=\"category table table-striped table-bordered table-hover table-noheader\" style=\"width: 100%; height: 577px;\">\n<tbody>\n<tr>\n<td><a href=\"https:\/\/www.unidroit.org\/fr\/107eme-session-rome-27-29-mai-2026-2\/\" target=\"_blank\" rel=\"noopener\">107\u00e8me session (Rome, 27-29 mai 2026)<\/a><\/td>\n<\/tr>\n<tr>\n<td><a href=\"https:\/\/www.unidroit.org\/fr\/reunions\/conseil-de-direction-3\/106eme-session-remote-novembre-decembre-2025\/\" target=\"_blank\" rel=\"noopener\">106\u00e8me session (Rome, \u00e0 distance, novembre-d\u00e9cembre<span style=\"font-family: inherit; font-size: inherit;\"> 2025)<\/span><\/a><\/td>\n<\/tr>\n<tr style=\"height: 24px;\">\n<td style=\"height: 24px;\"><a href=\"https:\/\/www.unidroit.org\/fr\/reunions\/conseil-de-direction-3\/105-eme-session-rome-20-23-mai-2025\/\">105\u00e8me session (Rome, 20-23 mai 2025)<\/a><\/td>\n<\/tr>\n<tr style=\"height: 24px;\">\n<td style=\"height: 24px;\"><a href=\"https:\/\/www.unidroit.org\/fr\/reunions\/conseil-de-direction-3\/104-eme-session-remote-avril-202525\/\">104\u00e8me session, (\u00e0 distance, 29 avril 2025)\u00a0<\/a><\/td>\n<\/tr>\n<tr style=\"height: 24px;\">\n<td style=\"height: 24px;\"><a href=\"https:\/\/www.unidroit.org\/fr\/reunions\/conseil-de-direction-3\/103eme-session-rome-8-10-mai-2024\/\">103\u00e8me session (Rome, 8-10 mai 2024)<\/a><\/td>\n<\/tr>\n<tr style=\"height: 25px;\">\n<td style=\"height: 25px;\"><a href=\"https:\/\/www.unidroit.org\/fr\/reunions\/conseil-de-direction-3\/102eme-session-rome-10-12-mai-2023\/\">102\u00e8me session (Rome, 10-12 mai 2023)<\/a><\/td>\n<\/tr>\n<tr style=\"height: 24px;\">\n<td style=\"height: 24px;\"><a href=\"https:\/\/www.unidroit.org\/fr\/reunions\/conseil-de-direction-3\/101eme-session-rome-8-10-juin-2022\/\">101\u00e8me session (Rome, 8-10 juin 2022)<\/a><\/td>\n<\/tr>\n<tr style=\"height: 24px;\">\n<td style=\"height: 24px;\"><a href=\"https:\/\/www.unidroit.org\/meetings\/governing-council-2\/100th-session-b-rome-september-2021\/\">100\u00e8me session (B) (Rome, 22-24 septembre 2021)<\/a><\/td>\n<\/tr>\n<tr class=\"cat-list-row0\" style=\"height: 24px;\">\n<td class=\"list-title\" style=\"height: 24px;\" headers=\"categorylist_header_title\"><a href=\"https:\/\/www.unidroit.org\/meetings\/governing-council-2\/100th-session-a-remote-session-april-may-2021\/\">100\u00e8me session (A) (R\u00e9union \u00e0 distance, avril\/mai 2021)<\/a><\/td>\n<\/tr>\n<tr class=\"cat-list-row1\" style=\"height: 24px;\">\n<td class=\"list-title\" style=\"height: 24px;\" headers=\"categorylist_header_title\"><a href=\"https:\/\/www.unidroit.org\/meetings\/governing-council-2\/99th-session-b-rome-23-25-september-2020\/\">99\u00e8me session (B) (Rome, 23-25 septembre 2020)<\/a><\/td>\n<\/tr>\n<tr class=\"cat-list-row0\" style=\"height: 24px;\">\n<td class=\"list-title\" style=\"height: 24px;\" headers=\"categorylist_header_title\"><a href=\"https:\/\/www.unidroit.org\/meetings\/governing-council-2\/99th-session-a-remote-session-april-may-2020\/\">99\u00e8me session (A) (R\u00e9union \u00e0 distance, avril\/mai 2020)<\/a><\/td>\n<\/tr>\n<tr class=\"cat-list-row1\" style=\"height: 24px;\">\n<td class=\"list-title\" style=\"height: 24px;\" headers=\"categorylist_header_title\"><a href=\"https:\/\/www.unidroit.org\/meetings\/governing-council-2\/98th-session-rome-8-10-may-2019\/\">98\u00e8me session (Rome, 8-10 mai 2019)<\/a><\/td>\n<\/tr>\n<tr class=\"cat-list-row0\" style=\"height: 24px;\">\n<td class=\"list-title\" style=\"height: 24px;\" headers=\"categorylist_header_title\"><a href=\"https:\/\/www.unidroit.org\/meetings\/governing-council-2\/97th-session-rome-2-4-may-2018\/\">97\u00e8me session (Rome, 2-4 mai 2018)<\/a><\/td>\n<\/tr>\n<tr class=\"cat-list-row1\" style=\"height: 24px;\">\n<td class=\"list-title\" style=\"height: 24px;\" headers=\"categorylist_header_title\"><a href=\"https:\/\/www.unidroit.org\/meetings\/governing-council-2\/96th-session-rome-10-12-may-2017\/\">96\u00e8me session (Rome, 10-12 mai 2017)<\/a><\/td>\n<\/tr>\n<tr class=\"cat-list-row0\" style=\"height: 24px;\">\n<td class=\"list-title\" style=\"height: 24px;\" headers=\"categorylist_header_title\"><a href=\"https:\/\/www.unidroit.org\/meetings\/governing-council-2\/95th-session-rome-18-20-may-2016\/\">95\u00e8me session (Rome, 18-20 mai 2016)<\/a><\/td>\n<\/tr>\n<tr class=\"cat-list-row1\" style=\"height: 24px;\">\n<td class=\"list-title\" style=\"height: 24px;\" headers=\"categorylist_header_title\"><a href=\"https:\/\/www.unidroit.org\/meetings\/governing-council-2\/94th-session-rome-6-8-may-2015\/\">94\u00e8me session (Rome, 6-8 mai 2015)<\/a><\/td>\n<\/tr>\n<tr class=\"cat-list-row0\" style=\"height: 24px;\">\n<td class=\"list-title\" style=\"height: 24px;\" headers=\"categorylist_header_title\"><a href=\"https:\/\/www.unidroit.org\/meetings\/governing-council-2\/93rd-session-rome-7-10-may-2014\/\">93\u00e8me session (Rome, 7-10 mai 2014)<\/a><\/td>\n<\/tr>\n<tr class=\"cat-list-row1\" style=\"height: 24px;\">\n<td class=\"list-title\" style=\"height: 24px;\" headers=\"categorylist_header_title\"><a href=\"https:\/\/www.unidroit.org\/meetings\/governing-council-2\/92nd-session-rome-8-10-may-2013\/\">92\u00e8me session (Rome, 8-10 mai 2013)<\/a><\/td>\n<\/tr>\n<tr class=\"cat-list-row0\" style=\"height: 24px;\">\n<td class=\"list-title\" style=\"height: 24px;\" headers=\"categorylist_header_title\"><a href=\"https:\/\/www.unidroit.org\/meetings\/governing-council-2\/91st-session-rome-7-9-may-2012-general-assembly-70th-session-joint-meeting\/\">91\u00e8me session (Rome, 7-9 mai 2012) &#8211; 70\u00e8me session de l&#8217;Assembl\u00e9e G\u00e9n\u00e9rale &#8211; R\u00e9union conjointe<\/a><\/td>\n<\/tr>\n<tr class=\"cat-list-row1\" style=\"height: 24px;\">\n<td class=\"list-title\" style=\"height: 24px;\" headers=\"categorylist_header_title\"><a href=\"https:\/\/www.unidroit.org\/meetings\/governing-council-2\/90th-session-rome-9-11-may-2011\/\">90\u00e8me session (Rome, 9-11 mai 2011)<\/a><\/td>\n<\/tr>\n<tr class=\"cat-list-row0\" style=\"height: 24px;\">\n<td class=\"list-title\" style=\"height: 24px;\" headers=\"categorylist_header_title\"><a href=\"https:\/\/www.unidroit.org\/meetings\/governing-council-2\/89th-session-rome-10-12-may-2010\/\">89\u00e8me session (Rome, 10-12 mai 2010)<\/a><\/td>\n<\/tr>\n<tr class=\"cat-list-row1\" style=\"height: 24px;\">\n<td class=\"list-title\" style=\"height: 24px;\" headers=\"categorylist_header_title\"><a href=\"https:\/\/www.unidroit.org\/meetings\/governing-council-2\/88th-session-rome-20-23-april-2009\/\">88\u00e8me session (Rome, 20-23 avril 2009)<\/a><\/td>\n<\/tr>\n<tr class=\"cat-list-row0\" style=\"height: 24px;\">\n<td class=\"list-title\" style=\"height: 24px;\" headers=\"categorylist_header_title\"><a href=\"https:\/\/www.unidroit.org\/meetings\/governing-council-2\/87th-session-rome-21-23-april-2008\/\">87\u00e8me session (Rome, 21-23 avril 2008)<\/a><\/td>\n<\/tr>\n<tr class=\"cat-list-row1\" style=\"height: 24px;\">\n<td class=\"list-title\" style=\"height: 24px;\" headers=\"categorylist_header_title\"><a href=\"https:\/\/www.unidroit.org\/meetings\/governing-council-2\/86th-session-rome-16-18-april-2007\/\">86\u00e8me session (Rome, 16-18 avril 2007)<\/a><\/td>\n<\/tr>\n<tr class=\"cat-list-row0\" style=\"height: 24px;\">\n<td class=\"list-title\" style=\"height: 24px;\" headers=\"categorylist_header_title\"><a href=\"https:\/\/www.unidroit.org\/meetings\/governing-council-2\/85th-session-rome-8-10-may-2006\/\">85\u00e8me session (Rome, 8-10 mai 2006)<\/a><\/td>\n<\/tr>\n<tr class=\"cat-list-row1\" style=\"height: 24px;\">\n<td class=\"list-title\" style=\"height: 24px;\" headers=\"categorylist_header_title\"><a href=\"https:\/\/www.unidroit.org\/meetings\/governing-council-2\/84th-session-rome-18-20-april-2005\/\">84\u00e8me session (Rome, 18-20 avril 2005)<\/a><\/td>\n<\/tr>\n<\/tbody>\n<\/table>\n<p>[\/vc_column_text][\/vc_column][\/vc_row]<\/p>\n<\/div>","protected":false},"excerpt":{"rendered":"<p>[vc_row][vc_column css=&#8221;.vc_custom_1490017614850{margin-bottom: 30px !important;}&#8221;][vc_custom_heading text=&#8221;CONSEIL DE DIRECTION&#8221; font_container=&#8221;tag:h1|text_align:left&#8221; use_theme_fonts=&#8221;yes&#8221; css=&#8221;.vc_custom_1627383451306{margin-top: 0px !important;margin-bottom: 20px !important;}&#8221;][vc_column_text css=&#8221;.vc_custom_1776341477598{padding-top: 35px !important;padding-right: 35px !important;padding-bottom: 35px !important;padding-left: 35px !important;background-color: #f2f2f2 !important;}&#8221;] 107\u00e8me session (Rome, 27-29 mai 2026) 106\u00e8me session (Rome, \u00e0 distance, novembre-d\u00e9cembre 2025) 105\u00e8me session (Rome, 20-23 mai 2025) 104\u00e8me&nbsp;<a href=\"https:\/\/www.unidroit.org\/fr\/reunions\/conseil-de-direction-3\/\">&hellip;<\/a><\/p>\n","protected":false},"author":20,"featured_media":0,"parent":4885,"menu_order":0,"comment_status":"closed","ping_status":"closed","template":"","meta":{"ep_exclude_from_search":false,"footnotes":""},"class_list":["post-4954","page","type-page","status-publish","format-standard","hentry","odd"],"_links":{"self":[{"href":"https:\/\/www.unidroit.org\/fr\/wp-json\/wp\/v2\/pages\/4954","targetHints":{"allow":["GET"]}}],"collection":[{"href":"https:\/\/www.unidroit.org\/fr\/wp-json\/wp\/v2\/pages"}],"about":[{"href":"https:\/\/www.unidroit.org\/fr\/wp-json\/wp\/v2\/types\/page"}],"author":[{"embeddable":true,"href":"https:\/\/www.unidroit.org\/fr\/wp-json\/wp\/v2\/users\/20"}],"replies":[{"embeddable":true,"href":"https:\/\/www.unidroit.org\/fr\/wp-json\/wp\/v2\/comments?post=4954"}],"version-history":[{"count":14,"href":"https:\/\/www.unidroit.org\/fr\/wp-json\/wp\/v2\/pages\/4954\/revisions"}],"predecessor-version":[{"id":40086,"href":"https:\/\/www.unidroit.org\/fr\/wp-json\/wp\/v2\/pages\/4954\/revisions\/40086"}],"up":[{"embeddable":true,"href":"https:\/\/www.unidroit.org\/fr\/wp-json\/wp\/v2\/pages\/4885"}],"wp:attachment":[{"href":"https:\/\/www.unidroit.org\/fr\/wp-json\/wp\/v2\/media?parent=4954"}],"curies":[{"name":"wp","href":"https:\/\/api.w.org\/{rel}","templated":true}]}}