{"id":4959,"date":"2021-07-27T19:26:00","date_gmt":"2021-07-27T19:26:00","guid":{"rendered":"https:\/\/www.unidroit.org\/?page_id=4959"},"modified":"2021-09-03T14:51:48","modified_gmt":"2021-09-03T14:51:48","slug":"100eme-session-a-reunion-a-distance-avril-mai-2021","status":"publish","type":"page","link":"https:\/\/www.unidroit.org\/fr\/reunions\/conseil-de-direction-2-2\/100eme-session-a-reunion-a-distance-avril-mai-2021\/","title":{"rendered":"100\u00c8ME SESSION (A) (REUNION A DISTANCE, AVRIL\/MAI 2021)"},"content":{"rendered":"<div class=\"wpb-content-wrapper\"><p>[vc_row][vc_column css=&#8221;.vc_custom_1490017614850{margin-bottom: 30px !important;}&#8221;][vc_custom_heading text=&#8221;100\u00e8me Session (A)<br \/>\n(R\u00e9union \u00e0 distance, avril\/mai 2021)&#8221; font_container=&#8221;tag:h1|text_align:left&#8221; use_theme_fonts=&#8221;yes&#8221; css=&#8221;.vc_custom_1630680734822{margin-top: 0px !important;margin-bottom: 20px !important;}&#8221;][vc_column_text css=&#8221;.vc_custom_1630680757325{padding-top: 35px !important;padding-right: 35px !important;padding-bottom: 35px !important;padding-left: 35px !important;background-color: #f2f2f2 !important;}&#8221;]<\/p>\n<p style=\"text-align: center;\"><strong>Documents<br \/>\n<\/strong><\/p>\n<p>1. Adoption de l\u2019ordre du jour annot\u00e9\u00a0<a href=\"https:\/\/www.unidroit.org\/french\/governments\/councildocuments\/2021session\/cd-100-a-01-f.pdf\">(C.D. (100) A.1)<\/a><\/p>\n<p>2. Mise \u00e0 jour sur les activit\u00e9s en cours\u00a0<a href=\"https:\/\/www.unidroit.org\/french\/governments\/councildocuments\/2021session\/cd-100-a-02-f.pdf\">(C.D. (100) A.2)<\/a><\/p>\n<p>3. Elaboration du projet de Budget pour l\u2019exercice financier 2022\u00a0<a href=\"https:\/\/www.unidroit.org\/french\/governments\/councildocuments\/2021session\/cd-100-a-03-f.pdf\">(C.D. (100) A.3)<\/a>[\/vc_column_text][\/vc_column][\/vc_row]<\/p>\n<\/div>","protected":false},"excerpt":{"rendered":"<p>[vc_row][vc_column css=&#8221;.vc_custom_1490017614850{margin-bottom: 30px !important;}&#8221;][vc_custom_heading text=&#8221;100\u00e8me Session (A) (R\u00e9union \u00e0 distance, avril\/mai 2021)&#8221; font_container=&#8221;tag:h1|text_align:left&#8221; use_theme_fonts=&#8221;yes&#8221; css=&#8221;.vc_custom_1630680734822{margin-top: 0px !important;margin-bottom: 20px !important;}&#8221;][vc_column_text css=&#8221;.vc_custom_1630680757325{padding-top: 35px !important;padding-right: 35px !important;padding-bottom: 35px !important;padding-left: 35px !important;background-color: #f2f2f2 !important;}&#8221;] Documents 1. Adoption de l\u2019ordre du jour annot\u00e9\u00a0(C.D. (100) A.1) 2. Mise \u00e0 jour sur&nbsp;<a href=\"https:\/\/www.unidroit.org\/fr\/reunions\/conseil-de-direction-2-2\/100eme-session-a-reunion-a-distance-avril-mai-2021\/\">&hellip;<\/a><\/p>\n","protected":false},"author":20,"featured_media":0,"parent":4954,"menu_order":0,"comment_status":"closed","ping_status":"closed","template":"","meta":{"ep_exclude_from_search":false,"footnotes":""},"class_list":["post-4959","page","type-page","status-publish","format-standard","hentry","odd"],"_links":{"self":[{"href":"https:\/\/www.unidroit.org\/fr\/wp-json\/wp\/v2\/pages\/4959","targetHints":{"allow":["GET"]}}],"collection":[{"href":"https:\/\/www.unidroit.org\/fr\/wp-json\/wp\/v2\/pages"}],"about":[{"href":"https:\/\/www.unidroit.org\/fr\/wp-json\/wp\/v2\/types\/page"}],"author":[{"embeddable":true,"href":"https:\/\/www.unidroit.org\/fr\/wp-json\/wp\/v2\/users\/20"}],"replies":[{"embeddable":true,"href":"https:\/\/www.unidroit.org\/fr\/wp-json\/wp\/v2\/comments?post=4959"}],"version-history":[{"count":0,"href":"https:\/\/www.unidroit.org\/fr\/wp-json\/wp\/v2\/pages\/4959\/revisions"}],"up":[{"embeddable":true,"href":"https:\/\/www.unidroit.org\/fr\/wp-json\/wp\/v2\/pages\/4954"}],"wp:attachment":[{"href":"https:\/\/www.unidroit.org\/fr\/wp-json\/wp\/v2\/media?parent=4959"}],"curies":[{"name":"wp","href":"https:\/\/api.w.org\/{rel}","templated":true}]}}