{"id":4974,"date":"2021-07-27T19:34:55","date_gmt":"2021-07-27T19:34:55","guid":{"rendered":"https:\/\/www.unidroit.org\/?page_id=4974"},"modified":"2021-07-27T19:34:57","modified_gmt":"2021-07-27T19:34:57","slug":"96eme-session-rome-10-12-mai-2017","status":"publish","type":"page","link":"https:\/\/www.unidroit.org\/fr\/reunions\/conseil-de-direction-3\/96eme-session-rome-10-12-mai-2017\/","title":{"rendered":"96\u00c8ME SESSION (ROME, 10-12 MAI 2017)"},"content":{"rendered":"<div class=\"wpb-content-wrapper\"><p>[vc_row][vc_column css=&#8221;.vc_custom_1490017614850{margin-bottom: 30px !important;}&#8221;][vc_custom_heading text=&#8221;96\u00c8ME SESSION (ROME, 10-12 MAI 2017)<br \/>\n&#8221; font_container=&#8221;tag:h1|text_align:left&#8221; use_theme_fonts=&#8221;yes&#8221; css=&#8221;.vc_custom_1627414536982{margin-top: 0px !important;margin-bottom: 20px !important;}&#8221;][vc_column_text css=&#8221;.vc_custom_1627414551866{padding-top: 35px !important;padding-right: 35px !important;padding-bottom: 35px !important;padding-left: 35px !important;background-color: #f2f2f2 !important;}&#8221;]<strong>Documents de la 96<sup>\u00e8me<\/sup>\u00a0session du Conseil de Direction d&#8217;UNIDROIT<br \/>\n(Rome, 10-12 mai 2017)<\/strong><\/p>\n<p>&nbsp;<\/p>\n<p>&nbsp;<\/p>\n<p>&nbsp;<\/p>\n<p>\u00b7 Conclusions sommaires\u00a0<a href=\"https:\/\/www.unidroit.org\/french\/governments\/councildocuments\/2017session\/cd-96-misc02-f.pdf\">(C.D. (96) Misc. 2)<\/a><\/p>\n<p>&nbsp;<\/p>\n<p>\u00b7 Rapport\u00a0<a href=\"https:\/\/www.unidroit.org\/french\/governments\/councildocuments\/2017session\/cd-96-15-f.pdf\">(C.D. (96) 15)<\/a><\/p>\n<p>&nbsp;<\/p>\n<p>&nbsp;<\/p>\n<p>&nbsp;<\/p>\n<p>*<\/p>\n<p>*\u00a0\u00a0\u00a0\u00a0 *\u00a0\u00a0\u00a0\u00a0 *<\/p>\n<p>&nbsp;<\/p>\n<p>&nbsp;<\/p>\n<p>&nbsp;<\/p>\n<p>&#8211; Ordre de travaux provisoire\u00a0<a href=\"https:\/\/www.unidroit.org\/french\/governments\/councildocuments\/2017session\/cd-96-misc01-f.pdf\">(C.D. (96) Misc. 1)<\/a><\/p>\n<p>&nbsp;<\/p>\n<p>&nbsp;<\/p>\n<p>1. Adoption du projet d\u2019ordre du jour annot\u00e9\u00a0<a href=\"https:\/\/www.unidroit.org\/french\/governments\/councildocuments\/2017session\/cd-96-01rev-f.pdf\">(C.D. (96) 1 rev. 3)<\/a><\/p>\n<p>&nbsp;<\/p>\n<p>&nbsp;<\/p>\n<p>2. Nomination des premier et deuxi\u00e8me Vice-Pr\u00e9sidents du Conseil de Direction<br \/>\n<a href=\"https:\/\/www.unidroit.org\/french\/governments\/councildocuments\/2017session\/cd-96-01rev-f.pdf\">(C.D. (96) 1 rev.)<\/a><\/p>\n<p>&nbsp;<\/p>\n<p>&nbsp;<\/p>\n<p>3. Rapports<\/p>\n<p>a) Rapport annuel 2016\u00a0<a href=\"https:\/\/www.unidroit.org\/french\/governments\/councildocuments\/2017session\/cd-96-02-f.pdf\">(C.D. (96) 2)<\/a><br \/>\nb) Rapport sur la Fondation de droit uniforme<\/p>\n<p>&nbsp;<\/p>\n<p>&nbsp;<\/p>\n<p>4. Garanties internationales portant sur des mat\u00e9riels d\u2019\u00e9quipement mobiles<\/p>\n<p>a) Etat de mise en oeuvre du Protocole ferroviaire de Luxembourg et du<br \/>\nProtocole spatial\u00a0<a href=\"https:\/\/www.unidroit.org\/french\/governments\/councildocuments\/2017session\/cd-96-03-f.pdf\">(C.D. (96) 3)<\/a><\/p>\n<p>[Documents connexes:<\/p>\n<p>&#8211;\u00a0<a href=\"https:\/\/www.unidroit.org\/french\/governments\/councildocuments\/2017session\/cd-96-02-f.pdf\">UNIDROIT 2017 \u2013 C.D. (96) 2<\/a>;<br \/>\n&#8211;\u00a0<a href=\"https:\/\/www.unidroit.org\/french\/governments\/councildocuments\/2016session\/cd-95-02-f.pdf\">UNIDROIT 2016 \u2013 C.D. (95) 2<\/a>;<br \/>\n&#8211;\u00a0<a href=\"https:\/\/www.unidroit.org\/french\/governments\/councildocuments\/2016session\/cd-95-04-f.pdf\">UNIDROIT 2016 \u2013 C.D. (95) 4<\/a>.]<\/p>\n<p>&nbsp;<\/p>\n<p>b) Avant-projet de Protocole \u00e0 la Convention du Cap portant sur les questions<br \/>\nsp\u00e9cifiques aux mat\u00e9riels d\u2019\u00e9quipement agricoles, miniers et de construction<br \/>\n<a href=\"https:\/\/www.unidroit.org\/french\/governments\/councildocuments\/2017session\/cd-96-04-f.pdf\">(C.D. (96) 4)<\/a><\/p>\n<p>[Document connexe:\u00a0<a href=\"https:\/\/www.unidroit.org\/french\/documents\/2017\/etude72k\/cge01\/s-72k-cge01-report-f.pdf\">UNIDROIT 2017 &#8211; Etude 72K &#8211; CGE1 &#8211; Rapport<\/a>]<\/p>\n<p>&nbsp;<\/p>\n<p>&nbsp;<\/p>\n<p>5. Op\u00e9rations sur les march\u00e9s de capitaux interconnect\u00e9s et transnationaux :<br \/>\nExamen et adoption du Guide l\u00e9gislatif d\u2019UNIDROIT sur les titres interm\u00e9di\u00e9s<br \/>\n<a href=\"https:\/\/www.unidroit.org\/french\/governments\/councildocuments\/2017session\/cd-96-05-f.pdf\">(C.D. (96) 5)<\/a><\/p>\n<p>&nbsp;<\/p>\n<p>&nbsp;<\/p>\n<p>6. Droit priv\u00e9 et d\u00e9veloppement agricole<\/p>\n<p>a) Activit\u00e9s de suivi et promotion du Guide l\u00e9gislatif sur l\u2019agriculture contractuelle<br \/>\n<a href=\"https:\/\/www.unidroit.org\/french\/governments\/councildocuments\/2017session\/cd-96-06a-f.pdf\">(C.D. (96) 6(a))<\/a><\/p>\n<p>[Documents connexes:<br \/>\n&#8211;\u00a0<a href=\"https:\/\/www.unidroit.org\/french\/guides\/2015contractfarming\/cf-legal-guide-2015-f.jpg\">Guide juridique sur l&#8217;agriculture contractuelle UNIDROIT\/FAO\/FIDA<\/a>;<br \/>\n&#8211;\u00a0<a href=\"https:\/\/www.unidroit.org\/fr\/instruments\/agriculture-contractuelle\/guide-juridique\">Agriculture contractuelle<\/a>;<br \/>\n&#8211;\u00a0<a href=\"https:\/\/www.unidroit.org\/fr\/communaute-de-pratique\/accueil\">Communaut\u00e9 de pratique sur les aspects juridiques de l&#8217;agriculture<br \/>\n<\/a>\u00a0\u00a0 \u00a0\u00a0<a href=\"https:\/\/www.unidroit.org\/fr\/communaute-de-pratique\/accueil\">contractuelle<\/a>.]<\/p>\n<p>b) Elaboration \u00e9ventuelle d\u2019un guide international sur les contrats d\u2019investissement<br \/>\nfonciers\u00a0<a href=\"https:\/\/www.unidroit.org\/french\/governments\/councildocuments\/2017session\/cd-96-06b-f.pdf\">(C.D. (96) 6(b))<\/a><\/p>\n<p>[Document connexe:\u00a0<a href=\"https:\/\/www.unidroit.org\/french\/governments\/councildocuments\/2016session\/cd-95-07b-prov-f.pdf\">UNIDROIT 2016 &#8211; C.D. (95) 7(b)<\/a>]<\/p>\n<p>&nbsp;<\/p>\n<p>&nbsp;<\/p>\n<p>7. Proc\u00e9dure civile transnationale : formulation de r\u00e8gles r\u00e9gionales<br \/>\n<a href=\"https:\/\/www.unidroit.org\/french\/governments\/councildocuments\/2017session\/cd-96-07-f.pdf\">(C.D. (96) 7)<\/a>\u00a0&#8211;\u00a0<a href=\"https:\/\/www.unidroit.org\/french\/governments\/councildocuments\/2017session\/cd-96-07add-f.pdf\">(C.D. (96) 7 add.)<\/a><\/p>\n<p>[Documents connexes:<br \/>\n&#8211;\u00a0<a href=\"https:\/\/www.unidroit.org\/french\/governments\/councildocuments\/2016session\/cd-95-08-f.pdf\">UNIDROIT 2016 \u2013 C.D. (95) 8<\/a>;<br \/>\n&#8211;\u00a0<a href=\"https:\/\/www.unidroit.org\/french\/governments\/councildocuments\/2017session\/cd-96-02-f.pdf\">UNIDROIT 2017 \u2013 C.D. (96) 2<\/a>.]<\/p>\n<p>&nbsp;<\/p>\n<p>&nbsp;<\/p>\n<p>8. Contrats du commerce international : formulation de principes en mati\u00e8re de contrats<br \/>\nde r\u00e9assurance<\/p>\n<p>&nbsp;<\/p>\n<p>&nbsp;<\/p>\n<p>9. Droit international des ventes: \u00e9laboration d&#8217;un document d&#8217;orientation sur les textes<br \/>\nexistants dans le domaine du droit commercial international en coop\u00e9ration avec la<br \/>\nCNUDCI et la Conf\u00e9rence de La Haye de droit international priv\u00e9\u00a0<a href=\"https:\/\/www.unidroit.org\/french\/governments\/councildocuments\/2017session\/cd-96-08-f.pdf\">(C.D. (96) 8)<\/a><\/p>\n<p>[Documents connexes:<br \/>\n&#8211;\u00a0<a href=\"https:\/\/www.unidroit.org\/french\/governments\/councildocuments\/2016session\/cd-95-08-f.pdf\">UNIDROIT 2016 \u2013 C.D. (95) 8<\/a>;<br \/>\n&#8211;\u00a0<a href=\"https:\/\/www.unidroit.org\/french\/governments\/councildocuments\/2017session\/cd-96-02-f.pdf\">UNIDROIT 2017 \u2013 C.D. (96) 2<\/a>.]<\/p>\n<p>&nbsp;<\/p>\n<p>&nbsp;<\/p>\n<p>10. Protection internationale des biens culturels\u00a0<a href=\"https:\/\/www.unidroit.org\/french\/governments\/councildocuments\/2017session\/cd-96-09-f.pdf\">(C.D. (96) 9)<\/a><\/p>\n<p>a) Activit\u00e9s de suivi et promotion de la Convention d\u2019UNIDROIT de 1995<br \/>\nsur les biens culturels vol\u00e9s ou illicitement export\u00e9s<br \/>\nb) Collections d&#8217;art priv\u00e9es<\/p>\n<p>[Document connexe: Rapport annuel 2016\u00a0<a href=\"https:\/\/www.unidroit.org\/french\/governments\/councildocuments\/2017session\/cd-96-02-f.pdf\">(C.D.(96) 2)<\/a>]<\/p>\n<p>&nbsp;<\/p>\n<p>&nbsp;<\/p>\n<p>11. Promotion des instruments d\u2019UNIDROIT\u00a0<a href=\"https:\/\/www.unidroit.org\/french\/governments\/councildocuments\/2017session\/cd-96-10-f.pdf\">(C.D. (96) 10)<\/a><\/p>\n<p>[Document connexe: Rapport annuel 2016\u00a0<a href=\"https:\/\/www.unidroit.org\/french\/governments\/councildocuments\/2017session\/cd-96-02-f.pdf\">(C.D.(96) 2)<\/a>]<\/p>\n<p>&nbsp;<\/p>\n<p>&nbsp;<\/p>\n<p>12. Biblioth\u00e8que et activit\u00e9s de recherche\u00a0<a href=\"https:\/\/www.unidroit.org\/french\/governments\/councildocuments\/2017session\/cd-96-11-f.pdf\">(C.D. (96) 11)<\/a><\/p>\n<p>[Document connexe: Rapport annuel 2016\u00a0<a href=\"https:\/\/www.unidroit.org\/french\/governments\/councildocuments\/2017session\/cd-96-02-f.pdf\">(C.D.(96) 2)<\/a>]<\/p>\n<p>&nbsp;<\/p>\n<p>&nbsp;<\/p>\n<p>13. Ressources et politique d\u2019information d\u2019UNIDROIT\u00a0<a href=\"https:\/\/www.unidroit.org\/french\/governments\/councildocuments\/2017session\/cd-96-12-f.pdf\">(C.D. (96) 12)<\/a><\/p>\n<p>a) Uniform Law Review \/ Revue de droit uniforme et autres publications<br \/>\nb) Le site Internet d\u2019UNIDROIT et les Biblioth\u00e8ques d\u00e9positaires de la documentation<br \/>\nd\u2019UNIDROIT<\/p>\n<p>[Documents connexes :<br \/>\n&#8211;\u00a0<a href=\"https:\/\/www.unidroit.org\/french\/governments\/councildocuments\/2017session\/cd-96-02-f.pdf\">Rapport annuel 2017 (C.D. (96) 2)<\/a>;<br \/>\n&#8211;\u00a0<a href=\"https:\/\/www.unidroit.org\/french\/governments\/councildocuments\/2013session\/cd92-12-f.pdf\">UNIDROIT 2013 (C.D. (92) 12)<\/a>;<br \/>\n&#8211;\u00a0<a href=\"https:\/\/www.unidroit.org\/french\/governments\/councildocuments\/2014session\/cd-93-11-f.pdf\">UNIDROIT 2014 (C.D. (93) 11)<\/a>;<br \/>\n&#8211;\u00a0<a href=\"https:\/\/www.unidroit.org\/french\/governments\/councildocuments\/2015session\/cd-94-11-f.pdf\">UNIDROIT 2015 (C.D. (94) 11)<\/a>;<br \/>\n&#8211;\u00a0<a href=\"https:\/\/www.unidroit.org\/french\/governments\/councildocuments\/2016session\/cd-95-12-f.pdf\">UNIDROIT 2016 (C.D. (95) 12)<\/a>.]<\/p>\n<p>&nbsp;<\/p>\n<p>&nbsp;<\/p>\n<p>14. Question administratives<\/p>\n<p>a) Pr\u00e9paration du projet de budget pour l\u2019exercice financier 2018\u00a0<a href=\"https:\/\/www.unidroit.org\/french\/governments\/councildocuments\/2017session\/cd-96-13-f.pdf\">(C.D. (96) 13 (a))<\/a><\/p>\n<p>[Document connexe:<br \/>\nProjet de budget 2017 \u2013 premi\u00e8res estimations\u00a0<a href=\"https:\/\/www.unidroit.org\/french\/governments\/financecommitteedocuments\/2017-81session\/fc-81-02-f.pdf\">(UNIDROIT 2017 &#8211; F.C . (81) 2)<\/a>]<\/p>\n<p>b) Rapport du Comit\u00e9 Permanent\u00a0<a href=\"https:\/\/www.unidroit.org\/french\/governments\/councildocuments\/2017session\/cd-96-13b-f.pdf\">(C.D. (96) 13 (b))<\/a><\/p>\n<p>&nbsp;<\/p>\n<p>&nbsp;<\/p>\n<p>15. Date et lieu de la 97\u00e8me session du Conseil de Direction\u00a0<a href=\"https:\/\/www.unidroit.org\/french\/governments\/councildocuments\/2017session\/cd-96-01rev-f.pdf\">(C.D. (96) 1 rev.)<\/a><\/p>\n<p>&nbsp;<\/p>\n<p>&nbsp;<\/p>\n<p>16. Divers\u00a0<a href=\"https:\/\/www.unidroit.org\/french\/governments\/councildocuments\/2017session\/cd-96-14-f.pdf\">(C.D. (96) 14)<\/a><\/p>\n<p>&nbsp;<\/p>\n<p>Droit priv\u00e9 et d\u00e9veloppement-Coop\u00e9ration avec le Forum mondial sur le droit, la justice et le d\u00e9veloppement (LFLLJD) et travaux \u00e9ventuels futurs dans le cadre du projet \u201cHuman &#8211; Centered Business Model\u201d (C.D. (96) 14)<\/p>\n<p>&nbsp;<\/p>\n<p>&nbsp;<\/p>\n<p>17. Colloque international sur le droit europ\u00e9en et le droit priv\u00e9 national (12 mai 2017)<br \/>\n<a href=\"https:\/\/www.unidroit.org\/french\/governments\/councildocuments\/2017session\/cd-96-01-f.pdf\">(C.D. (96) 1)<\/a><\/p>\n<p>&nbsp;<\/p>\n<p><a href=\"https:\/\/www.unidroit.org\/french\/governments\/councildocuments\/2017session\/cd-96-x1-f.pdf\">L\u2019impact du droit de l\u2019Union europ\u00e9enne sur le droit priv\u00e9 national Concurrence, march\u00e9 int\u00e9rieur, directives, application\u00a0<em>ex officio<\/em>. (UNIDROIT, Rome, 12 mai 2017).<\/a>[\/vc_column_text][\/vc_column][\/vc_row]<\/p>\n<\/div>","protected":false},"excerpt":{"rendered":"<p>[vc_row][vc_column css=&#8221;.vc_custom_1490017614850{margin-bottom: 30px !important;}&#8221;][vc_custom_heading text=&#8221;96\u00c8ME SESSION (ROME, 10-12 MAI 2017) &#8221; font_container=&#8221;tag:h1|text_align:left&#8221; use_theme_fonts=&#8221;yes&#8221; css=&#8221;.vc_custom_1627414536982{margin-top: 0px !important;margin-bottom: 20px !important;}&#8221;][vc_column_text css=&#8221;.vc_custom_1627414551866{padding-top: 35px !important;padding-right: 35px !important;padding-bottom: 35px !important;padding-left: 35px !important;background-color: #f2f2f2 !important;}&#8221;]Documents de la 96\u00e8me\u00a0session du Conseil de Direction d&#8217;UNIDROIT (Rome, 10-12 mai 2017) &nbsp; &nbsp; &nbsp; \u00b7&nbsp;<a href=\"https:\/\/www.unidroit.org\/fr\/reunions\/conseil-de-direction-3\/96eme-session-rome-10-12-mai-2017\/\">&hellip;<\/a><\/p>\n","protected":false},"author":20,"featured_media":0,"parent":4954,"menu_order":0,"comment_status":"closed","ping_status":"closed","template":"","meta":{"ep_exclude_from_search":false,"footnotes":""},"class_list":["post-4974","page","type-page","status-publish","format-standard","hentry","odd"],"_links":{"self":[{"href":"https:\/\/www.unidroit.org\/fr\/wp-json\/wp\/v2\/pages\/4974","targetHints":{"allow":["GET"]}}],"collection":[{"href":"https:\/\/www.unidroit.org\/fr\/wp-json\/wp\/v2\/pages"}],"about":[{"href":"https:\/\/www.unidroit.org\/fr\/wp-json\/wp\/v2\/types\/page"}],"author":[{"embeddable":true,"href":"https:\/\/www.unidroit.org\/fr\/wp-json\/wp\/v2\/users\/20"}],"replies":[{"embeddable":true,"href":"https:\/\/www.unidroit.org\/fr\/wp-json\/wp\/v2\/comments?post=4974"}],"version-history":[{"count":0,"href":"https:\/\/www.unidroit.org\/fr\/wp-json\/wp\/v2\/pages\/4974\/revisions"}],"up":[{"embeddable":true,"href":"https:\/\/www.unidroit.org\/fr\/wp-json\/wp\/v2\/pages\/4954"}],"wp:attachment":[{"href":"https:\/\/www.unidroit.org\/fr\/wp-json\/wp\/v2\/media?parent=4974"}],"curies":[{"name":"wp","href":"https:\/\/api.w.org\/{rel}","templated":true}]}}