{"id":4977,"date":"2021-07-27T19:37:13","date_gmt":"2021-07-27T19:37:13","guid":{"rendered":"https:\/\/www.unidroit.org\/?page_id=4977"},"modified":"2021-07-27T19:37:16","modified_gmt":"2021-07-27T19:37:16","slug":"95eme-session-rome-18-20-mai-2016","status":"publish","type":"page","link":"https:\/\/www.unidroit.org\/fr\/reunions\/conseil-de-direction-3\/95eme-session-rome-18-20-mai-2016\/","title":{"rendered":"95\u00c8ME SESSION (ROME, 18-20 MAI 2016)"},"content":{"rendered":"<div class=\"wpb-content-wrapper\"><p>[vc_row][vc_column css=&#8221;.vc_custom_1490017614850{margin-bottom: 30px !important;}&#8221;][vc_custom_heading text=&#8221;95\u00c8ME SESSION (ROME, 18-20 MAI 2016)<br \/>\n&#8221; font_container=&#8221;tag:h1|text_align:left&#8221; use_theme_fonts=&#8221;yes&#8221; css=&#8221;.vc_custom_1627414673732{margin-top: 0px !important;margin-bottom: 20px !important;}&#8221;][vc_column_text css=&#8221;.vc_custom_1627414690460{padding-top: 35px !important;padding-right: 35px !important;padding-bottom: 35px !important;padding-left: 35px !important;background-color: #f2f2f2 !important;}&#8221;]<strong>Documents de la 95<sup>\u00e8me<\/sup>\u00a0session du Conseil de Direction d&#8217;UNIDROIT<br \/>\n(Rome, 18-20 mai 2016)<\/strong><\/p>\n<p>&nbsp;<\/p>\n<p>&nbsp;<\/p>\n<p>&nbsp;<\/p>\n<p>\u00b7 Conclusions sommaires\u00a0<a href=\"https:\/\/www.unidroit.org\/french\/governments\/councildocuments\/2016session\/cd-95-misc02-f.pdf\">(C.D. (95) Misc. 2)<br \/>\n\u00b7\u00a0<\/a>Rapport\u00a0<a href=\"https:\/\/www.unidroit.org\/french\/governments\/councildocuments\/2016session\/cd-95-15-f.pdf\">(C.D. (95) 15)<\/a><\/p>\n<p>&nbsp;<\/p>\n<p>&nbsp;<\/p>\n<p>&nbsp;<\/p>\n<p>*<\/p>\n<p>*\u00a0\u00a0\u00a0\u00a0 *\u00a0\u00a0\u00a0\u00a0 *<\/p>\n<p>&nbsp;<\/p>\n<p>&nbsp;<\/p>\n<p>Ordre de travaux provisoire r\u00e9vis\u00e9\u00a0<a href=\"https:\/\/www.unidroit.org\/french\/governments\/councildocuments\/2016session\/cd-95-misc01-rev02-f.pdf\">(C.D. (95) Misc. 1 r\u00e9v. 2)<\/a><\/p>\n<p>&nbsp;<\/p>\n<p>&nbsp;<\/p>\n<p>&nbsp;<\/p>\n<p>&nbsp;<\/p>\n<p>1. Adoption du projet d\u2019ordre du jour annot\u00e9\u00a0<a href=\"https:\/\/www.unidroit.org\/french\/governments\/councildocuments\/2016session\/cd-95-01rev-02-f.pdf\">(C.D. (95) 1 r\u00e9v. 2)<\/a><\/p>\n<p>&nbsp;<\/p>\n<p>&nbsp;<\/p>\n<p>&nbsp;<\/p>\n<p>2. Nomination des Premier et deuxi\u00e8me Vice-Pr\u00e9sidents du Conseil de Direction<br \/>\n<a href=\"https:\/\/www.unidroit.org\/french\/governments\/councildocuments\/2016session\/cd-95-01rev-02-f.pdf\">(C.D. (95) 1 r\u00e9v. 2)<\/a><\/p>\n<p>&nbsp;<\/p>\n<p>&nbsp;<\/p>\n<p>&nbsp;<\/p>\n<p>3. Rapports<\/p>\n<p>&nbsp;<\/p>\n<p>a) Rapport annuel 2015\u00a0<a href=\"https:\/\/www.unidroit.org\/french\/governments\/councildocuments\/2016session\/cd-95-02-f.pdf\">(C.D. (95) 2)<\/a><\/p>\n<p>&nbsp;<\/p>\n<p>b) Rapport sur la Fondation de droit uniforme<\/p>\n<p>&nbsp;<\/p>\n<p>&nbsp;<\/p>\n<p>&nbsp;<\/p>\n<p>4. Contrats du commerce international \u2013 Adoption des r\u00e8gles et commentaires additionnels<br \/>\naux Principes d\u2019UNIDROIT relatifs aux contrats du commerce international concernant les<br \/>\ncontrats \u00e0 long terme\u00a0<a href=\"https:\/\/www.unidroit.org\/french\/governments\/councildocuments\/2016session\/cd-95-03-f.pdf\">(C.D. (95) 3)<\/a><\/p>\n<p>&nbsp;<\/p>\n<p>[Documents connexes:<br \/>\n\u00b7\u00a0<a href=\"https:\/\/www.unidroit.org\/english\/documents\/2015\/study50\/s-50-misc31rev-e.pdf\">UNIDROIT 2015 &#8211; Study L &#8211; Misc. 31 rev.<\/a>\u00a0(Rapport de la premi\u00e8re session)<br \/>\n\u00b7\u00a0<a href=\"https:\/\/www.unidroit.org\/english\/documents\/2016\/study50\/s-50-misc32-e.pdf\">UNIDROIT 2016 \u2013 Study L &#8211; Misc. 32<\/a>\u00a0(Rapport de la deuxi\u00e8me session)]<\/p>\n<p>&nbsp;<\/p>\n<p>&nbsp;<\/p>\n<p>&nbsp;<\/p>\n<p>5. Garanties internationales portant sur des mat\u00e9riels d\u2019\u00e9quipement mobiles<\/p>\n<p>&nbsp;<\/p>\n<p>a) Etat de mise en oeuvre du Protocole ferroviaire de Luxembourg et du Protocole<br \/>\nspatial\u00a0<a href=\"https:\/\/www.unidroit.org\/french\/governments\/councildocuments\/2016session\/cd-95-04-f.pdf\">(C.D. (95) 4)<\/a><\/p>\n<p>&nbsp;<\/p>\n<p>[Documents connexes:<br \/>\n\u00b7\u00a0<a href=\"https:\/\/www.unidroit.org\/french\/governments\/councildocuments\/2015session\/cd-94-02-f.pdf\">UNIDROIT 2015 &#8211; C.D. (94) 2<\/a><br \/>\n\u00b7\u00a0<a href=\"https:\/\/www.unidroit.org\/french\/governments\/councildocuments\/2015session\/cd-94-05a-f.pdf\">UNIDROIT 2015 &#8211; C.D. (94) 5(a)<\/a><br \/>\n\u00b7\u00a0<a href=\"https:\/\/www.unidroit.org\/french\/governments\/councildocuments\/2016session\/cd-95-02-f.pdf\">UNIDROIT 2016 &#8211; C.D. (95) 2<\/a>]<\/p>\n<p>&nbsp;<\/p>\n<p>b) Avant-projet de Protocole \u00e0 la Convention du Cap portant sur les questions<br \/>\nsp\u00e9cifiques aux mat\u00e9riels d\u2019\u00e9quipement agricoles, miniers et de construction\u00a0<a href=\"https:\/\/www.unidroit.org\/french\/governments\/councildocuments\/2016session\/cd-95-05-f.pdf\">(C.D. (95) 5)<\/a><\/p>\n<p>&nbsp;<\/p>\n<p>[Documents connexes:<br \/>\n\u00b7\u00a0<a href=\"https:\/\/www.unidroit.org\/french\/documents\/2016\/etude72k\/s-72k-sg04-06prov-f.pdf\">UNIDROIT 2016 &#8211; Etude 72k &#8211; SG4 &#8211; Doc. 6 (prov.)<\/a><br \/>\n\u00b7\u00a0<a href=\"https:\/\/www.unidroit.org\/french\/documents\/2016\/etude72k\/s-72k-sg04-07-f.pdf\">UNIDROIT 2016 &#8211; Etude 72k &#8211; SG4 &#8211; Doc. 7<\/a><a href=\"https:\/\/www.unidroit.org\/english\/documents\/2016\/study72k\/s-72k-sg04-06-e.pdf\"><br \/>\n<\/a>\u00a0\u00b7\u00a0<a href=\"https:\/\/www.unidroit.org\/english\/documents\/2016\/study72k\/s-72k-sg04-08-e.pdf\">UNIDROIT 2016 &#8211; Study 72k &#8211; SG4 &#8211; Doc. 8<\/a>\u00a0(anglais seulement)]<\/p>\n<p>&nbsp;<\/p>\n<p>&nbsp;<\/p>\n<p>&nbsp;<\/p>\n<p>6. Op\u00e9rations sur les march\u00e9s de capitaux interconnect\u00e9s et transnationaux &#8211; Principes et r\u00e8gles<br \/>\nvisant \u00e0 am\u00e9liorer les transactions sur les march\u00e9s financiers \u00e9mergents\u00a0<a href=\"https:\/\/www.unidroit.org\/french\/governments\/councildocuments\/2016session\/cd-95-06rev-f.pdf\">(C.D. (95) 6 rev.)<\/a><\/p>\n<p>&nbsp;<\/p>\n<p>[Document connexe:<br \/>\n\u00b7\u00a0<a href=\"https:\/\/www.unidroit.org\/french\/governments\/councildocuments\/2016session\/cd-95-02-f.pdf\">Rapport annuel 2015 (C.D. (95) 2)<\/a>]<\/p>\n<p>&nbsp;<\/p>\n<p>&nbsp;<\/p>\n<p>&nbsp;<\/p>\n<p>7. Droit priv\u00e9 et d\u00e9veloppement agricole<\/p>\n<p>&nbsp;<\/p>\n<p>a) Activit\u00e9s de suivi et promotion du Guide l\u00e9gislatif sur l\u2019agriculture contractuelle<br \/>\n<a href=\"https:\/\/www.unidroit.org\/french\/governments\/councildocuments\/2016session\/cd-95-07a-f.pdf\">(C.D. (95) 7(a))<\/a><\/p>\n<p>&nbsp;<\/p>\n<p>[Document connexe:<br \/>\n\u00b7\u00a0<a href=\"https:\/\/www.unidroit.org\/french\/guides\/2015contractfarming\/cf-guide-2015-f.pdf\">Guide juridique sur l\u2019agriculture contractuelle UNIDROIT\/FAO\/FIDA<\/a>]<\/p>\n<p>&nbsp;<\/p>\n<p>b) Elaboration \u00e9ventuelle d\u2019un guide international sur les contrats d\u2019investissement<br \/>\nfonciers\u00a0<a href=\"https:\/\/www.unidroit.org\/french\/governments\/councildocuments\/2016session\/cd-95-07b-prov-f.pdf\">(C.D. (95) 7(b) prov.)<\/a><\/p>\n<p>[Documents connexes:<br \/>\n\u00b7\u00a0<a href=\"https:\/\/www.unidroit.org\/french\/governments\/councildocuments\/2012session\/cd91-08rev-f.pdf\">UNIDROIT 2011 \u2013 C.D. (91) 8 r\u00e9v.<\/a><br \/>\n\u00b7\u00a0<a href=\"https:\/\/www.unidroit.org\/french\/governments\/councildocuments\/2013session\/cd92-07b-f.pdf\">UNIDROIT 2013 \u2013 C.D. (92) 7(b)<\/a><br \/>\n\u00b7\u00a0<a href=\"https:\/\/www.unidroit.org\/french\/governments\/councildocuments\/2015session\/cd-94-13-f.pdf\">UNIDROIT 2015 \u2013 C.D. (94) 13<\/a>]<\/p>\n<p>&nbsp;<\/p>\n<p>&nbsp;<\/p>\n<p>&nbsp;<\/p>\n<p>8. Proc\u00e9dure civile transnationale: formulation de r\u00e8gles r\u00e9gionales\u00a0<a href=\"https:\/\/www.unidroit.org\/french\/governments\/councildocuments\/2016session\/cd-95-08-f.pdf\">(C.D. (95) 8)<\/a><\/p>\n<p>&nbsp;<\/p>\n<p>[Documents connexes:<br \/>\n\u00b7\u00a0<a href=\"https:\/\/www.unidroit.org\/french\/governments\/councildocuments\/2015session\/cd-94-07-f.pdf\">UNIDROIT 2015 &#8211; C.D. 94 (7)<\/a><br \/>\n\u00b7\u00a0<a href=\"https:\/\/www.unidroit.org\/french\/governments\/councildocuments\/2016session\/cd-95-02-f.pdf\">UNIDROIT 2016 &#8211; C.D. 95 (2)<\/a>]<\/p>\n<p>&nbsp;<\/p>\n<p>&nbsp;<\/p>\n<p>&nbsp;<\/p>\n<p>9. Promotion des instruments d\u2019UNIDROIT\u00a0<a href=\"https:\/\/www.unidroit.org\/french\/governments\/councildocuments\/2016session\/cd-95-09-f.pdf\">(C.D. (95) 9)<\/a><\/p>\n<p>&nbsp;<\/p>\n<p>[Document connexe:<br \/>\n\u00b7\u00a0<a href=\"https:\/\/www.unidroit.org\/french\/governments\/councildocuments\/2016session\/cd-95-02-f.pdf\">Rapport annuel 2015 &#8211; C.D. 95 (2)<\/a>]<\/p>\n<p>&nbsp;<\/p>\n<p>&nbsp;<\/p>\n<p>&nbsp;<\/p>\n<p>10. Correspondants\u00a0<a href=\"https:\/\/www.unidroit.org\/french\/governments\/councildocuments\/2016session\/cd-95-10-f.pdf\">(C.D. (95) 10)<\/a><\/p>\n<p>&nbsp;<\/p>\n<p>[Document connexe:<a href=\"https:\/\/www.unidroit.org\/french\/governments\/councildocuments\/2016session\/cd-95-10-f.pdf\"><br \/>\n<\/a>\u00a0\u00b7\u00a0<a href=\"https:\/\/www.unidroit.org\/french\/governments\/councildocuments\/2015session\/cd-94-09-f.pdf\">UNIDROIT 2015 &#8211; C.D. 94 (9)<\/a>]<\/p>\n<p>&nbsp;<\/p>\n<p>&nbsp;<\/p>\n<p>&nbsp;<\/p>\n<p>11. Biblioth\u00e8que et activit\u00e9s de recherche\u00a0<a href=\"https:\/\/www.unidroit.org\/french\/governments\/councildocuments\/2016session\/cd-95-11-f.pdf\">(C.D. (95) 11)<\/a><\/p>\n<p>&nbsp;<\/p>\n<p>[Documents connexes:<br \/>\n\u00b7\u00a0<a href=\"https:\/\/www.unidroit.org\/french\/governments\/councildocuments\/2016session\/cd-95-02-f.pdf\">Rapport annuel 2015 (C.D.(95) 2)<\/a><br \/>\n\u00b7\u00a0<a href=\"https:\/\/www.unidroit.org\/french\/documents\/2016\/etude65\/s-65-27-f.pdf\">UNIDROIT 2016 \u2013 Study LXV \/ Scholarships: Impl. 27<br \/>\n<\/a>\u00a0\u00b7<a href=\"https:\/\/www.unidroit.org\/english\/documents\/2015\/study65\/s-65-27-e.pdf\">\u00a0<\/a><a href=\"https:\/\/www.unidroit.org\/english\/documents\/2015\/study65\/scholarship-scholars-report-2015-e.pdf\">UNIDROIT Research Scholarship Programme &#8211; Research reports by Scholars<\/a><br \/>\n<a href=\"https:\/\/www.unidroit.org\/english\/documents\/2015\/study65\/scholarship-scholars-report-2015-e.pdf\">\u00a0hosted at UNIDROIT in 2015<\/a>]<\/p>\n<p>&nbsp;<\/p>\n<p>&nbsp;<\/p>\n<p>&nbsp;<\/p>\n<p>12. Ressources et politique d\u2019information d\u2019UNIDROIT\u00a0<a href=\"https:\/\/www.unidroit.org\/french\/governments\/councildocuments\/2016session\/cd-95-12-f.pdf\">(C.D. (95) 12)<\/a><\/p>\n<p>&nbsp;<\/p>\n<p>a) Uniform Law Review \/ Revue de droit uniforme et autres publications<\/p>\n<p>&nbsp;<\/p>\n<p>b) Le site Internet d\u2019UNIDROIT d\u2019UNIDROIT et les Biblioth\u00e8ques d\u00e9positaires de<br \/>\nla documentation d\u2019UNIDROIT<\/p>\n<p>&nbsp;<\/p>\n<p>[Related documents:<br \/>\n\u00b7\u00a0<a href=\"https:\/\/www.unidroit.org\/french\/governments\/councildocuments\/2016session\/cd-95-02-f.pdf\">Rapport annuel 2015 (C.D.(95) 2)<\/a><br \/>\n\u00b7\u00a0<a href=\"https:\/\/www.unidroit.org\/french\/governments\/councildocuments\/2015session\/cd-94-11-f.pdf\">UNIDROIT 2015 &#8211; C.D.(94) 11)<\/a><br \/>\n\u00b7\u00a0<a href=\"https:\/\/www.unidroit.org\/french\/governments\/councildocuments\/2014session\/cd-93-11-f.pdf\">UNIDROIT 2014 &#8211; C.D.(93) 11)<\/a><br \/>\n\u00b7\u00a0<a href=\"https:\/\/www.unidroit.org\/french\/governments\/councildocuments\/2014session\/cd-93-12-f.pdf\">UNIDROIT 2013 &#8211; C.D.(92) 12)<\/a>]<\/p>\n<p>&nbsp;<\/p>\n<p>&nbsp;<\/p>\n<p>&nbsp;<\/p>\n<p>13. Propositions relatives au Programme de travail pour la p\u00e9riode triennale 2017-2019<br \/>\n<a href=\"https:\/\/www.unidroit.org\/french\/governments\/councildocuments\/2016session\/cd-95-13rev-f.pdf\">(C.D. (95) 13 r\u00e9v.)<\/a><\/p>\n<p>&nbsp;<\/p>\n<p>[Documents connexes:<br \/>\n\u00b7\u00a0<a href=\"https:\/\/www.unidroit.org\/french\/governments\/assemblydocuments\/2012-71session\/ag71-inf02-f.pdf\">Plan strat\u00e9gique UNIDROIT 2012 \u2013 A.G. (71) Inf. 2<\/a><br \/>\n\u00b7 Programme de travail pour la p\u00e9riode 2014-2016\u00a0<a href=\"https:\/\/www.unidroit.org\/french\/governments\/assemblydocuments\/2013-72session\/ag72-04-f.pdf\">UNIDROIT 2013 &#8211; A.G. (72) 4<\/a><br \/>\n\u00b7\u00a0<a href=\"https:\/\/www.unidroit.org\/french\/governments\/assemblydocuments\/2013-72session\/ag72-09-f.pdf\">UNIDROIT 2013 &#8211; A.G. (72) 9<\/a><br \/>\n\u00b7\u00a0<a href=\"https:\/\/www.unidroit.org\/french\/governments\/councildocuments\/2013session\/cd92-13-f.pdf\">UNIDROIT 2013 &#8211; C.D (92) 13<\/a>\u00a0et Addenda\u00a0<a href=\"https:\/\/www.unidroit.org\/french\/governments\/councildocuments\/2013session\/cd92-13add-f.pdf\">1<\/a>,\u00a0<a href=\"https:\/\/www.unidroit.org\/french\/governments\/councildocuments\/2013session\/cd92-13add-02-f.pdf\">2<\/a>,\u00a0<a href=\"https:\/\/www.unidroit.org\/french\/governments\/councildocuments\/2013session\/cd92-13add-03-f.pdf\">3<\/a><br \/>\n\u00b7\u00a0<a href=\"https:\/\/www.unidroit.org\/french\/governments\/councildocuments\/2013session\/cd92-05cd-f.pdf\">UNIDROIT 2013 &#8211; C.D. (92) 5 (c)\/(d)<\/a><br \/>\n\u00b7\u00a0<a href=\"https:\/\/www.unidroit.org\/french\/governments\/councildocuments\/2013session\/cd92-07b-f.pdf\">UNIDROIT 2013 &#8211; C.D. (92) 7 (b)<\/a>]<\/p>\n<p>&nbsp;<\/p>\n<p>et commentaires et autres propositions parvenus au Secr\u00e9tariat<br \/>\n<a href=\"https:\/\/www.unidroit.org\/french\/governments\/councildocuments\/2016session\/cd-95-13add-f.pdf\">(C.D. (95) 13 Add.)<\/a>\u00a0&#8211;\u00a0<a href=\"https:\/\/www.unidroit.org\/french\/governments\/councildocuments\/2016session\/cd-95-13add-02-f.pdf\">(C.D. (95) 13 Add. 2)<\/a>\u00a0&#8211;\u00a0<a href=\"https:\/\/www.unidroit.org\/french\/governments\/councildocuments\/2016session\/cd-95-13add-03-f.pdf\">(C.D. (95) 13 Add. 3)<\/a>\u00a0&#8211;<br \/>\n<a href=\"https:\/\/www.unidroit.org\/english\/governments\/councildocuments\/2016session\/cd-95-13add-04rev-e.pdf\">(C.D. (95) 13 Add. 4)<\/a>\u00a0&#8211;<a href=\"https:\/\/www.unidroit.org\/english\/governments\/councildocuments\/2016session\/cd-95-13add-04-e.pdf\">\u00a0<\/a><a href=\"https:\/\/www.unidroit.org\/english\/governments\/councildocuments\/2016session\/cd-95-13add-05-e.pdf\">(C.D. (95) 13 Add. 5)<\/a>\u00a0&#8211;<a href=\"https:\/\/www.unidroit.org\/english\/governments\/councildocuments\/2016session\/cd-95-13add-05-e.pdf\">\u00a0<\/a><a href=\"https:\/\/www.unidroit.org\/english\/governments\/councildocuments\/2016session\/cd-95-13add-06-e.pdf\">(C.D. (95) 13 Add. 6)<\/a><\/p>\n<p>&nbsp;<\/p>\n<p>&nbsp;<\/p>\n<p>&nbsp;<\/p>\n<p>14. Pr\u00e9paration du projet de budget pour l\u2019exercice financier 2017\u00a0<a href=\"https:\/\/www.unidroit.org\/french\/governments\/councildocuments\/2016session\/cd-95-14-f.pdf\">(C.D. (95) 14)<\/a><\/p>\n<p>&nbsp;<\/p>\n<p>[Document connexe:<br \/>\n\u00b7 Projet de budget 2017 \u2013 premi\u00e8res estimations\u00a0<a href=\"https:\/\/www.unidroit.org\/french\/governments\/financecommitteedocuments\/2016-79session\/fc-79-02-f.pdf\">(UNIDROIT 2016 &#8211; F.C (79) 2)<\/a>]<\/p>\n<p>&nbsp;<\/p>\n<p>&nbsp;<\/p>\n<p>&nbsp;<\/p>\n<p>15. Date et lieu de la 96\u00e8me session du Conseil de Direction\u00a0<a href=\"https:\/\/www.unidroit.org\/french\/governments\/councildocuments\/2016session\/cd-95-01rev-02-f.pdf\">(C.D. (95) 1 r\u00e9v. 2)<\/a><\/p>\n<p>&nbsp;<\/p>\n<p>&nbsp;<\/p>\n<p>&nbsp;<\/p>\n<p>16. Divers<\/p>\n<p>&nbsp;<\/p>\n<p>&nbsp;<\/p>\n<p>&nbsp;<\/p>\n<p>17.\u00a0<a href=\"https:\/\/www.unidroit.org\/french\/news\/2016\/20160520-cisg-principles\/programme-f.pdf\">Conf\u00e9rence sur le droit international des contrats, conjointement avec le CISG<\/a><br \/>\n<a href=\"https:\/\/www.unidroit.org\/french\/news\/2016\/20160520-cisg-principles\/programme-f.pdf\">\u00a0Advisory Council<\/a>\u00a0(20 mai 2016)[\/vc_column_text][\/vc_column][\/vc_row]<\/p>\n<\/div>","protected":false},"excerpt":{"rendered":"<p>[vc_row][vc_column css=&#8221;.vc_custom_1490017614850{margin-bottom: 30px !important;}&#8221;][vc_custom_heading text=&#8221;95\u00c8ME SESSION (ROME, 18-20 MAI 2016) &#8221; font_container=&#8221;tag:h1|text_align:left&#8221; use_theme_fonts=&#8221;yes&#8221; css=&#8221;.vc_custom_1627414673732{margin-top: 0px !important;margin-bottom: 20px !important;}&#8221;][vc_column_text css=&#8221;.vc_custom_1627414690460{padding-top: 35px !important;padding-right: 35px !important;padding-bottom: 35px !important;padding-left: 35px !important;background-color: #f2f2f2 !important;}&#8221;]Documents de la 95\u00e8me\u00a0session du Conseil de Direction d&#8217;UNIDROIT (Rome, 18-20 mai 2016) &nbsp; &nbsp; &nbsp; \u00b7&nbsp;<a href=\"https:\/\/www.unidroit.org\/fr\/reunions\/conseil-de-direction-3\/95eme-session-rome-18-20-mai-2016\/\">&hellip;<\/a><\/p>\n","protected":false},"author":20,"featured_media":0,"parent":4954,"menu_order":0,"comment_status":"closed","ping_status":"closed","template":"","meta":{"ep_exclude_from_search":false,"footnotes":""},"class_list":["post-4977","page","type-page","status-publish","format-standard","hentry","odd"],"_links":{"self":[{"href":"https:\/\/www.unidroit.org\/fr\/wp-json\/wp\/v2\/pages\/4977","targetHints":{"allow":["GET"]}}],"collection":[{"href":"https:\/\/www.unidroit.org\/fr\/wp-json\/wp\/v2\/pages"}],"about":[{"href":"https:\/\/www.unidroit.org\/fr\/wp-json\/wp\/v2\/types\/page"}],"author":[{"embeddable":true,"href":"https:\/\/www.unidroit.org\/fr\/wp-json\/wp\/v2\/users\/20"}],"replies":[{"embeddable":true,"href":"https:\/\/www.unidroit.org\/fr\/wp-json\/wp\/v2\/comments?post=4977"}],"version-history":[{"count":0,"href":"https:\/\/www.unidroit.org\/fr\/wp-json\/wp\/v2\/pages\/4977\/revisions"}],"up":[{"embeddable":true,"href":"https:\/\/www.unidroit.org\/fr\/wp-json\/wp\/v2\/pages\/4954"}],"wp:attachment":[{"href":"https:\/\/www.unidroit.org\/fr\/wp-json\/wp\/v2\/media?parent=4977"}],"curies":[{"name":"wp","href":"https:\/\/api.w.org\/{rel}","templated":true}]}}