{"id":4983,"date":"2021-07-27T20:08:43","date_gmt":"2021-07-27T20:08:43","guid":{"rendered":"https:\/\/www.unidroit.org\/?page_id=4983"},"modified":"2021-07-27T20:08:45","modified_gmt":"2021-07-27T20:08:45","slug":"93eme-session-rome-7-10-mai-2014","status":"publish","type":"page","link":"https:\/\/www.unidroit.org\/fr\/reunions\/conseil-de-direction-3\/93eme-session-rome-7-10-mai-2014\/","title":{"rendered":"93\u00c8ME SESSION (ROME, 7-10 MAI 2014)"},"content":{"rendered":"<div class=\"wpb-content-wrapper\"><p>[vc_row][vc_column css=&#8221;.vc_custom_1490017614850{margin-bottom: 30px !important;}&#8221;][vc_custom_heading text=&#8221;93\u00c8ME SESSION (ROME, 7-10 MAI 2014)<br \/>\n&#8221; font_container=&#8221;tag:h1|text_align:left&#8221; use_theme_fonts=&#8221;yes&#8221; css=&#8221;.vc_custom_1627416570263{margin-top: 0px !important;margin-bottom: 20px !important;}&#8221;][vc_column_text css=&#8221;.vc_custom_1627416580131{padding-top: 35px !important;padding-right: 35px !important;padding-bottom: 35px !important;padding-left: 35px !important;background-color: #f2f2f2 !important;}&#8221;]<strong>Documents de la 93<sup>\u00e8me<\/sup>\u00a0session du Conseil de Direction d&#8217;UNIDROIT<br \/>\n(Rome, 7-10 mai 2014)<\/strong><\/p>\n<p>&nbsp;<\/p>\n<p>&nbsp;<\/p>\n<p>&nbsp;<\/p>\n<p><a href=\"https:\/\/www.unidroit.org\/french\/governments\/councildocuments\/2014session\/cd-93-misc02-f.pdf\">Conclusions sommaires (C.D. (93) Misc. 2)<\/a>\u00a0\u00a0\u00a0\u00a0\u00a0\u00a0\u00a0\u00a0\u00a0\u00a0\u00a0\u00a0\u00a0\u00a0\u00a0\u00a0\u00a0\u00a0\u00a0\u00a0\u00a0\u00a0\u00a0\u00a0\u00a0\u00a0\u00a0\u00a0\u00a0\u00a0\u00a0\u00a0\u00a0\u00a0\u00a0\u00a0\u00a0\u00a0<a href=\"https:\/\/www.unidroit.org\/french\/governments\/councildocuments\/2014session\/cd-93-14-f.pdf\">Rapport (C.D. (93) 14)<\/a><\/p>\n<p>&nbsp;<\/p>\n<p>&nbsp;<\/p>\n<p>*<\/p>\n<p>*\u00a0\u00a0\u00a0\u00a0 *\u00a0\u00a0\u00a0\u00a0 *<\/p>\n<p>&nbsp;<\/p>\n<p>1.\u00a0\u00a0<a href=\"https:\/\/www.unidroit.org\/french\/governments\/councildocuments\/2014session\/cd-93-01-f.pdf\">Adoption du projet d\u2019ordre du jour annot\u00e9 (C.D. (93) 1)<\/a><\/p>\n<p>&nbsp;<\/p>\n<p>2.\u00a0 Nominations<\/p>\n<p>(a)\u00a0 Premier et deuxi\u00e8me Vice-Pr\u00e9sidents du Conseil de Direction<br \/>\n(b)\u00a0 Membres du Conseil de Direction ad honorem<br \/>\n(c)\u00a0\u00a0 Membres du Comit\u00e9 Permanent<\/p>\n<p>&nbsp;<\/p>\n<p>3.\u00a0 Rapports<\/p>\n<p>a)\u00a0<a href=\"https:\/\/www.unidroit.org\/french\/governments\/councildocuments\/2014session\/cd-93-02-f.pdf\">Rapport annuel 2013 (C.D. (93) 2)<\/a><\/p>\n<p>b) Rapport sur la Fondation de droit uniforme<\/p>\n<p>&nbsp;<\/p>\n<p>4.\u00a0\u00a0<a href=\"https:\/\/www.unidroit.org\/french\/governments\/councildocuments\/2014session\/cd-93-03-f.pdf\">Contrats du commerce international &#8211; Travaux \u00e9ventuels futurs sur les contrats \u00e0 long terme (C.D. (93) 3)<\/a><\/p>\n<p>[Document connexe:<br \/>\n&#8211;\u00a0<a href=\"https:\/\/www.unidroit.org\/french\/governments\/councildocuments\/2013session\/cd92-04b-f.pdf\">UNIDROIT 2013: C.D. (92) 4 (b)<\/a>]<\/p>\n<p>&nbsp;<\/p>\n<p>5.\u00a0 Garanties internationales portant sur des mat\u00e9riels d\u2019\u00e9quipement mobiles<\/p>\n<p>a)\u00a0<a href=\"https:\/\/www.unidroit.org\/french\/governments\/councildocuments\/2014session\/cd-93-04a-f.pdf\">Etat de mise en \u0153uvre du Protocole ferroviaire de Luxembourg et du Protocole spatial (C.D. (93) 4(a))<\/a><\/p>\n<p>[Document connexe:<br \/>\n&#8211;\u00a0<a href=\"https:\/\/www.unidroit.org\/french\/governments\/councildocuments\/2014session\/cd-93-02-f.pdf\">UNIDROIT 2014: C.D. (93) 2<\/a>]<\/p>\n<p>b)\u00a0<a href=\"https:\/\/www.unidroit.org\/french\/governments\/councildocuments\/2014session\/cd-93-04b-f.pdf\">Pr\u00e9paration \u00e9ventuelle d\u2019autres Protocoles \u00e0 la Convention du Cap, en particulier portant sur des mat\u00e9riels d\u2019\u00e9quipement agricoles, miniers et de construction (C.D. (93) 4(b))<\/a><\/p>\n<p>[Documents connexes:<br \/>\n&#8211;\u00a0<a href=\"https:\/\/www.unidroit.org\/french\/governments\/councildocuments\/2006session\/cd85-07c-f.pdf\">UNIDROIT 2006: C.D. (85) 7 (c)<\/a><br \/>\n&#8211;\u00a0<a href=\"https:\/\/www.unidroit.org\/french\/governments\/councildocuments\/2007session\/cd86-08d-f.pdf\">UNIDROIT 2007: C.D. (86) 8 (d)<\/a><br \/>\n&#8211;\u00a0<a href=\"https:\/\/www.unidroit.org\/french\/governments\/councildocuments\/2009session\/cd88-03c-f.pdf\">UNIDROIT 2009: C.D. (88) 3 (c)<\/a><br \/>\n&#8211;\u00a0<a href=\"https:\/\/www.unidroit.org\/french\/governments\/councildocuments\/2010session\/cd89-04c-f.pdf\">UNIDROIT 2010: C.D. (89) 4 (c)<\/a><br \/>\n&#8211;\u00a0<a href=\"https:\/\/www.unidroit.org\/french\/governments\/councildocuments\/2011session\/cd90-04c-f.pdf\">UNIDROIT 2011: C.D. (90) 4 (c)<\/a><br \/>\n&#8211;\u00a0<a href=\"https:\/\/www.unidroit.org\/french\/governments\/councildocuments\/2012session\/cd91-04c-f.pdf\">UNIDROIT 2012: C.D. (91) 4 (c)<\/a><br \/>\n&#8211;\u00a0<a href=\"https:\/\/www.unidroit.org\/french\/governments\/councildocuments\/2013session\/cd92-05b-f.pdf\">UNIDROIT 2013: C.D. (92) 5 (b)<\/a><br \/>\n&#8211;\u00a0<a href=\"https:\/\/www.unidroit.org\/english\/governments\/councildocuments\/2014session\/nlcift-e.pdf\">NLCIFT Report on Secured Financing for Mobile Equipment<\/a>]<\/p>\n<p><a href=\"https:\/\/www.unidroit.org\/french\/governments\/councildocuments\/2014session\/cd-93-04b-add-f.pdf\">Pr\u00e9paration \u00e9ventuelle d\u2019autres Protocoles \u00e0 la Convention du Cap, en particulier portant sur des mat\u00e9riels d\u2019\u00e9quipement agricoles, miniers et de construction (C.D. (93) 4(b) Add.)<\/a><\/p>\n<p>&nbsp;<\/p>\n<p>6.\u00a0\u00a0<a href=\"https:\/\/www.unidroit.org\/french\/governments\/councildocuments\/2014session\/cd-93-05-f.pdf\">Op\u00e9rations sur les march\u00e9s de capitaux interconnect\u00e9s et transnationaux &#8211; Principes et r\u00e8gles visant \u00e0 am\u00e9liorer les transactions sur les march\u00e9s financiers \u00e9mergents (C.D. (93) 5)<\/a><\/p>\n<p>[Documents connexes:<br \/>\n&#8211;\u00a0<a href=\"https:\/\/www.unidroit.org\/french\/governments\/councildocuments\/2014session\/cd-93-02-f.pdf\">Rapport annuel 2013 (C.D. (93) 2)<\/a><br \/>\n&#8211;\u00a0<a href=\"https:\/\/www.unidroit.org\/french\/documents\/2013\/etude78b\/cem-03\/s-78b-cem03-02prov-f.pdf\">UNIDROIT 2013: S78B\/CME\/3\/Doc. 2<\/a><\/p>\n<p>&nbsp;<\/p>\n<p>7.\u00a0\u00a0<a href=\"https:\/\/www.unidroit.org\/french\/governments\/councildocuments\/2014session\/cd-93-06-f.pdf\">Droit priv\u00e9 et d\u00e9veloppement agricole &#8211; Pr\u00e9paration d\u2019un Guide l\u00e9gislatif pour l\u2019agriculture sous contrat (C.D. (93) 6)<\/a><\/p>\n<p>[Documents connexes:<br \/>\n&#8211;\u00a0<a href=\"https:\/\/www.unidroit.org\/french\/governments\/councildocuments\/2013session\/cd92-13-f.pdf\">UNIDROIT 2013: C.D. (92) 13<\/a><br \/>\n&#8211;\u00a0<a href=\"https:\/\/www.unidroit.org\/english\/documents\/2012\/study80a\/wg01\/s-80a-01rev-e.pdf\">UNIDROIT 2012: Study 80A &#8211; Doc. 1 rev.<\/a><br \/>\n&#8211;\u00a0<a href=\"https:\/\/www.unidroit.org\/english\/documents\/2012\/study80a\/wg01\/s-80a-02-e.pdf\">UNIDROIT 2013: Study 80A &#8211; Doc. 2<\/a><br \/>\n&#8211;\u00a0<a href=\"https:\/\/www.unidroit.org\/english\/documents\/2013\/study80a\/wg02\/s-80a-07-e.pdf\">UNIDROIT 2013:\u00a0Study 80A &#8211; Doc. 7<\/a><br \/>\n&#8211;\u00a0<a href=\"https:\/\/www.unidroit.org\/english\/documents\/2014\/study80a\/wg03\/s-80a-wg03-16-e.pdf\">UNIDROIT 2014:\u00a0Study 80A &#8211; Doc. 16<\/a>]<\/p>\n<p>&nbsp;<\/p>\n<p>8.\u00a0\u00a0<a href=\"https:\/\/www.unidroit.org\/french\/governments\/councildocuments\/2014session\/cd-93-07-f.pdf\">Proc\u00e9dure civile transnationale: formulation de r\u00e8gles r\u00e9gionales (C.D. (93) 7)<\/a><\/p>\n<p>[Documents connexes:<br \/>\n&#8211;\u00a0<a href=\"https:\/\/www.unidroit.org\/french\/governments\/councildocuments\/2014session\/cd-93-08-f.pdf\">UNIDROIT 2014: C.D. (93) 8<\/a><br \/>\n&#8211;\u00a0<a href=\"https:\/\/www.unidroit.org\/french\/governments\/councildocuments\/2014session\/cd-93-12-f.pdf\">UNIDROIT 2014: C.D. (93) 12<\/a>]<\/p>\n<p>&nbsp;<\/p>\n<p>9.\u00a0\u00a0<a href=\"https:\/\/www.unidroit.org\/french\/governments\/councildocuments\/2014session\/cd-93-08-f.pdf\">Promotion des instruments d\u2019UNIDROIT (C.D. (93) 8)<\/a><\/p>\n<p>[Documents connexes:<br \/>\n&#8211;\u00a0<a href=\"https:\/\/www.unidroit.org\/french\/governments\/councildocuments\/2012session\/cd91-12-f.pdf\">UNIDROIT 2012: C.D. (91) 12<\/a><br \/>\n&#8211;\u00a0<a href=\"https:\/\/www.unidroit.org\/french\/governments\/councildocuments\/2014session\/cd-93-02-f.pdf\">UNIDROIT 2014: C.D. (93) 2<\/a>]<\/p>\n<p>&nbsp;<\/p>\n<p>10.\u00a0<a href=\"https:\/\/www.unidroit.org\/french\/governments\/councildocuments\/2014session\/cd-93-09-f.pdf\">Correspondants (C.D. (93) 9)<\/a><\/p>\n<p>[Document connexe:<br \/>\n&#8211;\u00a0<a href=\"https:\/\/www.unidroit.org\/french\/governments\/councildocuments\/2013session\/cd92-10-f.pdf\">UNIDROIT 2013: C.D. (92) 10<\/a>]<\/p>\n<p>&nbsp;<\/p>\n<p>11.\u00a0<a href=\"https:\/\/www.unidroit.org\/french\/governments\/councildocuments\/2014session\/cd-93-10-f.pdf\">Biblioth\u00e8que et activit\u00e9s de recherche (C.D. (93) 10)<\/a><\/p>\n<p>[Document connexe:<br \/>\n&#8211;\u00a0<a href=\"https:\/\/www.unidroit.org\/french\/governments\/councildocuments\/2014session\/cd-93-02-f.pdf\">UNIDROIT 2014: C.D. (93) 2<\/a>]<\/p>\n<p>&nbsp;<\/p>\n<p>12.\u00a0<a href=\"https:\/\/www.unidroit.org\/french\/governments\/councildocuments\/2014session\/cd-93-11-f.pdf\">Ressources et politique d\u2019information d\u2019UNIDROIT (C.D. (93) 11)<\/a><\/p>\n<p>[Documents connexes:<br \/>\n&#8211;\u00a0<a href=\"https:\/\/www.unidroit.org\/french\/governments\/councildocuments\/2014session\/cd-93-02-f.pdf\">Rapport annuel 2013 (C.D. (93) 2)<\/a><br \/>\n&#8211;\u00a0<a href=\"https:\/\/www.unidroit.org\/french\/governments\/councildocuments\/2013session\/cd92-12-f.pdf\">UNIDROIT 2013: C.D. (92) 12<\/a>]<\/p>\n<p>&nbsp;<\/p>\n<p>13.\u00a0<a href=\"https:\/\/www.unidroit.org\/french\/governments\/councildocuments\/2014session\/cd-93-12-f.pdf\">Programme de travail pour la p\u00e9riode triennale 2014 \u2013 2016 (C.D. (93) 12)<\/a><\/p>\n<p>[Documents connexes:<br \/>\n&#8211;\u00a0<a href=\"https:\/\/www.unidroit.org\/french\/governments\/assemblydocuments\/2013-72session\/ag72-03-f.pdf\">UNIDROIT 2013: A.G. (72) 3<\/a><br \/>\n&#8211;\u00a0<a href=\"https:\/\/www.unidroit.org\/french\/governments\/assemblydocuments\/2013-72session\/ag72-04-f.pdf\">UNIDROIT 2013: A.G. (72) 4<\/a>]<\/p>\n<p>&nbsp;<\/p>\n<p>14.\u00a0<a href=\"https:\/\/www.unidroit.org\/french\/governments\/councildocuments\/2014session\/cd-93-13-f.pdf\">Pr\u00e9paration du projet de budget pour l\u2019exercice financier 2015 (C.D. (93) 13)<\/a><\/p>\n<p>[Document connexe:<br \/>\n&#8211;\u00a0<a href=\"https:\/\/www.unidroit.org\/french\/governments\/financecommitteedocuments\/2014-75session\/fc-75-02-f.pdf\">UNIDROIT 2014: F.C. (75) 2<\/a>]<\/p>\n<p>&nbsp;<\/p>\n<p>15.\u00a0<a href=\"https:\/\/www.unidroit.org\/french\/governments\/councildocuments\/2014session\/cd-93-01-f.pdf\">Date et lieu de la 94<sup>\u00e8me<\/sup>\u00a0session du Conseil de Direction (C.D. (93) 1)<\/a><\/p>\n<p>&nbsp;<\/p>\n<p>16. Divers<\/p>\n<p>&nbsp;<\/p>\n<p>17.\u00a0<a href=\"https:\/\/www.unidroit.org\/french\/documents\/2014\/etude50\/meetings\/2014050910-20ans-principes-unidroit.pdf\">Colloque international intitul\u00e9 \u201cLes 20 ans des Principes d&#8217;UNIDROIT relatifs aux contrats du commerce international: exp\u00e9riences et perspectives\u201d (9 et 10 mai 2014)<\/a>[\/vc_column_text][\/vc_column][\/vc_row]<\/p>\n<\/div>","protected":false},"excerpt":{"rendered":"<p>[vc_row][vc_column css=&#8221;.vc_custom_1490017614850{margin-bottom: 30px !important;}&#8221;][vc_custom_heading text=&#8221;93\u00c8ME SESSION (ROME, 7-10 MAI 2014) &#8221; font_container=&#8221;tag:h1|text_align:left&#8221; use_theme_fonts=&#8221;yes&#8221; css=&#8221;.vc_custom_1627416570263{margin-top: 0px !important;margin-bottom: 20px !important;}&#8221;][vc_column_text css=&#8221;.vc_custom_1627416580131{padding-top: 35px !important;padding-right: 35px !important;padding-bottom: 35px !important;padding-left: 35px !important;background-color: #f2f2f2 !important;}&#8221;]Documents de la 93\u00e8me\u00a0session du Conseil de Direction d&#8217;UNIDROIT (Rome, 7-10 mai 2014) &nbsp; &nbsp; &nbsp; Conclusions&nbsp;<a href=\"https:\/\/www.unidroit.org\/fr\/reunions\/conseil-de-direction-3\/93eme-session-rome-7-10-mai-2014\/\">&hellip;<\/a><\/p>\n","protected":false},"author":20,"featured_media":0,"parent":4954,"menu_order":0,"comment_status":"closed","ping_status":"closed","template":"","meta":{"ep_exclude_from_search":false,"footnotes":""},"class_list":["post-4983","page","type-page","status-publish","format-standard","hentry","odd"],"_links":{"self":[{"href":"https:\/\/www.unidroit.org\/fr\/wp-json\/wp\/v2\/pages\/4983","targetHints":{"allow":["GET"]}}],"collection":[{"href":"https:\/\/www.unidroit.org\/fr\/wp-json\/wp\/v2\/pages"}],"about":[{"href":"https:\/\/www.unidroit.org\/fr\/wp-json\/wp\/v2\/types\/page"}],"author":[{"embeddable":true,"href":"https:\/\/www.unidroit.org\/fr\/wp-json\/wp\/v2\/users\/20"}],"replies":[{"embeddable":true,"href":"https:\/\/www.unidroit.org\/fr\/wp-json\/wp\/v2\/comments?post=4983"}],"version-history":[{"count":0,"href":"https:\/\/www.unidroit.org\/fr\/wp-json\/wp\/v2\/pages\/4983\/revisions"}],"up":[{"embeddable":true,"href":"https:\/\/www.unidroit.org\/fr\/wp-json\/wp\/v2\/pages\/4954"}],"wp:attachment":[{"href":"https:\/\/www.unidroit.org\/fr\/wp-json\/wp\/v2\/media?parent=4983"}],"curies":[{"name":"wp","href":"https:\/\/api.w.org\/{rel}","templated":true}]}}