{"id":4988,"date":"2021-07-27T20:10:54","date_gmt":"2021-07-27T20:10:54","guid":{"rendered":"https:\/\/www.unidroit.org\/?page_id=4988"},"modified":"2021-07-27T20:10:57","modified_gmt":"2021-07-27T20:10:57","slug":"91eme-session-rome-7-9-mai-2012-70eme-session-de-lassemblee-generale-reunion-conjointe","status":"publish","type":"page","link":"https:\/\/www.unidroit.org\/fr\/reunions\/conseil-de-direction-3\/91eme-session-rome-7-9-mai-2012-70eme-session-de-lassemblee-generale-reunion-conjointe\/","title":{"rendered":"91\u00c8ME SESSION (ROME, 7-9 MAI 2012) &#8211; 70\u00c8ME SESSION DE L&#8217;ASSEMBL\u00c9E G\u00c9N\u00c9RALE &#8211; R\u00c9UNION CONJOINTE"},"content":{"rendered":"<div class=\"wpb-content-wrapper\"><p>[vc_row][vc_column css=&#8221;.vc_custom_1490017614850{margin-bottom: 30px !important;}&#8221;][vc_custom_heading text=&#8221;91\u00c8ME SESSION (ROME, 7-9 MAI 2012) &#8211; 70\u00c8ME SESSION DE L&#8217;ASSEMBL\u00c9E G\u00c9N\u00c9RALE &#8211; R\u00c9UNION CONJOINTE<br \/>\n&#8221; font_container=&#8221;tag:h1|text_align:left&#8221; use_theme_fonts=&#8221;yes&#8221; css=&#8221;.vc_custom_1627416695350{margin-top: 0px !important;margin-bottom: 20px !important;}&#8221;][vc_column_text css=&#8221;.vc_custom_1627416711256{padding-top: 35px !important;padding-right: 35px !important;padding-bottom: 35px !important;padding-left: 35px !important;background-color: #f2f2f2 !important;}&#8221;]<strong>Documents de la r\u00e9union conjointe du Conseil de Direction (91<sup>\u00e8me<\/sup>\u00a0session) et de l&#8217;Assembl\u00e9e G\u00e9n\u00e9rale (70<sup>\u00e8me<\/sup>\u00a0session) d&#8217;UNIDROIT<\/strong><br \/>\n<strong>(Rome, 7-9 mai 2012)<\/strong><\/p>\n<p>&nbsp;<\/p>\n<p>&nbsp;<\/p>\n<p><a href=\"https:\/\/www.unidroit.org\/french\/governments\/councildocuments\/2012session\/cd91-misc03-f.pdf\">Conclusions sommaires (C.D. (91) Misc. 3)<\/a>\u00a0 \u00a0 \u00a0 \u00a0 \u00a0 \u00a0 \u00a0 \u00a0 \u00a0 \u00a0<a href=\"https:\/\/www.unidroit.org\/french\/governments\/councildocuments\/2012session\/cd91-15-f.pdf\">Rapport\u00a0(C.D. (91) 15)<\/a><\/p>\n<p>&nbsp;<\/p>\n<p>*<\/p>\n<p>&nbsp;<\/p>\n<p>* \u00a0 \u00a0 \u00a0 \u00a0 *<\/p>\n<p>&nbsp;<\/p>\n<p>1.\u00a0<a href=\"https:\/\/www.unidroit.org\/french\/governments\/councildocuments\/2012session\/cd91-01rev-f.pdf\">Ordre du jour annot\u00e9\u00a0(C.D. (91) 1 r\u00e9v.)<\/a><\/p>\n<p>&nbsp;<\/p>\n<p>&nbsp;<\/p>\n<p>2.\u00a0<a href=\"https:\/\/www.unidroit.org\/french\/governments\/councildocuments\/2012session\/cd91-01rev-f.pdf\">Nomination des premier et deuxi\u00e8me Vice-Pr\u00e9sidents du Conseil de Direction\u00a0(C.D. (91) 1 r\u00e9v.)<\/a><\/p>\n<p>&nbsp;<\/p>\n<p>&nbsp;<\/p>\n<p>3. Rapports<\/p>\n<p>&nbsp;<\/p>\n<p>a)\u00a0<a href=\"https:\/\/www.unidroit.org\/french\/documents\/2012\/cd91-02-f.pdf\">Rapport annuel 2011 (C.D. (91) 2)<\/a><\/p>\n<p>&nbsp;<\/p>\n<p>b) Rapport sur la Fondation de droit uniforme<\/p>\n<p>&nbsp;<\/p>\n<p>&nbsp;<\/p>\n<p>4.\u00a0<a href=\"https:\/\/www.unidroit.org\/french\/governments\/councildocuments\/2012session\/cd91-03-f.pdf\">Principes relatifs aux contrats du commerce international: publication et promotion de la 3\u00e8me\u00a0\u00e9dition (\u201cPrincipes d\u2019UNIDROIT 2010\u201d) (C.D. (91) 3)<\/a><\/p>\n<p>&nbsp;<\/p>\n<p>&nbsp;<\/p>\n<p>5. Garanties internationales portant sur des mat\u00e9riels d\u2019\u00e9quipement mobiles<\/p>\n<p>&nbsp;<\/p>\n<p>a)\u00a0<a href=\"https:\/\/www.unidroit.org\/french\/governments\/councildocuments\/2012session\/cd91-04a-f.pdf\">Rapport sur la Conf\u00e9rence diplomatique pour l\u2019adoption d\u2019un Protocole \u00e0 la Convention du Cap portant sur les questions sp\u00e9cifiques aux biens spatiaux\u00a0(C.D. (91) 4 a))<\/a><\/p>\n<p>&nbsp;<\/p>\n<p>b)\u00a0<a href=\"https:\/\/www.unidroit.org\/french\/governments\/councildocuments\/2012session\/cd91-04b-f.pdf\">Etat de mise en \u0153uvre de la Convention du Cap, du Protocole a\u00e9ronautique et du\u00a0Protocole ferroviaire (C.D. (91) 4 b))<\/a><\/p>\n<p>&nbsp;<\/p>\n<p>c)\u00a0<a href=\"https:\/\/www.unidroit.org\/french\/governments\/councildocuments\/2012session\/cd91-04c-f.pdf\">Pr\u00e9paration d\u2019autres Protocoles \u00e0 la Convention du Cap, en particulier portant sur\u00a0les questions sp\u00e9cifiques aux mat\u00e9riels d\u2019\u00e9quipement agricoles, miniers et de\u00a0construction\u00a0(C.D. (91) 4 c)<\/a>\u00a0and\u00a0<a href=\"https:\/\/www.unidroit.org\/french\/governments\/councildocuments\/2012session\/cd91-04c-add1-f.pdf\">C.D. (91) 4 c) Add. 1)<\/a><\/p>\n<p>&nbsp;<\/p>\n<p>&nbsp;<\/p>\n<p>6. Op\u00e9rations sur les march\u00e9s de capitaux interconnect\u00e9s et transnationaux<\/p>\n<p>&nbsp;<\/p>\n<p>a)\u00a0<a href=\"https:\/\/www.unidroit.org\/french\/governments\/councildocuments\/2012session\/cd91-05a-f.pdf\">Principes et r\u00e8gles sur la compensation des instruments financiers (C.D. (91) 5 a)<\/a>\u00a0and\u00a0<a href=\"https:\/\/www.unidroit.org\/french\/governments\/councildocuments\/2012session\/cd91-05a-add1-f.pdf\">C.D. (91) 5 a) Add. 1)<\/a><\/p>\n<p>&nbsp;<\/p>\n<p>b) \u00a0<a href=\"https:\/\/www.unidroit.org\/french\/governments\/councildocuments\/2012session\/cd91-05bc-f.pdf\">Convention d\u2019UNIDROIT sur les r\u00e8gles mat\u00e9rielles relatives aux titres interm\u00e9di\u00e9s:\u00a0suivi et promotion\u00a0(C.D. (91) 5 b) and c))<\/a><\/p>\n<p>&nbsp;<\/p>\n<p>c)\u00a0<a href=\"https:\/\/www.unidroit.org\/french\/governments\/councildocuments\/2012session\/cd91-05bc-f.pdf\">Principes et r\u00e8gles susceptibles d\u2019accro\u00eetre les transactions sur les march\u00e9s\u00a0financiers \u00e9mergents (C.D. (91) 5 (b) and (c))<\/a><\/p>\n<p>&nbsp;<\/p>\n<p>&nbsp;<\/p>\n<p>7.\u00a0<a href=\"https:\/\/www.unidroit.org\/french\/governments\/councildocuments\/2012session\/cd91-06-f.pdf\">Responsabilit\u00e9 civile pour les services fournis par le Syst\u00e8me Global de Navigation\u00a0Satellitaire (GNSS)\u00a0(C.D. (91) 6)<\/a><\/p>\n<p>&nbsp;<\/p>\n<p>a) Rapport sur la r\u00e9union informelle \u201cRisk Management in GNSS Malfunctioning\u00a0(Rome, 11 novembre 2011)\u201d<\/p>\n<p>&nbsp;<\/p>\n<p>b) Travaux futurs \u00e9ventuels dans le domaine de la responsabilit\u00e9 civile pour les\u00a0services fournis par le GNSS<a href=\"https:\/\/www.unidroit.org\/french\/governments\/councildocuments\/2012session\/cd91-01rev-f.pdf\"><br \/>\n<\/a><\/p>\n<p>&nbsp;<\/p>\n<p>&nbsp;<\/p>\n<p>8. Loi type d\u2019UNIDROIT sur la location et la location-financement: suivi et promotion<\/p>\n<p>&nbsp;<\/p>\n<p>&nbsp;<\/p>\n<p>9.\u00a0<a href=\"https:\/\/www.unidroit.org\/french\/governments\/councildocuments\/2012session\/cd91-07-f.pdf\">Protection internationale des biens culturels\u00a0(C.D. (91) 7)<\/a><\/p>\n<p>&nbsp;<\/p>\n<p>a) Convention d\u2019UNIDROIT sur les biens culturels vol\u00e9s ou illicitement export\u00e9s \u2013 mise\u00a0en \u0153uvre et promotion<\/p>\n<p>&nbsp;<\/p>\n<p>b) Publication et promotion des Dispositions mod\u00e8les UNESCO\/UNIDROIT sur la\u00a0propri\u00e9t\u00e9 de l\u2019Etat sur les biens culturels non d\u00e9couverts<\/p>\n<p>&nbsp;<\/p>\n<p>&nbsp;<\/p>\n<p>10.\u00a0<a href=\"https:\/\/www.unidroit.org\/french\/governments\/councildocuments\/2012session\/cd91-08rev-f.pdf\">Droit priv\u00e9 et d\u00e9veloppement\u00a0(C.D. (91) 8 r\u00e9v.)<\/a><\/p>\n<p>&nbsp;<\/p>\n<p>a) Rapport sur le Colloque \u201cLa promotion de l\u2019investissement pour la production\u00a0agricole: aspects de droit priv\u00e9\u201d (Rome, 8-10 novembre 2011)<\/p>\n<p>&nbsp;<\/p>\n<p>b) Travaux futurs \u00e9ventuels sur les aspects de droit priv\u00e9 du financement agricole<\/p>\n<p>&nbsp;<\/p>\n<p>&nbsp;<\/p>\n<p>11. Programme de coop\u00e9ration juridique<a href=\"https:\/\/www.unidroit.org\/french\/documents\/2011\/etude65\/s-65-23-f.pdf\"><br \/>\n<\/a><\/p>\n<p>&nbsp;<\/p>\n<p>&nbsp;<\/p>\n<p>12.\u00a0<a href=\"https:\/\/www.unidroit.org\/french\/governments\/councildocuments\/2012session\/cd91-09-f.pdf\">Correspondants (C.D. (91) 9)<\/a><\/p>\n<p>&nbsp;<\/p>\n<p>&nbsp;<\/p>\n<p>13.\u00a0<a href=\"https:\/\/www.unidroit.org\/french\/governments\/councildocuments\/2012session\/cd91-10-f.pdf\">Biblioth\u00e8que (C.D. (91) 10)<\/a><\/p>\n<p>&nbsp;<\/p>\n<p>&nbsp;<\/p>\n<p>14.\u00a0<a href=\"https:\/\/www.unidroit.org\/french\/governments\/councildocuments\/2012session\/cd91-11-f.pdf\">Ressources et politique d\u2019information d\u2019UNIDROIT\u00a0(C.D. (91) 11)<\/a><\/p>\n<p>&nbsp;<\/p>\n<p>a) Uniform Law Review\/ Revue de droit uniforme et autres publications<\/p>\n<p>&nbsp;<\/p>\n<p>b) Le site d\u2019UNIDROIT sur Internet et Biblioth\u00e8ques d\u00e9positaires de la documentation\u00a0d\u2019UNIDROIT<\/p>\n<p>&nbsp;<\/p>\n<p>c)\u00a0<a href=\"https:\/\/www.unidroit.org\/french\/governments\/councildocuments\/2012session\/cd91-11add-f.pdf\">La base de donn\u00e9es sur le droit uniforme\u00a0(C.D. (91) 11 Add.)<\/a><\/p>\n<p>&nbsp;<\/p>\n<p>&nbsp;<\/p>\n<p>15.\u00a0<a href=\"https:\/\/www.unidroit.org\/french\/governments\/councildocuments\/2012session\/cd91-12-f.pdf\">Plan strat\u00e9gique\u00a0(C.D. (91) 12)<\/a><\/p>\n<p>&nbsp;<\/p>\n<p>&nbsp;<\/p>\n<p>16.\u00a0<a href=\"https:\/\/www.unidroit.org\/french\/governments\/councildocuments\/2012session\/cd91-01rev-f.pdf\">Discussion pr\u00e9liminaire concernant le futur Programme de travail pour la p\u00e9riode triennale\u00a02014-2016\u00a0(C.D. (91) 1 r\u00e9v.)<\/a><\/p>\n<p>&nbsp;<\/p>\n<p>&nbsp;<\/p>\n<p>17.\u00a0<a href=\"https:\/\/www.unidroit.org\/french\/governments\/councildocuments\/2012session\/cd91-13-f.pdf\">Pr\u00e9paration du projet de budget pour l\u2019exercice financier 2013\u00a0(C.D. (91) 13)<\/a><\/p>\n<p>&nbsp;<\/p>\n<p>&nbsp;<\/p>\n<p>18. Nomination du Secr\u00e9taire G\u00e9n\u00e9ral adjoint<\/p>\n<p>&nbsp;<\/p>\n<p>&nbsp;<\/p>\n<p>19.\u00a0<a href=\"https:\/\/www.unidroit.org\/french\/governments\/councildocuments\/2012session\/cd91-01rev-f.pdf\">Date et lieu de la 92\u00a0<sup>\u00e8me<\/sup>\u00a0session du Conseil de Direction\u00a0(C.D. (91) 1 r\u00e9v.)<\/a><\/p>\n<p>&nbsp;<\/p>\n<p>&nbsp;<\/p>\n<p>20. Divers[\/vc_column_text][\/vc_column][\/vc_row]<\/p>\n<\/div>","protected":false},"excerpt":{"rendered":"<p>[vc_row][vc_column css=&#8221;.vc_custom_1490017614850{margin-bottom: 30px !important;}&#8221;][vc_custom_heading text=&#8221;91\u00c8ME SESSION (ROME, 7-9 MAI 2012) &#8211; 70\u00c8ME SESSION DE L&#8217;ASSEMBL\u00c9E G\u00c9N\u00c9RALE &#8211; R\u00c9UNION CONJOINTE &#8221; font_container=&#8221;tag:h1|text_align:left&#8221; use_theme_fonts=&#8221;yes&#8221; css=&#8221;.vc_custom_1627416695350{margin-top: 0px !important;margin-bottom: 20px !important;}&#8221;][vc_column_text css=&#8221;.vc_custom_1627416711256{padding-top: 35px !important;padding-right: 35px !important;padding-bottom: 35px !important;padding-left: 35px !important;background-color: #f2f2f2 !important;}&#8221;]Documents de la r\u00e9union conjointe du Conseil de&nbsp;<a href=\"https:\/\/www.unidroit.org\/fr\/reunions\/conseil-de-direction-3\/91eme-session-rome-7-9-mai-2012-70eme-session-de-lassemblee-generale-reunion-conjointe\/\">&hellip;<\/a><\/p>\n","protected":false},"author":20,"featured_media":0,"parent":4954,"menu_order":0,"comment_status":"closed","ping_status":"closed","template":"","meta":{"ep_exclude_from_search":false,"footnotes":""},"class_list":["post-4988","page","type-page","status-publish","format-standard","hentry","odd"],"_links":{"self":[{"href":"https:\/\/www.unidroit.org\/fr\/wp-json\/wp\/v2\/pages\/4988","targetHints":{"allow":["GET"]}}],"collection":[{"href":"https:\/\/www.unidroit.org\/fr\/wp-json\/wp\/v2\/pages"}],"about":[{"href":"https:\/\/www.unidroit.org\/fr\/wp-json\/wp\/v2\/types\/page"}],"author":[{"embeddable":true,"href":"https:\/\/www.unidroit.org\/fr\/wp-json\/wp\/v2\/users\/20"}],"replies":[{"embeddable":true,"href":"https:\/\/www.unidroit.org\/fr\/wp-json\/wp\/v2\/comments?post=4988"}],"version-history":[{"count":0,"href":"https:\/\/www.unidroit.org\/fr\/wp-json\/wp\/v2\/pages\/4988\/revisions"}],"up":[{"embeddable":true,"href":"https:\/\/www.unidroit.org\/fr\/wp-json\/wp\/v2\/pages\/4954"}],"wp:attachment":[{"href":"https:\/\/www.unidroit.org\/fr\/wp-json\/wp\/v2\/media?parent=4988"}],"curies":[{"name":"wp","href":"https:\/\/api.w.org\/{rel}","templated":true}]}}