{"id":4992,"date":"2021-07-27T20:12:13","date_gmt":"2021-07-27T20:12:13","guid":{"rendered":"https:\/\/www.unidroit.org\/?page_id=4992"},"modified":"2021-07-27T20:12:15","modified_gmt":"2021-07-27T20:12:15","slug":"90eme-session-rome-9-11-mai-2011","status":"publish","type":"page","link":"https:\/\/www.unidroit.org\/fr\/reunions\/conseil-de-direction-3\/90eme-session-rome-9-11-mai-2011\/","title":{"rendered":"90\u00c8ME SESSION (ROME, 9-11 MAI 2011)"},"content":{"rendered":"<div class=\"wpb-content-wrapper\"><p>[vc_row][vc_column css=&#8221;.vc_custom_1490017614850{margin-bottom: 30px !important;}&#8221;][vc_custom_heading text=&#8221;90\u00c8ME SESSION (ROME, 9-11 MAI 2011)<br \/>\n&#8221; font_container=&#8221;tag:h1|text_align:left&#8221; use_theme_fonts=&#8221;yes&#8221; css=&#8221;.vc_custom_1627416773159{margin-top: 0px !important;margin-bottom: 20px !important;}&#8221;][vc_column_text css=&#8221;.vc_custom_1627416789400{padding-top: 35px !important;padding-right: 35px !important;padding-bottom: 35px !important;padding-left: 35px !important;background-color: #f2f2f2 !important;}&#8221;]<strong>Documents de la 90<sup>\u00e8me<\/sup>\u00a0session du Conseil de Direction d&#8217;UNIDROIT<\/strong><br \/>\n<strong>(Rome, 9-11 mai 2011)<\/strong><\/p>\n<p>&nbsp;<\/p>\n<p>&nbsp;<\/p>\n<p>&nbsp;<\/p>\n<p><a href=\"https:\/\/www.unidroit.org\/french\/documents\/2011\/cd90-conclusions-f.pdf\">Conclusions sommaires\u00a0(C.D. (90) Misc. 3)<\/a>\u00a0 \u00a0 \u00a0 \u00a0 \u00a0 \u00a0 \u00a0 \u00a0 \u00a0\u00a0<a href=\"http:\/\/www.unidroit.org\/french\/governments\/councildocuments\/2011session\/cd90-18-f.pdf\">Rapport (C.D. (90) 18)<\/a><\/p>\n<p>&nbsp;<\/p>\n<p>*<\/p>\n<p>&nbsp;<\/p>\n<p>* \u00a0 \u00a0 \u00a0 \u00a0 *<\/p>\n<p>&nbsp;<\/p>\n<p>1.\u00a0<a href=\"https:\/\/www.unidroit.org\/french\/governments\/councildocuments\/2011session\/cd90-01rev-f.pdf\">Ordre du jour annot\u00e9\u00a0(C.D. (90) 1 r\u00e9v.)<\/a><\/p>\n<p>&nbsp;<\/p>\n<p>&nbsp;<\/p>\n<p>2.\u00a0<a href=\"https:\/\/www.unidroit.org\/french\/governments\/councildocuments\/2011session\/cd90-01rev-f.pdf\">Nomination des premier et deuxi\u00e8me Vice-Pr\u00e9sidents du Conseil de Direction\u00a0(C.D. (90) 1 r\u00e9v.)<\/a><\/p>\n<p>&nbsp;<\/p>\n<p>&nbsp;<\/p>\n<p>3. Rapports<\/p>\n<p>&nbsp;<\/p>\n<p>a)\u00a0<a href=\"https:\/\/www.unidroit.org\/french\/documents\/2010\/cd89-02-f.pdf\">Rapport annuel 2010 (C.D. (90) 2)<\/a><\/p>\n<p>&nbsp;<\/p>\n<p>b) Rapport sur la Fondation de droit uniforme<\/p>\n<p>&nbsp;<\/p>\n<p>&nbsp;<\/p>\n<p>4.\u00a0<a href=\"https:\/\/www.unidroit.org\/french\/governments\/councildocuments\/2011session\/cd90-03-f.pdf\">Principes relatifs aux contrats du commerce international: adoption de la 3\u00e8me \u00e9dition\u00a0(\u201cPrincipes d\u2019UNIDROIT 2010\u201d) et promotion (C.D. (90) 3)<\/a><\/p>\n<p>&nbsp;<\/p>\n<p>&nbsp;<\/p>\n<p>5. Garanties internationales portant sur des mat\u00e9riels d\u2019\u00e9quipement mobiles<\/p>\n<p>&nbsp;<\/p>\n<p>a)\u00a0<a href=\"https:\/\/www.unidroit.org\/french\/governments\/councildocuments\/2011session\/cd90-04a-f.pdf\">Etat de mise en \u0153uvre de la Convention du Cap, du Protocole a\u00e9ronautique et\u00a0du Protocole de Luxembourg\u00a0(C.D. (90) 4 a))<\/a><\/p>\n<p>&nbsp;<\/p>\n<p>b)\u00a0<a href=\"https:\/\/www.unidroit.org\/french\/governments\/councildocuments\/2011session\/cd90-04b-f.pdf\">Avant-projet de Protocole \u00e0 la Convention du Cap portant sur les questions\u00a0sp\u00e9cifiques aux biens spatiaux\u00a0(C.D. (90) 4 b))<\/a><\/p>\n<p>&nbsp;<\/p>\n<p>c)\u00a0<a href=\"https:\/\/www.unidroit.org\/french\/governments\/councildocuments\/2011session\/cd90-04c-f.pdf\">Pr\u00e9paration d\u2019autres Protocoles \u00e0 la Convention du Cap, en particulier portant\u00a0sur les questions sp\u00e9cifiques aux mat\u00e9riels d\u2019\u00e9quipement agricoles, miniers et de\u00a0construction (C.D. (90) 4 c))<\/a><\/p>\n<p>&nbsp;<\/p>\n<p>&nbsp;<\/p>\n<p>6. Op\u00e9rations sur les march\u00e9s de capitaux interconnect\u00e9s et transnationaux<\/p>\n<p>&nbsp;<\/p>\n<p>a)\u00a0<a href=\"https:\/\/www.unidroit.org\/french\/governments\/councildocuments\/2011session\/cd90-05a-f.pdf\">Convention d\u2019UNIDROIT sur les r\u00e8gles mat\u00e9rielles relatives aux titres interm\u00e9di\u00e9s:\u00a0suivi et promotion (C.D. (90) 5 a))<\/a><\/p>\n<p>&nbsp;<\/p>\n<p>b)\u00a0<a href=\"https:\/\/www.unidroit.org\/french\/governments\/councildocuments\/2010session\/cd89-05b-f.pdf\">Principes et r\u00e8gles susceptibles d\u2019accro\u00eetre les transactions sur les march\u00e9s\u00a0financiers \u00e9mergents (C.D. (89) 5 b))<\/a><\/p>\n<p>&nbsp;<\/p>\n<p>c)\u00a0<a href=\"https:\/\/www.unidroit.org\/french\/governments\/councildocuments\/2011session\/cd90-05c-f.pdf\">Principes et r\u00e8gles sur la compensation des instruments financiers\u00a0(C.D. (90) 5 c))<\/a><\/p>\n<p>&nbsp;<\/p>\n<p>&nbsp;<\/p>\n<p>7.\u00a0<a href=\"https:\/\/www.unidroit.org\/french\/governments\/councildocuments\/2011session\/cd90-06rev-f.pdf\">Responsabilit\u00e9 civile pour les services fournis par le Syst\u00e8me Global de Navigation Satellitaire\u00a0(GNSS)\u00a0(C.D. (90) 6 r\u00e9v.)<\/a><\/p>\n<p>&nbsp;<\/p>\n<p>&nbsp;<\/p>\n<p>8.\u00a0<a href=\"https:\/\/www.unidroit.org\/french\/governments\/councildocuments\/2011session\/cd90-07-f.pdf\">Loi type d\u2019UNIDROIT sur la location et la location-financement: suivi et promotion (C.D. (90) 7)<\/a><\/p>\n<p>&nbsp;<\/p>\n<p>&nbsp;<\/p>\n<p>9.\u00a0<a href=\"https:\/\/www.unidroit.org\/french\/governments\/councildocuments\/2011session\/cd90-08-f.pdf\">Protection internationale des biens culturels\u00a0(C.D. (90) 8)<\/a><\/p>\n<p>&nbsp;<\/p>\n<p>a) Convention d\u2019UNIDROIT sur les biens culturels vol\u00e9s ou illicitement export\u00e9s \u2013\u00a0mise en \u0153uvre et promotion<\/p>\n<p>&nbsp;<\/p>\n<p>b) Elaboration de dispositions type sur la protection des biens culturels<\/p>\n<p>&nbsp;<\/p>\n<p>&nbsp;<\/p>\n<p>10.\u00a0<a href=\"https:\/\/www.unidroit.org\/french\/governments\/councildocuments\/2011session\/cd90-09-f.pdf\">Droit priv\u00e9 et d\u00e9veloppement (C.D. (90) 9)<\/a><\/p>\n<p>&nbsp;<\/p>\n<p>a) Aspects de droit priv\u00e9 du financement agricole<\/p>\n<p>&nbsp;<\/p>\n<p>b) Proposition de cadre juridique pour l\u2019entreprise sociale (ou pour un certain type\u00a0d\u2019entreprise sociale)<\/p>\n<p>&nbsp;<\/p>\n<p>&nbsp;<\/p>\n<p>11.\u00a0<a href=\"https:\/\/www.unidroit.org\/french\/governments\/councildocuments\/2011session\/cd90-10-f.pdf\">Programme de coop\u00e9ration juridique (C.D. (90) 10)<\/a><\/p>\n<p>&nbsp;<\/p>\n<p>&nbsp;<\/p>\n<p>12.\u00a0<a href=\"https:\/\/www.unidroit.org\/french\/governments\/councildocuments\/2011session\/cd90-11-f.pdf\">Correspondants\u00a0(C.D. (90) 11)<\/a><\/p>\n<p>&nbsp;<\/p>\n<p>&nbsp;<\/p>\n<p>13.\u00a0<a href=\"https:\/\/www.unidroit.org\/french\/governments\/councildocuments\/2011session\/cd90-12-f.pdf\">Biblioth\u00e8que (C.D. (90) 12)<\/a><\/p>\n<p>&nbsp;<\/p>\n<p>&nbsp;<\/p>\n<p>14.\u00a0<a href=\"https:\/\/www.unidroit.org\/french\/governments\/councildocuments\/2011session\/cd90-13-f.pdf\">Uniform Law Review\/ Revue de droit uniforme et autres publications (C.D. (90) 13)<\/a><\/p>\n<p>&nbsp;<\/p>\n<p>&nbsp;<\/p>\n<p>15.\u00a0<a href=\"https:\/\/www.unidroit.org\/french\/governments\/councildocuments\/2011session\/cd90-14-f.pdf\">Le site d\u2019UNIDROIT sur Internet et Biblioth\u00e8ques d\u00e9positaires de la documentation d\u2019UNIDROIT (C.D. (90) 14)<\/a><\/p>\n<p>&nbsp;<\/p>\n<p>&nbsp;<\/p>\n<p>16.\u00a0<a href=\"https:\/\/www.unidroit.org\/french\/governments\/councildocuments\/2011session\/cd90-15-f.pdf\">La base de donn\u00e9es sur le droit uniforme (C.D. (90) 15)<\/a><\/p>\n<p>&nbsp;<\/p>\n<p>&nbsp;<\/p>\n<p>17. Plan strat\u00e9gique (C.D. (90) 16)\u00a0<a href=\"https:\/\/www.unidroit.org\/french\/governments\/councildocuments\/2011session\/cd90-16-f.pdf\">NIDROIT 2011 &#8211; C.D. (90) 16<\/a><\/p>\n<p>&nbsp;<\/p>\n<p>&nbsp;<\/p>\n<p>18.\u00a0<a href=\"https:\/\/www.unidroit.org\/french\/governments\/councildocuments\/2011session\/cd90-17-f.pdf\">Pr\u00e9paration du projet de budget pour l\u2019exercice financier 2012 (C.D. (90) 17)<\/a><\/p>\n<p>&nbsp;<\/p>\n<p>&nbsp;<\/p>\n<p>19. Proc\u00e9dure pour la s\u00e9lection et la nomination d\u2019un Secr\u00e9taire G\u00e9n\u00e9ral adjoint<\/p>\n<p>&nbsp;<\/p>\n<p>&nbsp;<\/p>\n<p>20.\u00a0<a href=\"https:\/\/www.unidroit.org\/french\/governments\/councildocuments\/2011session\/cd90-01rev-f.pdf\">Date et lieu de la 91<sup>\u00e8me<\/sup>\u00a0session du Conseil de Direction (C.D. (90) 1 r\u00e9v.)<\/a><\/p>\n<p>&nbsp;<\/p>\n<p>21. Divers[\/vc_column_text][\/vc_column][\/vc_row]<\/p>\n<\/div>","protected":false},"excerpt":{"rendered":"<p>[vc_row][vc_column css=&#8221;.vc_custom_1490017614850{margin-bottom: 30px !important;}&#8221;][vc_custom_heading text=&#8221;90\u00c8ME SESSION (ROME, 9-11 MAI 2011) &#8221; font_container=&#8221;tag:h1|text_align:left&#8221; use_theme_fonts=&#8221;yes&#8221; css=&#8221;.vc_custom_1627416773159{margin-top: 0px !important;margin-bottom: 20px !important;}&#8221;][vc_column_text css=&#8221;.vc_custom_1627416789400{padding-top: 35px !important;padding-right: 35px !important;padding-bottom: 35px !important;padding-left: 35px !important;background-color: #f2f2f2 !important;}&#8221;]Documents de la 90\u00e8me\u00a0session du Conseil de Direction d&#8217;UNIDROIT (Rome, 9-11 mai 2011) &nbsp; &nbsp; &nbsp; Conclusions&nbsp;<a href=\"https:\/\/www.unidroit.org\/fr\/reunions\/conseil-de-direction-3\/90eme-session-rome-9-11-mai-2011\/\">&hellip;<\/a><\/p>\n","protected":false},"author":20,"featured_media":0,"parent":4954,"menu_order":0,"comment_status":"closed","ping_status":"closed","template":"","meta":{"ep_exclude_from_search":false,"footnotes":""},"class_list":["post-4992","page","type-page","status-publish","format-standard","hentry","odd"],"_links":{"self":[{"href":"https:\/\/www.unidroit.org\/fr\/wp-json\/wp\/v2\/pages\/4992","targetHints":{"allow":["GET"]}}],"collection":[{"href":"https:\/\/www.unidroit.org\/fr\/wp-json\/wp\/v2\/pages"}],"about":[{"href":"https:\/\/www.unidroit.org\/fr\/wp-json\/wp\/v2\/types\/page"}],"author":[{"embeddable":true,"href":"https:\/\/www.unidroit.org\/fr\/wp-json\/wp\/v2\/users\/20"}],"replies":[{"embeddable":true,"href":"https:\/\/www.unidroit.org\/fr\/wp-json\/wp\/v2\/comments?post=4992"}],"version-history":[{"count":0,"href":"https:\/\/www.unidroit.org\/fr\/wp-json\/wp\/v2\/pages\/4992\/revisions"}],"up":[{"embeddable":true,"href":"https:\/\/www.unidroit.org\/fr\/wp-json\/wp\/v2\/pages\/4954"}],"wp:attachment":[{"href":"https:\/\/www.unidroit.org\/fr\/wp-json\/wp\/v2\/media?parent=4992"}],"curies":[{"name":"wp","href":"https:\/\/api.w.org\/{rel}","templated":true}]}}