{"id":4994,"date":"2021-07-27T20:13:06","date_gmt":"2021-07-27T20:13:06","guid":{"rendered":"https:\/\/www.unidroit.org\/?page_id=4994"},"modified":"2021-07-27T20:13:09","modified_gmt":"2021-07-27T20:13:09","slug":"89eme-session-rome-10-12-mai-2010","status":"publish","type":"page","link":"https:\/\/www.unidroit.org\/fr\/reunions\/conseil-de-direction-3\/89eme-session-rome-10-12-mai-2010\/","title":{"rendered":"89\u00c8ME SESSION (ROME, 10-12 MAI 2010)"},"content":{"rendered":"<div class=\"wpb-content-wrapper\"><p>[vc_row][vc_column css=&#8221;.vc_custom_1490017614850{margin-bottom: 30px !important;}&#8221;][vc_custom_heading text=&#8221;89\u00c8ME SESSION (ROME, 10-12 MAI 2010)<br \/>\n&#8221; font_container=&#8221;tag:h1|text_align:left&#8221; use_theme_fonts=&#8221;yes&#8221; css=&#8221;.vc_custom_1627416828664{margin-top: 0px !important;margin-bottom: 20px !important;}&#8221;][vc_column_text css=&#8221;.vc_custom_1627416843276{padding-top: 35px !important;padding-right: 35px !important;padding-bottom: 35px !important;padding-left: 35px !important;background-color: #f2f2f2 !important;}&#8221;]<strong>Documents de la 89<sup>\u00e8me<\/sup>\u00a0session du Conseil de Direction d&#8217;UNIDROIT<\/strong><br \/>\n<strong>(Rome, 10-12 mai 2010)<\/strong><\/p>\n<p><strong>\u00a0<\/strong><\/p>\n<p>&nbsp;<\/p>\n<p><a href=\"https:\/\/www.unidroit.org\/french\/documents\/2010\/cd89-conclusions-f.pdf\">Conclusions sommaires\u00a0(C.D. (89) Misc. 4)<\/a>\u00a0 \u00a0 \u00a0 \u00a0 \u00a0 \u00a0 \u00a0 \u00a0 \u00a0 \u00a0\u00a0<a href=\"https:\/\/www.unidroit.org\/french\/governments\/councildocuments\/2010session\/cd89-17-f.pdf\">Rapport\u00a0(C.D. (89) 17)<\/a><\/p>\n<p>&nbsp;<\/p>\n<p>*<\/p>\n<p>&nbsp;<\/p>\n<p>* \u00a0 \u00a0 \u00a0 \u00a0 \u00a0*<\/p>\n<p>&nbsp;<\/p>\n<p>1.\u00a0<a href=\"https:\/\/www.unidroit.org\/french\/governments\/councildocuments\/2010session\/cd89-01rev-f.pdf\">Ordre du jour annot\u00e9 (C.D. (89) 1 r\u00e9v.)<\/a><\/p>\n<p>&nbsp;<\/p>\n<p>&nbsp;<\/p>\n<p>2.\u00a0<a href=\"https:\/\/www.unidroit.org\/french\/governments\/councildocuments\/2010session\/cd89-01rev-f.pdf\">Nomination des premier et deuxi\u00e8me Vice-Pr\u00e9sidents du Conseil de Direction (C.D. (89) 1 r\u00e9v.)<\/a><\/p>\n<p>&nbsp;<\/p>\n<p>&nbsp;<\/p>\n<p>3. Rapports<\/p>\n<p>&nbsp;<\/p>\n<p>a)\u00a0<a href=\"https:\/\/www.unidroit.org\/french\/documents\/2010\/cd89-02-f.pdf\">Rapport annuel 2009\u00a0(C.D. (89) 2)<\/a><\/p>\n<p>&nbsp;<\/p>\n<p>b) Rapport sur la Fondation de droit uniforme<\/p>\n<p>&nbsp;<\/p>\n<p>&nbsp;<\/p>\n<p>4.\u00a0<a href=\"https:\/\/www.unidroit.org\/french\/governments\/councildocuments\/2010session\/cd89-03-f.pdf\">Principes relatifs aux contrats du commerce international: examen et adoption des\u00a0nouveaux Chapitres\u00a0(C.D. (89) 3)<\/a><\/p>\n<p>&nbsp;<\/p>\n<p>&nbsp;<\/p>\n<p>5. Garanties internationales portant sur des mat\u00e9riels d\u2019\u00e9quipement mobiles<\/p>\n<p>&nbsp;<\/p>\n<p>a)\u00a0<a href=\"https:\/\/www.unidroit.org\/french\/governments\/councildocuments\/2010session\/cd89-04a-f.pdf\">Etat de mise en \u0153uvre de la Convention du Cap, du Protocole a\u00e9ronautique et\u00a0du Protocole de Luxembourg (C.D. (89) 4 a))<\/a><\/p>\n<p>&nbsp;<\/p>\n<p>b)\u00a0<a href=\"https:\/\/www.unidroit.org\/french\/governments\/councildocuments\/2010session\/cd89-04b-f.pdf\">Avant-projet de Protocole \u00e0 la Convention du Cap portant sur les questions\u00a0sp\u00e9cifiques aux biens spatiaux\u00a0(C.D. (89) 4 b))<\/a><\/p>\n<p>&nbsp;<\/p>\n<p>c)\u00a0<a href=\"https:\/\/www.unidroit.org\/french\/governments\/councildocuments\/2010session\/cd89-04c-f.pdf\">Pr\u00e9paration d\u2019autres Protocoles \u00e0 la Convention du Cap, en particulier portant\u00a0sur les questions sp\u00e9cifiques aux mat\u00e9riels d\u2019\u00e9quipement agricoles, miniers et de\u00a0construction (C.D. (89) 4 c))<\/a><\/p>\n<p>&nbsp;<\/p>\n<p>&nbsp;<\/p>\n<p>6. Op\u00e9rations sur les march\u00e9s de capitaux interconnect\u00e9s et transnationaux<\/p>\n<p>&nbsp;<\/p>\n<p>a)\u00a0<a href=\"https:\/\/www.unidroit.org\/french\/governments\/councildocuments\/2010session\/cd89-05a-f.pdf\">Convention d\u2019UNIDROIT sur les r\u00e8gles mat\u00e9rielles relatives aux titres interm\u00e9di\u00e9s:\u00a0suivi et promotion\u00a0(C.D. (89) 5 a))<\/a><\/p>\n<p>&nbsp;<\/p>\n<p>b)\u00a0<a href=\"https:\/\/www.unidroit.org\/french\/governments\/councildocuments\/2010session\/cd89-05b-f.pdf\">Principes et r\u00e8gles susceptibles d\u2019accro\u00eetre les transactions sur les march\u00e9s\u00a0financiers \u00e9mergents\u00a0(C.D. (89) 5 b))<\/a><\/p>\n<p>&nbsp;<\/p>\n<p>&nbsp;<\/p>\n<p>7.\u00a0<a href=\"https:\/\/www.unidroit.org\/french\/governments\/councildocuments\/2010session\/cd89-06-f.pdf\">Loi type sur la location et la location-financement: suivi et promotion (C.D. (89) 6)<\/a><\/p>\n<p>&nbsp;<\/p>\n<p>&nbsp;<\/p>\n<p>8.\u00a0<a href=\"https:\/\/www.unidroit.org\/french\/governments\/councildocuments\/2010session\/cd89-07-f.pdf\">Programme de travail triennal de l\u2019Organisation (2009-2011) (C.D. (89) 7))<\/a><\/p>\n<p>&nbsp;<\/p>\n<p>a)\u00a0<a href=\"https:\/\/www.unidroit.org\/french\/governments\/councildocuments\/2010session\/cd89-07add1-f.pdf\">Travaux futurs \u00e9ventuels sur la responsabilit\u00e9 civile pour les services fournis par\u00a0le Syst\u00e8me Global de Navigation Satellitaire (GNSS) (C.D. (89) 7 Add. 1)<\/a><\/p>\n<p>&nbsp;<\/p>\n<p>b)\u00a0<a href=\"https:\/\/www.unidroit.org\/french\/governments\/councildocuments\/2010session\/cd89-07add2-f.pdf\">Proposition d\u2019\u00e9laboration d\u2019un instrument sur la compensation des instruments\u00a0financiers\u00a0(C.D. (89) 7 Add. 2)<\/a><\/p>\n<p>&nbsp;<\/p>\n<p>c)\u00a0<a href=\"https:\/\/www.unidroit.org\/french\/governments\/councildocuments\/2010session\/cd89-07add3-f.pdf\">Proposition d\u2019\u00e9laboration d\u2019une Loi mod\u00e8le sur la protection des biens culturels (C.D. (89) 7 Add. 3)<\/a><\/p>\n<p>&nbsp;<\/p>\n<p>d) Travaux futurs \u00e9ventuels dans le domaine du droit priv\u00e9 et du d\u00e9veloppement<\/p>\n<p>&nbsp;<\/p>\n<p>i)\u00a0<a href=\"https:\/\/www.unidroit.org\/french\/governments\/councildocuments\/2010session\/cd89-07add4-f.pdf\">Aspects de droit priv\u00e9 du financement agricole (C.D. (89) 7 Add. 4)<\/a><\/p>\n<p>&nbsp;<\/p>\n<p>ii)\u00a0<a href=\"https:\/\/www.unidroit.org\/french\/governments\/councildocuments\/2010session\/cd89-07add5-f.pdf\">Elaboration d\u2019une proposition internationale de cadre juridique pour\u00a0l\u2019entreprise sociale (ou pour un certain type d\u2019entreprise sociale) (C.D. (89) 7 Add. 5)<\/a><\/p>\n<p>&nbsp;<\/p>\n<p>e)\u00a0<a href=\"https:\/\/www.unidroit.org\/french\/governments\/councildocuments\/2010session\/cd89-07add6-f.pdf\">Proposition de cr\u00e9ation d\u2019un Centre d\u2019UNIDROIT de recherche \u00e0 distance\u00a0(C.D. (89) 7 Add. 6)<\/a><\/p>\n<p>&nbsp;<\/p>\n<p>&nbsp;<\/p>\n<p>9.\u00a0<a href=\"https:\/\/www.unidroit.org\/french\/governments\/councildocuments\/2010session\/cd89-08-f.pdf\">Mise en \u0153uvre et promotion des instruments d\u2019UNIDROIT autres que les instruments relatifs\u00a0\u00e0 la Convention du Cap (C.D. (89) 8)<\/a><\/p>\n<p>&nbsp;<\/p>\n<p>&nbsp;<\/p>\n<p>10.\u00a0<a href=\"https:\/\/www.unidroit.org\/french\/governments\/councildocuments\/2010session\/cd89-09-f.pdf\">Programme de coop\u00e9ration juridique\u00a0(C.D. (89) 9)<\/a><\/p>\n<p>&nbsp;<\/p>\n<p>&nbsp;<\/p>\n<p>11.\u00a0<a href=\"https:\/\/www.unidroit.org\/french\/governments\/councildocuments\/2010session\/cd89-10-f.pdf\">Correspondants\u00a0(C.D. (89) 10<\/a>\u00a0and\u00a0<a href=\"https:\/\/www.unidroit.org\/french\/governments\/councildocuments\/2010session\/cd89-10add-f.pdf\">C.D. (89) 10 Add.)<\/a><\/p>\n<p>&nbsp;<\/p>\n<p>&nbsp;<\/p>\n<p>12.\u00a0<a href=\"https:\/\/www.unidroit.org\/french\/governments\/councildocuments\/2010session\/cd89-11-f.pdf\">Biblioth\u00e8que\u00a0(C.D. (89) 11)<\/a><\/p>\n<p>&nbsp;<\/p>\n<p>&nbsp;<\/p>\n<p>13.\u00a0<a href=\"https:\/\/www.unidroit.org\/french\/governments\/councildocuments\/2010session\/cd89-12-f.pdf\">Uniform Law Review \/ Revue de droit uniforme et autres publications\u00a0(C.D. (89) 12)<\/a><\/p>\n<p>&nbsp;<\/p>\n<p>&nbsp;<\/p>\n<p>14.\u00a0<a href=\"https:\/\/www.unidroit.org\/french\/governments\/councildocuments\/2010session\/cd89-13-f.pdf\">Site d\u2019UNIDROIT sur Internet et Biblioth\u00e8ques d\u00e9positaires de la documentation d\u2019UNIDROIT\u00a0\u00a0(C.D. (89) 13)<\/a><\/p>\n<p>&nbsp;<\/p>\n<p>&nbsp;<\/p>\n<p>15.\u00a0<a href=\"https:\/\/www.unidroit.org\/french\/governments\/councildocuments\/2010session\/cd89-14-f.pdf\">La base de donn\u00e9es sur le droit uniforme\u00a0(C.D. (89) 14)<\/a><\/p>\n<p>&nbsp;<\/p>\n<p>&nbsp;<\/p>\n<p>16.\u00a0<a href=\"https:\/\/www.unidroit.org\/french\/governments\/councildocuments\/2010session\/cd89-15-f.pdf\">Projet de budget pour 2011 \u2013 Premi\u00e8res estimations\u00a0(C.D. (89) 15)<\/a><\/p>\n<p>&nbsp;<\/p>\n<p>&nbsp;<\/p>\n<p>17.\u00a0<a href=\"https:\/\/www.unidroit.org\/french\/governments\/councildocuments\/2010session\/cd89-16-f.pdf\">Plan strat\u00e9gique\u00a0(C.D. (89) 16)<\/a><\/p>\n<p>&nbsp;<\/p>\n<p>&nbsp;<\/p>\n<p>18. Renouvellement du mandat des Secr\u00e9taires G\u00e9n\u00e9raux adjoints et rapport du Comit\u00e9\u00a0Permanent<\/p>\n<p>&nbsp;<\/p>\n<p>&nbsp;<\/p>\n<p>19.\u00a0<a href=\"https:\/\/www.unidroit.org\/french\/governments\/councildocuments\/2010session\/cd89-misc1rev-f.pdf\">Date et lieu de la 90<sup>\u00e8me<\/sup>\u00a0session du Conseil de Direction (C.D. (89) Misc. 1 r\u00e9v.)<\/a><\/p>\n<p>&nbsp;<\/p>\n<p>&nbsp;<\/p>\n<p>20. Divers[\/vc_column_text][\/vc_column][\/vc_row]<\/p>\n<\/div>","protected":false},"excerpt":{"rendered":"<p>[vc_row][vc_column css=&#8221;.vc_custom_1490017614850{margin-bottom: 30px !important;}&#8221;][vc_custom_heading text=&#8221;89\u00c8ME SESSION (ROME, 10-12 MAI 2010) &#8221; font_container=&#8221;tag:h1|text_align:left&#8221; use_theme_fonts=&#8221;yes&#8221; css=&#8221;.vc_custom_1627416828664{margin-top: 0px !important;margin-bottom: 20px !important;}&#8221;][vc_column_text css=&#8221;.vc_custom_1627416843276{padding-top: 35px !important;padding-right: 35px !important;padding-bottom: 35px !important;padding-left: 35px !important;background-color: #f2f2f2 !important;}&#8221;]Documents de la 89\u00e8me\u00a0session du Conseil de Direction d&#8217;UNIDROIT (Rome, 10-12 mai 2010) \u00a0 &nbsp; Conclusions sommaires\u00a0(C.D.&nbsp;<a href=\"https:\/\/www.unidroit.org\/fr\/reunions\/conseil-de-direction-3\/89eme-session-rome-10-12-mai-2010\/\">&hellip;<\/a><\/p>\n","protected":false},"author":20,"featured_media":0,"parent":4954,"menu_order":0,"comment_status":"closed","ping_status":"closed","template":"","meta":{"ep_exclude_from_search":false,"footnotes":""},"class_list":["post-4994","page","type-page","status-publish","format-standard","hentry","odd"],"_links":{"self":[{"href":"https:\/\/www.unidroit.org\/fr\/wp-json\/wp\/v2\/pages\/4994","targetHints":{"allow":["GET"]}}],"collection":[{"href":"https:\/\/www.unidroit.org\/fr\/wp-json\/wp\/v2\/pages"}],"about":[{"href":"https:\/\/www.unidroit.org\/fr\/wp-json\/wp\/v2\/types\/page"}],"author":[{"embeddable":true,"href":"https:\/\/www.unidroit.org\/fr\/wp-json\/wp\/v2\/users\/20"}],"replies":[{"embeddable":true,"href":"https:\/\/www.unidroit.org\/fr\/wp-json\/wp\/v2\/comments?post=4994"}],"version-history":[{"count":0,"href":"https:\/\/www.unidroit.org\/fr\/wp-json\/wp\/v2\/pages\/4994\/revisions"}],"up":[{"embeddable":true,"href":"https:\/\/www.unidroit.org\/fr\/wp-json\/wp\/v2\/pages\/4954"}],"wp:attachment":[{"href":"https:\/\/www.unidroit.org\/fr\/wp-json\/wp\/v2\/media?parent=4994"}],"curies":[{"name":"wp","href":"https:\/\/api.w.org\/{rel}","templated":true}]}}