{"id":4999,"date":"2021-07-27T20:14:42","date_gmt":"2021-07-27T20:14:42","guid":{"rendered":"https:\/\/www.unidroit.org\/?page_id=4999"},"modified":"2021-07-27T20:14:44","modified_gmt":"2021-07-27T20:14:44","slug":"88eme-session-rome-20-23-avril-2009","status":"publish","type":"page","link":"https:\/\/www.unidroit.org\/fr\/reunions\/conseil-de-direction-3\/88eme-session-rome-20-23-avril-2009\/","title":{"rendered":"88\u00c8ME SESSION (ROME, 20-23 AVRIL 2009)"},"content":{"rendered":"<div class=\"wpb-content-wrapper\"><p>[vc_row][vc_column css=&#8221;.vc_custom_1490017614850{margin-bottom: 30px !important;}&#8221;][vc_custom_heading text=&#8221;88\u00c8ME SESSION (ROME, 20-23 AVRIL 2009)<br \/>\n&#8221; font_container=&#8221;tag:h1|text_align:left&#8221; use_theme_fonts=&#8221;yes&#8221; css=&#8221;.vc_custom_1627416924756{margin-top: 0px !important;margin-bottom: 20px !important;}&#8221;][vc_column_text css=&#8221;.vc_custom_1627416938780{padding-top: 35px !important;padding-right: 35px !important;padding-bottom: 35px !important;padding-left: 35px !important;background-color: #f2f2f2 !important;}&#8221;]<strong>Documents de la 88<sup>\u00e8me<\/sup>\u00a0session du Conseil de Direction d&#8217;UNIDROIT<\/strong><br \/>\n<strong>(Rome, 20-23 avril 2009)\u00a0<\/strong><\/p>\n<p><strong>\u00a0<\/strong><\/p>\n<p><strong>\u00a0<\/strong><\/p>\n<p><a href=\"https:\/\/www.unidroit.org\/french\/documents\/2009\/cd88-conclusions-f.pdf\">Conclusions sommaires\u00a0(C.D. (88) Misc. 3)<\/a>\u00a0\u00a0 \u00a0 \u00a0 \u00a0 \u00a0 \u00a0 \u00a0 \u00a0 \u00a0 \u00a0<a href=\"https:\/\/www.unidroit.org\/french\/governments\/councildocuments\/2009session\/cd88-17-f.pdf\">Rapport (C.D. (88) 17)<\/a><\/p>\n<p>&nbsp;<\/p>\n<p>*<\/p>\n<p>&nbsp;<\/p>\n<p>* \u00a0 \u00a0 \u00a0 \u00a0 \u00a0*<\/p>\n<p>&nbsp;<\/p>\n<p>1.\u00a0<a href=\"https:\/\/www.unidroit.org\/french\/governments\/councildocuments\/2009session\/cd88-01rev-f.pdf\">Ordre du jour annot\u00e9\u00a0(C.D. (88) 1 r\u00e9v.)<\/a><\/p>\n<p>&nbsp;<\/p>\n<p>&nbsp;<\/p>\n<p>2.\u00a0<a href=\"https:\/\/www.unidroit.org\/french\/documents\/2009\/cd88-02-f.pdf\">Rapport annuel 2008\u00a0(C.D. (88) 2)<\/a><\/p>\n<p>&nbsp;<\/p>\n<p>&nbsp;<\/p>\n<p>3. Rapport sur la Fondation de droit uniforme<\/p>\n<p>&nbsp;<\/p>\n<p>&nbsp;<\/p>\n<p>4. Nominations<\/p>\n<p>&nbsp;<\/p>\n<p>a) Nomination des premier et deuxi\u00e8me Vice-Pr\u00e9sidents du Conseil de Direction<\/p>\n<p>&nbsp;<\/p>\n<p>b) Nomination des membres ad honorem du Conseil de Direction<\/p>\n<p>&nbsp;<\/p>\n<p>c) Nomination des membres du Comit\u00e9 Permanent<\/p>\n<p>&nbsp;<\/p>\n<p>&nbsp;<\/p>\n<p>5. Garanties internationales portant sur des mat\u00e9riels d\u2019\u00e9quipement mobiles<\/p>\n<p>&nbsp;<\/p>\n<p>a)\u00a0<a href=\"https:\/\/www.unidroit.org\/french\/governments\/councildocuments\/2009session\/cd88-03a-f.pdf\">Etat de mise en \u0153uvre de la Convention du Cap, du Protocole a\u00e9ronautique et du\u00a0Protocole de Luxembourg\u00a0(C.D. (88) 3 a))<\/a><\/p>\n<p>&nbsp;<\/p>\n<p>b)\u00a0<a href=\"https:\/\/www.unidroit.org\/french\/governments\/councildocuments\/2009session\/cd88-03b-f.pdf\">Avant-projet de Protocole portant sur les questions sp\u00e9cifiques aux biens spatiaux\u00a0(C.D. (88) 3 b))<\/a><\/p>\n<p>&nbsp;<\/p>\n<p>c)\u00a0<a href=\"https:\/\/www.unidroit.org\/french\/governments\/councildocuments\/2009session\/cd88-03c-f.pdf\">Pr\u00e9paration d\u2019un nouveau Protocole portant sur les questions sp\u00e9cifiques aux mat\u00e9riels\u00a0d\u2019\u00e9quipement agricoles, miniers et de construction (C.D. (88) 3 c))<\/a><\/p>\n<p>&nbsp;<\/p>\n<p>&nbsp;<\/p>\n<p>6.\u00a0<a href=\"https:\/\/www.unidroit.org\/french\/governments\/councildocuments\/2009session\/cd88-04-f.pdf\">Projet de Convention sur les r\u00e8gles de droit mat\u00e9riel applicables aux titres interm\u00e9di\u00e9s (C.D. (88) 4)<\/a><\/p>\n<p>&nbsp;<\/p>\n<p>&nbsp;<\/p>\n<p>7.\u00a0<a href=\"https:\/\/www.unidroit.org\/french\/governments\/councildocuments\/2009session\/cd88-05-f.pdf\">Principes relatifs aux contrats du commerce international\u00a0(C.D. (88) 5)<\/a><\/p>\n<p>&nbsp;<\/p>\n<p>&nbsp;<\/p>\n<p>8.\u00a0<a href=\"https:\/\/www.unidroit.org\/french\/governments\/councildocuments\/2009session\/cd88-06-f.pdf\">Loi type sur la location et la location-financement (C.D. (88) 6)<\/a><\/p>\n<p>&nbsp;<\/p>\n<p>&nbsp;<\/p>\n<p>9.\u00a0<a href=\"https:\/\/www.unidroit.org\/french\/governments\/councildocuments\/2009session\/cd88-07-f.pdf\">Programme de travail triennal de l\u2019Organisation (2009-2011) (C.D. (88) 7)<\/a><\/p>\n<p>&nbsp;<\/p>\n<p>a)\u00a0<a href=\"https:\/\/www.unidroit.org\/french\/governments\/councildocuments\/2009session\/cd88-07add1-f.pdf\">Proposition d\u2019\u00e9laboration d\u2019une Convention sur la compensation des instruments\u00a0financiers (C.D. (88) 7 Add. 1)<\/a><\/p>\n<p>&nbsp;<\/p>\n<p>b)\u00a0<a href=\"https:\/\/www.unidroit.org\/french\/governments\/councildocuments\/2009session\/cd88-07add2-f.pdf\">Etude en vue d\u2019une projet l\u00e9gislatif international sur le classement (contractuel) des\u00a0contreparties (C.D. (88) 7 Add. 2)<\/a><\/p>\n<p>&nbsp;<\/p>\n<p>c)\u00a0<a href=\"https:\/\/www.unidroit.org\/french\/governments\/councildocuments\/2009session\/cd88-07add3-f.pdf\">Principes et r\u00e8gles susceptibles d\u2019accro\u00eetre les transactions sur les march\u00e9s financiers\u00a0\u00e9mergents (C.D. (88) 7 Add. 3)<\/a><\/p>\n<p>&nbsp;<\/p>\n<p>d)\u00a0<a href=\"https:\/\/www.unidroit.org\/french\/governments\/councildocuments\/2009session\/cd88-07add4-f.pdf\">Travaux futurs \u00e9ventuels sur la responsabilit\u00e9 civile pour les services satellitaires (C.D. (88) 7 Add. 4)<\/a><\/p>\n<p>&nbsp;<\/p>\n<p>e)\u00a0<a href=\"https:\/\/www.unidroit.org\/french\/governments\/councildocuments\/2009session\/cd88-07add5-f.pdf\">Proposition d\u2019\u00e9laboration d\u2019une Loi mod\u00e8le sur la protection des biens culturels (C.D. (88) 7 Add. 5)<\/a><\/p>\n<p>&nbsp;<\/p>\n<p>f)\u00a0<a href=\"https:\/\/www.unidroit.org\/french\/governments\/councildocuments\/2009session\/cd88-07add6-f.pdf\">Travaux futurs \u00e9ventuels dans le domaine du droit priv\u00e9 et du d\u00e9veloppement (C.D. (88) 7 Add. 6)<\/a><\/p>\n<p>&nbsp;<\/p>\n<p>&nbsp;<\/p>\n<p>10.\u00a0<a href=\"https:\/\/www.unidroit.org\/french\/governments\/councildocuments\/2009session\/cd88-08-f.pdf\">Pr\u00e9paration du projet de budget pour l\u2019exercice financier 2010 et autres questions\u00a0institutionnelles, financi\u00e8res et relatives au personnel\u00a0(C.D. (88) 8)<\/a><\/p>\n<p>&nbsp;<\/p>\n<p>&nbsp;<\/p>\n<p>11.\u00a0<a href=\"http:\/\/www.unidroit.org\/french\/governments\/councildocuments\/2009session\/cd88-09-f.pdf\">Plan strat\u00e9gique\u00a0(C.D. (88) 9)<\/a><\/p>\n<p>&nbsp;<\/p>\n<p>&nbsp;<\/p>\n<p>12.\u00a0<a href=\"https:\/\/www.unidroit.org\/french\/governments\/councildocuments\/2009session\/cd88-10-f.pdf\">Mise en \u0153uvre et promotion des instruments d\u2019UNIDROIT autres que les instruments relatifs\u00a0\u00e0 la Convention du Cap (C.D. (88) 10)<\/a><\/p>\n<p>&nbsp;<\/p>\n<p>&nbsp;<\/p>\n<p>13.\u00a0<a href=\"https:\/\/www.unidroit.org\/french\/governments\/councildocuments\/2009session\/cd88-11-f.pdf\">Programme de coop\u00e9ration juridique (C.D. (88) 11)<\/a><\/p>\n<p>&nbsp;<\/p>\n<p>&nbsp;<\/p>\n<p>14.\u00a0<a href=\"https:\/\/www.unidroit.org\/french\/governments\/councildocuments\/2009session\/cd88-12-f.pdf\">Correspondants (C.D. (88) 12)<\/a><\/p>\n<p>&nbsp;<\/p>\n<p>&nbsp;<\/p>\n<p>15.\u00a0<a href=\"https:\/\/www.unidroit.org\/french\/governments\/councildocuments\/2009session\/cd88-13-f.pdf\">Biblioth\u00e8que\u00a0(C.D. (88) 13)<\/a><\/p>\n<p>&nbsp;<\/p>\n<p>&nbsp;<\/p>\n<p>16.\u00a0<a href=\"https:\/\/www.unidroit.org\/french\/governments\/councildocuments\/2009session\/cd88-14-f.pdf\">Uniform Law Review\/ Revue de droit uniforme et autres publications (C.D. (88) 14)<\/a><\/p>\n<p>&nbsp;<\/p>\n<p>&nbsp;<\/p>\n<p>17.\u00a0<a href=\"https:\/\/www.unidroit.org\/french\/governments\/councildocuments\/2009session\/cd88-15-f.pdf\">Site d\u2019UNIDROIT sur Internet et Biblioth\u00e8ques d\u00e9positaires de la documentation d\u2019UNIDROIT (C.D. (88) 15)<\/a><\/p>\n<p>&nbsp;<\/p>\n<p>&nbsp;<\/p>\n<p>18.\u00a0<a href=\"https:\/\/www.unidroit.org\/french\/governments\/councildocuments\/2009session\/cd88-16-f.pdf\">La base de donn\u00e9es sur le droit uniforme (C.D. (88) 16)<\/a><\/p>\n<p>&nbsp;<\/p>\n<p>&nbsp;<\/p>\n<p>19.\u00a0<a href=\"https:\/\/www.unidroit.org\/french\/governments\/councildocuments\/2009session\/cd88-01rev-f.pdf\">Date et lieu de la 89<sup>\u00e8me<\/sup>\u00a0session du Conseil de Direction\u00a0(C.D. (88) 1 r\u00e9v.)<\/a><\/p>\n<p>&nbsp;<\/p>\n<p>&nbsp;<\/p>\n<p>20. Divers[\/vc_column_text][\/vc_column][\/vc_row]<\/p>\n<\/div>","protected":false},"excerpt":{"rendered":"<p>[vc_row][vc_column css=&#8221;.vc_custom_1490017614850{margin-bottom: 30px !important;}&#8221;][vc_custom_heading text=&#8221;88\u00c8ME SESSION (ROME, 20-23 AVRIL 2009) &#8221; font_container=&#8221;tag:h1|text_align:left&#8221; use_theme_fonts=&#8221;yes&#8221; css=&#8221;.vc_custom_1627416924756{margin-top: 0px !important;margin-bottom: 20px !important;}&#8221;][vc_column_text css=&#8221;.vc_custom_1627416938780{padding-top: 35px !important;padding-right: 35px !important;padding-bottom: 35px !important;padding-left: 35px !important;background-color: #f2f2f2 !important;}&#8221;]Documents de la 88\u00e8me\u00a0session du Conseil de Direction d&#8217;UNIDROIT (Rome, 20-23 avril 2009)\u00a0 \u00a0 \u00a0 Conclusions sommaires\u00a0(C.D.&nbsp;<a href=\"https:\/\/www.unidroit.org\/fr\/reunions\/conseil-de-direction-3\/88eme-session-rome-20-23-avril-2009\/\">&hellip;<\/a><\/p>\n","protected":false},"author":20,"featured_media":0,"parent":4954,"menu_order":0,"comment_status":"closed","ping_status":"closed","template":"","meta":{"ep_exclude_from_search":false,"footnotes":""},"class_list":["post-4999","page","type-page","status-publish","format-standard","hentry","odd"],"_links":{"self":[{"href":"https:\/\/www.unidroit.org\/fr\/wp-json\/wp\/v2\/pages\/4999","targetHints":{"allow":["GET"]}}],"collection":[{"href":"https:\/\/www.unidroit.org\/fr\/wp-json\/wp\/v2\/pages"}],"about":[{"href":"https:\/\/www.unidroit.org\/fr\/wp-json\/wp\/v2\/types\/page"}],"author":[{"embeddable":true,"href":"https:\/\/www.unidroit.org\/fr\/wp-json\/wp\/v2\/users\/20"}],"replies":[{"embeddable":true,"href":"https:\/\/www.unidroit.org\/fr\/wp-json\/wp\/v2\/comments?post=4999"}],"version-history":[{"count":0,"href":"https:\/\/www.unidroit.org\/fr\/wp-json\/wp\/v2\/pages\/4999\/revisions"}],"up":[{"embeddable":true,"href":"https:\/\/www.unidroit.org\/fr\/wp-json\/wp\/v2\/pages\/4954"}],"wp:attachment":[{"href":"https:\/\/www.unidroit.org\/fr\/wp-json\/wp\/v2\/media?parent=4999"}],"curies":[{"name":"wp","href":"https:\/\/api.w.org\/{rel}","templated":true}]}}