{"id":5006,"date":"2021-07-27T20:17:40","date_gmt":"2021-07-27T20:17:40","guid":{"rendered":"https:\/\/www.unidroit.org\/?page_id=5006"},"modified":"2021-07-27T20:17:42","modified_gmt":"2021-07-27T20:17:42","slug":"86eme-session-rome-16-18-avril-2007","status":"publish","type":"page","link":"https:\/\/www.unidroit.org\/fr\/reunions\/conseil-de-direction-3\/86eme-session-rome-16-18-avril-2007\/","title":{"rendered":"86\u00c8ME SESSION (ROME, 16-18 AVRIL 2007)"},"content":{"rendered":"<div class=\"wpb-content-wrapper\"><p>[vc_row][vc_column css=&#8221;.vc_custom_1490017614850{margin-bottom: 30px !important;}&#8221;][vc_custom_heading text=&#8221;86\u00c8ME SESSION (ROME, 16-18 AVRIL 2007)<br \/>\n&#8221; font_container=&#8221;tag:h1|text_align:left&#8221; use_theme_fonts=&#8221;yes&#8221; css=&#8221;.vc_custom_1627417081197{margin-top: 0px !important;margin-bottom: 20px !important;}&#8221;][vc_column_text css=&#8221;.vc_custom_1627417101520{padding-top: 35px !important;padding-right: 35px !important;padding-bottom: 35px !important;padding-left: 35px !important;background-color: #f2f2f2 !important;}&#8221;]<strong>Documents de la 86<sup>\u00e8me<\/sup>\u00a0session du Conseil de Direction d&#8217;UNIDROIT<\/strong><br \/>\n<strong>(Rome, 16-18 avril 2007)\u00a0<\/strong><\/p>\n<p>&nbsp;<\/p>\n<p>&nbsp;<\/p>\n<p><a href=\"https:\/\/www.unidroit.org\/french\/documents\/2007\/cd86-conclusions-f.pdf\">Conclusions sommaires<\/a>\u00a0 \u00a0 \u00a0 \u00a0 \u00a0 \u00a0 \u00a0 \u00a0 \u00a0 \u00a0<a href=\"http:\/\/www.unidroit.org\/french\/governments\/councildocuments\/2007session\/cd86-22-f.pdf\">Rapport\u00a0(C.D. (86) 22)<\/a><\/p>\n<p>&nbsp;<\/p>\n<p>*<\/p>\n<p>&nbsp;<\/p>\n<p>* \u00a0 \u00a0 \u00a0 \u00a0 *<\/p>\n<p>&nbsp;<\/p>\n<p>1.\u00a0<a href=\"https:\/\/www.unidroit.org\/french\/governments\/councildocuments\/2007session\/cd86-01-f.pdf\">Ordre du jour (C.D. (86) 1)<\/a><\/p>\n<p>&nbsp;<\/p>\n<p>&nbsp;<\/p>\n<p>2.\u00a0<a href=\"https:\/\/www.unidroit.org\/french\/governments\/councildocuments\/2007session\/cd86-03-f.pdf\">Nomination des premier et deuxi\u00e8me Vice-Pr\u00e9sidents du Conseil de Direction\u00a0(C.D. (86) 3)<\/a><\/p>\n<p>&nbsp;<\/p>\n<p>&nbsp;<\/p>\n<p>3.\u00a0<a href=\"https:\/\/www.unidroit.org\/french\/documents\/2007\/cd86-02-f.pdf\">Rapport annuel (C.D. (86) 2)\u00a0<\/a>et rapport du Pr\u00e9sident de\u00a0la Fondation de droit uniforme<\/p>\n<p>&nbsp;<\/p>\n<p>&nbsp;<\/p>\n<p>4.\u00a0<a href=\"https:\/\/www.unidroit.org\/french\/governments\/councildocuments\/2007session\/cd86-04-f.pdf\">Mise en \u0153uvre du Plan strat\u00e9gique (C.D. (86) 4)<\/a><\/p>\n<p>&nbsp;<\/p>\n<p>&nbsp;<\/p>\n<p>5.\u00a0<a href=\"https:\/\/www.unidroit.org\/french\/governments\/councildocuments\/2007session\/cd86-05-f.pdf\">Pr\u00e9paration du budget provisoire de l\u2019ann\u00e9e financi\u00e8re 2008\u00a0(C.D. (86) 5)<\/a><\/p>\n<p>&nbsp;<\/p>\n<p>&nbsp;<\/p>\n<p>6.\u00a0<a href=\"https:\/\/www.unidroit.org\/french\/governments\/councildocuments\/2007session\/cd86-06-f.pdf\">Rapport sur les travaux du Comit\u00e9 ad hoc sur le R\u00e8glement int\u00e9rieur concernant\u00a0l\u2019organisation de l\u2019Institut \u2013 administration financi\u00e8re &#8211; Personnel (C.D. (86) 6)<\/a><\/p>\n<p>&nbsp;<\/p>\n<p>&nbsp;<\/p>\n<p>7. S\u00e9lection du successeur du Secr\u00e9taire g\u00e9n\u00e9ral: proc\u00e9dure et calendrier<\/p>\n<p>&nbsp;<\/p>\n<p>&nbsp;<\/p>\n<p>8. Garanties internationales portant sur le mat\u00e9riel roulant<\/p>\n<p>&nbsp;<\/p>\n<p>(a)\u00a0<a href=\"https:\/\/www.unidroit.org\/french\/governments\/councildocuments\/2007session\/cd86-08a-f.pdf\">Protocole de Luxembourg \u00e0 la Convention du Cap portant sur les questions\u00a0sp\u00e9cifiques au mat\u00e9riel roulant ferroviaire (C.D. (86) 8 a))<\/a><\/p>\n<p>&nbsp;<\/p>\n<p>(b)\u00a0<a href=\"https:\/\/www.unidroit.org\/french\/governments\/councildocuments\/2007session\/cd86-08b-f.pdf\">Mise en \u0153uvre et statut de la Convention du Cap et du Protocole a\u00e9ronautique\u00a0(C.D. (86) 8 b))<\/a><\/p>\n<p>&nbsp;<\/p>\n<p>(c)\u00a0<a href=\"https:\/\/www.unidroit.org\/french\/governments\/councildocuments\/2007session\/cd86-08c-f.pdf\">Avant-projet de Protocole sur les questions sp\u00e9cifiques aux biens spatiaux\u00a0(C.D. (86) 8 c))<\/a><\/p>\n<p>&nbsp;<\/p>\n<p>(d)\u00a0<a href=\"https:\/\/www.unidroit.org\/french\/governments\/councildocuments\/2007session\/cd86-08d-f.pdf\">Pr\u00e9paration d\u2019un nouveau Protocole portant sur des questions sp\u00e9cifiques aux\u00a0mat\u00e9riels d\u2019\u00e9quipement agricoles, miniers et de construction (C.D. (86) 8 d))<\/a><\/p>\n<p>&nbsp;<\/p>\n<p>&nbsp;<\/p>\n<p>9. Op\u00e9rations sur les march\u00e9s financiers transnationaux et interconnect\u00e9s<\/p>\n<p>&nbsp;<\/p>\n<p>(a)\u00a0<a href=\"https:\/\/www.unidroit.org\/french\/governments\/councildocuments\/2007session\/cd86-09a-f.pdf\">Avant-projet de Convention sur les r\u00e8gles de droit mat\u00e9riel applicables aux titres\u00a0interm\u00e9di\u00e9s\u00a0(C.D. (86) 9 a))<\/a><\/p>\n<p>&nbsp;<\/p>\n<p>(b)\u00a0<a href=\"https:\/\/www.unidroit.org\/french\/governments\/councildocuments\/2007session\/cd86-09b-f.pdf\">Principes et r\u00e8gles visant \u00e0 accro\u00eetre les transactions sur les march\u00e9s \u00e9mergents\u00a0(C.D. (86) 9 b))<\/a><\/p>\n<p>&nbsp;<\/p>\n<p>&nbsp;<\/p>\n<p>10.\u00a0<a href=\"https:\/\/www.unidroit.org\/french\/governments\/councildocuments\/2007session\/cd86-10-f.pdf\">Les Principes relatifs aux contrats de commerce international\u00a0(C.D. (86) 10)<\/a><\/p>\n<p>&nbsp;<\/p>\n<p>&nbsp;<\/p>\n<p>11.\u00a0<a href=\"https:\/\/www.unidroit.org\/french\/governments\/councildocuments\/2007session\/cd86-11-f.pdf\">Loi type sur le leasing\u00a0( C.D. (86) 11)<\/a><\/p>\n<p>&nbsp;<\/p>\n<p>&nbsp;<\/p>\n<p>12.\u00a0<a href=\"https:\/\/www.unidroit.org\/french\/governments\/councildocuments\/2007session\/cd86-12-f.pdf\">Mise en \u0153uvre et promotion des instruments d\u2019UNIDROIT autres que les instruments\u00a0relatifs \u00e0 la Convention du Cap\u00a0(C.D. (86) 12)<\/a><\/p>\n<p>&nbsp;<\/p>\n<p>&nbsp;<\/p>\n<p>13.\u00a0<a href=\"https:\/\/www.unidroit.org\/french\/governments\/councildocuments\/2007session\/cd86-13-f.pdf\">Programme de coop\u00e9ration juridique\u00a0(C.D. (86) 13)<\/a><\/p>\n<p>&nbsp;<\/p>\n<p>&nbsp;<\/p>\n<p>14.\u00a0<a href=\"https:\/\/www.unidroit.org\/french\/governments\/councildocuments\/2007session\/cd86-14-f.pdf\">Etat de la Biblioth\u00e8que\u00a0(C.D. (86) 14)<\/a><\/p>\n<p>&nbsp;<\/p>\n<p>&nbsp;<\/p>\n<p>15.\u00a0<a href=\"https:\/\/www.unidroit.org\/french\/governments\/councildocuments\/2007session\/cd86-15-f.pdf\">Uniform Law Review \/ Revue de droit uniforme et autres publications (C.D. (86) 15)<\/a><\/p>\n<p>&nbsp;<\/p>\n<p>&nbsp;<\/p>\n<p>16. \u00a0<a href=\"https:\/\/www.unidroit.org\/french\/governments\/councildocuments\/2007session\/cd86-16-f.pdf\">Rapport sur la situation relative aux correspondants de l\u2019Institut\u00a0(C.D. (86) 16)<\/a><\/p>\n<p>&nbsp;<\/p>\n<p>&nbsp;<\/p>\n<p>17.\u00a0<a href=\"https:\/\/www.unidroit.org\/french\/governments\/councildocuments\/2007session\/cd86-17-f.pdf\">Propositions pour la nomination des correspondants de l\u2019Institut\u00a0(C.D. (86) 17)<\/a><\/p>\n<p>&nbsp;<\/p>\n<p>&nbsp;<\/p>\n<p>18.\u00a0<a href=\"https:\/\/www.unidroit.org\/french\/governments\/councildocuments\/2007session\/cd86-18-f.pdf\">Site d\u2019UNIDROIT sur Internet et biblioth\u00e8ques d\u00e9positaires de la documentation d\u2019UNIDROIT (C.D. (86) 18)<\/a><\/p>\n<p>&nbsp;<\/p>\n<p>&nbsp;<\/p>\n<p>19.\u00a0<a href=\"https:\/\/www.unidroit.org\/french\/governments\/councildocuments\/2007session\/cd86-19-f.pdf\">La base de donn\u00e9es sur le droit uniforme\u00a0(C.D. (86) 19)<\/a><\/p>\n<p>&nbsp;<\/p>\n<p>&nbsp;<\/p>\n<p>20.\u00a0<a href=\"https:\/\/www.unidroit.org\/french\/governments\/councildocuments\/2007session\/cd86-20-f.pdf\">Responsabilit\u00e9 pour les services fournis par des satellites\u00a0(C.D. (86) 20)<\/a><\/p>\n<p>&nbsp;<\/p>\n<p>&nbsp;<\/p>\n<p>21.\u00a0<a href=\"https:\/\/www.unidroit.org\/french\/governments\/councildocuments\/2007session\/cd86-21-f.pdf\">Date et lieu de la 87\u00e8me session du Conseil de Direction\u00a0(C.D. (86) 21)<\/a><\/p>\n<p>&nbsp;<\/p>\n<p>&nbsp;<\/p>\n<p>22. Divers[\/vc_column_text][\/vc_column][\/vc_row]<\/p>\n<\/div>","protected":false},"excerpt":{"rendered":"<p>[vc_row][vc_column css=&#8221;.vc_custom_1490017614850{margin-bottom: 30px !important;}&#8221;][vc_custom_heading text=&#8221;86\u00c8ME SESSION (ROME, 16-18 AVRIL 2007) &#8221; font_container=&#8221;tag:h1|text_align:left&#8221; use_theme_fonts=&#8221;yes&#8221; css=&#8221;.vc_custom_1627417081197{margin-top: 0px !important;margin-bottom: 20px !important;}&#8221;][vc_column_text css=&#8221;.vc_custom_1627417101520{padding-top: 35px !important;padding-right: 35px !important;padding-bottom: 35px !important;padding-left: 35px !important;background-color: #f2f2f2 !important;}&#8221;]Documents de la 86\u00e8me\u00a0session du Conseil de Direction d&#8217;UNIDROIT (Rome, 16-18 avril 2007)\u00a0 &nbsp; &nbsp; Conclusions sommaires\u00a0&nbsp;<a href=\"https:\/\/www.unidroit.org\/fr\/reunions\/conseil-de-direction-3\/86eme-session-rome-16-18-avril-2007\/\">&hellip;<\/a><\/p>\n","protected":false},"author":20,"featured_media":0,"parent":4954,"menu_order":0,"comment_status":"closed","ping_status":"closed","template":"","meta":{"ep_exclude_from_search":false,"footnotes":""},"class_list":["post-5006","page","type-page","status-publish","format-standard","hentry","odd"],"_links":{"self":[{"href":"https:\/\/www.unidroit.org\/fr\/wp-json\/wp\/v2\/pages\/5006","targetHints":{"allow":["GET"]}}],"collection":[{"href":"https:\/\/www.unidroit.org\/fr\/wp-json\/wp\/v2\/pages"}],"about":[{"href":"https:\/\/www.unidroit.org\/fr\/wp-json\/wp\/v2\/types\/page"}],"author":[{"embeddable":true,"href":"https:\/\/www.unidroit.org\/fr\/wp-json\/wp\/v2\/users\/20"}],"replies":[{"embeddable":true,"href":"https:\/\/www.unidroit.org\/fr\/wp-json\/wp\/v2\/comments?post=5006"}],"version-history":[{"count":0,"href":"https:\/\/www.unidroit.org\/fr\/wp-json\/wp\/v2\/pages\/5006\/revisions"}],"up":[{"embeddable":true,"href":"https:\/\/www.unidroit.org\/fr\/wp-json\/wp\/v2\/pages\/4954"}],"wp:attachment":[{"href":"https:\/\/www.unidroit.org\/fr\/wp-json\/wp\/v2\/media?parent=5006"}],"curies":[{"name":"wp","href":"https:\/\/api.w.org\/{rel}","templated":true}]}}