{"id":5007,"date":"2021-07-27T20:18:34","date_gmt":"2021-07-27T20:18:34","guid":{"rendered":"https:\/\/www.unidroit.org\/?page_id=5007"},"modified":"2021-07-27T20:19:02","modified_gmt":"2021-07-27T20:19:02","slug":"85eme-session-rome-8-10-mai-2006","status":"publish","type":"page","link":"https:\/\/www.unidroit.org\/fr\/reunions\/conseil-de-direction-3\/85eme-session-rome-8-10-mai-2006\/","title":{"rendered":"85\u00c8ME SESSION (ROME, 8-10 MAI 2006)"},"content":{"rendered":"<div class=\"wpb-content-wrapper\"><p>[vc_row][vc_column css=&#8221;.vc_custom_1490017614850{margin-bottom: 30px !important;}&#8221;][vc_custom_heading text=&#8221;85\u00c8ME SESSION (ROME, 8-10 MAI 2006)<br \/>\n&#8221; font_container=&#8221;tag:h1|text_align:left&#8221; use_theme_fonts=&#8221;yes&#8221; css=&#8221;.vc_custom_1627417156271{margin-top: 0px !important;margin-bottom: 20px !important;}&#8221;][vc_column_text css=&#8221;.vc_custom_1627417170845{padding-top: 35px !important;padding-right: 35px !important;padding-bottom: 35px !important;padding-left: 35px !important;background-color: #f2f2f2 !important;}&#8221;]<strong>Documents de la 85<sup>\u00e8me<\/sup>\u00a0session du Conseil de Direction d&#8217;UNIDROIT<\/strong><br \/>\n<strong>(Rome, 8-10 mai 2006)\u00a0<\/strong><\/p>\n<p><strong>\u00a0<\/strong><\/p>\n<p>&nbsp;<\/p>\n<p><a href=\"https:\/\/www.unidroit.org\/french\/documents\/2006\/cd85-conclusions-f.pdf\">Conclusions sommaires<\/a>\u00a0 \u00a0 \u00a0 \u00a0 \u00a0 \u00a0 \u00a0 \u00a0 \u00a0 \u00a0\u00a0<a href=\"https:\/\/www.unidroit.org\/french\/governments\/councildocuments\/2006session\/cd85-19-f.pdf\">Rapport (C.D. (85) 19)<\/a><\/p>\n<p>&nbsp;<\/p>\n<p>*<\/p>\n<p>&nbsp;<\/p>\n<p>* \u00a0 \u00a0 \u00a0 \u00a0 \u00a0*<\/p>\n<p>&nbsp;<\/p>\n<p>1.\u00a0<a href=\"https:\/\/www.unidroit.org\/french\/governments\/councildocuments\/2006session\/cd85-01rev-f.pdf\">Ordre du jour r\u00e9vis\u00e9 (C.D. (85) 1 r\u00e9v.)<\/a><\/p>\n<p>&nbsp;<\/p>\n<p>&nbsp;<\/p>\n<p>2.\u00a0<a href=\"https:\/\/www.unidroit.org\/french\/documents\/2006\/cd85-02-f.pdf\">Rapport annuel (C.D. (85) 2)<\/a><\/p>\n<p>&nbsp;<\/p>\n<p>&nbsp;<\/p>\n<p>3.\u00a0<a href=\"https:\/\/www.unidroit.org\/french\/governments\/councildocuments\/2006session\/cd85-03-f.pdf\">Nomination des premier et deuxi\u00e8me Vice-Pr\u00e9sidents du Conseil de Direction\u00a0(C.D. (85) 3)<\/a><\/p>\n<p>&nbsp;<\/p>\n<p>&nbsp;<\/p>\n<p>4.\u00a0<a href=\"https:\/\/www.unidroit.org\/french\/governments\/councildocuments\/2006session\/cd85-04-f.pdf\">Mise en \u0153uvre du Plan strat\u00e9gique\u00a0(C.D. (85) 4)<\/a><\/p>\n<p>&nbsp;<\/p>\n<p>&nbsp;<\/p>\n<p>5.\u00a0<a href=\"https:\/\/www.unidroit.org\/french\/governments\/councildocuments\/2006session\/cd85-05-f.pdf\">Rapport sur la situation relative aux correspondants de l\u2019Institut\u00a0(C.D. (85) 5)<\/a><\/p>\n<p>&nbsp;<\/p>\n<p>&nbsp;<\/p>\n<p>6.\u00a0<a href=\"https:\/\/www.unidroit.org\/french\/governments\/councildocuments\/2006session\/cd85-06-f.pdf\">Les Principes relatifs aux contrats du commerce international\u00a0(C.D. (85) 6)<\/a><\/p>\n<p>&nbsp;<\/p>\n<p>&nbsp;<\/p>\n<p>7. Les garanties internationales portant sur des mat\u00e9riels d\u2019\u00e9quipement mobiles:<\/p>\n<p>&nbsp;<\/p>\n<p>a)\u00a0<a href=\"https:\/\/www.unidroit.org\/french\/governments\/councildocuments\/2006session\/cd85-07a-f.pdf\">Projet de Protocole portant sur les questions sp\u00e9cifiques au mat\u00e9riel roulant\u00a0ferroviaire \u00e0 la Convention du Cap\u00a0(C.D. (85) 7 a))<\/a><\/p>\n<p>&nbsp;<\/p>\n<p>b)\u00a0<a href=\"https:\/\/www.unidroit.org\/french\/governments\/councildocuments\/2006session\/cd85-07b-f.pdf\">Avant-projet de Protocole portant sur les questions sp\u00e9cifiques aux biens spatiaux\u00a0(C.D. (85) 7 b))<\/a><\/p>\n<p>&nbsp;<\/p>\n<p>c)\u00a0<a href=\"https:\/\/www.unidroit.org\/french\/governments\/councildocuments\/2006session\/cd85-07c-f.pdf\">Pr\u00e9paration d\u2019un nouveau Protocole \u00e0 la Convention du Cap portant sur les\u00a0questions sp\u00e9cifiques aux mat\u00e9riels d\u2019\u00e9quipement agricoles, de construction et\u00a0miniers\u00a0(C.D. (85) 7 c))<\/a><\/p>\n<p>&nbsp;<\/p>\n<p>&nbsp;<\/p>\n<p>8. Op\u00e9rations sur les march\u00e9s financiers transnationaux et interconnect\u00e9s:<\/p>\n<p>&nbsp;<\/p>\n<p>a)\u00a0<a href=\"https:\/\/www.unidroit.org\/french\/governments\/councildocuments\/2006session\/cd85-08a-f.pdf\">Avant-projet de Convention sur les r\u00e8gles de droit mat\u00e9riel applicables aux titres\u00a0interm\u00e9di\u00e9s\u00a0(C.D. (85) 8 a))<\/a><\/p>\n<p>&nbsp;<\/p>\n<p>b)\u00a0<a href=\"https:\/\/www.unidroit.org\/french\/governments\/councildocuments\/2006session\/cd85-08b-f.pdf\">Principes et r\u00e8gles visant \u00e0 accro\u00eetre les transactions sur les march\u00e9s \u00e9mergents (C.D. (85) 8 b))<\/a><\/p>\n<p>&nbsp;<\/p>\n<p>&nbsp;<\/p>\n<p>9.\u00a0<a href=\"https:\/\/www.unidroit.org\/french\/governments\/councildocuments\/2006session\/cd85-09rev-f.pdf\">Loi type sur le leasing\u00a0(C.D. (85) 9 r\u00e9v.)<\/a><\/p>\n<p>&nbsp;<\/p>\n<p>&nbsp;<\/p>\n<p>10.\u00a0<a href=\"https:\/\/www.unidroit.org\/french\/governments\/councildocuments\/2006session\/cd85-10-f.pdf\">R\u00e8gles uniformes applicable aux transports\u00a0(C.D. (85) 10)<\/a><\/p>\n<p>&nbsp;<\/p>\n<p>&nbsp;<\/p>\n<p>11. Mise en \u0153uvre et promotion des instruments d\u2019UNIDROIT:<\/p>\n<p>&nbsp;<\/p>\n<p>a)\u00a0<a href=\"https:\/\/www.unidroit.org\/french\/governments\/councildocuments\/2006session\/cd85-11a-f.pdf\">Etat de la mise en \u0153uvre et promotion des instruments d\u2019UNIDROIT\u00a0(C.D. (85) 11 a))<\/a><\/p>\n<p>&nbsp;<\/p>\n<p>b)\u00a0<a href=\"https:\/\/www.unidroit.org\/french\/governments\/councildocuments\/2006session\/cd85-11b-f.pdf\">Exercice des fonctions de D\u00e9positaire de l\u2019Institut en vertu de la Convention du Cap\u00a0et du Protocole a\u00e9ronautique (C.D. (85) 11 b))<\/a><\/p>\n<p>&nbsp;<\/p>\n<p>&nbsp;<\/p>\n<p>12.\u00a0<a href=\"https:\/\/www.unidroit.org\/french\/governments\/councildocuments\/2006session\/cd85-12-f.pdf\">Programme de coop\u00e9ration juridique\u00a0(C.D. (85) 12<\/a>\u00a0et\u00a0<a href=\"https:\/\/www.unidroit.org\/french\/documents\/2005\/etude65\/s-65-17-f.pdf\">Etude LXV &#8211; Bourses Ex\u00e9c. 17)<\/a><\/p>\n<p>&nbsp;<\/p>\n<p>&nbsp;<\/p>\n<p>13.\u00a0<a href=\"https:\/\/www.unidroit.org\/french\/governments\/councildocuments\/2006session\/cd85-13-f.pdf\">Etat de la Biblioth\u00e8que\u00a0(C.D. (85) 13)<\/a><\/p>\n<p>&nbsp;<\/p>\n<p>&nbsp;<\/p>\n<p>14.\u00a0<a href=\"https:\/\/www.unidroit.org\/french\/governments\/councildocuments\/2006session\/cd85-14-f.pdf\">Uniform Law Review \/ Revue de droit uniforme et autres publications\u00a0(C.D. (85) 14)<\/a><\/p>\n<p>&nbsp;<\/p>\n<p>&nbsp;<\/p>\n<p>15.\u00a0<a href=\"https:\/\/www.unidroit.org\/french\/governments\/councildocuments\/2006session\/cd85-15-f.pdf\">Site d\u2019UNIDROIT sur Internet et biblioth\u00e8ques d\u00e9positaires de la documentation d&#8217;UNIDROIT\u00a0(C.D. (85) 15)<\/a><\/p>\n<p>&nbsp;<\/p>\n<p>&nbsp;<\/p>\n<p>16.\u00a0<a href=\"https:\/\/www.unidroit.org\/french\/governments\/councildocuments\/2006session\/cd85-16-f.pdf\">La base de donn\u00e9es sur le droit uniforme (C.D. (85) 16)<\/a><\/p>\n<p>&nbsp;<\/p>\n<p>&nbsp;<\/p>\n<p>17.\u00a0<a href=\"https:\/\/www.unidroit.org\/french\/governments\/councildocuments\/2006session\/cd85-17rev-f.pdf\">Elaboration du projet de budget pour l\u2019exercice financier 2006 (C.D. (85) 17 r\u00e9v.)<\/a><\/p>\n<p>&nbsp;<\/p>\n<p>&nbsp;<\/p>\n<p>18.\u00a0<a href=\"https:\/\/www.unidroit.org\/french\/governments\/councildocuments\/2006session\/cd85-18-f.pdf\">Date et lieu de la 86\u00e8me session du Conseil de Direction\u00a0(C.D. (85) 18)<\/a><\/p>\n<p>&nbsp;<\/p>\n<p>&nbsp;<\/p>\n<p>19. Divers[\/vc_column_text][\/vc_column][\/vc_row]<\/p>\n<\/div>","protected":false},"excerpt":{"rendered":"<p>[vc_row][vc_column css=&#8221;.vc_custom_1490017614850{margin-bottom: 30px !important;}&#8221;][vc_custom_heading text=&#8221;85\u00c8ME SESSION (ROME, 8-10 MAI 2006) &#8221; font_container=&#8221;tag:h1|text_align:left&#8221; use_theme_fonts=&#8221;yes&#8221; css=&#8221;.vc_custom_1627417156271{margin-top: 0px !important;margin-bottom: 20px !important;}&#8221;][vc_column_text css=&#8221;.vc_custom_1627417170845{padding-top: 35px !important;padding-right: 35px !important;padding-bottom: 35px !important;padding-left: 35px !important;background-color: #f2f2f2 !important;}&#8221;]Documents de la 85\u00e8me\u00a0session du Conseil de Direction d&#8217;UNIDROIT (Rome, 8-10 mai 2006)\u00a0 \u00a0 &nbsp; Conclusions sommaires\u00a0&nbsp;<a href=\"https:\/\/www.unidroit.org\/fr\/reunions\/conseil-de-direction-3\/85eme-session-rome-8-10-mai-2006\/\">&hellip;<\/a><\/p>\n","protected":false},"author":20,"featured_media":0,"parent":4954,"menu_order":0,"comment_status":"closed","ping_status":"closed","template":"","meta":{"ep_exclude_from_search":false,"footnotes":""},"class_list":["post-5007","page","type-page","status-publish","format-standard","hentry","odd"],"_links":{"self":[{"href":"https:\/\/www.unidroit.org\/fr\/wp-json\/wp\/v2\/pages\/5007","targetHints":{"allow":["GET"]}}],"collection":[{"href":"https:\/\/www.unidroit.org\/fr\/wp-json\/wp\/v2\/pages"}],"about":[{"href":"https:\/\/www.unidroit.org\/fr\/wp-json\/wp\/v2\/types\/page"}],"author":[{"embeddable":true,"href":"https:\/\/www.unidroit.org\/fr\/wp-json\/wp\/v2\/users\/20"}],"replies":[{"embeddable":true,"href":"https:\/\/www.unidroit.org\/fr\/wp-json\/wp\/v2\/comments?post=5007"}],"version-history":[{"count":0,"href":"https:\/\/www.unidroit.org\/fr\/wp-json\/wp\/v2\/pages\/5007\/revisions"}],"up":[{"embeddable":true,"href":"https:\/\/www.unidroit.org\/fr\/wp-json\/wp\/v2\/pages\/4954"}],"wp:attachment":[{"href":"https:\/\/www.unidroit.org\/fr\/wp-json\/wp\/v2\/media?parent=5007"}],"curies":[{"name":"wp","href":"https:\/\/api.w.org\/{rel}","templated":true}]}}