{"id":5008,"date":"2021-07-27T20:20:03","date_gmt":"2021-07-27T20:20:03","guid":{"rendered":"https:\/\/www.unidroit.org\/?page_id=5008"},"modified":"2021-07-27T20:20:06","modified_gmt":"2021-07-27T20:20:06","slug":"84eme-session-rome-18-20-avril-2005","status":"publish","type":"page","link":"https:\/\/www.unidroit.org\/fr\/reunions\/conseil-de-direction-3\/84eme-session-rome-18-20-avril-2005\/","title":{"rendered":"84\u00c8ME SESSION (ROME, 18-20 AVRIL 2005)"},"content":{"rendered":"<div class=\"wpb-content-wrapper\"><p>[vc_row][vc_column css=&#8221;.vc_custom_1490017614850{margin-bottom: 30px !important;}&#8221;][vc_custom_heading text=&#8221;84\u00c8ME SESSION (ROME, 18-20 AVRIL 2005)<br \/>\n&#8221; font_container=&#8221;tag:h1|text_align:left&#8221; use_theme_fonts=&#8221;yes&#8221; css=&#8221;.vc_custom_1627417246490{margin-top: 0px !important;margin-bottom: 20px !important;}&#8221;][vc_column_text css=&#8221;.vc_custom_1627417260631{padding-top: 35px !important;padding-right: 35px !important;padding-bottom: 35px !important;padding-left: 35px !important;background-color: #f2f2f2 !important;}&#8221;]<strong>Documents de la 84<sup>\u00e8me<\/sup>\u00a0session du Conseil de Direction d&#8217;UNIDROIT<\/strong><br \/>\n<strong>(Rome, 18-20 avril 2005)<\/strong><\/p>\n<p>&nbsp;<\/p>\n<p>&nbsp;<\/p>\n<p><a href=\"https:\/\/www.unidroit.org\/french\/documents\/2005\/cd84-conclusions-f.pdf\">Conclusions sommaires<\/a>\u00a0 \u00a0 \u00a0 \u00a0 \u00a0 \u00a0 \u00a0 \u00a0 \u00a0 \u00a0\u00a0<a href=\"https:\/\/www.unidroit.org\/french\/governments\/councildocuments\/2005session\/cd84-22-f.pdf\">Rapport (C.D. (84) 22)<\/a><\/p>\n<p>&nbsp;<\/p>\n<p>*<\/p>\n<p>&nbsp;<\/p>\n<p>* \u00a0 \u00a0 \u00a0 \u00a0 \u00a0*<\/p>\n<p>&nbsp;<\/p>\n<p>1.\u00a0<a href=\"https:\/\/www.unidroit.org\/french\/governments\/councildocuments\/2005session\/cd84-01rev2-f.pdf\">Ordre du jour r\u00e9vis\u00e9\u00a0(C.D. (84) 1 r\u00e9v. 2)<\/a><\/p>\n<p>&nbsp;<\/p>\n<p>&nbsp;<\/p>\n<p>2. \u00a0<a href=\"https:\/\/www.unidroit.org\/french\/documents\/2005\/cd84-02-f.pdf\">Rapport annuel (C.D. (84) 2)<\/a><\/p>\n<p>&nbsp;<\/p>\n<p>&nbsp;<\/p>\n<p>3.\u00a0<a href=\"https:\/\/www.unidroit.org\/french\/governments\/councildocuments\/2005session\/cd84-03-f.pdf\">Nomination des premier et deuxi\u00e8me Vice-Pr\u00e9sidents du Conseil de Direction\u00a0(C.D. (84) 3)<\/a><\/p>\n<p>&nbsp;<\/p>\n<p>&nbsp;<\/p>\n<p>4.\u00a0<a href=\"https:\/\/www.unidroit.org\/french\/governments\/councildocuments\/2005session\/cd84-04rev-f.pdf\">Mise en \u0153uvre du Plan strat\u00e9gique\u00a0(C.D. (84) 4 r\u00e9v.)<\/a><\/p>\n<p>&nbsp;<\/p>\n<p>&nbsp;<\/p>\n<p>5.\u00a0<a href=\"https:\/\/www.unidroit.org\/french\/governments\/councildocuments\/2005session\/cd84-05-f.pdf\">Les Principes relatifs aux contrats du commerce international (C.D. (84) 5)<\/a><\/p>\n<p>&nbsp;<\/p>\n<p>&nbsp;<\/p>\n<p>6.\u00a0<a href=\"https:\/\/www.unidroit.org\/french\/governments\/councildocuments\/2005session\/cd84-06-f.pdf\">Les Principes de proc\u00e9dure civile transnationale\u00a0(C.D. (84) 6)<\/a><\/p>\n<p>&nbsp;<\/p>\n<p>&nbsp;<\/p>\n<p>7. Les garanties internationales portant sur des mat\u00e9riels d\u2019\u00e9quipement mobiles:<\/p>\n<p>&nbsp;<\/p>\n<p>a)\u00a0<a href=\"https:\/\/www.unidroit.org\/french\/governments\/councildocuments\/2005session\/cd84-07a-f.pdf\">Convention du Cap et Protocole a\u00e9ronautique (C.D. (84) 7 a))<\/a><\/p>\n<p>&nbsp;<\/p>\n<p>b)\u00a0<a href=\"https:\/\/www.unidroit.org\/french\/governments\/councildocuments\/2005session\/cd84-07b-f.pdf\">Avant-projet de Protocole portant sur les questions sp\u00e9cifiques au mat\u00e9riel roulant\u00a0ferroviaire\u00a0(C.D. (84) 7 b))<\/a><\/p>\n<p>&nbsp;<\/p>\n<p>c)\u00a0<a href=\"https:\/\/www.unidroit.org\/french\/governments\/councildocuments\/2005session\/cd84-07c-f.pdf\">Avant-projet de Protocole portant sur les questions sp\u00e9cifiques aux biens spatiaux\u00a0(C.D. (84) 7 c))<\/a><\/p>\n<p>&nbsp;<\/p>\n<p>&nbsp;<\/p>\n<p>8.\u00a0<a href=\"https:\/\/www.unidroit.org\/french\/governments\/councildocuments\/2005session\/cd84-08-f.pdf\">Op\u00e9rations sur les march\u00e9s financiers transnationaux et interconnect\u00e9s\u00a0C.D. (84) 8)<\/a><\/p>\n<p>&nbsp;<\/p>\n<p>&nbsp;<\/p>\n<p>9. Les r\u00e8gles uniformes applicables aux transports<\/p>\n<p>&nbsp;<\/p>\n<p>&nbsp;<\/p>\n<p>10.\u00a0<a href=\"https:\/\/www.unidroit.org\/french\/governments\/councildocuments\/2005session\/cd84-10-f.pdf\">La Fondation de droit uniforme\u00a0(C.D. (84) 10)<\/a><\/p>\n<p>&nbsp;<\/p>\n<p>&nbsp;<\/p>\n<p>11.\u00a0<a href=\"https:\/\/www.unidroit.org\/french\/governments\/councildocuments\/2005session\/cd84-11-f.pdf\">Etat de la mise en \u0153uvre et promotion des Conventions d\u2019UNIDROIT\u00a0(C.D. (84) 11)<\/a><\/p>\n<p>&nbsp;<\/p>\n<p>&nbsp;<\/p>\n<p>12.\u00a0<a href=\"https:\/\/www.unidroit.org\/french\/governments\/councildocuments\/2005session\/cd84-12-f.pdf\">Programme de coop\u00e9ration juridique\u00a0( C.D. (84) 12)<\/a><\/p>\n<p>&nbsp;<\/p>\n<p>&nbsp;<\/p>\n<p>13.\u00a0<a href=\"https:\/\/www.unidroit.org\/french\/governments\/councildocuments\/2005session\/cd84-13-f.pdf\">Uniform Law Review \/ Revue de droit uniforme et autres publications\u00a0(C.D. (84) 13)<\/a><\/p>\n<p>&nbsp;<\/p>\n<p>&nbsp;<\/p>\n<p>14.\u00a0<a href=\"https:\/\/www.unidroit.org\/french\/governments\/councildocuments\/2005session\/cd84-14-f.pdf\">Site d\u2019UNIDROIT sur Internet et biblioth\u00e8ques d\u00e9positaires de la documentation d&#8217;UNIDROIT (C.D. (84) 14)<\/a><\/p>\n<p>&nbsp;<\/p>\n<p>&nbsp;<\/p>\n<p>15.\u00a0<a href=\"https:\/\/www.unidroit.org\/french\/governments\/councildocuments\/2005session\/cd84-15-f.pdf\">La base de donn\u00e9es sur le droit uniforme\u00a0(C.D. (84) 15)<\/a><\/p>\n<p>&nbsp;<\/p>\n<p>&nbsp;<\/p>\n<p>16.\u00a0<a href=\"https:\/\/www.unidroit.org\/french\/governments\/councildocuments\/2005session\/cd84-16-f.pdf\">Etat de la Biblioth\u00e8que\u00a0(C.D. (84) 16)<\/a><\/p>\n<p>&nbsp;<\/p>\n<p>&nbsp;<\/p>\n<p>17.\u00a0<a href=\"https:\/\/www.unidroit.org\/french\/governments\/councildocuments\/2005session\/cd84-17-f.pdf\">Nomination des correspondants de l\u2019Institut\u00a0(C.D. (84) 17)<\/a><\/p>\n<p>&nbsp;<\/p>\n<p>&nbsp;<\/p>\n<p>18.\u00a0<a href=\"https:\/\/www.unidroit.org\/french\/governments\/councildocuments\/2005session\/cd84-18-f.pdf\">Elaboration du projet de budget pour l\u2019exercice financier 2006\u00a0(C.D. (84) 18)<\/a><\/p>\n<p>&nbsp;<\/p>\n<p>&nbsp;<\/p>\n<p>19. Nomination d\u2019un Secr\u00e9taire g\u00e9n\u00e9ral adjoint<\/p>\n<p>&nbsp;<\/p>\n<p>&nbsp;<\/p>\n<p>20.\u00a0<a href=\"https:\/\/www.unidroit.org\/french\/governments\/councildocuments\/2005session\/cd84-19-f.pdf\">Elaboration du Programme de travail pour la p\u00e9riode triennale 2006-2008\u00a0(C.D. (84) 19)<\/a><\/p>\n<p>&nbsp;<\/p>\n<p>&nbsp;<\/p>\n<p>21.\u00a0<a href=\"https:\/\/www.unidroit.org\/french\/governments\/councildocuments\/2005session\/cd84-20-f.pdf\">R\u00e9vision du R\u00e8glement concernant l\u2019\u00e9lection du Conseil de Direction\u00a0(C.D. (84) 20)<\/a><\/p>\n<p>&nbsp;<\/p>\n<p>&nbsp;<\/p>\n<p>22.\u00a0<a href=\"https:\/\/www.unidroit.org\/french\/governments\/councildocuments\/2005session\/cd84-21-f.pdf\">Date et lieu de la 85\u00e8me session du Conseil de Direction\u00a0(C.D. (84) 21)<\/a><\/p>\n<p>&nbsp;<\/p>\n<p>&nbsp;<\/p>\n<p>23. Divers[\/vc_column_text][\/vc_column][\/vc_row]<\/p>\n<\/div>","protected":false},"excerpt":{"rendered":"<p>[vc_row][vc_column css=&#8221;.vc_custom_1490017614850{margin-bottom: 30px !important;}&#8221;][vc_custom_heading text=&#8221;84\u00c8ME SESSION (ROME, 18-20 AVRIL 2005) &#8221; font_container=&#8221;tag:h1|text_align:left&#8221; use_theme_fonts=&#8221;yes&#8221; css=&#8221;.vc_custom_1627417246490{margin-top: 0px !important;margin-bottom: 20px !important;}&#8221;][vc_column_text css=&#8221;.vc_custom_1627417260631{padding-top: 35px !important;padding-right: 35px !important;padding-bottom: 35px !important;padding-left: 35px !important;background-color: #f2f2f2 !important;}&#8221;]Documents de la 84\u00e8me\u00a0session du Conseil de Direction d&#8217;UNIDROIT (Rome, 18-20 avril 2005) &nbsp; &nbsp; Conclusions sommaires\u00a0&nbsp;<a href=\"https:\/\/www.unidroit.org\/fr\/reunions\/conseil-de-direction-3\/84eme-session-rome-18-20-avril-2005\/\">&hellip;<\/a><\/p>\n","protected":false},"author":20,"featured_media":0,"parent":4954,"menu_order":0,"comment_status":"closed","ping_status":"closed","template":"","meta":{"ep_exclude_from_search":false,"footnotes":""},"class_list":["post-5008","page","type-page","status-publish","format-standard","hentry","odd"],"_links":{"self":[{"href":"https:\/\/www.unidroit.org\/fr\/wp-json\/wp\/v2\/pages\/5008","targetHints":{"allow":["GET"]}}],"collection":[{"href":"https:\/\/www.unidroit.org\/fr\/wp-json\/wp\/v2\/pages"}],"about":[{"href":"https:\/\/www.unidroit.org\/fr\/wp-json\/wp\/v2\/types\/page"}],"author":[{"embeddable":true,"href":"https:\/\/www.unidroit.org\/fr\/wp-json\/wp\/v2\/users\/20"}],"replies":[{"embeddable":true,"href":"https:\/\/www.unidroit.org\/fr\/wp-json\/wp\/v2\/comments?post=5008"}],"version-history":[{"count":0,"href":"https:\/\/www.unidroit.org\/fr\/wp-json\/wp\/v2\/pages\/5008\/revisions"}],"up":[{"embeddable":true,"href":"https:\/\/www.unidroit.org\/fr\/wp-json\/wp\/v2\/pages\/4954"}],"wp:attachment":[{"href":"https:\/\/www.unidroit.org\/fr\/wp-json\/wp\/v2\/media?parent=5008"}],"curies":[{"name":"wp","href":"https:\/\/api.w.org\/{rel}","templated":true}]}}