{"id":5023,"date":"2021-08-01T18:39:56","date_gmt":"2021-08-01T18:39:56","guid":{"rendered":"https:\/\/www.unidroit.org\/?page_id=5023"},"modified":"2021-12-03T11:54:37","modified_gmt":"2021-12-03T10:54:37","slug":"91eme-session-distanciel-25-mars-2021","status":"publish","type":"page","link":"https:\/\/www.unidroit.org\/fr\/reunions\/commission-des-finances\/91eme-session-distanciel-25-mars-2021\/","title":{"rendered":"91\u00e8me Session (25 mars 2021)"},"content":{"rendered":"<div class=\"wpb-content-wrapper\"><p>[vc_row][vc_column css=&#8221;.vc_custom_1490017614850{margin-bottom: 30px !important;}&#8221;][vc_custom_heading text=&#8221;91\u00e8me Session<br \/>\n(25 mars 2021)&#8221; font_container=&#8221;tag:h1|text_align:left&#8221; use_theme_fonts=&#8221;yes&#8221; css=&#8221;.vc_custom_1630671069661{margin-top: 0px !important;margin-bottom: 20px !important;}&#8221;][vc_column_text css=&#8221;.vc_custom_1638528923665{padding-top: 35px !important;padding-right: 35px !important;padding-bottom: 35px !important;padding-left: 35px !important;background-color: #f2f2f2 !important;}&#8221;]<\/p>\n<p style=\"text-align: center;\"><strong>Documents<\/strong><br \/>\n<strong>(session \u00e0 distance)<\/strong><\/p>\n<ul>\n<li>Rapport\u00a0<a href=\"https:\/\/www.unidroit.org\/french\/governments\/financecommitteedocuments\/2021-91session\/fc-91-05-f.pdf\">(F.C. (91) 5)<\/a><\/li>\n<\/ul>\n<p style=\"text-align: center;\">*\u00a0\u00a0\u00a0\u00a0\u00a0 *\u00a0\u00a0\u00a0\u00a0 *<\/p>\n<p>1. Adoption de l\u2019ordre du jour\u00a0<a href=\"https:\/\/www.unidroit.org\/french\/governments\/financecommitteedocuments\/2021-91session\/fc-91-01-f.pdf\">(F.C. (91) 1)<\/a><\/p>\n<p>&nbsp;<\/p>\n<p>2. Projet de Budget 2022 \u2013 Premi\u00e8res estimations\u00a0<a href=\"https:\/\/www.unidroit.org\/french\/governments\/financecommitteedocuments\/2021-91session\/fc-91-02rev-f.pdf\">(F.C. (91) 2 r\u00e9v.)<\/a><\/p>\n<p>&nbsp;<\/p>\n<p>3. Premier examen des Comptes pour l\u2019exercice financier 2020\u00a0<a href=\"https:\/\/www.unidroit.org\/french\/governments\/financecommitteedocuments\/2021-91session\/fc-91-03-f.pdf\">(F.C. (91) 3)<\/a><\/p>\n<p>&nbsp;<\/p>\n<p>4. Actualisation sur la mise en oeuvre des nouveaux syst\u00e8mes de r\u00e9mun\u00e9ration et<br \/>\nde s\u00e9curit\u00e9 sociale appliqu\u00e9s au personnel d\u2019UNIDROIT\u00a0<a href=\"https:\/\/www.unidroit.org\/wp-content\/uploads\/2021\/12\/FC914-Rapport-CAF-site-Internet.pdf\">(F.C. (91) 4)<\/a><\/p>\n<p>&nbsp;<\/p>\n<p>5. Divers[\/vc_column_text][\/vc_column][\/vc_row]<\/p>\n<\/div>","protected":false},"excerpt":{"rendered":"<p>[vc_row][vc_column css=&#8221;.vc_custom_1490017614850{margin-bottom: 30px !important;}&#8221;][vc_custom_heading text=&#8221;91\u00e8me Session (25 mars 2021)&#8221; font_container=&#8221;tag:h1|text_align:left&#8221; use_theme_fonts=&#8221;yes&#8221; css=&#8221;.vc_custom_1630671069661{margin-top: 0px !important;margin-bottom: 20px !important;}&#8221;][vc_column_text css=&#8221;.vc_custom_1638528923665{padding-top: 35px !important;padding-right: 35px !important;padding-bottom: 35px !important;padding-left: 35px !important;background-color: #f2f2f2 !important;}&#8221;] Documents (session \u00e0 distance) Rapport\u00a0(F.C. (91) 5) *\u00a0\u00a0\u00a0\u00a0\u00a0 *\u00a0\u00a0\u00a0\u00a0 * 1. Adoption de l\u2019ordre du jour\u00a0(F.C. (91) 1)&nbsp;<a href=\"https:\/\/www.unidroit.org\/fr\/reunions\/commission-des-finances\/91eme-session-distanciel-25-mars-2021\/\">&hellip;<\/a><\/p>\n","protected":false},"author":20,"featured_media":0,"parent":5015,"menu_order":0,"comment_status":"closed","ping_status":"closed","template":"","meta":{"ep_exclude_from_search":false,"footnotes":""},"class_list":["post-5023","page","type-page","status-publish","format-standard","hentry","odd"],"_links":{"self":[{"href":"https:\/\/www.unidroit.org\/fr\/wp-json\/wp\/v2\/pages\/5023","targetHints":{"allow":["GET"]}}],"collection":[{"href":"https:\/\/www.unidroit.org\/fr\/wp-json\/wp\/v2\/pages"}],"about":[{"href":"https:\/\/www.unidroit.org\/fr\/wp-json\/wp\/v2\/types\/page"}],"author":[{"embeddable":true,"href":"https:\/\/www.unidroit.org\/fr\/wp-json\/wp\/v2\/users\/20"}],"replies":[{"embeddable":true,"href":"https:\/\/www.unidroit.org\/fr\/wp-json\/wp\/v2\/comments?post=5023"}],"version-history":[{"count":0,"href":"https:\/\/www.unidroit.org\/fr\/wp-json\/wp\/v2\/pages\/5023\/revisions"}],"up":[{"embeddable":true,"href":"https:\/\/www.unidroit.org\/fr\/wp-json\/wp\/v2\/pages\/5015"}],"wp:attachment":[{"href":"https:\/\/www.unidroit.org\/fr\/wp-json\/wp\/v2\/media?parent=5023"}],"curies":[{"name":"wp","href":"https:\/\/api.w.org\/{rel}","templated":true}]}}