{"id":5026,"date":"2021-08-01T18:43:47","date_gmt":"2021-08-01T18:43:47","guid":{"rendered":"https:\/\/www.unidroit.org\/?page_id=5026"},"modified":"2021-12-03T12:02:16","modified_gmt":"2021-12-03T11:02:16","slug":"90eme-session-rome-22-octobre-2020","status":"publish","type":"page","link":"https:\/\/www.unidroit.org\/fr\/reunions\/commission-des-finances\/90eme-session-rome-22-octobre-2020\/","title":{"rendered":"90\u00c8ME SESSION (ROME, 22 OCTOBRE 2020)"},"content":{"rendered":"<div class=\"wpb-content-wrapper\"><p>[vc_row][vc_column css=&#8221;.vc_custom_1490017614850{margin-bottom: 30px !important;}&#8221;][vc_custom_heading text=&#8221;90\u00e8me Session<br \/>\n(Rome, 22 octobre 2020)&#8221; font_container=&#8221;tag:h1|text_align:left&#8221; use_theme_fonts=&#8221;yes&#8221; css=&#8221;.vc_custom_1630670816533{margin-top: 0px !important;margin-bottom: 20px !important;}&#8221;][vc_column_text css=&#8221;.vc_custom_1638529384962{padding-top: 35px !important;padding-right: 35px !important;padding-bottom: 35px !important;padding-left: 35px !important;background-color: #f2f2f2 !important;}&#8221;]<\/p>\n<p style=\"text-align: center;\"><strong>Documents<\/strong><br \/>\n<strong>(session \u00e0 distance)<\/strong><\/p>\n<ul>\n<li>Rapport\u00a0<a href=\"https:\/\/www.unidroit.org\/french\/governments\/financecommitteedocuments\/2020-90session\/fc-90-09-f.pdf\">(F.C. (90) 9)<\/a><\/li>\n<\/ul>\n<p style=\"text-align: center;\">*\u00a0\u00a0\u00a0\u00a0\u00a0 *\u00a0\u00a0\u00a0\u00a0 *<\/p>\n<p>1. Adoption de l\u2019ordre du jour\u00a0<a href=\"https:\/\/www.unidroit.org\/french\/governments\/financecommitteedocuments\/2020-90session\/fc-90-01-rev-f.pdf\">(F.C. (90) 1 r\u00e9v.)<\/a><\/p>\n<p>&nbsp;<\/p>\n<p>2. Modifications d\u00e9finitives du Budget et des Comptes pour l\u2019exercice financier 2019<br \/>\n<a href=\"https:\/\/www.unidroit.org\/french\/governments\/financecommitteedocuments\/2020-90session\/fc-90-02-f.pdf\">(F.C. (90) 2 et Comptes 2019)<\/a><\/p>\n<p>&nbsp;<\/p>\n<p>3. Ajustements au Budget pour l\u2019exercice financier 2020\u00a0<a href=\"https:\/\/www.unidroit.org\/french\/governments\/financecommitteedocuments\/2020-90session\/fc-90-03-f.pdf\">(F.C. (90) 3)<\/a><\/p>\n<p>[Documents connexes:<br \/>\n&#8211;\u00a0<a href=\"https:\/\/www.unidroit.org\/french\/governments\/financecommitteedocuments\/2019-86session\/fc-86-02-f.pdf\">UNIDROIT 2019 &#8211; C.F. (86) 2<\/a>;<br \/>\n&#8211;\u00a0<a href=\"https:\/\/www.unidroit.org\/french\/governments\/financecommitteedocuments\/2019-87session\/fc-87-06-f.pdf\">UNIDROIT 2019 &#8211; C.F. (87) 6<\/a>;<br \/>\n&#8211;\u00a0<a href=\"https:\/\/www.unidroit.org\/french\/governments\/assemblydocuments\/2019-78session\/ag-78-07-f.pdf\">UNIDROIT 2019 &#8211; A.G. (78) 7<\/a>;<br \/>\n&#8211;\u00a0<a href=\"https:\/\/www.unidroit.org\/french\/governments\/financecommitteedocuments\/2020-88session\/fc-88-04-f.pdf\">UNIDROIT 2020 &#8211; C.F. (88) 4<\/a>;<br \/>\n&#8211;\u00a0<a href=\"https:\/\/www.unidroit.org\/french\/governments\/financecommitteedocuments\/2020-89session\/fc-89-02-f.pdf\">UNIDROIT 2020 &#8211; C.F. (89) 2<\/a>]<\/p>\n<p>&nbsp;<\/p>\n<p>4. Information sur les contributions extra-budg\u00e9taires per\u00e7ues en 2020 et sur leur allocation<br \/>\naux activit\u00e9s et projets de l\u2019Institut\u00a0<a href=\"https:\/\/www.unidroit.org\/french\/governments\/financecommitteedocuments\/2020-90session\/fc-90-04-f.pdf\">(F.C. (90) 4)<\/a><\/p>\n<p>&nbsp;<\/p>\n<p>5. Arri\u00e9r\u00e9s de contributions des Etats membres\u00a0<a href=\"https:\/\/www.unidroit.org\/french\/governments\/financecommitteedocuments\/2020-90session\/fc-90-05rev-f.pdf\">(F.C. (90) 5 r\u00e9v.)<\/a><\/p>\n<p>&nbsp;<\/p>\n<p>6. Projet de Budget 2021 et observations des Etats membres\u00a0<a href=\"https:\/\/www.unidroit.org\/french\/governments\/financecommitteedocuments\/2020-90session\/fc-90-06rev-02-f.pdf\">(F.C. (90) 6 r\u00e9v. 2)<\/a><\/p>\n<p>[Documents connexes:<br \/>\n&#8211;\u00a0<a href=\"https:\/\/www.unidroit.org\/french\/governments\/assemblydocuments\/2019-78session\/ag-78-07-f.pdf\">UNIDROIT 2019 \u2013 A.G. (78) 7<\/a>;<br \/>\n&#8211;\u00a0<a href=\"https:\/\/www.unidroit.org\/french\/governments\/financecommitteedocuments\/2019-87session\/fc-87-07-f.pdf\">UNIDROIT 2019 \u2013 F.C. (87) 6<\/a>;<br \/>\n&#8211;\u00a0<a href=\"https:\/\/www.unidroit.org\/french\/governments\/financecommitteedocuments\/2020-88session\/fc-88-02-f.pdf\">UNIDROIT 2020 \u2013 F.C. (88) 2<\/a>;<br \/>\n&#8211;\u00a0<a href=\"https:\/\/www.unidroit.org\/french\/governments\/financecommitteedocuments\/2020-88session\/fc-88-02-f.pdf\">UNIDROIT 2020 &#8211; C.D.(99) A.6<\/a>]<\/p>\n<p>&nbsp;<\/p>\n<p>7. Mise \u00e0 jour sur les nouveaux syst\u00e8mes de r\u00e9mun\u00e9ration et de s\u00e9curit\u00e9 sociale appliqu\u00e9s<br \/>\nau personnel d\u2019UNIDROIT\u00a0<a href=\"https:\/\/www.unidroit.org\/wp-content\/uploads\/2021\/12\/FC907-Rapport-du-SG-remuneration-et-securite-sociale-Site-Internet.pdf\">(F.C. (90) 7)<\/a><\/p>\n<p>[Documents connexes:<br \/>\n&#8211;\u00a0<a href=\"https:\/\/www.unidroit.org\/french\/governments\/financecommitteedocuments\/2019-87session\/fc-87-07-f.pdf\">UNIDROIT 2019 \u2013 F.C. (87) 7<\/a>;<br \/>\n&#8211;\u00a0<a href=\"https:\/\/www.unidroit.org\/french\/governments\/financecommitteedocuments\/2019-87session\/fc-87-09-f.pdf\">UNIDROIT 2019 \u2013 F.C. (87) 9<\/a>;<br \/>\n&#8211;\u00a0<a href=\"https:\/\/www.unidroit.org\/french\/governments\/councildocuments\/2019session\/cd-98-15b-f.pdf\">UNIDROIT 2019 \u2013 C.D. (98) 15(b))<\/a>;<br \/>\n&#8211;\u00a0<a href=\"https:\/\/www.unidroit.org\/french\/governments\/assemblydocuments\/2019-78session\/ag-78-10-f.pdf\">UNIDROIT 2019 \u2013 A.G. (78) 10<\/a>;<br \/>\n&#8211;\u00a0<a href=\"https:\/\/www.unidroit.org\/french\/governments\/assemblydocuments\/2019-78session\/ag-78-12-f.pdf\">UNIDROIT 2019 \u2013 A.G. (78) 12<\/a>]<\/p>\n<p>&nbsp;<\/p>\n<p>8. Mesures prises par le Secr\u00e9tariat d\u2019UNIDROIT concernant la pand\u00e9mie du COVID-19<br \/>\n<a href=\"https:\/\/www.unidroit.org\/french\/governments\/financecommitteedocuments\/2020-90session\/fc-90-08-f.pdf\">(F.C. (90) 8)<\/a><\/p>\n<p>[Document connexe:\u00a0<a href=\"https:\/\/www.unidroit.org\/french\/governments\/financecommitteedocuments\/2020-88session\/fc-88-05-f.pdf\">UNIDROIT 2020 &#8211; F.C. (88) 5<\/a>]<\/p>\n<p>&nbsp;<\/p>\n<p>9. Divers[\/vc_column_text][\/vc_column][\/vc_row]<\/p>\n<\/div>","protected":false},"excerpt":{"rendered":"<p>[vc_row][vc_column css=&#8221;.vc_custom_1490017614850{margin-bottom: 30px !important;}&#8221;][vc_custom_heading text=&#8221;90\u00e8me Session (Rome, 22 octobre 2020)&#8221; font_container=&#8221;tag:h1|text_align:left&#8221; use_theme_fonts=&#8221;yes&#8221; css=&#8221;.vc_custom_1630670816533{margin-top: 0px !important;margin-bottom: 20px !important;}&#8221;][vc_column_text css=&#8221;.vc_custom_1638529384962{padding-top: 35px !important;padding-right: 35px !important;padding-bottom: 35px !important;padding-left: 35px !important;background-color: #f2f2f2 !important;}&#8221;] Documents (session \u00e0 distance) Rapport\u00a0(F.C. (90) 9) *\u00a0\u00a0\u00a0\u00a0\u00a0 *\u00a0\u00a0\u00a0\u00a0 * 1. Adoption de l\u2019ordre du jour\u00a0(F.C. (90)&nbsp;<a href=\"https:\/\/www.unidroit.org\/fr\/reunions\/commission-des-finances\/90eme-session-rome-22-octobre-2020\/\">&hellip;<\/a><\/p>\n","protected":false},"author":20,"featured_media":0,"parent":5015,"menu_order":0,"comment_status":"closed","ping_status":"closed","template":"","meta":{"ep_exclude_from_search":false,"footnotes":""},"class_list":["post-5026","page","type-page","status-publish","format-standard","hentry","odd"],"_links":{"self":[{"href":"https:\/\/www.unidroit.org\/fr\/wp-json\/wp\/v2\/pages\/5026","targetHints":{"allow":["GET"]}}],"collection":[{"href":"https:\/\/www.unidroit.org\/fr\/wp-json\/wp\/v2\/pages"}],"about":[{"href":"https:\/\/www.unidroit.org\/fr\/wp-json\/wp\/v2\/types\/page"}],"author":[{"embeddable":true,"href":"https:\/\/www.unidroit.org\/fr\/wp-json\/wp\/v2\/users\/20"}],"replies":[{"embeddable":true,"href":"https:\/\/www.unidroit.org\/fr\/wp-json\/wp\/v2\/comments?post=5026"}],"version-history":[{"count":0,"href":"https:\/\/www.unidroit.org\/fr\/wp-json\/wp\/v2\/pages\/5026\/revisions"}],"up":[{"embeddable":true,"href":"https:\/\/www.unidroit.org\/fr\/wp-json\/wp\/v2\/pages\/5015"}],"wp:attachment":[{"href":"https:\/\/www.unidroit.org\/fr\/wp-json\/wp\/v2\/media?parent=5026"}],"curies":[{"name":"wp","href":"https:\/\/api.w.org\/{rel}","templated":true}]}}