{"id":5035,"date":"2021-08-01T18:50:12","date_gmt":"2021-08-01T18:50:12","guid":{"rendered":"https:\/\/www.unidroit.org\/?page_id=5035"},"modified":"2021-09-03T12:00:10","modified_gmt":"2021-09-03T12:00:10","slug":"87eme-session-rome-10-octobre-2019","status":"publish","type":"page","link":"https:\/\/www.unidroit.org\/fr\/reunions\/commission-des-finances\/87eme-session-rome-10-octobre-2019\/","title":{"rendered":"87\u00c8ME SESSION (ROME, 10 OCTOBRE 2019)"},"content":{"rendered":"<div class=\"wpb-content-wrapper\"><p>[vc_row][vc_column css=&#8221;.vc_custom_1490017614850{margin-bottom: 30px !important;}&#8221;][vc_custom_heading text=&#8221;87\u00e8me Session<br \/>\n(Rome, 10 octobre 2019)&#8221; font_container=&#8221;tag:h1|text_align:left&#8221; use_theme_fonts=&#8221;yes&#8221; css=&#8221;.vc_custom_1630669672646{margin-top: 0px !important;margin-bottom: 20px !important;}&#8221;][vc_column_text css=&#8221;.vc_custom_1630669853059{padding-top: 35px !important;padding-right: 35px !important;padding-bottom: 35px !important;padding-left: 35px !important;background-color: #f2f2f2 !important;}&#8221;]<\/p>\n<p style=\"text-align: center;\"><strong>Documents <\/strong><\/p>\n<ul>\n<li>Rapport\u00a0<a href=\"https:\/\/www.unidroit.org\/french\/governments\/financecommitteedocuments\/2019-87session\/fc-87-09-f.pdf\">(F.C. (87) 9)<\/a><\/li>\n<\/ul>\n<p style=\"text-align: center;\">*\u00a0\u00a0\u00a0\u00a0 *\u00a0\u00a0\u00a0\u00a0 *<\/p>\n<p>&nbsp;<\/p>\n<p>1. Nomination du Pr\u00e9sident de la Commission des Finances\u00a0<a href=\"https:\/\/www.unidroit.org\/french\/governments\/financecommitteedocuments\/2019-87session\/fc-87-01-f.pdf\">(F.C. (87) 1)<\/a><\/p>\n<p>&nbsp;<\/p>\n<p>2. Adoption de l\u2019ordre du jour\u00a0<a href=\"https:\/\/www.unidroit.org\/french\/governments\/financecommitteedocuments\/2019-87session\/fc-87-01-f.pdf\">(F.C. (87) 1)<\/a><\/p>\n<p>&nbsp;<\/p>\n<p>3. Modifications d\u00e9finitives du Budget et Comptes pour l\u2019exercice financier 2018<br \/>\n<a href=\"https:\/\/www.unidroit.org\/french\/governments\/financecommitteedocuments\/2019-87session\/fc-87-02-f.pdf\">(F.C. (87) 2 et Comptes 2018)<\/a><\/p>\n<p>&nbsp;<\/p>\n<p>4. Ajustements au Budget pour l\u2019exercice financier 2019\u00a0<a href=\"https:\/\/www.unidroit.org\/french\/governments\/financecommitteedocuments\/2019-87session\/fc-87-03-f.pdf\">(F.C. (87) 3)<\/a><\/p>\n<p>&nbsp;<\/p>\n<p>5. Information sur les contributions extrabudg\u00e9taires re\u00e7ues au cours de l\u2019exercice 2019 et<br \/>\nsur leur utilisation pour les activit\u00e9s et projets de l\u2019Institut\u00a0<a href=\"https:\/\/www.unidroit.org\/french\/governments\/financecommitteedocuments\/2019-87session\/fc-87-04-f.pdf\">(F.C. (87) 4)<\/a><\/p>\n<p>&nbsp;<\/p>\n<p>6. Arri\u00e9r\u00e9s de contributions des Etats membres\u00a0<a href=\"https:\/\/www.unidroit.org\/french\/governments\/financecommitteedocuments\/2019-87session\/fc-87-05-f.pdf\">(F.C. (87) 5)<\/a><\/p>\n<p>&nbsp;<\/p>\n<p>7. Projet de Budget pour l\u2019exercice financier 2020 et observations formul\u00e9es par des Etats membres<br \/>\n<a href=\"https:\/\/www.unidroit.org\/french\/governments\/financecommitteedocuments\/2019-87session\/fc-87-06-f.pdf\">(F.C. (87) 6)<\/a><\/p>\n<p>&nbsp;<\/p>\n<p>8. Mise en oeuvre des nouveaux syst\u00e8mes de r\u00e9mun\u00e9ration et de s\u00e9curit\u00e9 sociale appliqu\u00e9s au<br \/>\npersonnel d\u2019UNIDROIT\u00a0<a href=\"https:\/\/www.unidroit.org\/french\/governments\/financecommitteedocuments\/2019-87session\/fc-87-07-f.pdf\">(F.C. (87) 7)<\/a><\/p>\n<p>&nbsp;<\/p>\n<p>9. Classement des Etats membres dans le Tableau des contributions d\u2019UNIDROIT\u00a0<a href=\"https:\/\/www.unidroit.org\/french\/governments\/financecommitteedocuments\/2019-87session\/fc-87-08-f.pdf\">(F.C. (87) 8)<\/a><\/p>\n<p>&nbsp;<\/p>\n<p>10. Divers[\/vc_column_text][\/vc_column][\/vc_row]<\/p>\n<\/div>","protected":false},"excerpt":{"rendered":"<p>[vc_row][vc_column css=&#8221;.vc_custom_1490017614850{margin-bottom: 30px !important;}&#8221;][vc_custom_heading text=&#8221;87\u00e8me Session (Rome, 10 octobre 2019)&#8221; font_container=&#8221;tag:h1|text_align:left&#8221; use_theme_fonts=&#8221;yes&#8221; css=&#8221;.vc_custom_1630669672646{margin-top: 0px !important;margin-bottom: 20px !important;}&#8221;][vc_column_text css=&#8221;.vc_custom_1630669853059{padding-top: 35px !important;padding-right: 35px !important;padding-bottom: 35px !important;padding-left: 35px !important;background-color: #f2f2f2 !important;}&#8221;] Documents Rapport\u00a0(F.C. (87) 9) *\u00a0\u00a0\u00a0\u00a0 *\u00a0\u00a0\u00a0\u00a0 * &nbsp; 1. Nomination du Pr\u00e9sident de la Commission des Finances\u00a0(F.C.&nbsp;<a href=\"https:\/\/www.unidroit.org\/fr\/reunions\/commission-des-finances\/87eme-session-rome-10-octobre-2019\/\">&hellip;<\/a><\/p>\n","protected":false},"author":20,"featured_media":0,"parent":5015,"menu_order":0,"comment_status":"closed","ping_status":"closed","template":"","meta":{"ep_exclude_from_search":false,"footnotes":""},"class_list":["post-5035","page","type-page","status-publish","format-standard","hentry","odd"],"_links":{"self":[{"href":"https:\/\/www.unidroit.org\/fr\/wp-json\/wp\/v2\/pages\/5035","targetHints":{"allow":["GET"]}}],"collection":[{"href":"https:\/\/www.unidroit.org\/fr\/wp-json\/wp\/v2\/pages"}],"about":[{"href":"https:\/\/www.unidroit.org\/fr\/wp-json\/wp\/v2\/types\/page"}],"author":[{"embeddable":true,"href":"https:\/\/www.unidroit.org\/fr\/wp-json\/wp\/v2\/users\/20"}],"replies":[{"embeddable":true,"href":"https:\/\/www.unidroit.org\/fr\/wp-json\/wp\/v2\/comments?post=5035"}],"version-history":[{"count":0,"href":"https:\/\/www.unidroit.org\/fr\/wp-json\/wp\/v2\/pages\/5035\/revisions"}],"up":[{"embeddable":true,"href":"https:\/\/www.unidroit.org\/fr\/wp-json\/wp\/v2\/pages\/5015"}],"wp:attachment":[{"href":"https:\/\/www.unidroit.org\/fr\/wp-json\/wp\/v2\/media?parent=5035"}],"curies":[{"name":"wp","href":"https:\/\/api.w.org\/{rel}","templated":true}]}}