{"id":5038,"date":"2021-08-01T18:52:13","date_gmt":"2021-08-01T18:52:13","guid":{"rendered":"https:\/\/www.unidroit.org\/?page_id=5038"},"modified":"2021-09-03T14:13:17","modified_gmt":"2021-09-03T14:13:17","slug":"86eme-session-rome-4-avril-2019","status":"publish","type":"page","link":"https:\/\/www.unidroit.org\/fr\/reunions\/commission-des-finances\/86eme-session-rome-4-avril-2019\/","title":{"rendered":"86\u00c8ME SESSION (ROME, 4 AVRIL 2019)"},"content":{"rendered":"<div class=\"wpb-content-wrapper\"><p>[vc_row][vc_column css=&#8221;.vc_custom_1490017614850{margin-bottom: 30px !important;}&#8221;][vc_custom_heading text=&#8221;86\u00e8me Session<br \/>\n(Rome, 4 avril 2019)&#8221; font_container=&#8221;tag:h1|text_align:left&#8221; use_theme_fonts=&#8221;yes&#8221; css=&#8221;.vc_custom_1630678409680{margin-top: 0px !important;margin-bottom: 20px !important;}&#8221;][vc_column_text css=&#8221;.vc_custom_1630678444411{padding-top: 35px !important;padding-right: 35px !important;padding-bottom: 35px !important;padding-left: 35px !important;background-color: #f2f2f2 !important;}&#8221;]<\/p>\n<p style=\"text-align: center;\"><strong>Documents <\/strong><\/p>\n<ul>\n<li><strong>\u00a0<\/strong>Rapport\u00a0<a href=\"https:\/\/www.unidroit.org\/french\/governments\/financecommitteedocuments\/2019-86session\/fc-86-06-f.pdf\">(F.C. (86) 6)<\/a><\/li>\n<\/ul>\n<p style=\"text-align: center;\">*\u00a0\u00a0\u00a0\u00a0\u00a0 *\u00a0\u00a0\u00a0\u00a0 *<\/p>\n<p>1. Adoption de l\u2019ordre du jour\u00a0<a href=\"https:\/\/www.unidroit.org\/french\/governments\/financecommitteedocuments\/2019-86session\/fc-86-01-f.pdf\">(F.C. (86) 1)<\/a><\/p>\n<p>2. Projet de Budget pour l\u2019exercice financier 2020 \u2013 Premi\u00e8res estimations\u00a0<a href=\"https:\/\/www.unidroit.org\/french\/governments\/financecommitteedocuments\/2019-86session\/fc-86-02-f.pdf\">(F.C. (86) 2)<\/a><\/p>\n<p>3. Classement des Etats membres dans le Tableau des contributions d\u2019UNIDROIT\u00a0<a href=\"https:\/\/www.unidroit.org\/french\/governments\/financecommitteedocuments\/2019-86session\/fc-86-03-f.pdf\">(F.C. (86) 3)<\/a><\/p>\n<p>4. Premier examen des Comptes de l\u2019exercice financier 2018\u00a0<a href=\"https:\/\/www.unidroit.org\/french\/governments\/financecommitteedocuments\/2019-86session\/fc-86-04-f.pdf\">(F.C. (86) 4)<\/a><\/p>\n<p>5. Mise \u00e0 jour sur la mise en oeuvre des nouveaux syst\u00e8mes de r\u00e9mun\u00e9ration et de s\u00e9curit\u00e9<br \/>\nsociale appliqu\u00e9s au personnel d\u2019UNIDROIT\u00a0<a href=\"https:\/\/www.unidroit.org\/french\/governments\/financecommitteedocuments\/2019-86session\/fc-86-05-f.pdf\">(F.C. (86) 5)<\/a><\/p>\n<p>6. Divers[\/vc_column_text][\/vc_column][\/vc_row]<\/p>\n<\/div>","protected":false},"excerpt":{"rendered":"<p>[vc_row][vc_column css=&#8221;.vc_custom_1490017614850{margin-bottom: 30px !important;}&#8221;][vc_custom_heading text=&#8221;86\u00e8me Session (Rome, 4 avril 2019)&#8221; font_container=&#8221;tag:h1|text_align:left&#8221; use_theme_fonts=&#8221;yes&#8221; css=&#8221;.vc_custom_1630678409680{margin-top: 0px !important;margin-bottom: 20px !important;}&#8221;][vc_column_text css=&#8221;.vc_custom_1630678444411{padding-top: 35px !important;padding-right: 35px !important;padding-bottom: 35px !important;padding-left: 35px !important;background-color: #f2f2f2 !important;}&#8221;] Documents \u00a0Rapport\u00a0(F.C. (86) 6) *\u00a0\u00a0\u00a0\u00a0\u00a0 *\u00a0\u00a0\u00a0\u00a0 * 1. Adoption de l\u2019ordre du jour\u00a0(F.C. (86) 1) 2. Projet&nbsp;<a href=\"https:\/\/www.unidroit.org\/fr\/reunions\/commission-des-finances\/86eme-session-rome-4-avril-2019\/\">&hellip;<\/a><\/p>\n","protected":false},"author":20,"featured_media":0,"parent":5015,"menu_order":0,"comment_status":"closed","ping_status":"closed","template":"","meta":{"ep_exclude_from_search":false,"footnotes":""},"class_list":["post-5038","page","type-page","status-publish","format-standard","hentry","odd"],"_links":{"self":[{"href":"https:\/\/www.unidroit.org\/fr\/wp-json\/wp\/v2\/pages\/5038","targetHints":{"allow":["GET"]}}],"collection":[{"href":"https:\/\/www.unidroit.org\/fr\/wp-json\/wp\/v2\/pages"}],"about":[{"href":"https:\/\/www.unidroit.org\/fr\/wp-json\/wp\/v2\/types\/page"}],"author":[{"embeddable":true,"href":"https:\/\/www.unidroit.org\/fr\/wp-json\/wp\/v2\/users\/20"}],"replies":[{"embeddable":true,"href":"https:\/\/www.unidroit.org\/fr\/wp-json\/wp\/v2\/comments?post=5038"}],"version-history":[{"count":0,"href":"https:\/\/www.unidroit.org\/fr\/wp-json\/wp\/v2\/pages\/5038\/revisions"}],"up":[{"embeddable":true,"href":"https:\/\/www.unidroit.org\/fr\/wp-json\/wp\/v2\/pages\/5015"}],"wp:attachment":[{"href":"https:\/\/www.unidroit.org\/fr\/wp-json\/wp\/v2\/media?parent=5038"}],"curies":[{"name":"wp","href":"https:\/\/api.w.org\/{rel}","templated":true}]}}