{"id":5053,"date":"2021-08-01T19:41:32","date_gmt":"2021-08-01T19:41:32","guid":{"rendered":"https:\/\/www.unidroit.org\/?page_id=5053"},"modified":"2021-08-01T19:41:37","modified_gmt":"2021-08-01T19:41:37","slug":"81eme-session-rome-6-avril-2017","status":"publish","type":"page","link":"https:\/\/www.unidroit.org\/fr\/reunions\/commission-des-finances\/81eme-session-rome-6-avril-2017\/","title":{"rendered":"81\u00c8ME SESSION (ROME, 6 AVRIL 2017)"},"content":{"rendered":"<div class=\"wpb-content-wrapper\"><p>[vc_row][vc_column css=&#8221;.vc_custom_1490017614850{margin-bottom: 30px !important;}&#8221;][vc_custom_heading text=&#8221;81\u00c8ME SESSION (ROME, 6 AVRIL 2017)<br \/>\n&#8221; font_container=&#8221;tag:h1|text_align:left&#8221; use_theme_fonts=&#8221;yes&#8221; css=&#8221;.vc_custom_1627846934199{margin-top: 0px !important;margin-bottom: 20px !important;}&#8221;][vc_column_text css=&#8221;.vc_custom_1627846950768{padding-top: 35px !important;padding-right: 35px !important;padding-bottom: 35px !important;padding-left: 35px !important;background-color: #f2f2f2 !important;}&#8221;]<strong>Documents de la<br \/>\n81<sup>\u00e8me<\/sup>\u00a0session de la Commission des Finances d&#8217;UNIDROIT<\/strong><\/p>\n<p><strong>(Rome, 6 avril 2017)<\/strong><\/p>\n<p>&nbsp;<\/p>\n<p>&nbsp;<\/p>\n<p>Rapport\u00a0<a href=\"https:\/\/www.unidroit.org\/french\/governments\/financecommitteedocuments\/2017-81session\/fc-81-07-f.pdf\">(F.C. (81) 7)<\/a><\/p>\n<p>&nbsp;<\/p>\n<p>&nbsp;<\/p>\n<p>*\u00a0\u00a0\u00a0\u00a0\u00a0 *\u00a0\u00a0\u00a0\u00a0 *<\/p>\n<p>&nbsp;<\/p>\n<p>&nbsp;<\/p>\n<p>1. Adoption de l\u2019ordre du jour provisoire\u00a0<a href=\"https:\/\/www.unidroit.org\/french\/governments\/financecommitteedocuments\/2017-81session\/fc-81-01-f.pdf\">(F.C. (81) 1)<\/a><\/p>\n<p>&nbsp;<\/p>\n<p>2. Projet de Budget pour l\u2019exercice financier 2018 \u2013 Premi\u00e8res estimations\u00a0<a href=\"https:\/\/www.unidroit.org\/french\/governments\/financecommitteedocuments\/2017-81session\/fc-81-02-f.pdf\">(F.C. (81) 2)<\/a><\/p>\n<p>&nbsp;<\/p>\n<p>3. Classement des Etats membres dans le tableau des contributions d\u2019UNIDROIT\u00a0<a href=\"https:\/\/www.unidroit.org\/french\/governments\/financecommitteedocuments\/2017-81session\/fc-81-03-f.pdf\">(F.C. (81) 3 rev.)<\/a><\/p>\n<p>&nbsp;<\/p>\n<p>4. Premier examen des Comptes de l\u2019exercice financier 2016\u00a0<a href=\"https:\/\/www.unidroit.org\/french\/governments\/financecommitteedocuments\/2017-81session\/fc-81-04-f.pdf\">(F.C. (81) 4)<\/a><\/p>\n<p>&nbsp;<\/p>\n<p>5. Examen des syst\u00e8mes de r\u00e9mun\u00e9ration et de s\u00e9curit\u00e9 sociale appliqu\u00e9s au personnel d\u2019UNIDROIT<br \/>\n<a href=\"https:\/\/www.unidroit.org\/french\/governments\/financecommitteedocuments\/2017-81session\/fc-81-05-f.pdf\">(F.C. (81) 5)<\/a>\u00a0et\u00a0<a href=\"https:\/\/www.unidroit.org\/french\/governments\/financecommitteedocuments\/2017-81session\/fc-81-06-f.pdf\">(F.C. (81) 6)<\/a><\/p>\n<p>&nbsp;<\/p>\n<p>6. Divers[\/vc_column_text][\/vc_column][\/vc_row]<\/p>\n<\/div>","protected":false},"excerpt":{"rendered":"<p>[vc_row][vc_column css=&#8221;.vc_custom_1490017614850{margin-bottom: 30px !important;}&#8221;][vc_custom_heading text=&#8221;81\u00c8ME SESSION (ROME, 6 AVRIL 2017) &#8221; font_container=&#8221;tag:h1|text_align:left&#8221; use_theme_fonts=&#8221;yes&#8221; css=&#8221;.vc_custom_1627846934199{margin-top: 0px !important;margin-bottom: 20px !important;}&#8221;][vc_column_text css=&#8221;.vc_custom_1627846950768{padding-top: 35px !important;padding-right: 35px !important;padding-bottom: 35px !important;padding-left: 35px !important;background-color: #f2f2f2 !important;}&#8221;]Documents de la 81\u00e8me\u00a0session de la Commission des Finances d&#8217;UNIDROIT (Rome, 6 avril 2017) &nbsp; &nbsp; Rapport\u00a0(F.C.&nbsp;<a href=\"https:\/\/www.unidroit.org\/fr\/reunions\/commission-des-finances\/81eme-session-rome-6-avril-2017\/\">&hellip;<\/a><\/p>\n","protected":false},"author":20,"featured_media":0,"parent":5015,"menu_order":0,"comment_status":"closed","ping_status":"closed","template":"","meta":{"ep_exclude_from_search":false,"footnotes":""},"class_list":["post-5053","page","type-page","status-publish","format-standard","hentry","odd"],"_links":{"self":[{"href":"https:\/\/www.unidroit.org\/fr\/wp-json\/wp\/v2\/pages\/5053","targetHints":{"allow":["GET"]}}],"collection":[{"href":"https:\/\/www.unidroit.org\/fr\/wp-json\/wp\/v2\/pages"}],"about":[{"href":"https:\/\/www.unidroit.org\/fr\/wp-json\/wp\/v2\/types\/page"}],"author":[{"embeddable":true,"href":"https:\/\/www.unidroit.org\/fr\/wp-json\/wp\/v2\/users\/20"}],"replies":[{"embeddable":true,"href":"https:\/\/www.unidroit.org\/fr\/wp-json\/wp\/v2\/comments?post=5053"}],"version-history":[{"count":0,"href":"https:\/\/www.unidroit.org\/fr\/wp-json\/wp\/v2\/pages\/5053\/revisions"}],"up":[{"embeddable":true,"href":"https:\/\/www.unidroit.org\/fr\/wp-json\/wp\/v2\/pages\/5015"}],"wp:attachment":[{"href":"https:\/\/www.unidroit.org\/fr\/wp-json\/wp\/v2\/media?parent=5053"}],"curies":[{"name":"wp","href":"https:\/\/api.w.org\/{rel}","templated":true}]}}