{"id":5063,"date":"2021-08-02T10:04:09","date_gmt":"2021-08-02T10:04:09","guid":{"rendered":"https:\/\/www.unidroit.org\/?page_id=5063"},"modified":"2021-08-02T10:04:14","modified_gmt":"2021-08-02T10:04:14","slug":"78eme-session-rome-8-octobre-2015","status":"publish","type":"page","link":"https:\/\/www.unidroit.org\/fr\/reunions\/commission-des-finances\/78eme-session-rome-8-octobre-2015\/","title":{"rendered":"78\u00c8ME SESSION (ROME, 8 OCTOBRE 2015)"},"content":{"rendered":"<div class=\"wpb-content-wrapper\"><p>[vc_row][vc_column css=&#8221;.vc_custom_1490017614850{margin-bottom: 30px !important;}&#8221;][vc_custom_heading text=&#8221;78\u00c8ME SESSION (ROME, 8 OCTOBRE 2015)<br \/>\n&#8221; font_container=&#8221;tag:h1|text_align:left&#8221; use_theme_fonts=&#8221;yes&#8221; css=&#8221;.vc_custom_1627898696523{margin-top: 0px !important;margin-bottom: 20px !important;}&#8221;][vc_column_text css=&#8221;.vc_custom_1627898708721{padding-top: 35px !important;padding-right: 35px !important;padding-bottom: 35px !important;padding-left: 35px !important;background-color: #f2f2f2 !important;}&#8221;]<strong>Documents de la 78<sup>\u00e8me<\/sup>\u00a0session de la Commission des Finances d&#8217;UNIDROIT<\/strong><\/p>\n<p><strong>(Rome, 8 octobre 2015)<\/strong><\/p>\n<p>&nbsp;<\/p>\n<p>&nbsp;<\/p>\n<p>&nbsp;<\/p>\n<p>Rapport\u00a0<a href=\"https:\/\/www.unidroit.org\/french\/governments\/financecommitteedocuments\/2015-78session\/fc-78-08-f.pdf\">(F.C. (78) 8)<\/a><\/p>\n<p>&nbsp;<\/p>\n<p>*<\/p>\n<p>&nbsp;<\/p>\n<p>*\u00a0\u00a0\u00a0\u00a0\u00a0\u00a0\u00a0 *\u00a0\u00a0\u00a0\u00a0\u00a0\u00a0\u00a0 *<\/p>\n<p>&nbsp;<\/p>\n<p>&nbsp;<\/p>\n<p>1.\u00a0Adoption de l\u2019ordre du jour\u00a0<a href=\"https:\/\/www.unidroit.org\/french\/governments\/financecommitteedocuments\/2015-78session\/fc-78-01-f.pdf\">(F.C. (78) 1)<\/a><\/p>\n<p>&nbsp;<\/p>\n<p>2. Modifications d\u00e9finitives du budget et Comptes pour l&#8217;exercice financier 2014<br \/>\n<a href=\"https:\/\/www.unidroit.org\/french\/governments\/financecommitteedocuments\/2015-78session\/fc-78-02-f.pdf\">(F.C. (78) 2 et Comptes 2014)<\/a><\/p>\n<p>&nbsp;<\/p>\n<p>3. Ajustements au budget de l\u2019exercice financier 2015\u00a0<a href=\"https:\/\/www.unidroit.org\/french\/governments\/financecommitteedocuments\/2015-78session\/fc-78-03-f.pdf\">(F.C. (78) 3)<\/a><\/p>\n<p>&nbsp;<\/p>\n<p>4. Information sur les contributions extrabudg\u00e9taires re\u00e7ues au cours de l\u2019exercice<br \/>\n2015 et sur leur utilisation pour les activit\u00e9s et projets de l\u2019Institut\u00a0<a href=\"https:\/\/www.unidroit.org\/french\/governments\/financecommitteedocuments\/2015-78session\/fc-78-04-f.pdf\">(F.C. (78) 4)<\/a><\/p>\n<p>&nbsp;<\/p>\n<p>5. Arri\u00e9r\u00e9s de contributions des Etats membres\u00a0<a href=\"https:\/\/www.unidroit.org\/french\/governments\/financecommitteedocuments\/2015-78session\/fc-78-05-f.pdf\">(F.C. (78) 5)<\/a><\/p>\n<p>&nbsp;<\/p>\n<p>6. Projet de budget pour l\u2019exercice financier 2016 et observations formul\u00e9es par des<br \/>\nEtats membres\u00a0<a href=\"https:\/\/www.unidroit.org\/french\/governments\/financecommitteedocuments\/2015-78session\/fc-78-06-f.pdf\">(F.C. (78) 6)<\/a><\/p>\n<p>&nbsp;<\/p>\n<p>7. Examen des syst\u00e8mes de r\u00e9mun\u00e9ration et de s\u00e9curit\u00e9 sociale appliqu\u00e9s au personnel<br \/>\nd\u2019UNIDROIT\u00a0<a href=\"https:\/\/www.unidroit.org\/french\/governments\/financecommitteedocuments\/2015-78session\/fc-78-07-f.pdf\">(F.C. (78) 7)<\/a><\/p>\n<p>&nbsp;<\/p>\n<p>8.\u00a0Divers[\/vc_column_text][\/vc_column][\/vc_row]<\/p>\n<\/div>","protected":false},"excerpt":{"rendered":"<p>[vc_row][vc_column css=&#8221;.vc_custom_1490017614850{margin-bottom: 30px !important;}&#8221;][vc_custom_heading text=&#8221;78\u00c8ME SESSION (ROME, 8 OCTOBRE 2015) &#8221; font_container=&#8221;tag:h1|text_align:left&#8221; use_theme_fonts=&#8221;yes&#8221; css=&#8221;.vc_custom_1627898696523{margin-top: 0px !important;margin-bottom: 20px !important;}&#8221;][vc_column_text css=&#8221;.vc_custom_1627898708721{padding-top: 35px !important;padding-right: 35px !important;padding-bottom: 35px !important;padding-left: 35px !important;background-color: #f2f2f2 !important;}&#8221;]Documents de la 78\u00e8me\u00a0session de la Commission des Finances d&#8217;UNIDROIT (Rome, 8 octobre 2015) &nbsp; &nbsp; &nbsp;&nbsp;<a href=\"https:\/\/www.unidroit.org\/fr\/reunions\/commission-des-finances\/78eme-session-rome-8-octobre-2015\/\">&hellip;<\/a><\/p>\n","protected":false},"author":20,"featured_media":0,"parent":5015,"menu_order":0,"comment_status":"closed","ping_status":"closed","template":"","meta":{"ep_exclude_from_search":false,"footnotes":""},"class_list":["post-5063","page","type-page","status-publish","format-standard","hentry","odd"],"_links":{"self":[{"href":"https:\/\/www.unidroit.org\/fr\/wp-json\/wp\/v2\/pages\/5063","targetHints":{"allow":["GET"]}}],"collection":[{"href":"https:\/\/www.unidroit.org\/fr\/wp-json\/wp\/v2\/pages"}],"about":[{"href":"https:\/\/www.unidroit.org\/fr\/wp-json\/wp\/v2\/types\/page"}],"author":[{"embeddable":true,"href":"https:\/\/www.unidroit.org\/fr\/wp-json\/wp\/v2\/users\/20"}],"replies":[{"embeddable":true,"href":"https:\/\/www.unidroit.org\/fr\/wp-json\/wp\/v2\/comments?post=5063"}],"version-history":[{"count":0,"href":"https:\/\/www.unidroit.org\/fr\/wp-json\/wp\/v2\/pages\/5063\/revisions"}],"up":[{"embeddable":true,"href":"https:\/\/www.unidroit.org\/fr\/wp-json\/wp\/v2\/pages\/5015"}],"wp:attachment":[{"href":"https:\/\/www.unidroit.org\/fr\/wp-json\/wp\/v2\/media?parent=5063"}],"curies":[{"name":"wp","href":"https:\/\/api.w.org\/{rel}","templated":true}]}}