{"id":5113,"date":"2021-08-02T10:44:43","date_gmt":"2021-08-02T10:44:43","guid":{"rendered":"https:\/\/www.unidroit.org\/?page_id=5113"},"modified":"2021-08-02T10:44:47","modified_gmt":"2021-08-02T10:44:47","slug":"62eme-session-rome-4-octobre-2007","status":"publish","type":"page","link":"https:\/\/www.unidroit.org\/fr\/reunions\/commission-des-finances\/62eme-session-rome-4-octobre-2007\/","title":{"rendered":"62\u00c8ME SESSION (ROME, 4 OCTOBRE 2007)"},"content":{"rendered":"<div class=\"wpb-content-wrapper\"><p>[vc_row][vc_column css=&#8221;.vc_custom_1490017614850{margin-bottom: 30px !important;}&#8221;][vc_custom_heading text=&#8221;62\u00c8ME SESSION (ROME, 4 OCTOBRE 2007)<br \/>\n&#8221; font_container=&#8221;tag:h1|text_align:left&#8221; use_theme_fonts=&#8221;yes&#8221; css=&#8221;.vc_custom_1627901123617{margin-top: 0px !important;margin-bottom: 20px !important;}&#8221;][vc_column_text css=&#8221;.vc_custom_1627901142264{padding-top: 35px !important;padding-right: 35px !important;padding-bottom: 35px !important;padding-left: 35px !important;background-color: #f2f2f2 !important;}&#8221;]<strong>Documents de la 62<sup>\u00e8me<\/sup>\u00a0session de la Commission des Finances d&#8217;UNIDROIT\u00a0<\/strong><br \/>\n<strong>(Rome, 4 octobre 2007)<\/strong><\/p>\n<p>&nbsp;<\/p>\n<p>&nbsp;<\/p>\n<p><a href=\"https:\/\/www.unidroit.org\/french\/governments\/financecommitteedocuments\/2007-62session\/fc62-06-f.pdf\">\u00a0Rapport (F.C. (62) 6)<\/a><\/p>\n<p>*<\/p>\n<p>&nbsp;<\/p>\n<p>* \u00a0 \u00a0 \u00a0 \u00a0 \u00a0*<\/p>\n<p>&nbsp;<\/p>\n<p>1.\u00a0<a href=\"https:\/\/www.unidroit.org\/french\/governments\/financecommitteedocuments\/2007-62session\/fc62-01-f.pdf\">Ordre du jour (F.C. (62) 1)<\/a><\/p>\n<p>&nbsp;<\/p>\n<p>&nbsp;<\/p>\n<p>2.\u00a0<a href=\"https:\/\/www.unidroit.org\/french\/governments\/financecommitteedocuments\/2007-62session\/fc62-02-f.pdf\">Modification d\u00e9finitive du budget et approbation des Comptes pour l&#8217;exercice financier 2006 (F.C. 62) 2)<\/a><\/p>\n<p>&nbsp;<\/p>\n<p>&nbsp;<\/p>\n<p>3.\u00a0<a href=\"https:\/\/www.unidroit.org\/french\/governments\/financecommitteedocuments\/2007-62session\/fc62-03-f.pdf\">Ajustements au budget de l\u2019exercice financier 2007 (F.C. (62) 3)<\/a><\/p>\n<p>&nbsp;<\/p>\n<p>&nbsp;<\/p>\n<p>4.\u00a0<a href=\"https:\/\/www.unidroit.org\/french\/governments\/financecommitteedocuments\/2007-62session\/fc62-04-f.pdf\">Arri\u00e9r\u00e9s de contributions des Etats membres (F.C. (62) 4)<\/a><\/p>\n<p>&nbsp;<\/p>\n<p>&nbsp;<\/p>\n<p>5. Mise en \u0153uvre et mise \u00e0 jour du plan strat\u00e9gique<\/p>\n<p>&nbsp;<\/p>\n<p>&nbsp;<\/p>\n<p>6.\u00a0<a href=\"https:\/\/www.unidroit.org\/french\/governments\/financecommitteedocuments\/2007-62session\/fc62-05-f.pdf\">Approbation du projet de budget pour 2008 et fixation des contributions des Etats membres pour cet exercice (F.C. (62) 5)<\/a><\/p>\n<p>&nbsp;<\/p>\n<p>&nbsp;<\/p>\n<p>7. Divers[\/vc_column_text][\/vc_column][\/vc_row]<\/p>\n<\/div>","protected":false},"excerpt":{"rendered":"<p>[vc_row][vc_column css=&#8221;.vc_custom_1490017614850{margin-bottom: 30px !important;}&#8221;][vc_custom_heading text=&#8221;62\u00c8ME SESSION (ROME, 4 OCTOBRE 2007) &#8221; font_container=&#8221;tag:h1|text_align:left&#8221; use_theme_fonts=&#8221;yes&#8221; css=&#8221;.vc_custom_1627901123617{margin-top: 0px !important;margin-bottom: 20px !important;}&#8221;][vc_column_text css=&#8221;.vc_custom_1627901142264{padding-top: 35px !important;padding-right: 35px !important;padding-bottom: 35px !important;padding-left: 35px !important;background-color: #f2f2f2 !important;}&#8221;]Documents de la 62\u00e8me\u00a0session de la Commission des Finances d&#8217;UNIDROIT\u00a0 (Rome, 4 octobre 2007) &nbsp; &nbsp; \u00a0Rapport&nbsp;<a href=\"https:\/\/www.unidroit.org\/fr\/reunions\/commission-des-finances\/62eme-session-rome-4-octobre-2007\/\">&hellip;<\/a><\/p>\n","protected":false},"author":20,"featured_media":0,"parent":5015,"menu_order":0,"comment_status":"closed","ping_status":"closed","template":"","meta":{"ep_exclude_from_search":false,"footnotes":""},"class_list":["post-5113","page","type-page","status-publish","format-standard","hentry","odd"],"_links":{"self":[{"href":"https:\/\/www.unidroit.org\/fr\/wp-json\/wp\/v2\/pages\/5113","targetHints":{"allow":["GET"]}}],"collection":[{"href":"https:\/\/www.unidroit.org\/fr\/wp-json\/wp\/v2\/pages"}],"about":[{"href":"https:\/\/www.unidroit.org\/fr\/wp-json\/wp\/v2\/types\/page"}],"author":[{"embeddable":true,"href":"https:\/\/www.unidroit.org\/fr\/wp-json\/wp\/v2\/users\/20"}],"replies":[{"embeddable":true,"href":"https:\/\/www.unidroit.org\/fr\/wp-json\/wp\/v2\/comments?post=5113"}],"version-history":[{"count":0,"href":"https:\/\/www.unidroit.org\/fr\/wp-json\/wp\/v2\/pages\/5113\/revisions"}],"up":[{"embeddable":true,"href":"https:\/\/www.unidroit.org\/fr\/wp-json\/wp\/v2\/pages\/5015"}],"wp:attachment":[{"href":"https:\/\/www.unidroit.org\/fr\/wp-json\/wp\/v2\/media?parent=5113"}],"curies":[{"name":"wp","href":"https:\/\/api.w.org\/{rel}","templated":true}]}}