{"id":5132,"date":"2021-08-02T11:08:18","date_gmt":"2021-08-02T11:08:18","guid":{"rendered":"https:\/\/www.unidroit.org\/?page_id=5132"},"modified":"2026-03-19T16:56:02","modified_gmt":"2026-03-19T15:56:02","slug":"travaux-en-cours","status":"publish","type":"page","link":"https:\/\/www.unidroit.org\/fr\/travaux-en-cours\/","title":{"rendered":"Travaux en cours"},"content":{"rendered":"<div class=\"wpb-content-wrapper\"><p>[vc_row][vc_column css=&#8221;.vc_custom_1490017614850{margin-bottom: 30px !important;}&#8221;][vc_custom_heading text=&#8221;TRAVAUX EN COURS&#8221; font_container=&#8221;tag:h1|text_align:left&#8221; use_theme_fonts=&#8221;yes&#8221; css=&#8221;.vc_custom_1627902539320{margin-top: 0px !important;margin-bottom: 20px !important;}&#8221;][\/vc_column][\/vc_row][vc_row css=&#8221;.vc_custom_1622455036974{background-color: #f2f2f2 !important;}&#8221;][vc_column css=&#8221;.vc_custom_1490017614850{margin-bottom: 30px !important;}&#8221;][vc_column_text css=&#8221;.vc_custom_1631782271529{padding-right: 35px !important;padding-left: 35px !important;background-color: #f2f2f2 !important;}&#8221;]<\/p>\n<p style=\"text-align: justify;\">Une fois un sujet inscrit au Programme de travail d\u2019UNIDROIT, le Secr\u00e9tariat, assist\u00e9 d\u2019experts en la mati\u00e8re si n\u00e9cessaire, \u00e9labore une \u00e9tude de faisabilit\u00e9 et\/ou un rapport pr\u00e9liminaire de droit compar\u00e9 visant \u00e0 \u00e9tablir l\u2019opportunit\u00e9 et la faisabilit\u00e9 de proc\u00e9der \u00e0 une r\u00e9forme du droit. Des \u00e9valuations d\u2019impact \u00e9conomique sont \u00e9galement r\u00e9alis\u00e9es le cas \u00e9ch\u00e9ant.<\/p>\n<p style=\"text-align: justify;\">Les r\u00e9sultats de ces \u00e9tudes sont port\u00e9s \u00e0 l\u2019attention du Conseil de Direction qui, si cela est n\u00e9cessaire, d\u00e9cide de constituer un Groupe d\u2019\u00e9tude ou de travail, compos\u00e9 d\u2019experts participant \u00e0 titre personnel.<\/p>\n<p style=\"text-align: justify;\">Pour les instruments de droit contraignant (<em>hard law<\/em>), le projet pr\u00e9par\u00e9 par le Groupe d\u2019\u00e9tude ou de travail est ensuite examin\u00e9 par un Comit\u00e9 d\u2019experts gouvernementaux (CEG), compos\u00e9 de repr\u00e9sentants des \u00c9tats membres d\u2019UNIDROIT et d\u2019observateurs (OIG, ONG et \u00c9tats non membres). Une fois que le CEG a termin\u00e9 ses travaux, un \u00c9tat membre d\u2019UNIDROIT convoque une Conf\u00e9rence diplomatique pour l\u2019adoption de la Convention ou du Protocole. En revanche, les principes et\/ou les guides juridiques sont adopt\u00e9s par le Conseil de Direction, apr\u00e8s avoir fait l\u2019objet de consultations approfondies.<\/p>\n<p>[\/vc_column_text][\/vc_column][\/vc_row][vc_row][vc_column][vc_column_text]<\/p>\n<p>[\/vc_column_text][\/vc_column][\/vc_row][vc_row equal_height=&#8221;yes&#8221;][vc_column width=&#8221;1\/2&#8243; css=&#8221;.vc_custom_1621244755570{padding-top: 30px !important;padding-right: 35px !important;padding-bottom: 35px !important;padding-left: 35px !important;background-color: #ffffff !important;}&#8221;]\t\t<div class=\"wh-content-box  scp_content_box-d41d8cd98f00b204e9800998ecf8427e\">\n\t\t\t\t\t\t\t\t\t\t\t\t[vc_column_text]<a href=\"https:\/\/www.unidroit.org\/work-in-progress\/reinsurance-contracts\/\">Contrats de reassurance<\/a>[\/vc_column_text][vc_separator css=&#8221;.vc_custom_1621244961390{padding-top: 15px !important;padding-bottom: 15px !important;}&#8221;][vc_column_text]<a href=\"https:\/\/www.unidroit.org\/fr\/travaux-en-cours\/contrats-investissement-upicc\/\">Contrats d&#8217;investissement et UPICC<\/a>[\/vc_column_text][vc_separator css=&#8221;.vc_custom_1621244961390{padding-top: 15px !important;padding-bottom: 15px !important;}&#8221;][vc_column_text]<a href=\"https:\/\/www.unidroit.org\/work-in-progress\/enforcement-best-practices\/\">Ex\u00e9cution: meilleures pratiques<\/a>[\/vc_column_text][vc_separator css=&#8221;.vc_custom_1621244961390{padding-top: 15px !important;padding-bottom: 15px !important;}&#8221;][vc_column_text css=&#8221;&#8221;]<a href=\"https:\/\/www.unidroit.org\/work-in-progress\/private-art-collections\/\">Les collections d&#8217;art priv\u00e9es &#8211; Biens orphelins<\/a>[\/vc_column_text][vc_separator css=&#8221;.vc_custom_1621244961390{padding-top: 15px !important;padding-bottom: 15px !important;}&#8221;][vc_column_text css=&#8221;&#8221;]<a href=\"https:\/\/www.unidroit.org\/fr\/travaux-en-cours\/nature-juridique-des-credits-carbone-verifies\/\">Cr\u00e9dits carbone v\u00e9rifi\u00e9s<\/a>[\/vc_column_text]\t\t<\/div>\n\t\t[\/vc_column][vc_column width=&#8221;1\/2&#8243; css=&#8221;.vc_custom_1491554183958{padding-top: 30px !important;padding-right: 0px !important;padding-bottom: 30px !important;padding-left: 0px !important;background-color: #ffffff !important;}&#8221; el_class=&#8221;wh-z-index-10&#8243;]\t\t<div class=\"wh-content-box  scp_content_box-d41d8cd98f00b204e9800998ecf8427e\">\n\t\t\t\t\t\t\t\t\t\t\t\t[vc_column_text]<a href=\"https:\/\/www.unidroit.org\/work-in-progress\/model-law-on-factoring-guide-to-enactment\/\">Loi type sur l\u2019affacturage &#8211; Guide pour l\u2019incorporation<\/a>[\/vc_column_text][vc_separator css=&#8221;.vc_custom_1621244961390{padding-top: 15px !important;padding-bottom: 15px !important;}&#8221;][vc_column_text]<a href=\"https:\/\/www.unidroit.org\/studies\/model-law-on-warehouse-receipts\/\">Loi type r\u00e9c\u00e9piss\u00e9s d\u2019entrep\u00f4t<\/a>[\/vc_column_text][vc_separator css=&#8221;.vc_custom_1621244961390{padding-top: 15px !important;padding-bottom: 15px !important;}&#8221;][vc_column_text]<a href=\"https:\/\/www.unidroit.org\/instruments\/security-interests\/rail-protocol\/prepcom\/\">Prot. ferroviaire &#8211; Comm. pr\u00e9p.<\/a>[\/vc_column_text][vc_separator css=&#8221;.vc_custom_1621244961390{padding-top: 15px !important;padding-bottom: 15px !important;}&#8221;][vc_column_text]<a href=\"https:\/\/www.unidroit.org\/work-in-progress\/mac-prepcom\/\">Protocole MAC &#8211; Comm. pr\u00e9p.<\/a>[\/vc_column_text][vc_separator css=&#8221;.vc_custom_1621244961390{padding-top: 15px !important;padding-bottom: 15px !important;}&#8221;][vc_column_text]<a href=\"https:\/\/www.unidroit.org\/work-in-progress\/space-prepcom\/\">Protocole spatial &#8211; Comm. pr\u00e9p.<\/a>[\/vc_column_text][vc_separator css=&#8221;.vc_custom_1621244961390{padding-top: 15px !important;padding-bottom: 15px !important;}&#8221;][vc_column_text]<a href=\"\/fr\/travaux-en-cours\/structure-jurid-agro-entreprises\/\">Structures juridiques collaboratives pour les agro-entreprises<\/a>[\/vc_column_text]\t\t<\/div>\n\t\t[\/vc_column][\/vc_row][vc_row][vc_column][vc_column_text][\/vc_column_text][\/vc_column][\/vc_row]<\/p>\n<\/div>","protected":false},"excerpt":{"rendered":"<p>[vc_row][vc_column css=&#8221;.vc_custom_1490017614850{margin-bottom: 30px !important;}&#8221;][vc_custom_heading text=&#8221;TRAVAUX EN COURS&#8221; font_container=&#8221;tag:h1|text_align:left&#8221; use_theme_fonts=&#8221;yes&#8221; css=&#8221;.vc_custom_1627902539320{margin-top: 0px !important;margin-bottom: 20px !important;}&#8221;][\/vc_column][\/vc_row][vc_row css=&#8221;.vc_custom_1622455036974{background-color: #f2f2f2 !important;}&#8221;][vc_column css=&#8221;.vc_custom_1490017614850{margin-bottom: 30px !important;}&#8221;][vc_column_text css=&#8221;.vc_custom_1631782271529{padding-right: 35px !important;padding-left: 35px !important;background-color: #f2f2f2 !important;}&#8221;] Une fois un sujet inscrit au Programme de travail d\u2019UNIDROIT, le Secr\u00e9tariat, assist\u00e9 d\u2019experts en la mati\u00e8re si&nbsp;<a href=\"https:\/\/www.unidroit.org\/fr\/travaux-en-cours\/\">&hellip;<\/a><\/p>\n","protected":false},"author":20,"featured_media":0,"parent":0,"menu_order":0,"comment_status":"closed","ping_status":"closed","template":"","meta":{"ep_exclude_from_search":false,"footnotes":""},"class_list":["post-5132","page","type-page","status-publish","format-standard","hentry","odd"],"_links":{"self":[{"href":"https:\/\/www.unidroit.org\/fr\/wp-json\/wp\/v2\/pages\/5132","targetHints":{"allow":["GET"]}}],"collection":[{"href":"https:\/\/www.unidroit.org\/fr\/wp-json\/wp\/v2\/pages"}],"about":[{"href":"https:\/\/www.unidroit.org\/fr\/wp-json\/wp\/v2\/types\/page"}],"author":[{"embeddable":true,"href":"https:\/\/www.unidroit.org\/fr\/wp-json\/wp\/v2\/users\/20"}],"replies":[{"embeddable":true,"href":"https:\/\/www.unidroit.org\/fr\/wp-json\/wp\/v2\/comments?post=5132"}],"version-history":[{"count":3,"href":"https:\/\/www.unidroit.org\/fr\/wp-json\/wp\/v2\/pages\/5132\/revisions"}],"predecessor-version":[{"id":39364,"href":"https:\/\/www.unidroit.org\/fr\/wp-json\/wp\/v2\/pages\/5132\/revisions\/39364"}],"wp:attachment":[{"href":"https:\/\/www.unidroit.org\/fr\/wp-json\/wp\/v2\/media?parent=5132"}],"curies":[{"name":"wp","href":"https:\/\/api.w.org\/{rel}","templated":true}]}}