{"id":5145,"date":"2021-08-02T12:43:54","date_gmt":"2021-08-02T12:43:54","guid":{"rendered":"https:\/\/www.unidroit.org\/?page_id=5145"},"modified":"2026-03-20T17:18:19","modified_gmt":"2026-03-20T16:18:19","slug":"les-collections-privees","status":"publish","type":"page","link":"https:\/\/www.unidroit.org\/fr\/travaux-en-cours\/les-collections-privees\/","title":{"rendered":"Les collections priv\u00e9es"},"content":{"rendered":"<div class=\"wpb-content-wrapper\"><p>[vc_row][vc_column css=&#8221;.vc_custom_1490017614850{margin-bottom: 30px !important;}&#8221;][vc_custom_heading text=&#8221;LES COLLECTIONS D&#8217;ART PRIV\u00c9ES &#8211; BIENS ORPHELINS&#8221; font_container=&#8221;tag:h1|text_align:left&#8221; use_theme_fonts=&#8221;yes&#8221; css=&#8221;.vc_custom_1773935685711{margin-top: 0px !important;margin-bottom: 20px !important;}&#8221;][vc_custom_heading text=&#8221;\u00c9TUDE LXX B &#8211; LES COLLECTIONS D&#8217;ART PRIV\u00c9ES &#8211; BIENS ORPHELINS&#8221; font_container=&#8221;tag:h4|text_align:left&#8221; use_theme_fonts=&#8221;yes&#8221; css=&#8221;&#8221;][\/vc_column][\/vc_row][vc_row css=&#8221;.vc_custom_1622455036974{background-color: #f2f2f2 !important;}&#8221;][vc_column css=&#8221;.vc_custom_1490017614850{margin-bottom: 30px !important;}&#8221;][vc_single_image image=&#8221;5147&#8243; img_size=&#8221;full&#8221; alignment=&#8221;center&#8221;][vc_empty_space height=&#8221;10px&#8221;][vc_column_text css=&#8221;&#8221;]<\/p>\n<p style=\"text-align: justify;\">Le Conseil de Direction d\u2019UNIDROIT a d\u00e9cid\u00e9 de recommander \u00e0 l\u2019Assembl\u00e9e G\u00e9n\u00e9rale d\u2019inclure le th\u00e8me des Collections d\u2019art priv\u00e9es dans le Programme de travail d\u2019UNIDROIT pour la p\u00e9riode triennale 2017-2019, et de lui accorder un faible niveau de priorit\u00e9. L\u2019Assembl\u00e9e G\u00e9n\u00e9rale a approuv\u00e9 cette recommandation \u00e0 sa 75\u00e8me session, le 1er d\u00e9cembre 2016.<br \/>\nCe th\u00e8me a ensuite \u00e9t\u00e9 maintenu au Programme de travail 2020-2022 avec une faible priorit\u00e9, ce qui a permis de poursuivre les recherches sur le sujet. UNIDROIT a poursuivi l\u2019examen de la question et la sensibilisation des collectionneurs priv\u00e9s \u00e0 l\u2019acquisition \u00e9thique.<\/p>\n<p style=\"text-align: justify;\">En f\u00e9vrier 2021, UNIDROIT a organis\u00e9 un colloque avec l\u2019Universit\u00e9 de Gen\u00e8ve et la Fondation Gandur pour l\u2019art \u00e0 Gen\u00e8ve, intitul\u00e9 \u00ab Quelles perspectives pour les \u2018\u0153uvres orphelines\u2019 ? R\u00e9flexions sur les biens culturels sans provenance \u00bb. Cette conf\u00e9rence a \u00e9t\u00e9 l\u2019occasion pour les collectionneurs, les galeristes, les avocats, les historiens, les arch\u00e9ologues, les universitaires et les mus\u00e9es de se r\u00e9unir virtuellement et de partager leurs id\u00e9es et leurs points de vue sur le d\u00e9bat sans cesse croissant autour des objets orphelins.<\/p>\n<p style=\"text-align: justify;\">Dans le cadre du nouveau Programme de travail pour la p\u00e9riode triennale 2023-2025, la cr\u00e9ation d\u2019un nouveau Groupe de travail charg\u00e9 de traiter les biens culturels orphelins a \u00e9t\u00e9 d\u00e9cid\u00e9e.<\/p>\n<p>[\/vc_column_text][\/vc_column][\/vc_row][vc_row][vc_column][vc_tta_accordion][vc_tta_section title=&#8221;HISTORIQUE DU PROJET&#8221; tab_id=&#8221;1724852467041-6b469044-714f&#8221;][vc_column_text css=&#8221;&#8221;]<\/p>\n<p style=\"text-align: justify;\"><strong>Programme de travail 2017-2019<\/strong><br \/>\nSuite \u00e0 une proposition de travail sur les questions juridiques li\u00e9es aux collections d\u2019art priv\u00e9es par la Mission permanente du Mexique aupr\u00e8s des organisations internationales ayant leur si\u00e8ge \u00e0 Rome transmise au Secr\u00e9tariat, le Conseil de Direction a d\u00e9cid\u00e9 de recommander que ce sujet soit inclus dans le Programme de travail d\u2019UNIDROIT pour la p\u00e9riode triennale 2017-2019 par l\u2019Assembl\u00e9e G\u00e9n\u00e9rale, et de lui attribuer un faible niveau de priorit\u00e9. L\u2019Assembl\u00e9e G\u00e9n\u00e9rale a approuv\u00e9 cette recommandation \u00e0 sa 75\u00e8me session, le 1er d\u00e9cembre 2016.<\/p>\n<p style=\"text-align: justify;\">UNIDROIT a \u00e9tudi\u00e9 les mesures \u00e0 prendre en ce qui concerne les questions juridiques li\u00e9es aux collections d\u2019art priv\u00e9es, sur recommandation du Conseil de Direction et avec l\u2019intention de s\u2019assurer que toute activit\u00e9 serait compatible avec son mandat et avec les dispositions de <a href=\"https:\/\/www.unidroit.org\/fr\/instruments\/biens-culturels\/convention-de-1995\/\">Convention d\u2019UNIDROIT de 1995 sur les biens culturels vol\u00e9s ou illicitement export\u00e9s<\/a> et d\u2019autres travaux et instruments pertinents dans son domaine.<\/p>\n<p style=\"text-align: justify;\">Plusieurs conf\u00e9rences ont \u00e9t\u00e9 organis\u00e9es pour discuter de la question des collections d\u2019art priv\u00e9es:<\/p>\n<p style=\"text-align: justify; padding-left: 40px;\">\u00ab\u00a0<a href=\"https:\/\/sirdpa.hypotheses.org\/184\" target=\"_blank\" rel=\"noopener\">Collections priv\u00e9es: perspectives historiques et juridiques<\/a> \u00bb accueilli par UNIDROIT \u00e0 Rome en mars 2017. La conf\u00e9rence a \u00e9t\u00e9 co-organis\u00e9e avec la Soci\u00e9t\u00e9 internationale pour la recherche sur le droit du patrimoine culturel et le droit de l\u2019art (ISCHAL), l\u2019Institut des sciences sociales du politique (CNRS-ENS Cachan-Universit\u00e9 Paris-Nanterre) et le cabinet d\u2019avocats BonelliErede. La professeure Elina Moustaira, professeur de droit compar\u00e9 \u00e0 la Facult\u00e9 de droit de l\u2019Universit\u00e9 nationale et capodistrienne d\u2019Ath\u00e8nes, a \u00e9t\u00e9 invit\u00e9e \u00e0 faire une pr\u00e9sentation et \u00e0 partager un document indiquant les aspects de droit priv\u00e9 sur lesquels l\u2019expertise particuli\u00e8re d\u2019UNIDROIT serait un atout, qui a \u00e9t\u00e9 soumis au Conseil de Direction en mai 2017.<\/p>\n<p style=\"text-align: justify; padding-left: 40px;\">\u00ab <a href=\"https:\/\/sirdpa.hypotheses.org\/209\" target=\"_blank\" rel=\"noopener\">Provenance des objets culturels <\/a>\u00bb organis\u00e9e par l\u2019ISCHAL \u00e0 Gen\u00e8ve en mars 2018, qui a consacr\u00e9 une session \u00e0 la provenance des collections avec la participation d\u2019avocats, de directeurs de mus\u00e9es et de collectionneurs.<\/p>\n<p style=\"text-align: justify; padding-left: 40px;\">En juin 2019, UNIDROIT, l\u2019Universit\u00e9 de Gdansk et l\u2019Universit\u00e9 d\u2019Opole (Chaire UNESCO en droit des biens culturels) \u2013 avec le soutien de l\u2019ISCHAL \u2013 ont organis\u00e9 un <a href=\"https:\/\/www.unidroit.org\/fr\/unidroit-co-organise-les-conferences-internationales-sur-la-protection-du-patrimoine-culturel-gdansk-pologne\/\">symposium<\/a> \u00e0 Gdansk qui s\u2019est concentr\u00e9 sur une journ\u00e9e enti\u00e8re consacr\u00e9e aux collections d\u2019art priv\u00e9es.<\/p>\n<p><strong>Programme de travail 2020-2022<\/strong><\/p>\n<p style=\"text-align: justify;\">En f\u00e9vrier 2021, UNIDROIT, le <a href=\"https:\/\/art-law.org\/\" target=\"_blank\" rel=\"noopener\">Centre du droit de l\u2019art (ALC) de l\u2019Universit\u00e9 de Gen\u00e8ve<\/a> (membre institutionnel du <a href=\"https:\/\/1995unidroitcap.org\/\" target=\"_blank\" rel=\"noopener\">projet acad\u00e9mique UCAP<\/a>) et la <a href=\"https:\/\/www.fg-art.org\/\" target=\"_blank\" rel=\"noopener\">Fondation Gandur pour l\u2019Art (FGA)<\/a> ont organis\u00e9 \u00e0 Gen\u00e8ve un colloque sur le th\u00e8me des \u00ab \u0152uvres orphelines \u00bb en r\u00e9ponse \u00e0 l\u2019int\u00e9r\u00eat croissant pour la question des objets arch\u00e9ologiques et ethnographiques \u2013 et, plus largement, des \u0153uvres d\u2019art \u2013 dont la provenance est incompl\u00e8te ou inexistante. Cette conf\u00e9rence, \u00ab <a href=\"https:\/\/www.unidroit.org\/fr\/unidroit-et-partenaires-organisent-un-colloque-international-sur-les-oeuvres-orphelines-fevrier-2021\/\">Quel avenir pour les \u2018\u0153uvres orphelines\u2019 ? R\u00e9flexions sur les biens culturels sans provenance<\/a> \u00bb a permis \u00e0 des collectionneurs, des galeristes, des avocats, des historiens, des arch\u00e9ologues, des universitaires et des mus\u00e9es de se r\u00e9unir virtuellement et de partager leurs id\u00e9es et leurs points de vue sur le d\u00e9bat sans cesse croissant autour des objets orphelins (voir <a href=\"https:\/\/mediaserver.unige.ch\/collection\/VN4-157c-2020-2021-A\" target=\"_blank\" rel=\"noopener\">vid\u00e9o<\/a>). Plusieurs th\u00e8mes ont \u00e9t\u00e9 retenus pour \u00eatre d\u00e9velopp\u00e9s. Il s\u2019agit notamment de la d\u00e9finition pratique des objets orphelins; le r\u00f4le de la recherche de provenance; le statut juridique des objets orphelins dans les collections d\u2019art; la d\u00e9finition de la due diligence dans l\u2019acquisition d\u2019un objet orphelin; la question de la preuve; le r\u00f4le des bases de donn\u00e9es; la prescription des r\u00e9clamations concernant les objets orphelins; la restitution d\u2019un objet orphelin.<\/p>\n<p style=\"text-align: justify;\">En mars 2022, UNIDROIT, le Centre du droit de l\u2019art de l\u2019Universit\u00e9 de Gen\u00e8ve et la Fondation Gandur pour l\u2019Art ont \u00e9t\u00e9 invit\u00e9s \u00e0 une conf\u00e9rence intitul\u00e9e \u00ab Diligence requise, bases de donn\u00e9es num\u00e9riques et droit et politique des biens culturels \u00bb par la Facult\u00e9 de droit Harry Radzyner de l\u2019Universit\u00e9 Reichman \u00e0 Herzliya (membre institutionnel de l\u2019UCAP). La conf\u00e9rence comportait un panel sp\u00e9cifique sur le th\u00e8me des objets orphelins. Un autre \u00e9v\u00e9nement a \u00e9t\u00e9 organis\u00e9 au Mus\u00e9e d\u2019art de Tel Aviv intitul\u00e9 \u00ab Ce que les mus\u00e9es et les collectionneurs devraient savoir sur la provenance et la diligence raisonnable : une perspective internationale \u00bb.<\/p>\n<p style=\"text-align: justify;\">Enfin, M. Jorge S\u00e1nchez Cordero, membre du Conseil de Direction d\u2019UNIDROIT, a invit\u00e9 UNIDROIT \u00e0 pr\u00e9senter le projet sur les collections d\u2019art priv\u00e9es lors d\u2019une conf\u00e9rence sur \u00abCulture et droit\u00bb organis\u00e9e par l\u2019Acad\u00e9mie internationale de droit compar\u00e9 et le Centro Mexicano de Derecho Uniforme, qui s\u2019est tenue les 21 et 22 avril 2022 \u00e0 Mexico.<\/p>\n<p>Un Groupe de travail exploratoire s\u2019est r\u00e9uni en septembre 2022 (voir ci-dessous).<\/p>\n<p style=\"text-align: justify;\"><strong>Programme de travail 2023-2025<\/strong><br \/>\nSur proposition du Secr\u00e9tariat, approuv\u00e9e par le Conseil de Direction en 2022, l\u2019Assembl\u00e9e G\u00e9n\u00e9rale a \u00e9lev\u00e9 le niveau de priorit\u00e9 accord\u00e9 au projet ax\u00e9 sur les biens culturels orphelins \u00e0 \u2018priorit\u00e9 moyenne\u2019 dans le nouveau Programme de travail 2023-2025 , ce qui a permis de constituer un Groupe de travail, avec nos partenaires sur ce projet (Centre du droit de l\u2019art de l\u2019Universit\u00e9 de Gen\u00e8ve et Fondation Gandur pour l\u2019Art).<\/p>\n<p>[\/vc_column_text][\/vc_tta_section][vc_tta_section title=&#8221;SITUATION ACTUELLE&#8221; tab_id=&#8221;1724852467126-fcc74f68-8d57&#8243;][vc_column_text css=&#8221;&#8221;]<img loading=\"lazy\" decoding=\"async\" class=\"size-medium wp-image-26305 aligncenter\" src=\"https:\/\/www.unidroit.org\/wp-content\/uploads\/2024\/04\/Logo-Orphan-objects-185x136.jpg\" alt=\"\" width=\"185\" height=\"136\" \/><\/p>\n<p style=\"text-align: justify;\"><strong>Biens orphelins<\/strong><br \/>\nLes biens culturels orphelins sont des mat\u00e9riaux artistiques, arch\u00e9ologiques ou ethnographiques dont la provenance n\u2019est pas compl\u00e8te. Les objets peuvent devenir orphelins pour diff\u00e9rentes raisons, licites ou illicites, tels que le vol, les fouilles ou l\u2019exportation ill\u00e9gales, les guerres, les pers\u00e9cutions ethniques, la domination coloniale pass\u00e9e, le passage du temps ou la mauvaise tenue des registres. Sans preuve d\u2019une provenance juridiquement solide, l\u2019acquisition ou la cession d\u2019un objet orphelin pr\u00e9sente un risque \u00e9thique et juridique.<\/p>\n<p style=\"text-align: justify;\">La notion de bien orphelin n\u2019est pas propre au droit des biens culturels. Un concept similaire existe dans le droit de la propri\u00e9t\u00e9 intellectuelle, en particulier le droit d\u2019auteur, pour d\u00e9signer les \u0153uvres dont l\u2019auteur est inconnu. En droit des biens culturels, il s\u2019agit d\u2019une question d\u2019histoire de la propri\u00e9t\u00e9 par opposition \u00e0 celle de la cr\u00e9ation, mais la question centrale &#8211; qui poss\u00e8de quoi et comment \u00e9tablir cette propri\u00e9t\u00e9 &#8211; reste la m\u00eame.<\/p>\n<p style=\"text-align: justify;\">UNIDROIT a identifi\u00e9 un int\u00e9r\u00eat croissant pour les questions juridiques entourant les biens orphelins. Toute acquisition de biens culturels doit \u00eatre faite conform\u00e9ment aux lois nationales et aux conventions internationales. Mais que peut-on faire avec des \u0153uvres qui n\u2019ont pas de documentation ? Que se passe-t-il si les d\u00e9tenteurs de ces biens souhaitent les d\u00e9placer, les vendre ou les pr\u00eater ? De nombreux collectionneurs et marchands pr\u00e9f\u00e8rent \u00e9viter les probl\u00e8mes potentiels en proposant des solutions discr\u00e8tes, principalement la vente priv\u00e9e, ce qui favorise le march\u00e9 clandestin et se traduit par une absence totale de transparence pr\u00e9judiciable \u00e0 la pr\u00e9servation des objets et du secteur dans son ensemble.<\/p>\n<p>&nbsp;<\/p>\n<p><strong>Le Groupe d\u2019experts exploratoire<\/strong><\/p>\n<ul>\n<li><strong>Premi\u00e8re r\u00e9union du Groupe d\u2019experts exploratoire<\/strong><\/li>\n<\/ul>\n<p style=\"text-align: justify;\">Le Secr\u00e9tariat d\u2019UNIDROIT, ayant identifi\u00e9 le sujet des biens orphelins comme \u00e9tant au centre du projet, et en attendant que l\u2019Assembl\u00e9e G\u00e9n\u00e9rale n\u2019augmente la priorit\u00e9 du sujet afin d\u2019obtenir un financement, un Groupe d\u2019experts exploratoire a \u00e9t\u00e9 convoqu\u00e9 le 12 septembre 2022 pour une discussion pr\u00e9liminaire sur des sujets s\u00e9lectionn\u00e9s. La r\u00e9union s\u2019est tenue dans un format hybride, \u00e0 Gen\u00e8ve et en ligne.<br \/>\nL\u2019objectif de la r\u00e9union \u00e9tait d\u2019initier une discussion entre des juristes, mais aussi des repr\u00e9sentants du march\u00e9 de l\u2019art et de la communaut\u00e9 mus\u00e9ale, sur un certain nombre de questions pertinentes s\u00e9lectionn\u00e9es (y compris, entre autres, la port\u00e9e du projet, les d\u00e9finitions, le r\u00f4le de la recherche de provenance, le statut juridique des \u0153uvres orphelines dans les collections d\u2019art \u2013 priv\u00e9es ou publiques -, les diligences requises lors de l\u2019acquisition d\u2019une \u0153uvre orpheline, les questions de preuve et le r\u00f4le des bases de donn\u00e9es).<\/p>\n<p style=\"padding-left: 40px;\"><a href=\"https:\/\/www.unidroit.org\/wp-content\/uploads\/2023\/02\/Report-1st-EEG.pdf\">Rapport de synth\u00e8se<\/a> (en anglais)<\/p>\n<ul>\n<li><strong>R\u00e9union du sous-groupe sur les d\u00e9finitions<\/strong><\/li>\n<\/ul>\n<p style=\"text-align: justify;\">Un sous-groupe informel s\u2019est r\u00e9uni \u00e0 Rome au si\u00e8ge d\u2019UNIDROIT (et en ligne) le 3 mars 2023, mod\u00e9r\u00e9 par le Prof. Marc-Andr\u00e9 Renold (Centre du droit de l\u2019art, Universit\u00e9 de Gen\u00e8ve), pour discuter de la question de la d\u00e9finition des \u00ab biens orphelins \u00bb.<\/p>\n<p style=\"padding-left: 40px;\"><a href=\"https:\/\/www.unidroit.org\/wp-content\/uploads\/2024\/04\/Report-Meeting-Definition-Orphan-Objects-3-March-2023.pdf\">Rapport de synth\u00e8se<\/a> (en anglais)<\/p>\n<ul>\n<li><strong>Deuxi\u00e8me r\u00e9union du Groupe d\u2019experts exploratoire<\/strong><\/li>\n<\/ul>\n<p style=\"text-align: justify;\">La deuxi\u00e8me r\u00e9union du groupe d\u2019experts exploratoire s\u2019est tenue \u00e0 Rome (et en ligne) les 29 et 30 mars 2023. Le Groupe a discut\u00e9 de la d\u00e9finition propos\u00e9e par le sous-groupe ainsi que des rapports pr\u00e9sent\u00e9s par deux groupes de parties prenantes (les collectionneurs et le march\u00e9 de l\u2019art).<\/p>\n<p style=\"padding-left: 40px;\"><a href=\"https:\/\/www.unidroit.org\/wp-content\/uploads\/2024\/04\/Report-Meeting-29-30-March-2023-Orphan-objects-.pdf\">Rapport de synth\u00e8se<\/a> (en anglais)<\/p>\n<p><strong>Le Groupe de travail<\/strong><br \/>\n<strong>La premi\u00e8re r\u00e9union du Groupe de travail a eu lieu les 2 et 3 mai 2024 \u00e0 Rome.<\/strong><\/p>\n<ul style=\"list-style-type: circle;\">\n<li><a href=\"https:\/\/www.unidroit.org\/wp-content\/uploads\/2024\/05\/W.G.-1-Doc.-1-Annotated-draft-agenda.pdf\">Study S70B \u2013 W.G.1 \u2013 Doc. 1 <\/a> : Projet d\u2019ordre du jour annot\u00e9 (en anglais)<\/li>\n<li><a href=\"https:\/\/www.unidroit.org\/wp-content\/uploads\/2024\/08\/W.G.-1-Doc.-2-Issues-Paper-May-2024.pdf\">Study S70B \u2013 W.G.1 \u2013 Doc 2 <\/a>: Document de r\u00e9flexion (en anglais)<\/li>\n<li><a href=\"https:\/\/www.unidroit.org\/wp-content\/uploads\/2024\/08\/Summary-Report-First-session-Working-Group-Orphan-objects-.pdf\">Study S70B \u2013 W.G.1 \u2013 Doc 3 <\/a> : Rapport de synth\u00e8se (en anglais)<\/li>\n<\/ul>\n<p><strong>La deuxi\u00e8me r\u00e9union du Groupe de travail a eu lieu du 11 au 13 d\u00e9cembre 2024 \u00e0 Rome.<\/strong><\/p>\n<ul>\n<li><a href=\"https:\/\/www.unidroit.org\/wp-content\/uploads\/2024\/12\/W.G.-2-Doc-1-Annotated-draft-agenda.pdf\" target=\"_blank\" rel=\"noopener\">Study LXXB \u2013 W.G.2 \u2013 Doc. 1<\/a>: Annotated draft agenda (en anglais)<\/li>\n<li><a href=\"https:\/\/www.unidroit.org\/wp-content\/uploads\/2024\/12\/W.G.-2-Doc.-2-Preliminary-draft-Guidelines-.pdf\" target=\"_blank\" rel=\"noopener\">Study LXXB \u2013 W.G.2 \u2013 Doc. 2<\/a>: Preliminary draft Guidelines (en anglais)<\/li>\n<li><a href=\"https:\/\/www.unidroit.org\/wp-content\/uploads\/2024\/12\/W.G.-2-Doc.-3-Working-Note-on-the-different-types-of-orphan-cultural-objects.pdf\" target=\"_blank\" rel=\"noopener\">Study LXXB \u2013 W.G.2 \u2013 Doc. 3<\/a>: Working Note on the different types of orphan cultural objects (en anglais)<\/li>\n<li>Study LXXB \u2013 W.G.2 \u2013 Doc. 4: China\u2019s Legal Response To Orphan Cultural Relics (en anglais)<\/li>\n<li><a href=\"https:\/\/www.unidroit.org\/wp-content\/uploads\/2025\/02\/W.G.-2-Doc.-5-Summary-report.pdf\" target=\"_blank\" rel=\"noopener\">Study LXXB \u2013 W.G.2 \u2013 Doc. 5<\/a>: Summary Report (en anglais)<\/li>\n<\/ul>\n<p><strong>La troisi\u00e8me r\u00e9union du Groupe de travail a eu lieu du 17 au 19 mars 2025 \u00e0 Rome.<\/strong><\/p>\n<ul>\n<li><a href=\"https:\/\/www.unidroit.org\/wp-content\/uploads\/2025\/03\/W.G.-3-Doc-1-Annotated-draft-agenda.pdf\" target=\"_blank\" rel=\"noopener\">Study LXXB &#8211; W.G.3 &#8211; Doc. 1<\/a>: Annotated draft agenda (en anglais)<\/li>\n<li><a href=\"https:\/\/www.unidroit.org\/wp-content\/uploads\/2025\/03\/W.G.-3-Doc.-2-Preliminary-draft-Guidelines-reports-Sub-groups-FINAL.pdf\">Study LXXB &#8211; W.G.3 &#8211; Doc. 2<\/a>: Preliminary draft Guidelines &#8211; Reports Sub-groups (en anglais)<\/li>\n<li>S<a href=\"https:\/\/www.unidroit.org\/wp-content\/uploads\/2025\/11\/W.G.-3-Doc.-4-Summary-Report.pdf\">tudy LXXB &#8211; W.G.3 &#8211; Doc. 4<\/a>: Summary report (en anglais)<\/li>\n<\/ul>\n<p><strong>La quatri\u00e8me<\/strong><strong> r\u00e9union du Groupe de travail a eu lieu du 1er au 3 d\u00e9cembre 2025 \u00e0 Rome.<\/strong><\/p>\n<ul>\n<li><a href=\"https:\/\/www.unidroit.org\/wp-content\/uploads\/2026\/01\/W.G.-4-Doc-1-rev-Annotated-draft-agenda-REV.pdf\">Study LXXB &#8211; W.G.4 &#8211; Doc. 1 rev.<\/a>: Annotated draft agenda (en anglais)<\/li>\n<li><a href=\"https:\/\/www.unidroit.org\/wp-content\/uploads\/2026\/01\/W.G.-4-Doc-2-rev-Research-symposium-on-orphan-objects-Concept-Note-and-Programme.pdf\">Study LXXB &#8211; W.G.4 &#8211; Doc. 2\u00a0rev<\/a>: Research symposium on orphan objects -Concept Note and Programme Preliminary draft Guidelines<\/li>\n<li><a href=\"https:\/\/www.unidroit.org\/wp-content\/uploads\/2026\/01\/W.G.-4-Doc-6-Current-status-on-key-issues.pdf\">Study LXXB &#8211; W.G. 4 &#8211; Doc. 6<\/a>: Current status on key issues (en anglais)<\/li>\n<li><a href=\"https:\/\/www.unidroit.org\/wp-content\/uploads\/2026\/01\/W.G.-4-Doc.-7-Proposed-Guideline-on-the-Publication-of-an-orphan-object.pdf\">Study LXXB &#8211; W.G. 4 &#8211; Doc. 7<\/a>: Proposed Guideline on the Publication of an orphan object (en anglais)<\/li>\n<li><a href=\"https:\/\/www.unidroit.org\/wp-content\/uploads\/2026\/03\/Study-LXXB-WG4-Doc-8-Summary-report.pdf\">Study LXXB &#8211; W.G.4 &#8211; Doc. 8<\/a>: Summary Report (en anglais)<\/li>\n<\/ul>\n<p><strong>La cinqui\u00e8me r\u00e9union du u Groupe de travail aura lieu du 23 au 25 mars 2026 \u00e0 Rome.<\/strong><\/p>\n<ul>\n<li><a href=\"https:\/\/www.unidroit.org\/wp-content\/uploads\/2026\/03\/Study-LXXB-W.G.-5-Doc-1-rev.2-Annotated-draft-agenda.pdf\">Study LXXB &#8211; W.G.5 &#8211; Doc. 1 rev.2<\/a>:\u00a0Revised annotated draft agenda (en anglais)<\/li>\n<li><a href=\"https:\/\/www.unidroit.org\/wp-content\/uploads\/2026\/03\/SLXXB-W.G.5-Doc.-2.pdf\">Study LXXV &#8211; W.G.5 &#8211; Doc. 2<\/a>: Report on the intersessional work in Sub-Groups (en anglais)<\/li>\n<\/ul>\n<p>[\/vc_column_text][\/vc_tta_section][\/vc_tta_accordion][\/vc_column][\/vc_row]<\/p>\n<\/div>","protected":false},"excerpt":{"rendered":"<p>[vc_row][vc_column css=&#8221;.vc_custom_1490017614850{margin-bottom: 30px !important;}&#8221;][vc_custom_heading text=&#8221;LES COLLECTIONS D&#8217;ART PRIV\u00c9ES &#8211; BIENS ORPHELINS&#8221; font_container=&#8221;tag:h1|text_align:left&#8221; use_theme_fonts=&#8221;yes&#8221; css=&#8221;.vc_custom_1773935685711{margin-top: 0px !important;margin-bottom: 20px !important;}&#8221;][vc_custom_heading text=&#8221;\u00c9TUDE LXX B &#8211; LES COLLECTIONS D&#8217;ART PRIV\u00c9ES &#8211; BIENS ORPHELINS&#8221; font_container=&#8221;tag:h4|text_align:left&#8221; use_theme_fonts=&#8221;yes&#8221; css=&#8221;&#8221;][\/vc_column][\/vc_row][vc_row css=&#8221;.vc_custom_1622455036974{background-color: #f2f2f2 !important;}&#8221;][vc_column css=&#8221;.vc_custom_1490017614850{margin-bottom: 30px !important;}&#8221;][vc_single_image image=&#8221;5147&#8243; img_size=&#8221;full&#8221; alignment=&#8221;center&#8221;][vc_empty_space height=&#8221;10px&#8221;][vc_column_text css=&#8221;&#8221;] Le Conseil&nbsp;<a href=\"https:\/\/www.unidroit.org\/fr\/travaux-en-cours\/les-collections-privees\/\">&hellip;<\/a><\/p>\n","protected":false},"author":20,"featured_media":0,"parent":5132,"menu_order":0,"comment_status":"closed","ping_status":"closed","template":"","meta":{"ep_exclude_from_search":false,"footnotes":""},"class_list":["post-5145","page","type-page","status-publish","format-standard","hentry","odd"],"_links":{"self":[{"href":"https:\/\/www.unidroit.org\/fr\/wp-json\/wp\/v2\/pages\/5145","targetHints":{"allow":["GET"]}}],"collection":[{"href":"https:\/\/www.unidroit.org\/fr\/wp-json\/wp\/v2\/pages"}],"about":[{"href":"https:\/\/www.unidroit.org\/fr\/wp-json\/wp\/v2\/types\/page"}],"author":[{"embeddable":true,"href":"https:\/\/www.unidroit.org\/fr\/wp-json\/wp\/v2\/users\/20"}],"replies":[{"embeddable":true,"href":"https:\/\/www.unidroit.org\/fr\/wp-json\/wp\/v2\/comments?post=5145"}],"version-history":[{"count":19,"href":"https:\/\/www.unidroit.org\/fr\/wp-json\/wp\/v2\/pages\/5145\/revisions"}],"predecessor-version":[{"id":39439,"href":"https:\/\/www.unidroit.org\/fr\/wp-json\/wp\/v2\/pages\/5145\/revisions\/39439"}],"up":[{"embeddable":true,"href":"https:\/\/www.unidroit.org\/fr\/wp-json\/wp\/v2\/pages\/5132"}],"wp:attachment":[{"href":"https:\/\/www.unidroit.org\/fr\/wp-json\/wp\/v2\/media?parent=5145"}],"curies":[{"name":"wp","href":"https:\/\/api.w.org\/{rel}","templated":true}]}}