{"id":5161,"date":"2021-08-02T18:36:22","date_gmt":"2021-08-02T18:36:22","guid":{"rendered":"https:\/\/www.unidroit.org\/?page_id=5161"},"modified":"2024-08-13T11:43:37","modified_gmt":"2024-08-13T09:43:37","slug":"protocole-mac-comm-prep","status":"publish","type":"page","link":"https:\/\/www.unidroit.org\/fr\/travaux-en-cours\/protocole-mac-comm-prep\/","title":{"rendered":"Protocole MAC &#8211; Comm. pr\u00e9p."},"content":{"rendered":"<div class=\"wpb-content-wrapper\"><p>[vc_row][vc_column css=&#8221;.vc_custom_1490017614850{margin-bottom: 30px !important;}&#8221;][vc_custom_heading text=&#8221;PROTOCOLE MAC&#8221; font_container=&#8221;tag:h1|text_align:left&#8221; use_theme_fonts=&#8221;yes&#8221; css=&#8221;.vc_custom_1627929340574{margin-top: 0px !important;margin-bottom: 20px !important;}&#8221;][vc_custom_heading text=&#8221;COMMISSION PR\u00c9PARATOIRE&#8221; font_container=&#8221;tag:h4|text_align:left&#8221; use_theme_fonts=&#8221;yes&#8221;][\/vc_column][\/vc_row][vc_row css=&#8221;.vc_custom_1622455036974{background-color: #f2f2f2 !important;}&#8221;][vc_column css=&#8221;.vc_custom_1490017614850{margin-bottom: 30px !important;}&#8221;][vc_column_text css=&#8221;.vc_custom_1647953377980{padding-right: 35px !important;padding-left: 35px !important;background-color: #f2f2f2 !important;}&#8221;]<strong>Commission pr\u00e9paratoire (Protocole MAC)<\/strong><\/p>\n<p style=\"text-align: justify;\">Conform\u00e9ment \u00e0 la\u00a0<a href=\"https:\/\/www.unidroit.org\/french\/conventions\/mobile-equipment\/conference2019-mac\/conferencedocuments\/191122-ctc-mac-resol-01-f.pdf\">R\u00e9solution 1<\/a>\u00a0de la Conf\u00e9rence diplomatique pour l\u2019adoption du Protocole portant sur les questions sp\u00e9cifiques aux mat\u00e9riels d\u2019\u00e9quipement miniers, agricoles et de construction \u00e0 la Convention relative aux garanties internationales portant sur des mat\u00e9riels d\u2019\u00e9quipement mobiles (Pretoria, 11 \u2013 22 novembre 2019), une Commission pr\u00e9paratoire a \u00e9t\u00e9 \u00e9tablie pour faire fonction d\u2019Autorit\u00e9 provisoire de surveillance en attendant l\u2019entr\u00e9e en vigueur du Protocole. La Commission pr\u00e9paratoire op\u00e8re sous la direction de l\u2019Assembl\u00e9e G\u00e9n\u00e9rale d\u2019UNIDROIT.<\/p>\n<p>[\/vc_column_text][vc_single_image image=&#8221;5163&#8243; img_size=&#8221;full&#8221; alignment=&#8221;center&#8221;][vc_column_text css=&#8221;.vc_custom_1723542375599{padding-right: 35px !important;padding-left: 35px !important;background-color: #f2f2f2 !important;}&#8221;]La Commission pr\u00e9paratoire a trois t\u00e2ches fondamentales:<\/p>\n<p>a) S\u00e9lectionner un Conservateur pour mettre en \u0153uvre le Registre international du<br \/>\nProtocole MAC<br \/>\nb) \u0152uvrer \u00e0 l\u2019\u00e9tablissement d\u2019une Autorit\u00e9 de surveillance<br \/>\nc) Pr\u00e9parer la premi\u00e8re publication des R\u00e8glements du Registre international<\/p>\n<p style=\"text-align: justify;\">Habituellement, la Commission pr\u00e9paratoire joue \u00e9galement un r\u00f4le important en encourageant les \u00c9tats \u00e0 signer, ratifier et appliquer le Protocole.<\/p>\n<p><strong>Les R\u00e8gles de proc\u00e9dure de la Commission pr\u00e9paratoire sont <a href=\"https:\/\/www.unidroit.org\/wp-content\/uploads\/2024\/08\/MACPC-Regles-de-procedure-revisees-juin-2024.pdf\" target=\"_blank\" rel=\"noopener\">disponibles ici<\/a>.<\/strong><\/p>\n<p>&nbsp;<\/p>\n<p><strong>Premi\u00e8re session de la Commission pr\u00e9paratoire<\/strong><\/p>\n<p style=\"text-align: justify;\">La premi\u00e8re session de la Commission pr\u00e9paratoire a eu lieu par vid\u00e9oconf\u00e9rence les 21 et 22 mai 2020. Elle a r\u00e9uni 38 participants de huit \u00c9tats membres de la Commission. Ont \u00e9galement particip\u00e9 en qualit\u00e9 d\u2019observateur, un \u00c9tat, une organisation d\u2019int\u00e9gration \u00e9conomique r\u00e9gionale et trois organisations ainsi que des observateurs <em>ex officio<\/em> de la Conf\u00e9rence diplomatique.<\/p>\n<p style=\"text-align: justify;\">Lors de sa premi\u00e8re session, la Commission pr\u00e9paratoire a n\u00e9goci\u00e9 et adopt\u00e9 le R\u00e8glement int\u00e9rieur et a examin\u00e9 plusieurs questions li\u00e9es au futur fonctionnement du Registre international. La Commission a \u00e9galement \u00e9tabli un Groupe de travail charg\u00e9 de r\u00e9diger un appel d\u2019offres pour la s\u00e9lection d\u2019un Conservateur (le Groupe de travail sur le Conservateur), ainsi qu\u2019un Groupe de travail charg\u00e9 d\u2019\u00e9laborer un projet de R\u00e8glement pour le Registre international (le Groupe de travail sur le R\u00e8glement). Enfin, la Commission a prolong\u00e9 le d\u00e9lai dont dispose la Soci\u00e9t\u00e9 financi\u00e8re internationale (SFI) pour accepter le r\u00f4le d\u2019Autorit\u00e9 de surveillance.<\/p>\n<p>Les documents de la premi\u00e8re session sont disponibles ci-dessous:<\/p>\n<ul>\n<li><a href=\"https:\/\/www.unidroit.org\/english\/documents\/2020\/mac\/pc-01\/mac-pc-01-01-e.pdf\">MACPC\/1\/Doc. 1<\/a>\u00a0\u2013 Annotated Draft Order of Business (en anglais seulement)<\/li>\n<li><a href=\"https:\/\/www.unidroit.org\/english\/documents\/2020\/mac\/pc-01\/mac-pc-01-02-e.pdf\">MACPC\/2\/Doc. 2<\/a>\u00a0\u2013 Provisional Rules of Procedure (en anglais seulement)<\/li>\n<li><a href=\"https:\/\/www.unidroit.org\/english\/documents\/2020\/mac\/pc-01\/mac-pc-01-03-e.pdf\">MACPC\/1\/Doc. 3<\/a>\u00a0\u2013 Preliminary Draft MAC Regulations (en anglais seulement)<\/li>\n<li><a href=\"https:\/\/www.unidroit.org\/english\/documents\/2020\/mac\/pc-01\/mac-pc-01-04-e.pdf\">MACPC\/1\/Doc. 4<\/a>\u00a0\u2013 Aircraft Registry Regulations (en anglais seulement)<\/li>\n<li><a href=\"https:\/\/www.unidroit.org\/english\/documents\/2020\/mac\/pc-01\/mac-pc-01-05-e.pdf\">MACPC\/1\/Doc. 5<\/a>\u00a0\u2013 Draft Rail Registry Regulations (en anglais seulement)<\/li>\n<li><a href=\"https:\/\/www.unidroit.org\/english\/documents\/2020\/mac\/pc-01\/mac-pc-01-06-e.pdf\">MACPC\/1\/Doc. 6<\/a>\u00a0\u2013 Draft Space Registry Regulations (en anglais seulement)<\/li>\n<li><a href=\"https:\/\/www.unidroit.org\/english\/documents\/2020\/mac\/pc-01\/mac-pc-01-07-e.pdf\">MACPC\/1\/Doc. 7<\/a>\u00a0\u2013 MAC Protocol (en anglais seulement)<\/li>\n<li><a href=\"https:\/\/www.unidroit.org\/english\/documents\/2020\/mac\/pc-01\/mac-pc-01-08-e.pdf\">MACPC\/1\/Doc. 8<\/a>\u00a0\u2013 MAC Diplomatic Conference Final Resolutions (en anglais seulement)<\/li>\n<li><a href=\"https:\/\/www.unidroit.org\/french\/documents\/2020\/mac\/pc-01\/mac-pc-01-09-f.pdf\">MACPC\/1\/Doc. 9<\/a>\u00a0\u2013 Rapport<\/li>\n<\/ul>\n<p>&nbsp;<\/p>\n<p><strong>Deuxi\u00e8me session de la Commission pr\u00e9paratoire<\/strong><\/p>\n<p>La deuxi\u00e8me session de la Commission pr\u00e9paratoire s\u2019est tenue les 10 et 11 d\u00e9cembre 2020.<\/p>\n<p>Les documents de la deuxi\u00e8me session sont disponibles ci-dessous:<\/p>\n<ul>\n<li><a href=\"https:\/\/www.unidroit.org\/french\/documents\/2020\/mac\/pc-02\/mac-pc-02-01-f.pdf\">MACPC\/2\/Doc. 1<\/a>\u00a0&#8211; Projet d\u2019ordre du jour annot\u00e9<\/li>\n<li><a href=\"https:\/\/www.unidroit.org\/french\/documents\/2020\/mac\/pc-02\/mac-pc-02-02-f.pdf\">MACPC\/2\/Doc. 2<\/a>\u00a0&#8211; R\u00e8gles de proc\u00e9dure<\/li>\n<li><a href=\"https:\/\/www.unidroit.org\/french\/documents\/2020\/mac\/pc-02\/mac-pc-02-03-f.pdf\">MACPC\/2\/Doc. 3\u00a0<\/a>&#8211; Etude sur les options pour l\u2019Autorit\u00e9 de surveillance<\/li>\n<li><a href=\"https:\/\/www.unidroit.org\/english\/documents\/2020\/mac\/pc-02\/mac-pc-02-04-e.pdf\">MACPC\/2\/Doc. 4<\/a>\u00a0&#8211; Draft Regulations (en anglais seulement)<\/li>\n<li><a href=\"https:\/\/www.unidroit.org\/english\/documents\/2020\/mac\/pc-02\/mac-pc-02-05-e.pdf\">MACPC\/2\/Doc. 5<\/a>\u00a0&#8211; Note on Registration Criteria (en anglais seulement)<\/li>\n<li><a href=\"https:\/\/www.unidroit.org\/french\/documents\/2021\/mac\/pc-rwg\/mac-pc-rwg-02-06-f.pdf\">MACPC\/2\/Doc. 6<\/a>\u00a0&#8211; Rapport<\/li>\n<li><a href=\"https:\/\/www.unidroit.org\/french\/documents\/2021\/mac\/pc02\/mac-pc02-07-f.pdf\">MACPC\/2\/Doc. 7<\/a>\u00a0&#8211; Recherche sur l\u2019OMC et la AMGI<\/li>\n<li><a href=\"https:\/\/www.unidroit.org\/french\/documents\/2021\/mac\/pc02\/mac-pc02-08-f.pdf\">MACPC\/2\/Doc. 8<\/a> &#8211; Mise \u00e0 jour sur le processus de nomination d\u2019une Autorit\u00e9 de\u00a0surveillance<\/li>\n<\/ul>\n<p>[Documents connexes:<\/p>\n<ul>\n<li><a href=\"https:\/\/www.unidroit.org\/french\/documents\/2020\/mac\/pc-rwg\/mac-pc-rwg-01-03-f.pdf\">MACPC\/R\u00e8glement\/W.G.\/1\/Doc. 3<\/a>\u00a0\u2013 Rapport sommaire de la premi\u00e8re session du Groupe de travail sur le R\u00e8glement;<\/li>\n<li><a href=\"https:\/\/www.unidroit.org\/english\/documents\/2020\/mac\/pc-rwg\/mac-pc-rwg-02-04.pdf\">MACPC\/Regulations\/W.G.\/2\/Doc. 4<\/a> &#8211; Report of the second session of the Regulations Working Group<\/li>\n<\/ul>\n<p>&nbsp;<\/p>\n<p><strong>\u00a0<\/strong><strong>Troisi\u00e8me session de la Commission pr\u00e9paratoire<\/strong><\/p>\n<p style=\"text-align: justify;\">La troisi\u00e8me session de la Commission pr\u00e9paratoire s\u2019est tenue les 3 et 4 juin 2021.<\/p>\n<p>Les documents de la troisi\u00e8me session sont disponibles ci-dessous:<\/p>\n<ul>\n<li><a href=\"https:\/\/www.unidroit.org\/french\/documents\/2021\/mac\/pc03\/mac-pc03-01-f.pdf\">MACPC\/3\/Doc. 1<\/a>\u00a0&#8211; Projet d\u2019ordre du jour annot\u00e9<\/li>\n<li><a href=\"https:\/\/www.unidroit.org\/french\/documents\/2021\/mac\/pc03\/mac-pc03-02-f.pdf\">MACPC\/3\/Doc. 2<\/a>\u00a0&#8211; Evaluation de l\u2019aptitude d\u2019UNIDROIT pour le r\u00f4le d\u2019Autorit\u00e9 de surveillance<\/li>\n<li><a href=\"https:\/\/www.unidroit.org\/english\/documents\/2021\/mac\/pc03\/mac-pc03-03-e.pdf\">MACPC\/3\/Doc. 3<\/a> &#8211; Draft Regulation with Tracked Changes (en anglais seulement)<\/li>\n<li><a href=\"https:\/\/www.unidroit.org\/english\/documents\/2021\/mac\/pc03\/mac-pc03-04-e.pdf\">MACPC\/3\/Doc. 4<\/a> &#8211; Draft Regulation (en anglais seulement)<\/li>\n<li>MACPC\/3\/Doc. 5 &#8211; Draft RFP (confidentiel)<\/li>\n<li><a href=\"https:\/\/www.unidroit.org\/wp-content\/uploads\/2022\/02\/MACPC3-Doc.-6-Rapport.pdf\">MACPC\/3\/Doc. 6<\/a> &#8211; Rapport<\/li>\n<\/ul>\n<p>[Related documents:<\/p>\n<ul>\n<li><a href=\"https:\/\/www.unidroit.org\/english\/documents\/2021\/mac\/wg03\/mac-wg03-03rev-e.pdf\">MACPC\/Regulations\/W.G.\/3\/Doc. 3 rev.<\/a> \u2013 Report of the third session of the Regulations\u00a0Working Group (en anglais seulement);<\/li>\n<li><a href=\"https:\/\/www.unidroit.org\/english\/documents\/2021\/mac\/wg04\/mac-wg04-05-e.pdf\">MACPC\/Regulations\/W.G.\/4\/Doc. 5<\/a> &#8211; Report of the fourth session of the Regulations Working\u00a0Group (en anglais seulement);<\/li>\n<li><a href=\"https:\/\/www.unidroit.org\/english\/documents\/2021\/mac\/wg02\/mac-wg02-04-e.pdf\">MACPC\/Registrar\/W.G.\/2\/Doc. 4<\/a> \u2013 Report of the second session of the Registrar Working\u00a0Group (en anglais seulement);<\/li>\n<li><a href=\"https:\/\/www.unidroit.org\/english\/documents\/2021\/mac\/wg03\/mac-wg03-04-e.pdf\">MACPC\/Registrar\/W.G.\/3\/Doc. 4<\/a> \u2013 Report of the third session of the Registrar Working Group (en anglais seulement).<\/li>\n<\/ul>\n<p>&nbsp;<\/p>\n<p><strong>Quatri\u00e8me session de la Commission pr\u00e9paratoire<\/strong><\/p>\n<p>La quatri\u00e8me session de la Commission pr\u00e9paratoire s\u2019est tenue les 17 et 18 janvier 2022.<\/p>\n<p>Les documents de la quatri\u00e8me session sont disponibles ci-dessous:<\/p>\n<ul>\n<li><a href=\"https:\/\/www.unidroit.org\/wp-content\/uploads\/2022\/03\/MACPC4-Doc.-1-Projet-annote-dordre-des-travaux.pdf\">MACPC\/4\/Doc. 1<\/a> \u2013 Projet annot\u00e9 d&#8217;ordre des travaux<\/li>\n<li>MACPC\/4\/Doc. 2 \u2013 Draft RFP (Confidentiel &#8211; en anglais seulement)<\/li>\n<li>MACPC\/4\/Doc. 3 \u2013 Evaluation Committee Guidance Document (Confidentiel &#8211; en anglais seulement)<\/li>\n<li>MACPC\/4\/Doc. 4 \u2013 Intersessional Drafting Suggestions (Confidentiel &#8211; en anglais seulement)<\/li>\n<li><a href=\"https:\/\/www.unidroit.org\/wp-content\/uploads\/2022\/03\/MACPC4-Doc.-5-Rapport-final.pdf\">MACPC\/4\/Doc. 5<\/a> \u2013 Rapport<\/li>\n<\/ul>\n<div id=\"wpcontent\">\n<div class=\"clear\">\n<p>&nbsp;<\/p>\n<p style=\"text-align: left;\"><strong>Cinqui\u00e8me session de la Commission pr\u00e9paratoire<\/strong><\/p>\n<p style=\"text-align: left;\">La cinqui\u00e8me session de la Commission pr\u00e9paratoire s&#8217;est tenue les 22 et 23 novembre 2022.<\/p>\n<p style=\"text-align: left;\">Les documents de la cinqui\u00e8me session sont disponibles ci-dessous:<\/p>\n<ul style=\"text-align: left;\">\n<li><a href=\"https:\/\/www.unidroit.org\/wp-content\/uploads\/2022\/11\/MACPC5-Doc.-1-Projet-annote-dordre-des-travaux.pdf\">MACPC\/5\/Doc. 1<\/a> \u2013 Projet annot\u00e9 d&#8217;ordre des travaux<\/li>\n<li>MACPC\/5\/Doc. 2 \u2013 Rapport final du Comit\u00e9 d&#8217;\u00e9valuation (Confidentiel)<\/li>\n<li><a href=\"https:\/\/www.unidroit.org\/wp-content\/uploads\/2022\/11\/MACPC5-Doc.-3-Actualisation-de-la-mise-en-oeuvre-et-creation-dun-GTR.pdf\">MACPC\/5\/Doc. 3<\/a> \u2013 Actualisation de la mise en oeuvre et cr\u00e9ation d&#8217;un Groupe de travail sur la Ratification<\/li>\n<li><a href=\"https:\/\/www.unidroit.org\/wp-content\/uploads\/2022\/11\/MACPC5-Doc.-4-Revision-2022-du-Systeme-harmonise.pdf\">MACPC\/5\/Doc. 4<\/a> \u2013 R\u00e9vision 2022 du Syst\u00e8me harmonis\u00e9<\/li>\n<li><a href=\"https:\/\/www.unidroit.org\/wp-content\/uploads\/2023\/02\/MACPC5-Doc.-5-Rapport-Site-Internet.pdf\">MACPC\/5\/Doc. 5<\/a> \u2013 Rapport<\/li>\n<\/ul>\n<\/div>\n<\/div>\n<p>&nbsp;<\/p>\n<p><strong>Sixi\u00e8me session de la Commission pr\u00e9paratoire<\/strong><\/p>\n<p>La sixi\u00e8me session de la Commission pr\u00e9paratoire s&#8217;est tenue les 11 et 12 avril 2024.<\/p>\n<p>Les documents de la sixi\u00e8me session sont disponibles ci-dessous:<\/p>\n<ul>\n<li><a href=\"https:\/\/www.unidroit.org\/wp-content\/uploads\/2024\/04\/MACPC6-Doc.-1-Projet-annote-dordre-des-travaux.pdf\">MACPC\/6\/Doc. 1<\/a> \u2013 Projet annot\u00e9 d&#8217;ordre des travaux<\/li>\n<li><a href=\"https:\/\/www.unidroit.org\/wp-content\/uploads\/2024\/04\/MLG5QE3.pdf\">MACPC\/6\/Doc. 2<\/a> \u2013 D\u00e9signation d&#8217;une Autorit\u00e9 de surveillance<\/li>\n<li>MACPC\/6\/Doc. 3 \u2013 Report of the Negotiation Team (en anglais &#8211; confidentiel)<\/li>\n<li>MACPC\/6\/Doc. 4 \u2013 Draft Registry Contract (en anglais &#8211; confidentiel)<\/li>\n<li><a href=\"https:\/\/www.unidroit.org\/wp-content\/uploads\/2024\/04\/MACPC6-Doc.-5-Projet-de-Reglement-revise.pdf\">MACPC\/6\/Doc. 5<\/a> \u2013 Projet de R\u00e8glement r\u00e9vis\u00e9<\/li>\n<li><a href=\"https:\/\/www.unidroit.org\/wp-content\/uploads\/2024\/04\/MLG5QE3.pdf\">MACPC\/6\/Doc. 6<\/a> \u2013 Groupe de travail sur la ratification et actualisation<\/li>\n<li><a href=\"https:\/\/www.unidroit.org\/wp-content\/uploads\/2024\/04\/MACPC6-Doc.-7-Comments-on-the-revised-draft-Regulations.pdf\">MACPC\/6\/Doc. 7<\/a> \u2013 Comments on the revised draft Regulations (en anglais)<\/li>\n<li><a href=\"https:\/\/www.unidroit.org\/wp-content\/uploads\/2024\/08\/MACPC6-Doc.-8-Rapport-Site-Internet.pdf\">MACPC\/6\/Doc. 8<\/a> \u2013 Rapport<\/li>\n<\/ul>\n<div><\/div>\n<p>[\/vc_column_text][\/vc_column][\/vc_row]<\/p>\n<\/div>","protected":false},"excerpt":{"rendered":"<p>[vc_row][vc_column css=&#8221;.vc_custom_1490017614850{margin-bottom: 30px !important;}&#8221;][vc_custom_heading text=&#8221;PROTOCOLE MAC&#8221; font_container=&#8221;tag:h1|text_align:left&#8221; use_theme_fonts=&#8221;yes&#8221; css=&#8221;.vc_custom_1627929340574{margin-top: 0px !important;margin-bottom: 20px !important;}&#8221;][vc_custom_heading text=&#8221;COMMISSION PR\u00c9PARATOIRE&#8221; font_container=&#8221;tag:h4|text_align:left&#8221; use_theme_fonts=&#8221;yes&#8221;][\/vc_column][\/vc_row][vc_row css=&#8221;.vc_custom_1622455036974{background-color: #f2f2f2 !important;}&#8221;][vc_column css=&#8221;.vc_custom_1490017614850{margin-bottom: 30px !important;}&#8221;][vc_column_text css=&#8221;.vc_custom_1647953377980{padding-right: 35px !important;padding-left: 35px !important;background-color: #f2f2f2 !important;}&#8221;]Commission pr\u00e9paratoire (Protocole MAC) Conform\u00e9ment \u00e0 la\u00a0R\u00e9solution 1\u00a0de la Conf\u00e9rence diplomatique pour l\u2019adoption du Protocole portant&nbsp;<a href=\"https:\/\/www.unidroit.org\/fr\/travaux-en-cours\/protocole-mac-comm-prep\/\">&hellip;<\/a><\/p>\n","protected":false},"author":20,"featured_media":0,"parent":5132,"menu_order":0,"comment_status":"closed","ping_status":"closed","template":"","meta":{"ep_exclude_from_search":false,"footnotes":""},"class_list":["post-5161","page","type-page","status-publish","format-standard","hentry","odd"],"_links":{"self":[{"href":"https:\/\/www.unidroit.org\/fr\/wp-json\/wp\/v2\/pages\/5161","targetHints":{"allow":["GET"]}}],"collection":[{"href":"https:\/\/www.unidroit.org\/fr\/wp-json\/wp\/v2\/pages"}],"about":[{"href":"https:\/\/www.unidroit.org\/fr\/wp-json\/wp\/v2\/types\/page"}],"author":[{"embeddable":true,"href":"https:\/\/www.unidroit.org\/fr\/wp-json\/wp\/v2\/users\/20"}],"replies":[{"embeddable":true,"href":"https:\/\/www.unidroit.org\/fr\/wp-json\/wp\/v2\/comments?post=5161"}],"version-history":[{"count":0,"href":"https:\/\/www.unidroit.org\/fr\/wp-json\/wp\/v2\/pages\/5161\/revisions"}],"up":[{"embeddable":true,"href":"https:\/\/www.unidroit.org\/fr\/wp-json\/wp\/v2\/pages\/5132"}],"wp:attachment":[{"href":"https:\/\/www.unidroit.org\/fr\/wp-json\/wp\/v2\/media?parent=5161"}],"curies":[{"name":"wp","href":"https:\/\/api.w.org\/{rel}","templated":true}]}}