{"id":5172,"date":"2021-08-02T18:58:22","date_gmt":"2021-08-02T18:58:22","guid":{"rendered":"https:\/\/www.unidroit.org\/?page_id=5172"},"modified":"2021-08-02T18:58:26","modified_gmt":"2021-08-02T18:58:26","slug":"droit-bancaire","status":"publish","type":"page","link":"https:\/\/www.unidroit.org\/fr\/etudes\/droit-bancaire\/","title":{"rendered":"Droit bancaire"},"content":{"rendered":"<div class=\"wpb-content-wrapper\"><p>[vc_row][vc_column css=&#8221;.vc_custom_1490017614850{margin-bottom: 30px !important;}&#8221;][vc_custom_heading text=&#8221;DROIT BANCAIRE&#8221; font_container=&#8221;tag:h1|text_align:left&#8221; use_theme_fonts=&#8221;yes&#8221; css=&#8221;.vc_custom_1627930739352{margin-top: 0px !important;margin-bottom: 20px !important;}&#8221;][vc_custom_heading text=&#8221;ETUDE XX \u2013 EMPRUNTS INTERNATIONAUX (1937 &#8211; 1945)<br \/>\n&#8221; font_container=&#8221;tag:h4|text_align:left&#8221; use_theme_fonts=&#8221;yes&#8221;][\/vc_column][\/vc_row][vc_row css=&#8221;.vc_custom_1622455036974{background-color: #f2f2f2 !important;}&#8221;][vc_column css=&#8221;.vc_custom_1490017614850{margin-bottom: 30px !important;}&#8221;][vc_column_text]<a href=\"https:\/\/www.unidroit.org\/french\/documents\/1945\/etude20\/s-20-06-f.pdf\">U.D.P. 1945 \u2013 Etude XX \u2013 Emprunts internationaux \u2013 Doc. 6<\/a><br \/>\nUn projet de code des emprunts internationaux<\/p>\n<p>&nbsp;<\/p>\n<p><a href=\"https:\/\/www.unidroit.org\/french\/documents\/1940\/etude20\/s-20-05a-f.pdf\">U.D.P. 1940 \u2013 Paper XX \u2013 International loans \u2013 Doc. 5a<\/a><\/p>\n<p>Preliminary draft uniform rules applicable to international Loans. Revised Edition<\/p>\n<p>&nbsp;<\/p>\n<p><a href=\"https:\/\/www.unidroit.org\/french\/documents\/1939\/etude20\/s-20-05-01-f.pdf\">S.d.N. \u2013 U.D.P. 1939 \u2013 Etude XX \u2013 Emprunts internationaux \u2013 Doc. 5 (1)<\/a><\/p>\n<p>Avant projet de r\u00e8gles uniformes applicables aux emprunts internationaux. Edition r\u00e9vis\u00e9e<\/p>\n<p>&nbsp;<\/p>\n<p><a href=\"https:\/\/www.unidroit.org\/french\/documents\/1939\/etude20\/s-20-05-f.pdf\">S.d.N. \u2013 U.D.P. 1939 \u2013 Etude XX \u2013 Emprunts internationaux \u2013 Doc. 5<\/a><\/p>\n<p>Avant projet de r\u00e8gles uniformes applicables aux emprunts internationaux. Edition r\u00e9vis\u00e9e<\/p>\n<p>&nbsp;<\/p>\n<p><a href=\"https:\/\/www.unidroit.org\/french\/documents\/1938\/etude20\/s-20-04-01-f.pdf\">S.d.N. \u2013 U.D.P. 1938 \u2013 Etude XX \u2013 Emprunts internationaux \u2013 Doc. 4 (1)<\/a><br \/>\nR\u00e9daction d&#8217;un code de r\u00e8gles uniformes applicables aux diff\u00e9rends relatifs aux emprunts internationaux. Etude pr\u00e9liminaire<\/p>\n<p>&nbsp;<\/p>\n<p><a href=\"https:\/\/www.unidroit.org\/french\/documents\/1937\/etude20\/s-20-03-f.pdf\">S.d.N. \u2013 U.D.P. 1937 \u2013 Etude XX \u2013 Emprunts internationaux \u2013 Doc. 3<\/a><br \/>\nAvis consultatif en mati\u00e8re de repr\u00e9sentation des porteurs de titres d&#8217;emprunts internationaux<\/p>\n<p>&nbsp;<\/p>\n<p><a href=\"https:\/\/www.unidroit.org\/french\/documents\/1937\/etude20\/s-20-02-f.pdf\">S.d.N. \u2013 U.D.P. 1937 \u2013 Etude XX \u2013 Emprunts internationaux \u2013 Doc. 2<\/a><br \/>\nR\u00e9daction d&#8217;un code de r\u00e8gles uniformes applicables aux diff\u00e9rends relatifs aux emprunts internationaux. Compte rendu de la r\u00e9union du Comit\u00e9 provisoire tenue \u00e0 Paris le 30 juillet 1937<\/p>\n<p>&nbsp;<\/p>\n<p><a href=\"https:\/\/www.unidroit.org\/french\/documents\/1937\/etude20\/s-20-extrait-f.pdf\">S.d.N. \u2013 U.D.P. 1937 (sans num\u00e9ro)<\/a><\/p>\n<p>Extrait de l&#8217;avant projet de rapport r\u00e9dig\u00e9 par le Secr\u00e9tariat du Comit\u00e9 des emprunts internationaux: Droit applicable<\/p>\n<p>&nbsp;<\/p>\n<p><a href=\"https:\/\/www.unidroit.org\/french\/documents\/1937\/etude20\/s-20-01-f.pdf\">S.d.N. \u2013 U.D.P. 1937 \u2013 Etude XX \u2013 Emprunts internationaux \u2013 Doc. 1<\/a><br \/>\nR\u00e9daction d&#8217;un code de r\u00e8gles uniformes applicables aux diff\u00e9rends relatifs aux emprunts internationaux. Memorandum du Secr\u00e9tariat de l&#8217;Institut[\/vc_column_text][\/vc_column][\/vc_row]<\/p>\n<\/div>","protected":false},"excerpt":{"rendered":"<p>[vc_row][vc_column css=&#8221;.vc_custom_1490017614850{margin-bottom: 30px !important;}&#8221;][vc_custom_heading text=&#8221;DROIT BANCAIRE&#8221; font_container=&#8221;tag:h1|text_align:left&#8221; use_theme_fonts=&#8221;yes&#8221; css=&#8221;.vc_custom_1627930739352{margin-top: 0px !important;margin-bottom: 20px !important;}&#8221;][vc_custom_heading text=&#8221;ETUDE XX \u2013 EMPRUNTS INTERNATIONAUX (1937 &#8211; 1945) &#8221; font_container=&#8221;tag:h4|text_align:left&#8221; use_theme_fonts=&#8221;yes&#8221;][\/vc_column][\/vc_row][vc_row css=&#8221;.vc_custom_1622455036974{background-color: #f2f2f2 !important;}&#8221;][vc_column css=&#8221;.vc_custom_1490017614850{margin-bottom: 30px !important;}&#8221;][vc_column_text]U.D.P. 1945 \u2013 Etude XX \u2013 Emprunts internationaux \u2013 Doc. 6 Un projet de code des&nbsp;<a href=\"https:\/\/www.unidroit.org\/fr\/etudes\/droit-bancaire\/\">&hellip;<\/a><\/p>\n","protected":false},"author":20,"featured_media":0,"parent":5175,"menu_order":0,"comment_status":"closed","ping_status":"closed","template":"","meta":{"ep_exclude_from_search":false,"footnotes":""},"class_list":["post-5172","page","type-page","status-publish","format-standard","hentry","odd"],"_links":{"self":[{"href":"https:\/\/www.unidroit.org\/fr\/wp-json\/wp\/v2\/pages\/5172","targetHints":{"allow":["GET"]}}],"collection":[{"href":"https:\/\/www.unidroit.org\/fr\/wp-json\/wp\/v2\/pages"}],"about":[{"href":"https:\/\/www.unidroit.org\/fr\/wp-json\/wp\/v2\/types\/page"}],"author":[{"embeddable":true,"href":"https:\/\/www.unidroit.org\/fr\/wp-json\/wp\/v2\/users\/20"}],"replies":[{"embeddable":true,"href":"https:\/\/www.unidroit.org\/fr\/wp-json\/wp\/v2\/comments?post=5172"}],"version-history":[{"count":0,"href":"https:\/\/www.unidroit.org\/fr\/wp-json\/wp\/v2\/pages\/5172\/revisions"}],"up":[{"embeddable":true,"href":"https:\/\/www.unidroit.org\/fr\/wp-json\/wp\/v2\/pages\/5175"}],"wp:attachment":[{"href":"https:\/\/www.unidroit.org\/fr\/wp-json\/wp\/v2\/media?parent=5172"}],"curies":[{"name":"wp","href":"https:\/\/api.w.org\/{rel}","templated":true}]}}