{"id":5175,"date":"2021-08-02T19:00:12","date_gmt":"2021-08-02T19:00:12","guid":{"rendered":"https:\/\/www.unidroit.org\/?page_id=5175"},"modified":"2025-09-05T10:49:08","modified_gmt":"2025-09-05T08:49:08","slug":"etudes","status":"publish","type":"page","link":"https:\/\/www.unidroit.org\/fr\/etudes\/","title":{"rendered":"\u00c9tudes"},"content":{"rendered":"<div class=\"wpb-content-wrapper\"><p>[vc_row][vc_column css=&#8221;.vc_custom_1490017614850{margin-bottom: 30px !important;}&#8221;][vc_custom_heading text=&#8221;\u00c9TUDES&#8221; font_container=&#8221;tag:h1|text_align:left&#8221; use_theme_fonts=&#8221;yes&#8221; css=&#8221;.vc_custom_1631012177463{margin-top: 0px !important;margin-bottom: 20px !important;}&#8221;][\/vc_column][\/vc_row][vc_row css=&#8221;.vc_custom_1622455036974{background-color: #f2f2f2 !important;}&#8221;][vc_column css=&#8221;.vc_custom_1490017614850{margin-bottom: 30px !important;}&#8221;][vc_column_text css=&#8221;.vc_custom_1631012225075{padding-right: 35px !important;padding-left: 35px !important;background-color: #f2f2f2 !important;}&#8221;]<\/p>\n<p style=\"text-align: justify;\">UNIDROIT a \u00e9labor\u00e9 plus de soixante-dix \u00e9tudes et autres textes. Bien que tous n&#8217;aient pas abouti \u00e0 des instruments, ils restent \u00e0 la disposition du public et peuvent \u00eatre consult\u00e9s. La politique d&#8217;UNIDROIT est de rendre toutes les \u00e9tudes accessibles au public afin que ses \u00c9tats membres, les organisations partenaires, les chercheurs et le grand public puissent b\u00e9n\u00e9ficier des r\u00e9sultats des travaux des groupes d&#8217;experts qui y ont contribu\u00e9. Elles sont class\u00e9es par num\u00e9ro ou par cat\u00e9gorie dans cette section pour en faciliter la consultation.<\/p>\n<p>[\/vc_column_text][\/vc_column][\/vc_row][vc_row][vc_column][vc_column_text][\/vc_column_text][\/vc_column][\/vc_row][vc_row equal_height=&#8221;yes&#8221;][vc_column width=&#8221;1\/3&#8243; css=&#8221;.vc_custom_1621244755570{padding-top: 30px !important;padding-right: 35px !important;padding-bottom: 35px !important;padding-left: 35px !important;background-color: #ffffff !important;}&#8221;]\t\t<div class=\"wh-content-box  scp_content_box-d41d8cd98f00b204e9800998ecf8427e\">\n\t\t\t\t\t\t\t\t\t\t\t\t[vc_column_text]<a href=\"https:\/\/www.unidroit.org\/wp-content\/uploads\/2023\/09\/Etudes-par-classification-septembre-2025.pdf\">par classification<\/a>[\/vc_column_text][vc_separator css=&#8221;.vc_custom_1621244961390{padding-top: 15px !important;padding-bottom: 15px !important;}&#8221;][vc_column_text]<a href=\"https:\/\/www.unidroit.org\/wp-content\/uploads\/2023\/09\/Etudes-par-numero-septembre-2025.pdf\">par num\u00e9ro<\/a>[\/vc_column_text][vc_separator css=&#8221;.vc_custom_1621244961390{padding-top: 15px !important;padding-bottom: 15px !important;}&#8221;][vc_column_text]<a href=\"https:\/\/www.unidroit.org\/studies\/non-legislative-activities\/\">Activit\u00e9s non-l\u00e9gislatives<\/a>[\/vc_column_text][vc_separator css=&#8221;.vc_custom_1621244961390{padding-top: 15px !important;padding-bottom: 15px !important;}&#8221;][vc_column_text]<a href=\"https:\/\/www.unidroit.org\/studies\/factoring\/\">Affacturage<\/a>[\/vc_column_text][vc_separator css=&#8221;.vc_custom_1621244961390{padding-top: 15px !important;padding-bottom: 15px !important;}&#8221;][vc_column_text]<a href=\"https:\/\/www.unidroit.org\/studies\/travel-agencies\/\">Agences de voyage<\/a>[\/vc_column_text][vc_separator css=&#8221;.vc_custom_1621244961390{padding-top: 15px !important;padding-bottom: 15px !important;}&#8221;][vc_column_text]<a href=\"https:\/\/www.unidroit.org\/instruments\/contract-farming\/\">Agriculture contractuelle<\/a>[\/vc_column_text][vc_separator css=&#8221;.vc_custom_1621244961390{padding-top: 15px !important;padding-bottom: 15px !important;}&#8221;][vc_column_text]<a href=\"https:\/\/www.unidroit.org\/studies\/arbitration\/\">Arbitrage<\/a>[\/vc_column_text][vc_separator css=&#8221;.vc_custom_1621244961390{padding-top: 15px !important;padding-bottom: 15px !important;}&#8221;][vc_column_text]<a href=\"https:\/\/www.unidroit.org\/studies\/insurance\/\">Assurance<\/a>[\/vc_column_text][vc_separator css=&#8221;.vc_custom_1621244961390{padding-top: 15px !important;padding-bottom: 15px !important;}&#8221;][vc_column_text]<a href=\"https:\/\/www.unidroit.org\/studies\/cultural-property\/\">Biens culturels<\/a>[\/vc_column_text][vc_separator css=&#8221;.vc_custom_1621244961390{padding-top: 15px !important;padding-bottom: 15px !important;}&#8221;][vc_column_text]<a href=\"https:\/\/www.unidroit.org\/studies\/movement-of-persons\/\">Circulation des personnes<\/a>[\/vc_column_text][vc_separator css=&#8221;.vc_custom_1621244961390{padding-top: 15px !important;padding-bottom: 15px !important;}&#8221;][vc_column_text]<a href=\"https:\/\/www.unidroit.org\/studies\/forwarding-agency\/\">Commission de transport<\/a>[\/vc_column_text][vc_separator css=&#8221;.vc_custom_1621244961390{padding-top: 15px !important;padding-bottom: 15px !important;}&#8221;][vc_column_text]<a href=\"https:\/\/www.unidroit.org\/studies\/unfair-competition\/\">Concurrence d\u00e9loyale<\/a>[\/vc_column_text][vc_separator css=&#8221;.vc_custom_1621244961390{padding-top: 15px !important;padding-bottom: 15px !important;}&#8221;][vc_column_text]<a href=\"https:\/\/www.unidroit.org\/studies\/contracts-in-general\/\">Contrats (en g\u00e9n\u00e9ral)<\/a>[\/vc_column_text]\t\t<\/div>\n\t\t[\/vc_column][vc_column width=&#8221;1\/3&#8243; css=&#8221;.vc_custom_1491554183958{padding-top: 30px !important;padding-right: 0px !important;padding-bottom: 30px !important;padding-left: 0px !important;background-color: #ffffff !important;}&#8221; el_class=&#8221;wh-z-index-10&#8243;]\t\t<div class=\"wh-content-box  scp_content_box-d41d8cd98f00b204e9800998ecf8427e\">\n\t\t\t\t\t\t\t\t\t\t\t\t[vc_separator css=&#8221;.vc_custom_1621244961390{padding-top: 15px !important;padding-bottom: 15px !important;}&#8221;][vc_column_text]<a href=\"https:\/\/www.unidroit.org\/studies\/private-law-and-agric-develop\/\">D\u00e9veloppement agricole et droit priv\u00e9<\/a>[\/vc_column_text][vc_separator css=&#8221;.vc_custom_1621244961390{padding-top: 15px !important;padding-bottom: 15px !important;}&#8221;][vc_column_text]<a href=\"https:\/\/www.unidroit.org\/studies\/banking-law\/\">Droit bancaire<\/a>[\/vc_column_text][vc_separator css=&#8221;.vc_custom_1621244961390{padding-top: 15px !important;padding-bottom: 15px !important;}&#8221;][vc_column_text]<a href=\"https:\/\/www.unidroit.org\/studies\/private-law-and-agric-develop\/\">Droit priv\u00e9 et d\u00e9vel. agricole<\/a>[\/vc_column_text][vc_separator css=&#8221;.vc_custom_1621244961390{padding-top: 15px !important;padding-bottom: 15px !important;}&#8221;][vc_column_text]<a href=\"https:\/\/www.unidroit.org\/studies\/company-law\/\">Droit des soci\u00e9t\u00e9s<\/a>[\/vc_column_text][vc_separator css=&#8221;.vc_custom_1621244961390{padding-top: 15px !important;padding-bottom: 15px !important;}&#8221;][vc_column_text css=&#8221;&#8221;]<a href=\"https:\/\/www.unidroit.org\/fr\/etudes\/droit-et-technologie\/\">Droit et technologie<\/a>[\/vc_column_text][vc_separator css=&#8221;.vc_custom_1621244961390{padding-top: 15px !important;padding-bottom: 15px !important;}&#8221;][vc_column_text]<a href=\"https:\/\/www.unidroit.org\/studies\/transport-law\/\">Droit des transports<\/a>[\/vc_column_text][vc_separator css=&#8221;.vc_custom_1621244961390{padding-top: 15px !important;padding-bottom: 15px !important;}&#8221;][vc_column_text]<a href=\"https:\/\/www.unidroit.org\/studies\/intellectual-property\/\">Droits intellectuels<\/a>[\/vc_column_text][vc_separator css=&#8221;.vc_custom_1621244961390{padding-top: 15px !important;padding-bottom: 15px !important;}&#8221;][vc_column_text]<a href=\"https:\/\/www.unidroit.org\/studies\/legal-aspects-of-social-business\/\">Entreprise sociale<\/a>[\/vc_column_text][vc_separator css=&#8221;.vc_custom_1621244961390{padding-top: 15px !important;padding-bottom: 15px !important;}&#8221;][vc_column_text]<a href=\"https:\/\/www.unidroit.org\/studies\/franchising\/\">Franchisage<\/a>[\/vc_column_text][vc_separator css=&#8221;.vc_custom_1621244961390{padding-top: 15px !important;padding-bottom: 15px !important;}&#8221;][vc_column_text]<a href=\"https:\/\/www.unidroit.org\/fr\/etudes\/garanties-internationales\/\">Garanties internationales<\/a>[\/vc_column_text][vc_separator css=&#8221;.vc_custom_1621244961390{padding-top: 15px !important;padding-bottom: 15px !important;}&#8221;][vc_column_text]<a href=\"https:\/\/www.unidroit.org\/studies\/hotelkeepers\/\">H\u00f4tellerie<\/a>[\/vc_column_text][vc_separator css=&#8221;.vc_custom_1621244961390{padding-top: 15px !important;padding-bottom: 15px !important;}&#8221;][vc_column_text css=&#8221;&#8221;]<a href=\"https:\/\/www.unidroit.org\/fr\/etudes\/insolvabilite\/\">Insolvabilit\u00e9<\/a>[\/vc_column_text][vc_separator css=&#8221;.vc_custom_1621244961390{padding-top: 15px !important;padding-bottom: 15px !important;}&#8221;][vc_column_text]<a href=\"https:\/\/www.unidroit.org\/studies\/leasing\/\">Leasing<\/a>[\/vc_column_text]\t\t<\/div>\n\t\t[\/vc_column][vc_column width=&#8221;1\/3&#8243; css=&#8221;.vc_custom_1621245145132{padding-top: 30px !important;padding-right: 35px !important;padding-bottom: 35px !important;padding-left: 20px !important;background-color: #ffffff !important;}&#8221;]\t\t<div class=\"wh-content-box  scp_content_box-d41d8cd98f00b204e9800998ecf8427e\">\n\t\t\t\t\t\t\t\t\t\t\t\t[vc_column_text]<a href=\"https:\/\/www.unidroit.org\/studies\/capital-markets-financial-law\/\">March\u00e9s financiers<\/a>[\/vc_column_text][vc_separator css=&#8221;.vc_custom_1621244961390{padding-top: 15px !important;padding-bottom: 15px !important;}&#8221;][vc_column_text]<a href=\"https:\/\/www.unidroit.org\/studies\/methodology\/\">M\u00e9thodologie<\/a>[\/vc_column_text][vc_separator css=&#8221;.vc_custom_1621244961390{padding-top: 15px !important;padding-bottom: 15px !important;}&#8221;][vc_column_text]<a href=\"https:\/\/www.unidroit.org\/studies\/maintenance-obligations\/\">Obligations alimentaires<\/a>[\/vc_column_text][vc_separator css=&#8221;.vc_custom_1621244961390{padding-top: 15px !important;padding-bottom: 15px !important;}&#8221;][vc_column_text]<a href=\"https:\/\/www.unidroit.org\/studies\/payments\/\">Paiements<\/a>[\/vc_column_text][vc_separator css=&#8221;.vc_custom_1621244961390{padding-top: 15px !important;padding-bottom: 15px !important;}&#8221;][vc_column_text]<a href=\"https:\/\/www.unidroit.org\/studies\/civil-procedure\/\">Proc\u00e9dure civile<\/a>[\/vc_column_text][vc_separator css=&#8221;.vc_custom_1621244961390{padding-top: 15px !important;padding-bottom: 15px !important;}&#8221;][vc_column_text]<a href=\"https:\/\/www.unidroit.org\/studies\/civil-liability\/\">Responsabilit\u00e9 civile<\/a>[\/vc_column_text][vc_separator css=&#8221;.vc_custom_1621244961390{padding-top: 15px !important;padding-bottom: 15px !important;}&#8221;][vc_column_text]<a href=\"https:\/\/www.unidroit.org\/studies\/natural-resources\/\">Ressources naturelles<\/a>[\/vc_column_text][vc_separator css=&#8221;.vc_custom_1621244961390{padding-top: 15px !important;padding-bottom: 15px !important;}&#8221;][vc_column_text]<a href=\"https:\/\/www.unidroit.org\/studies\/legal-status-of-women\/\">Statut juridique de la femme<\/a>[\/vc_column_text][vc_separator css=&#8221;.vc_custom_1621244961390{padding-top: 15px !important;padding-bottom: 15px !important;}&#8221;][vc_column_text]<a href=\"https:\/\/www.unidroit.org\/studies\/wills\/\">Testaments<\/a>[\/vc_column_text][vc_separator css=&#8221;.vc_custom_1621244961390{padding-top: 15px !important;padding-bottom: 15px !important;}&#8221;][vc_column_text]<a href=\"https:\/\/www.unidroit.org\/studies\/negotiable-instruments\/\">Titres de commerce<\/a>[\/vc_column_text][vc_separator css=&#8221;.vc_custom_1621244961390{padding-top: 15px !important;padding-bottom: 15px !important;}&#8221;][vc_column_text]<a href=\"https:\/\/www.unidroit.org\/studies\/trust\/\">Trust<\/a>[\/vc_column_text][vc_separator css=&#8221;.vc_custom_1621244961390{padding-top: 15px !important;padding-bottom: 15px !important;}&#8221;][vc_column_text]<a href=\"https:\/\/www.unidroit.org\/studies\/international-sales-law\/\">Vente internationale<\/a>[\/vc_column_text]\t\t<\/div>\n\t\t[\/vc_column][\/vc_row][vc_row][vc_column][vc_column_text][\/vc_column_text][\/vc_column][\/vc_row]<\/p>\n<\/div>","protected":false},"excerpt":{"rendered":"<p>[vc_row][vc_column css=&#8221;.vc_custom_1490017614850{margin-bottom: 30px !important;}&#8221;][vc_custom_heading text=&#8221;\u00c9TUDES&#8221; font_container=&#8221;tag:h1|text_align:left&#8221; use_theme_fonts=&#8221;yes&#8221; css=&#8221;.vc_custom_1631012177463{margin-top: 0px !important;margin-bottom: 20px !important;}&#8221;][\/vc_column][\/vc_row][vc_row css=&#8221;.vc_custom_1622455036974{background-color: #f2f2f2 !important;}&#8221;][vc_column css=&#8221;.vc_custom_1490017614850{margin-bottom: 30px !important;}&#8221;][vc_column_text css=&#8221;.vc_custom_1631012225075{padding-right: 35px !important;padding-left: 35px !important;background-color: #f2f2f2 !important;}&#8221;] UNIDROIT a \u00e9labor\u00e9 plus de soixante-dix \u00e9tudes et autres textes. Bien que tous n&#8217;aient pas abouti \u00e0 des instruments, ils&nbsp;<a href=\"https:\/\/www.unidroit.org\/fr\/etudes\/\">&hellip;<\/a><\/p>\n","protected":false},"author":20,"featured_media":0,"parent":0,"menu_order":0,"comment_status":"closed","ping_status":"closed","template":"","meta":{"ep_exclude_from_search":false,"footnotes":""},"class_list":["post-5175","page","type-page","status-publish","format-standard","hentry","odd"],"_links":{"self":[{"href":"https:\/\/www.unidroit.org\/fr\/wp-json\/wp\/v2\/pages\/5175","targetHints":{"allow":["GET"]}}],"collection":[{"href":"https:\/\/www.unidroit.org\/fr\/wp-json\/wp\/v2\/pages"}],"about":[{"href":"https:\/\/www.unidroit.org\/fr\/wp-json\/wp\/v2\/types\/page"}],"author":[{"embeddable":true,"href":"https:\/\/www.unidroit.org\/fr\/wp-json\/wp\/v2\/users\/20"}],"replies":[{"embeddable":true,"href":"https:\/\/www.unidroit.org\/fr\/wp-json\/wp\/v2\/comments?post=5175"}],"version-history":[{"count":4,"href":"https:\/\/www.unidroit.org\/fr\/wp-json\/wp\/v2\/pages\/5175\/revisions"}],"predecessor-version":[{"id":35295,"href":"https:\/\/www.unidroit.org\/fr\/wp-json\/wp\/v2\/pages\/5175\/revisions\/35295"}],"wp:attachment":[{"href":"https:\/\/www.unidroit.org\/fr\/wp-json\/wp\/v2\/media?parent=5175"}],"curies":[{"name":"wp","href":"https:\/\/api.w.org\/{rel}","templated":true}]}}