{"id":5198,"date":"2021-08-03T11:13:17","date_gmt":"2021-08-03T11:13:17","guid":{"rendered":"https:\/\/www.unidroit.org\/?page_id=5198"},"modified":"2021-08-03T11:13:22","modified_gmt":"2021-08-03T11:13:22","slug":"presentation","status":"publish","type":"page","link":"https:\/\/www.unidroit.org\/fr\/instruments\/agriculture-contractuelle\/presentation\/","title":{"rendered":"Pr\u00e9sentation"},"content":{"rendered":"<div class=\"wpb-content-wrapper\"><p>[vc_row][vc_column css=&#8221;.vc_custom_1490017614850{margin-bottom: 30px !important;}&#8221;][vc_custom_heading text=&#8221;PR\u00c9SENTATION&#8221; font_container=&#8221;tag:h1|text_align:left&#8221; use_theme_fonts=&#8221;yes&#8221; css=&#8221;.vc_custom_1627989219184{margin-top: 0px !important;margin-bottom: 20px !important;}&#8221;][vc_custom_heading text=&#8221;ETUDE LXXX A &#8211; PR\u00c9PARATION D\u2019UN GUIDE JURIDIQUE SUR L\u2019AGRICULTURE CONTRACTUELLE UNIDROIT\/FAO\/FIDA<br \/>\n&#8221; font_container=&#8221;tag:h4|text_align:left&#8221; use_theme_fonts=&#8221;yes&#8221;][\/vc_column][\/vc_row][vc_row css=&#8221;.vc_custom_1622455036974{background-color: #f2f2f2 !important;}&#8221;][vc_column css=&#8221;.vc_custom_1490017614850{margin-bottom: 30px !important;}&#8221;][vc_column_text]<strong>Guide juridique sur l\u2019agriculture contractuelle UNIDROIT\/FAO\/FIDA<\/strong><\/p>\n<p>&nbsp;<\/p>\n<p>Pr\u00e9par\u00e9e conjointement par UNIDROIT, la FAO et le FIDA, cette publication analyse d\u2019un point de vue juridique les accords d\u2019agriculture contractuelle, qui sont de plus en plus utilis\u00e9s dans le monde pour la production de denr\u00e9es agricoles.<\/p>\n<p>&nbsp;<\/p>\n<p>Le Guide fournit des orientations juridiques fond\u00e9es sur des normes de pratique reconnues internationalement aux producteurs agricoles et aux entreprises du secteur agroalimentaire engag\u00e9es dans la production, l\u2019exportation et la commercialisation de produits agricoles. Le Guide constituera une r\u00e9f\u00e9rence utile pour tous les op\u00e9rateurs qui pratiquent l\u2019agriculture contractuelle ou qui participent \u00e0 la mise en \u0153uvre de politiques publiques, \u00e0 la recherche juridique et au renforcement des capacit\u00e9s, contribuant \u00e0 la mise en place d\u2019un environnement favorable, \u00e9quitable et durable pour l\u2019agriculture contractuelle.<\/p>\n<p>&nbsp;<\/p>\n<p><strong>Contenu de l\u2019ouvrage\u00a0:<\/strong>\u00a0Introduction, 1 \u2013 Le cadre juridique des contrats de production agricole, II \u2013 Les parties au contrat, la formation et la forme du contrat, III \u2013 Les obligations des parties, IV \u2013 Les exemptions de responsabilit\u00e9 en cas d\u2019inex\u00e9cution, V \u2013 Les moyens en cas d\u2019inex\u00e9cution, VI \u2013 La dur\u00e9e, le renouvellement et la r\u00e9siliation du contrat, VII \u2013 Le r\u00e8glement des diff\u00e9rends<\/p>\n<p>&nbsp;<\/p>\n<p>&nbsp;<\/p>\n<p>&nbsp;<\/p>\n<p>&nbsp;<\/p>\n<table>\n<tbody>\n<tr>\n<td><a href=\"https:\/\/www.unidroit.org\/french\/guides\/2015contractfarming\/cf-guide-2015-f.pdf\">T\u00e9l\u00e9chargement gratuit en pdf<\/a><\/td>\n<td><\/td>\n<td>\u00a0<a href=\"https:\/\/www.unidroit.org\/english\/guides\/2015contractfarming\/cf-guide-2015-e.pdf\">Free download pdf version<\/a><\/td>\n<td><\/td>\n<td><a href=\"https:\/\/www.unidroit.org\/spanish\/guides\/2015contractfarming\/cf-guide-2015-s.pdf\">Descargue gratuitamente<br \/>\nla versi\u00f3n pdf<\/a><\/td>\n<\/tr>\n<tr>\n<td><a title=\"French version\" href=\"https:\/\/www.unidroit.org\/french\/guides\/2015contractfarming\/cf-guide-2015-f.pdf\"><img loading=\"lazy\" decoding=\"async\" src=\"https:\/\/www.unidroit.org\/images\/flags\/france.gif\" alt=\"france\" width=\"23\" height=\"15\" \/><\/a><\/td>\n<td><\/td>\n<td>\u00a0<a title=\"English version\" href=\"https:\/\/www.unidroit.org\/english\/guides\/2015contractfarming\/cf-guide-2015-e.pdf\"><img loading=\"lazy\" decoding=\"async\" src=\"https:\/\/www.unidroit.org\/images\/flags\/unitedkingdom.gif\" alt=\"unitedkingdom\" width=\"23\" height=\"15\" \/><\/a><\/td>\n<td><\/td>\n<td><a title=\"Spanish version\" href=\"https:\/\/www.unidroit.org\/spanish\/guides\/2015contractfarming\/cf-guide-2015-s.pdf\"><img loading=\"lazy\" decoding=\"async\" src=\"https:\/\/www.unidroit.org\/images\/flags\/spain.gif\" alt=\"spain\" width=\"23\" height=\"15\" \/><\/a><\/td>\n<\/tr>\n<tr>\n<td><a title=\"Guide juridique sur l'agriculture contractuelle UNIDROIT\/FAO\/FIDA\" href=\"https:\/\/www.unidroit.org\/french\/guides\/2015contractfarming\/cf-guide-2015-f.pdf\"><img loading=\"lazy\" decoding=\"async\" src=\"https:\/\/www.unidroit.org\/french\/guides\/2015contractfarming\/cf-legal-guide-2015-f.jpg\" alt=\"guide juridique sur l'agriculture contractuelle UNIDROIT FAO FIDA\" width=\"116\" height=\"150\" \/><\/a><\/td>\n<td><\/td>\n<td><a href=\"https:\/\/www.unidroit.org\/english\/guides\/2015contractfarming\/cf-guide-2015-e.pdf\"><img loading=\"lazy\" decoding=\"async\" src=\"https:\/\/www.unidroit.org\/english\/guides\/2015contractfarming\/cf-legal-guide-2015-e.gif\" alt=\"cf legal guide 2015 e\" width=\"116\" height=\"150\" \/><\/a><\/td>\n<td><\/td>\n<td><a href=\"https:\/\/www.unidroit.org\/spanish\/guides\/2015contractfarming\/cf-guide-2015-s.pdf\"><img loading=\"lazy\" decoding=\"async\" src=\"https:\/\/www.unidroit.org\/spanish\/guides\/2015contractfarming\/cf-legal-guide-25015-s.jpg\" alt=\"cf legal guide 25015 s\" width=\"116\" height=\"150\" \/><\/a><\/td>\n<\/tr>\n<tr>\n<td>ISBN 978-88-86449-36-9<br \/>\nxxi+264 pages &#8211;\u00a0Broch\u00e9<\/td>\n<td><\/td>\n<td>ISBN 978-88-86449-30-4<br \/>\nxviii+233 pages &#8211; Soft-bound<\/td>\n<td><\/td>\n<td>ISBN 978-92-5-309691-6<br \/>\nxxi+264 pages &#8211; Broch\u00e9<\/td>\n<\/tr>\n<\/tbody>\n<\/table>\n<p>&nbsp;<\/p>\n<p>&nbsp;<\/p>\n<p>&nbsp;<\/p>\n<table>\n<tbody>\n<tr>\n<td><a href=\"https:\/\/www.unidroit.org\/chinese\/guides\/2015contractfarming\/cf-guide-2015-c.pdf\">\u514d\u8cbb\u4e0b\u8f09pdf\u7248\u672c<\/a><\/td>\n<td><\/td>\n<td><a href=\"https:\/\/www.unidroit.org\/english\/guides\/2015contractfarming\/cf-guide-2015-p.pdf\">Baixe a vers\u00e3o pdf gratuita<\/a><\/td>\n<\/tr>\n<tr>\n<td>\u00a0<a title=\"English version\" href=\"https:\/\/www.unidroit.org\/chinese\/guides\/2015contractfarming\/cf-guide-2015-c.pdf\"><img loading=\"lazy\" decoding=\"async\" src=\"https:\/\/www.unidroit.org\/images\/flags\/china.gif\" alt=\"china\" width=\"23\" height=\"15\" \/><\/a><\/td>\n<td><\/td>\n<td><img loading=\"lazy\" decoding=\"async\" src=\"https:\/\/www.unidroit.org\/images\/flags\/portugal.gif\" alt=\"portugal\" width=\"23\" height=\"15\" \/><\/td>\n<\/tr>\n<tr>\n<td>\u00a0<a title=\"Guide juridique sur l'agriculture contractuelle UNIDROIT\/FAO\/FIDA\" href=\"https:\/\/www.unidroit.org\/chinese\/guides\/2015contractfarming\/cf-guide-2015-c.pdf\"><img loading=\"lazy\" decoding=\"async\" src=\"https:\/\/www.unidroit.org\/chinese\/guides\/2015contractfarming\/cover-cf-guide-2015-c.jpg\" alt=\"cover cf guide 2015 c\" width=\"116\" height=\"150\" \/><\/a><\/td>\n<td><\/td>\n<td><img loading=\"lazy\" decoding=\"async\" src=\"https:\/\/www.unidroit.org\/english\/guides\/2015contractfarming\/cf-legal-guide-2015-p.jpg\" alt=\"cf legal guide 2015 p\" width=\"116\" height=\"150\" \/><\/td>\n<\/tr>\n<tr>\n<td>ISBN \u2013 978-7-301-30142-5<br \/>\n284 pages \u2013 hardcover<\/td>\n<td><\/td>\n<td>SBN 978-85-7269-604-3<br \/>\nxxix+299 pages, softbound<\/td>\n<\/tr>\n<\/tbody>\n<\/table>\n<p>&nbsp;<\/p>\n<p>&nbsp;<\/p>\n<p>&nbsp;<\/p>\n<p><strong>Pour commander un exemplaire<\/strong>, adresser un courriel \u00e0:\u00a0<span id=\"cloakb89b2ecc66362c5df4c9cb22012016df\"><\/span><a href=\"mailto:publications@unidroit.org\">publications@unidroit.org<\/a><\/p>\n<p>Prix &#8211; 35 Euros<br \/>\n20% r\u00e9duction pour les libraires et les \u00e9tudiants<br \/>\nFrais d&#8217;envoi inclus<\/p>\n<p>&nbsp;<\/p>\n<p>&nbsp;<\/p>\n<p><a href=\"http:\/\/www.fao.org\/news\/story\/fr\/item\/317986\/icode\/\" target=\"_blank\" rel=\"noopener\">Communiqu\u00e9 de presse<\/a><\/p>\n<p>&nbsp;<\/p>\n<ul>\n<li><strong>D\u00e9pliant:<\/strong>\u00a0\u00a0<a href=\"https:\/\/www.unidroit.org\/french\/guides\/2015contractfarming\/leaflet-f.pdf\">Cr\u00e9er un environnement juridique favorable pour l\u2019agriculture contractuelle<\/a><\/li>\n<li><strong>Brochure:<\/strong>\u00a0<a href=\"https:\/\/www.unidroit.org\/french\/guides\/2015contractfarming\/brochure-f.pdf\">Guide juridique sur l\u2019agriculture contractuelle UNIDROIT\/FAO\/FIDA:<br \/>\npr\u00e9sentation g\u00e9n\u00e9rale<\/a><\/li>\n<\/ul>\n<p>&nbsp;<\/p>\n<p>&nbsp;<\/p>\n<p><strong>&#8211;\u00a0<a href=\"https:\/\/www.unidroit.org\/fr\/etudes\/agriculture-contractuelle#a1\">La \u00abproduction sous contrat\u00bb ou \u00abagriculture contractuelle\u00bb<\/a><\/strong><\/p>\n<p><strong>\u00a0<\/strong><\/p>\n<p><strong>&#8211;\u00a0<a href=\"https:\/\/www.unidroit.org\/fr\/etudes\/agriculture-contractuelle#a2\">L\u2019importance du cadre juridique<\/a><\/strong><\/p>\n<p><strong>\u00a0<\/strong><\/p>\n<p><strong>&#8211;\u00a0<a href=\"https:\/\/www.unidroit.org\/fr\/etudes\/agriculture-contractuelle#a3\">Le Guide juridique sur l\u2019agriculture contractuelle UNIDROIT\/FAO\/FIDA<\/a><\/strong><\/p>\n<p><strong>\u00a0<\/strong><\/p>\n<p><strong>&#8211;\u00a0<a href=\"https:\/\/www.unidroit.org\/fr\/etudes\/agriculture-contractuelle#a4\">D\u00e9veloppement du projet<\/a><\/strong><\/p>\n<p>&nbsp;<\/p>\n<p>&#8211;\u00a0<a href=\"https:\/\/www.unidroit.org\/fr\/etudes\/agriculture-contractuelle#a5\">Travaux pr\u00e9paratoires<\/a><\/p>\n<p>&nbsp;<\/p>\n<p>&nbsp;<\/p>\n<p>&nbsp;<\/p>\n<p>&nbsp;<\/p>\n<p><a>\u00a0<\/a><strong>La \u00abproduction sous contrat\u00bb ou \u00abagriculture contractuelle\u00bb<\/strong><\/p>\n<p>&nbsp;<\/p>\n<p>La production agricole sous contrat est pratiqu\u00e9e dans la plupart des pays du monde, et de plus en plus dans les pays en d\u00e9veloppement, pour un tr\u00e8s grand nombre de denr\u00e9es. Sous l\u2019effet de la tr\u00e8s forte hausse de la demande de produits agricoles, l\u2019agriculture contractuelle se r\u00e9pand comme instrument pour organiser les capacit\u00e9s de production et les coordonner avec les besoins du march\u00e9, pour augmenter et diversifier l\u2019offre de produits sur les march\u00e9s locaux et globaux et pour renforcer l\u2019efficacit\u00e9 des fili\u00e8res.<\/p>\n<p>&nbsp;<\/p>\n<p>En concluant des contrats de production avec des producteurs agricoles, les entreprises de transformation et de distribution assurent leurs approvisionnements en produits (l\u00e9gumes frais, cultures arbustives, produits d\u2019elevage animal y compris piscicole, produits laitiers, etc.) en quantit\u00e9 et qualit\u00e9 requises, \u00e0 un moment futur d\u00e9termin\u00e9 et \u00e0 un prix convenu. Selon la nature du contrat, l\u2019entreprise contractante fournit des intrants (semences, engrais ou jeunes animaux) et prend aussi parfois le contr\u00f4le du processus productif en exigeant du producteur qu\u2019il utilise des techniques sp\u00e9cifiques ou certains proc\u00e9d\u00e9s de culture ou d\u2019\u00e9levage. Pour les producteurs, les contrats agricoles garantissent des revenus en offrant des d\u00e9bouch\u00e9s certains \u00e0 la production agricole, et facilitent l\u2019acc\u00e8s au financement et \u00e0 la technologie.<\/p>\n<p>&nbsp;<\/p>\n<p>&nbsp;<\/p>\n<p>&nbsp;<\/p>\n<p>&nbsp;<\/p>\n<p><a>\u00a0<\/a><strong>L\u2019importance du cadre juridique\u00a0<\/strong><\/p>\n<p>&nbsp;<\/p>\n<p>Les contrats de production agricole refl\u00e8tent des pratiques commerciales tr\u00e8s diversifi\u00e9es et leur succ\u00e8s d\u00e9pend de nombreux facteurs. Un \u00e9l\u00e9ment crucial est la capacit\u00e9 des parties de b\u00e2tir des relations stables, commercialement viables et \u00e9quitables, fond\u00e9es sur des engagements clairs et respect\u00e9s.<\/p>\n<p>&nbsp;<\/p>\n<p>A cet \u00e9gard, le cadre juridique est essentiel pour reconna\u00eetre des effets juridiques aux stipulations des parties et pour les compl\u00e9ter le cas \u00e9ch\u00e9ant. Cela est d\u2019autant plus important compte tenu de la disparit\u00e9 de pouvoir \u00e9conomique entre les parties qui caract\u00e9rise typiquement les contrats de production agricole. Egalement, selon chaque syst\u00e8me juridique, des r\u00e8gles peuvent s\u2019appliquer imp\u00e9rativement \u00e0 certains aspects de la relation contractuelle, excluant la capacit\u00e9 des parties d\u2019y d\u00e9roger. Pour les parties, comprendre l\u2019articulation entre les termes et la mise en \u0153uvre pratique du contrat et les r\u00e8gles juridiques qui lui sont applicables et mesurer toute la port\u00e9e de leurs droits et recours durant la vie du contrat offrent des gages de s\u00e9curit\u00e9 accrue pour le succ\u00e8s de la relation contractuelle.<\/p>\n<p>&nbsp;<\/p>\n<p>&nbsp;<\/p>\n<p>&nbsp;<\/p>\n<p>&nbsp;<\/p>\n<p><a>\u00a0<\/a><strong>Le Guide\u00a0juridique sur l\u2019agriculture contractuelle UNIDROIT\/FAO\/FIDA<\/strong><\/p>\n<p>&nbsp;<\/p>\n<p>Le Guide se pr\u00e9sente comme une r\u00e9f\u00e9rence de \u201cbonnes pratiques\u201d fournissant des indications claires aux parties pour conclure et ex\u00e9cuter des contrats de production agricole et pour faire face aux situations d\u2019inex\u00e9cution et de conflits, contribuant ainsi \u00e0 l\u2019\u00e9tablissement de relations mutuellement avantageuses.<\/p>\n<p>&nbsp;<\/p>\n<p>Le Guide pourra \u00e9galement \u00eatre une r\u00e9f\u00e9rence dans le cadre de la formulation de politiques publiques pour encourager l\u2019agriculture contractuelle et s\u00e9curiser l\u2019environnement juridique.<\/p>\n<p>&nbsp;<\/p>\n<p>Au regard de ces diff\u00e9rentes applications potentielles, le Guide pourra constituer un outil suppl\u00e9mentaire pour les organisations internationales et les agences de coop\u00e9ration bilat\u00e9rales ainsi que les organisations non gouvernementales qui mettent en \u0153uvre des programmes et des strat\u00e9gies de soutien \u00e0 l\u2019agriculture contractuelle et de renforcement des capacit\u00e9s dans les pays en d\u00e9veloppement.<\/p>\n<p>&nbsp;<\/p>\n<p>La structure du Guide suit les diff\u00e9rentes \u00e9tapes selon lesquelles se d\u00e9roule une relation contractuelle. Il proc\u00e8de \u00e0 une analyse de fond des questions de droit contractuel en jeu dans les contrats de production agricole. Il identifie les aspects susceptibles de poser probl\u00e8me et pr\u00e9sente des solutions possibles \u00e0 la lumi\u00e8re des usages commerciaux et de la l\u00e9gislation.<\/p>\n<p>&nbsp;<\/p>\n<p>Apr\u00e8s avoir expos\u00e9 les \u00e9l\u00e9ments caract\u00e9ristiques de l&#8217;agriculture contractuelle en Introduction, le Guide pr\u00e9sente dans le Chapitre 1 le cadre juridique dans lequel s\u2019ins\u00e8rent les contrats de production agricole. Le Chapitre 2 d\u00e9crit les parties au contrat \u2013 \u00e0 savoir typiquement le producteur et le contractant, ainsi que les autres intervenants possibles \u2013, et traite de la formation (y compris la n\u00e9gociation) et du contenu du contrat. Les diff\u00e9rentes obligations qui incombent au producteur et au contractant dans le contexte des relations int\u00e9gr\u00e9es sont expos\u00e9es en d\u00e9tail au Chapitre 3.<\/p>\n<p>&nbsp;<\/p>\n<p>Les cons\u00e9quences d\u2019une inex\u00e9cution de la part du producteur ou du contractant sont ensuite abord\u00e9es sous deux perspectives : les exceptions d\u2019inex\u00e9cution (telles que la force majeure) sont discut\u00e9es au Chapitre 4, tandis que les moyens en cas de violation du contrat sont d\u00e9velopp\u00e9s au Chapitre 5. Le Chapitre 6 expose ensuite les questions en relation avec la dur\u00e9e du contrat, son renouvellement et la fin du contrat. Enfin, le Chapitre 7 pr\u00e9sente les m\u00e9thodes de r\u00e9solution des conflits dans le contexte des contrats de production agricole.<\/p>\n<p>&nbsp;<\/p>\n<p>&nbsp;<\/p>\n<p>&nbsp;<\/p>\n<p>&nbsp;<\/p>\n<p><a>\u00a0<\/a><strong>D\u00e9veloppement du projet<\/strong><\/p>\n<p>&nbsp;<\/p>\n<p>Conform\u00e9ment \u00e0 l\u2019autorisation du Conseil de Direction d\u2019UNIDROIT \u00e0 sa 91\u00e8me session en mai 2012, le Secr\u00e9taire G\u00e9n\u00e9ral d\u2019UNIDROIT a constitu\u00e9 un Groupe de travail charg\u00e9 de la pr\u00e9paration d\u2019un Guide juridique sur l\u2019agriculture contractuelle. Travaillant en partenariat avec l&#8217;Organisation des Nations Unies pour l&#8217;alimentation et l&#8217;agriculture (FAO) et avec le Fonds international de d\u00e9veloppement agricole (FIDA), le Groupe \u00e9tait compos\u00e9 d\u2019experts de droit des contrats provenant de diff\u00e9rents syst\u00e8mes juridiques. Le Groupe a \u00e9galement associ\u00e9 \u00e0 ses travaux des observateurs d\u2019autres organisations multilat\u00e9rales ainsi que des repr\u00e9sentants d\u2019organisations de producteurs agricoles et du secteur agroindustriel.<\/p>\n<p>&nbsp;<\/p>\n<p>Le Groupe a tenu quatre sessions au si\u00e8ge d\u2019UNIDROIT \u00e0 Rome en 2013 et 2014, sous la pr\u00e9sidence du Professeur Henry D. Gabriel (Universit\u00e9 Elon, Greensboro, Etats-Unis d\u2019Am\u00e9rique), membre du Conseil de Direction d&#8217;UNIDROIT.<\/p>\n<p>&nbsp;<\/p>\n<p>Une s\u00e9rie de consultations a \u00e9t\u00e9 organis\u00e9e au cours de l\u2019ann\u00e9e 2014 avec des repr\u00e9sentants des agriculteurs, du secteur agroindustriel, des Gouvernements int\u00e9ress\u00e9s, des organisations intergouvernementales et non-gouvernementales. Les consultations visaient principalement \u00e0\u00a0 discuter de la diversit\u00e9 d\u2019approche pour ce qui est du cadre juridique applicable aux relations contractuelles entre producteurs et acheteurs, \u00e0 partager les exp\u00e9riences, les recommandations et les meilleures pratiques des parties prenantes, et \u00e0 assurer que le Guide r\u00e9ponde de fa\u00e7on appropri\u00e9e aux besoins de la pratique. Les consultations ont eu lieu \u00e0 Buenos Aires (Argentine), Bangkok (Tha\u00eflande), Addis-Abeba (Ethiopie) et Rome (Italie).<\/p>\n<p>&nbsp;<\/p>\n<p>Le Guide a \u00e9t\u00e9 adopt\u00e9 par le Conseil de Direction d&#8217;UNIDROIT lors de sa 94\u00e8me session le 6 mai 2015 et il a \u00e9t\u00e9 publi\u00e9 en format papier le 28 juillet 2015 et est accesible en ligne sur les sites d&#8217;UNIDROIT, de la FAO et du FIDA. Il servira de base pour la pr\u00e9paration d\u2019outils d\u2019information et de mise en \u0153uvre pour des programmes de formation et de d\u00e9veloppement de capacit\u00e9s.<\/p>\n<p>&nbsp;<\/p>\n<p>&nbsp;<\/p>\n<p>&nbsp;<\/p>\n<p>&nbsp;<\/p>\n<p><strong>Travaux pr\u00e9paratoires:<\/strong><\/p>\n<p>&nbsp;<\/p>\n<p><a href=\"https:\/\/www.unidroit.org\/english\/documents\/2012\/study80a\/wg01\/s-80a-01rev-e.pdf\">UNIDROIT 2012 \u2013 Study 80A \u2013 Doc. 1 rev.:<\/a>\u00a0UNIDROIT Preparation of a Legal Guide on Contract Farming \u2013 A preliminary outline of issues (prepared by the UNIDROIT Secretariat)<\/p>\n<p>&nbsp;<\/p>\n<p><a href=\"https:\/\/www.unidroit.org\/english\/documents\/2012\/study80a\/wg01\/s-80a-02-e.pdf\">UNIDROIT 2012 \u2013 Study 80A \u2013 Doc. 2:<\/a>\u00a0UNIDROIT Report on the First\u00a0Meeting of the UNIDROIT Working Group for the preparation of a Legal Guide on Contract Farming (Rome, 28 \u2013 31 January 2013)<\/p>\n<p>&nbsp;<\/p>\n<p><a href=\"https:\/\/www.unidroit.org\/english\/documents\/2013\/study80a\/wg02\/s-80a-07-e.pdf\">UNIDROIT 2013 \u2013 Study 80A \u2013 Doc. 7:<\/a>\u00a0UNIDROIT Report on the Second Meeting of the UNIDROIT Working Group for the preparation of a Legal Guide on Contract Farming (Rome, 3 \u2013 5 June 2013)<\/p>\n<p>&nbsp;<\/p>\n<p><a href=\"https:\/\/www.unidroit.org\/english\/documents\/2014\/study80a\/wg03\/s-80a-wg03-16-e.pdf\">UNIDROIT 2014 \u2013 Study 80A \u2013 Doc. 16:<\/a>\u00a0UNIDROIT Report\u00a0on the Third Meeting of the UNIDROIT Working Group for the preparation of a Legal Guide on Contract Farming (Rome, 3 \u2013 6 March 2014)<\/p>\n<p>&nbsp;<\/p>\n<p><a href=\"https:\/\/www.unidroit.org\/english\/documents\/2014\/study80a\/wg03\/s-80a-wg03-18-e.pdf\">UNIDROIT 2014 &#8211; Study 80A &#8211; Doc. 18:<\/a>\u00a0Contract Farming Today, The Right Equilibrium&#8230; &#8211;\u00a0Workshop organized by the World Farmers\u2019 Organisation (WFO) and the International Institute for the Unification of Private Law &#8211; UNIDROIT (Buenos Aires, 25 March 2014) &#8211; Report<\/p>\n<p>&nbsp;<\/p>\n<p><a href=\"https:\/\/www.unidroit.org\/english\/documents\/2014\/study80a\/s-80a-20-e.pdf\">UNIDROIT 2014 &#8211; Study 80A &#8211; Doc. 20:<\/a>\u00a0The Legal Dimension of Contract Farming &#8211; Promoting Good Contract Practices between Producers and Buyers in Contract Farming Operations in the Asian Context (Bangkok, 26 september 2014) &#8211; Report<\/p>\n<p>&nbsp;<\/p>\n<p><a href=\"https:\/\/www.unidroit.org\/english\/documents\/2014\/study80a\/s-80a-21-e.pdf\">UNIDROIT 2014 &#8211; Study 80A &#8211; Doc. 21:<\/a>\u00a0Good Corporate Practices in Contract Farming &#8211; Consultation Workshop on the UNIDROIT \/ FAO Legal Guide on Contract Farming (Rome, UNIDROIT HQ, 10 october 2014) &#8211; Report<\/p>\n<p>&nbsp;<\/p>\n<p><a href=\"https:\/\/www.unidroit.org\/english\/documents\/2014\/study80a\/s-80a-22-e.pdf\">UNIDROIT 2014 &#8211; Study 80A &#8211; Doc. 22:<\/a>\u00a0The Legal Dimension of Contract Farming &#8211; Promoting Good Contract Practices between Producers and Buyers in Contract Farming Operations in the African Context (Addis Ababa, 31 October 2014) &#8211; Report<\/p>\n<p>&nbsp;<\/p>\n<p><a href=\"https:\/\/www.unidroit.org\/english\/documents\/2014\/study80a\/wg04\/s-80a-26-e.pdf\">UNIDROIT 2014 &#8211; Study 80A &#8211; Doc. 26:<\/a>\u00a0Report on the Fourth Meeting of the UNIDROIT Working Group for the preparation of a Legal Guide on Contract Farming (Rome, 17-20 November 2014)[\/vc_column_text][\/vc_column][\/vc_row]<\/p>\n<\/div>","protected":false},"excerpt":{"rendered":"<p>[vc_row][vc_column css=&#8221;.vc_custom_1490017614850{margin-bottom: 30px !important;}&#8221;][vc_custom_heading text=&#8221;PR\u00c9SENTATION&#8221; font_container=&#8221;tag:h1|text_align:left&#8221; use_theme_fonts=&#8221;yes&#8221; css=&#8221;.vc_custom_1627989219184{margin-top: 0px !important;margin-bottom: 20px !important;}&#8221;][vc_custom_heading text=&#8221;ETUDE LXXX A &#8211; PR\u00c9PARATION D\u2019UN GUIDE JURIDIQUE SUR L\u2019AGRICULTURE CONTRACTUELLE UNIDROIT\/FAO\/FIDA &#8221; font_container=&#8221;tag:h4|text_align:left&#8221; use_theme_fonts=&#8221;yes&#8221;][\/vc_column][\/vc_row][vc_row css=&#8221;.vc_custom_1622455036974{background-color: #f2f2f2 !important;}&#8221;][vc_column css=&#8221;.vc_custom_1490017614850{margin-bottom: 30px !important;}&#8221;][vc_column_text]Guide juridique sur l\u2019agriculture contractuelle UNIDROIT\/FAO\/FIDA &nbsp; Pr\u00e9par\u00e9e conjointement par UNIDROIT, la FAO&nbsp;<a href=\"https:\/\/www.unidroit.org\/fr\/instruments\/agriculture-contractuelle\/presentation\/\">&hellip;<\/a><\/p>\n","protected":false},"author":20,"featured_media":0,"parent":5192,"menu_order":0,"comment_status":"closed","ping_status":"closed","template":"","meta":{"ep_exclude_from_search":false,"footnotes":""},"class_list":["post-5198","page","type-page","status-publish","format-standard","hentry","odd"],"_links":{"self":[{"href":"https:\/\/www.unidroit.org\/fr\/wp-json\/wp\/v2\/pages\/5198","targetHints":{"allow":["GET"]}}],"collection":[{"href":"https:\/\/www.unidroit.org\/fr\/wp-json\/wp\/v2\/pages"}],"about":[{"href":"https:\/\/www.unidroit.org\/fr\/wp-json\/wp\/v2\/types\/page"}],"author":[{"embeddable":true,"href":"https:\/\/www.unidroit.org\/fr\/wp-json\/wp\/v2\/users\/20"}],"replies":[{"embeddable":true,"href":"https:\/\/www.unidroit.org\/fr\/wp-json\/wp\/v2\/comments?post=5198"}],"version-history":[{"count":0,"href":"https:\/\/www.unidroit.org\/fr\/wp-json\/wp\/v2\/pages\/5198\/revisions"}],"up":[{"embeddable":true,"href":"https:\/\/www.unidroit.org\/fr\/wp-json\/wp\/v2\/pages\/5192"}],"wp:attachment":[{"href":"https:\/\/www.unidroit.org\/fr\/wp-json\/wp\/v2\/media?parent=5198"}],"curies":[{"name":"wp","href":"https:\/\/api.w.org\/{rel}","templated":true}]}}